{"id":32574,"date":"2024-05-28T13:52:22","date_gmt":"2024-05-28T13:52:22","guid":{"rendered":"https:\/\/www.rollomatic.ch\/product\/grindsmart-630rs\/"},"modified":"2025-05-13T12:02:15","modified_gmt":"2025-05-13T12:02:15","slug":"grindsmart-630rs","status":"publish","type":"product","link":"https:\/\/www.rollomatic.ch\/fr\/produit\/grindsmart-630rs\/","title":{"rendered":"GrindSmart\u00ae 630RS"},"content":{"rendered":"<p>Afin de r\u00e9pondre aux demandes croissantes des industries Medtech, Rollomatic pr\u00e9sente une \u00e9volution de sa s\u00e9rie phare GrindSmart\u00ae630 qui int\u00e8gre d\u00e9sormais un robot 6 axes Fanuc offrant d&rsquo;avantage de<\/p>\n<p>flexibilit\u00e9 et permettant de charger des outils pouvant atteindre 500.0 mm de longueur totale.<\/p>\n<p>Les centres de meulage haute pr\u00e9cision 6 axes GrindSmart\u00ae630RW3, RW et RS sont parfaitement adapt\u00e9s \u00e0 la production de longs forets, en particulier pour le domaine m\u00e9dical.  De par leur cin\u00e9matique innovante, ces nouveaux mod\u00e8les<br \/>\nsont \u00e9galement id\u00e9als pour usiner un tr\u00e8s large \u00e9ventail d&rsquo;applications couvrant une gamme de diam\u00e8tres allant de 0.1 \u00e0 20.0 mm, qu&rsquo;il s&rsquo;agisse de grandes ou petites s\u00e9ries.<\/p>\n<p>Les machines de la gamme GrindSmart\u00ae sont \u00e9quip\u00e9es de moteurs lin\u00e9aires qui, combin\u00e9s au moteur couple sur l&rsquo;axe rotatif, garantissent des \u00e9tats de surface de tr\u00e8s grande qualit\u00e9. Associ\u00e9e \u00e0 cette technologie, la broche synchrone assure<br \/>\nune vitesse de rotation constante et ind\u00e9pendante de la charge du moteur, favorisant des surfaces uniformes. L&#8217;emploi du m\u00eame lubrifiant, utilis\u00e9 aussi bien pour le refroidissement des moteurs lin\u00e9aires que lors du meulage, permet une production performante<br \/>\n\u00e0 temp\u00e9rature constante, sans consommation d&rsquo;\u00e9nergie suppl\u00e9mentaire.<\/p>\n","protected":false},"excerpt":{"rendered":"<p>Afin de r\u00e9pondre aux demandes croissantes des industries Medtech, Rollomatic pr\u00e9sente une \u00e9volution de sa s\u00e9rie phare GrindSmart\u00ae630 qui int\u00e8gre d\u00e9sormais un robot 6 axes Fanuc offrant d&rsquo;avantage de flexibilit\u00e9 [&#8230;]\n","protected":false},"featured_media":11531,"template":"","meta":{"_acf_changed":false},"industry":[],"tool-material":[],"tool-range":[],"tool-type":[],"product_brand":[],"product_cat":[517,558,559],"product_tag":[560],"class_list":{"0":"post-32574","1":"product","2":"type-product","3":"status-publish","4":"has-post-thumbnail","6":"product_cat-grindsmart-fr","7":"product_cat-rotary-cutting-tools","8":"product_cat-cutting-tool-grinding-fr","9":"product_tag-cutting-tool-grinding-fr","11":"first","12":"instock","13":"shipping-taxable","14":"product-type-simple"},"acf":[],"yoast_head":"<!-- This site is optimized with the Yoast SEO plugin v27.0 - https:\/\/yoast.com\/product\/yoast-seo-wordpress\/ -->\n<title>GrindSmart\u00ae 630RS - Rollomatic<\/title>\n<meta name=\"description\" content=\"Aff\u00fbteuse d&#039;outils 6 axes de haute pr\u00e9cision pour la fabrication d&#039;outils de coupe hautes performances et standards avec une plage de diam\u00e8tre de \u00d8 0.1 \u2013 16.0 mm (0.004&quot;\u2013 5\/8&quot;)\" \/>\n<meta name=\"robots\" content=\"index, follow, max-snippet:-1, max-image-preview:large, max-video-preview:-1\" \/>\n<link rel=\"canonical\" href=\"https:\/\/www.rollomatic.ch\/fr\/produit\/grindsmart-630rs\/\" \/>\n<meta property=\"og:locale\" content=\"fr_FR\" \/>\n<meta property=\"og:type\" content=\"article\" \/>\n<meta property=\"og:title\" content=\"GrindSmart\u00ae 630RS - Rollomatic\" \/>\n<meta property=\"og:description\" content=\"Aff\u00fbteuse d&#039;outils 6 axes de haute pr\u00e9cision pour la fabrication d&#039;outils de coupe hautes performances et standards avec une plage de diam\u00e8tre de \u00d8 0.1 \u2013 16.0 mm (0.004&quot;\u2013 5\/8&quot;)\" \/>\n<meta property=\"og:url\" content=\"https:\/\/www.rollomatic.ch\/fr\/produit\/grindsmart-630rs\/\" \/>\n<meta property=\"og:site_name\" content=\"Rollomatic\" \/>\n<meta property=\"article:publisher\" content=\"https:\/\/www.facebook.com\/rollomatic\/\" \/>\n<meta property=\"article:modified_time\" content=\"2025-05-13T12:02:15+00:00\" \/>\n<meta property=\"og:image\" content=\"https:\/\/www.rollomatic.ch\/wp-content\/uploads\/630RS-SHINY_1.webp\" \/>\n\t<meta property=\"og:image:width\" content=\"2560\" \/>\n\t<meta property=\"og:image:height\" content=\"1440\" \/>\n\t<meta property=\"og:image:type\" content=\"image\/webp\" \/>\n<meta name=\"twitter:card\" content=\"summary_large_image\" \/>\n<meta name=\"twitter:site\" content=\"@rollomatics\" \/>\n<meta name=\"twitter:label1\" content=\"Dur\u00e9e de lecture estim\u00e9e\" \/>\n\t<meta name=\"twitter:data1\" content=\"1 minute\" \/>\n<script type=\"application\/ld+json\" class=\"yoast-schema-graph\">{\"@context\":\"https:\/\/schema.org\",\"@graph\":[{\"@type\":\"WebPage\",\"@id\":\"https:\/\/www.rollomatic.ch\/fr\/produit\/grindsmart-630rs\/\",\"url\":\"https:\/\/www.rollomatic.ch\/fr\/produit\/grindsmart-630rs\/\",\"name\":\"GrindSmart\u00ae 630RS - Rollomatic\",\"isPartOf\":{\"@id\":\"https:\/\/www.rollomatic.ch\/fr\/#website\"},\"primaryImageOfPage\":{\"@id\":\"https:\/\/www.rollomatic.ch\/fr\/produit\/grindsmart-630rs\/#primaryimage\"},\"image\":{\"@id\":\"https:\/\/www.rollomatic.ch\/fr\/produit\/grindsmart-630rs\/#primaryimage\"},\"thumbnailUrl\":\"https:\/\/www.rollomatic.ch\/wp-content\/uploads\/630RS-SHINY_1.webp\",\"datePublished\":\"2024-05-28T13:52:22+00:00\",\"dateModified\":\"2025-05-13T12:02:15+00:00\",\"description\":\"Aff\u00fbteuse d'outils 6 axes de haute pr\u00e9cision pour la fabrication d'outils de coupe hautes performances et standards avec une plage de diam\u00e8tre de \u00d8 0.1 \u2013 16.0 mm (0.004\\\"\u2013 5\/8\\\")\",\"breadcrumb\":{\"@id\":\"https:\/\/www.rollomatic.ch\/fr\/produit\/grindsmart-630rs\/#breadcrumb\"},\"inLanguage\":\"fr-FR\",\"potentialAction\":[{\"@type\":\"ReadAction\",\"target\":[\"https:\/\/www.rollomatic.ch\/fr\/produit\/grindsmart-630rs\/\"]}]},{\"@type\":\"ImageObject\",\"inLanguage\":\"fr-FR\",\"@id\":\"https:\/\/www.rollomatic.ch\/fr\/produit\/grindsmart-630rs\/#primaryimage\",\"url\":\"https:\/\/www.rollomatic.ch\/wp-content\/uploads\/630RS-SHINY_1.webp\",\"contentUrl\":\"https:\/\/www.rollomatic.ch\/wp-content\/uploads\/630RS-SHINY_1.webp\",\"width\":2560,\"height\":1440},{\"@type\":\"BreadcrumbList\",\"@id\":\"https:\/\/www.rollomatic.ch\/fr\/produit\/grindsmart-630rs\/#breadcrumb\",\"itemListElement\":[{\"@type\":\"ListItem\",\"position\":1,\"name\":\"Home\",\"item\":\"https:\/\/www.rollomatic.ch\/fr\/\"},{\"@type\":\"ListItem\",\"position\":2,\"name\":\"Catalogue\",\"item\":\"https:\/\/www.rollomatic.ch\/catalog\/\"},{\"@type\":\"ListItem\",\"position\":3,\"name\":\"GrindSmart\u00ae 630RS\"}]},{\"@type\":\"WebSite\",\"@id\":\"https:\/\/www.rollomatic.ch\/fr\/#website\",\"url\":\"https:\/\/www.rollomatic.ch\/fr\/\",\"name\":\"Rollomatic\",\"description\":\"\",\"publisher\":{\"@id\":\"https:\/\/www.rollomatic.ch\/fr\/#organization\"},\"potentialAction\":[{\"@type\":\"SearchAction\",\"target\":{\"@type\":\"EntryPoint\",\"urlTemplate\":\"https:\/\/www.rollomatic.ch\/fr\/?s={search_term_string}\"},\"query-input\":{\"@type\":\"PropertyValueSpecification\",\"valueRequired\":true,\"valueName\":\"search_term_string\"}}],\"inLanguage\":\"fr-FR\"},{\"@type\":\"Organization\",\"@id\":\"https:\/\/www.rollomatic.ch\/fr\/#organization\",\"name\":\"Rollomatic S.A.\",\"url\":\"https:\/\/www.rollomatic.ch\/fr\/\",\"logo\":{\"@type\":\"ImageObject\",\"inLanguage\":\"fr-FR\",\"@id\":\"https:\/\/www.rollomatic.ch\/fr\/#\/schema\/logo\/image\/\",\"url\":\"https:\/\/www.rollomatic.ch\/wp-content\/uploads\/logomark_300.png\",\"contentUrl\":\"https:\/\/www.rollomatic.ch\/wp-content\/uploads\/logomark_300.png\",\"width\":300,\"height\":169,\"caption\":\"Rollomatic S.A.\"},\"image\":{\"@id\":\"https:\/\/www.rollomatic.ch\/fr\/#\/schema\/logo\/image\/\"},\"sameAs\":[\"https:\/\/www.facebook.com\/rollomatic\/\",\"https:\/\/x.com\/rollomatics\",\"https:\/\/www.linkedin.com\/company\/rollomatic-sa\/\"]}]}<\/script>\n<!-- \/ Yoast SEO plugin. -->","yoast_head_json":{"title":"GrindSmart\u00ae 630RS - Rollomatic","description":"Aff\u00fbteuse d'outils 6 axes de haute pr\u00e9cision pour la fabrication d'outils de coupe hautes performances et standards avec une plage de diam\u00e8tre de \u00d8 0.1 \u2013 16.0 mm (0.004\"\u2013 5\/8\")","robots":{"index":"index","follow":"follow","max-snippet":"max-snippet:-1","max-image-preview":"max-image-preview:large","max-video-preview":"max-video-preview:-1"},"canonical":"https:\/\/www.rollomatic.ch\/fr\/produit\/grindsmart-630rs\/","og_locale":"fr_FR","og_type":"article","og_title":"GrindSmart\u00ae 630RS - Rollomatic","og_description":"Aff\u00fbteuse d'outils 6 axes de haute pr\u00e9cision pour la fabrication d'outils de coupe hautes performances et standards avec une plage de diam\u00e8tre de \u00d8 0.1 \u2013 16.0 mm (0.004\"\u2013 5\/8\")","og_url":"https:\/\/www.rollomatic.ch\/fr\/produit\/grindsmart-630rs\/","og_site_name":"Rollomatic","article_publisher":"https:\/\/www.facebook.com\/rollomatic\/","article_modified_time":"2025-05-13T12:02:15+00:00","og_image":[{"width":2560,"height":1440,"url":"https:\/\/www.rollomatic.ch\/wp-content\/uploads\/630RS-SHINY_1.webp","type":"image\/webp"}],"twitter_card":"summary_large_image","twitter_site":"@rollomatics","twitter_misc":{"Dur\u00e9e de lecture estim\u00e9e":"1 minute"},"schema":{"@context":"https:\/\/schema.org","@graph":[{"@type":"WebPage","@id":"https:\/\/www.rollomatic.ch\/fr\/produit\/grindsmart-630rs\/","url":"https:\/\/www.rollomatic.ch\/fr\/produit\/grindsmart-630rs\/","name":"GrindSmart\u00ae 630RS - Rollomatic","isPartOf":{"@id":"https:\/\/www.rollomatic.ch\/fr\/#website"},"primaryImageOfPage":{"@id":"https:\/\/www.rollomatic.ch\/fr\/produit\/grindsmart-630rs\/#primaryimage"},"image":{"@id":"https:\/\/www.rollomatic.ch\/fr\/produit\/grindsmart-630rs\/#primaryimage"},"thumbnailUrl":"https:\/\/www.rollomatic.ch\/wp-content\/uploads\/630RS-SHINY_1.webp","datePublished":"2024-05-28T13:52:22+00:00","dateModified":"2025-05-13T12:02:15+00:00","description":"Aff\u00fbteuse d'outils 6 axes de haute pr\u00e9cision pour la fabrication d'outils de coupe hautes performances et standards avec une plage de diam\u00e8tre de \u00d8 0.1 \u2013 16.0 mm (0.004\"\u2013 5\/8\")","breadcrumb":{"@id":"https:\/\/www.rollomatic.ch\/fr\/produit\/grindsmart-630rs\/#breadcrumb"},"inLanguage":"fr-FR","potentialAction":[{"@type":"ReadAction","target":["https:\/\/www.rollomatic.ch\/fr\/produit\/grindsmart-630rs\/"]}]},{"@type":"ImageObject","inLanguage":"fr-FR","@id":"https:\/\/www.rollomatic.ch\/fr\/produit\/grindsmart-630rs\/#primaryimage","url":"https:\/\/www.rollomatic.ch\/wp-content\/uploads\/630RS-SHINY_1.webp","contentUrl":"https:\/\/www.rollomatic.ch\/wp-content\/uploads\/630RS-SHINY_1.webp","width":2560,"height":1440},{"@type":"BreadcrumbList","@id":"https:\/\/www.rollomatic.ch\/fr\/produit\/grindsmart-630rs\/#breadcrumb","itemListElement":[{"@type":"ListItem","position":1,"name":"Home","item":"https:\/\/www.rollomatic.ch\/fr\/"},{"@type":"ListItem","position":2,"name":"Catalogue","item":"https:\/\/www.rollomatic.ch\/catalog\/"},{"@type":"ListItem","position":3,"name":"GrindSmart\u00ae 630RS"}]},{"@type":"WebSite","@id":"https:\/\/www.rollomatic.ch\/fr\/#website","url":"https:\/\/www.rollomatic.ch\/fr\/","name":"Rollomatic","description":"","publisher":{"@id":"https:\/\/www.rollomatic.ch\/fr\/#organization"},"potentialAction":[{"@type":"SearchAction","target":{"@type":"EntryPoint","urlTemplate":"https:\/\/www.rollomatic.ch\/fr\/?s={search_term_string}"},"query-input":{"@type":"PropertyValueSpecification","valueRequired":true,"valueName":"search_term_string"}}],"inLanguage":"fr-FR"},{"@type":"Organization","@id":"https:\/\/www.rollomatic.ch\/fr\/#organization","name":"Rollomatic S.A.","url":"https:\/\/www.rollomatic.ch\/fr\/","logo":{"@type":"ImageObject","inLanguage":"fr-FR","@id":"https:\/\/www.rollomatic.ch\/fr\/#\/schema\/logo\/image\/","url":"https:\/\/www.rollomatic.ch\/wp-content\/uploads\/logomark_300.png","contentUrl":"https:\/\/www.rollomatic.ch\/wp-content\/uploads\/logomark_300.png","width":300,"height":169,"caption":"Rollomatic S.A."},"image":{"@id":"https:\/\/www.rollomatic.ch\/fr\/#\/schema\/logo\/image\/"},"sameAs":["https:\/\/www.facebook.com\/rollomatic\/","https:\/\/x.com\/rollomatics","https:\/\/www.linkedin.com\/company\/rollomatic-sa\/"]}]}},"_links":{"self":[{"href":"https:\/\/www.rollomatic.ch\/fr\/wp-json\/wp\/v2\/product\/32574","targetHints":{"allow":["GET"]}}],"collection":[{"href":"https:\/\/www.rollomatic.ch\/fr\/wp-json\/wp\/v2\/product"}],"about":[{"href":"https:\/\/www.rollomatic.ch\/fr\/wp-json\/wp\/v2\/types\/product"}],"wp:featuredmedia":[{"embeddable":true,"href":"https:\/\/www.rollomatic.ch\/fr\/wp-json\/wp\/v2\/media\/11531"}],"wp:attachment":[{"href":"https:\/\/www.rollomatic.ch\/fr\/wp-json\/wp\/v2\/media?parent=32574"}],"wp:term":[{"taxonomy":"industry","embeddable":true,"href":"https:\/\/www.rollomatic.ch\/fr\/wp-json\/wp\/v2\/industry?post=32574"},{"taxonomy":"tool-material","embeddable":true,"href":"https:\/\/www.rollomatic.ch\/fr\/wp-json\/wp\/v2\/tool-material?post=32574"},{"taxonomy":"tool-range","embeddable":true,"href":"https:\/\/www.rollomatic.ch\/fr\/wp-json\/wp\/v2\/tool-range?post=32574"},{"taxonomy":"tool-type","embeddable":true,"href":"https:\/\/www.rollomatic.ch\/fr\/wp-json\/wp\/v2\/tool-type?post=32574"},{"taxonomy":"product_brand","embeddable":true,"href":"https:\/\/www.rollomatic.ch\/fr\/wp-json\/wp\/v2\/product_brand?post=32574"},{"taxonomy":"product_cat","embeddable":true,"href":"https:\/\/www.rollomatic.ch\/fr\/wp-json\/wp\/v2\/product_cat?post=32574"},{"taxonomy":"product_tag","embeddable":true,"href":"https:\/\/www.rollomatic.ch\/fr\/wp-json\/wp\/v2\/product_tag?post=32574"}],"curies":[{"name":"wp","href":"https:\/\/api.w.org\/{rel}","templated":true}]}}