{"id":32604,"date":"2024-04-11T08:19:29","date_gmt":"2025-04-09T08:12:40","guid":{"rendered":"https:\/\/www.rollomatic.ch\/product\/nextagenxa\/"},"modified":"2025-05-13T12:00:04","modified_gmt":"2025-05-13T12:00:04","slug":"nextagenxa","status":"publish","type":"product","link":"https:\/\/www.rollomatic.ch\/fr\/produit\/nextagenxa\/","title":{"rendered":"Nextage\u00aeNXA"},"content":{"rendered":"<h3>Robot industriel \u00e0 deux bras<\/h3>\n<p>NEXTAGE lib\u00e8re les \u00eatres humains des travaux r\u00e9p\u00e9titifs et fastidieux, leur permettant de se concentrer sur des domaines n\u00e9cessitant cr\u00e9ativit\u00e9 et g\u00e9n\u00e9rant une valeur ajout\u00e9e, tels que la gestion de processus et les activit\u00e9s d&rsquo;am\u00e9lioration.<\/p>\n<p>&nbsp;<\/p>\n","protected":false},"excerpt":{"rendered":"<p>Robot industriel \u00e0 deux bras NEXTAGE lib\u00e8re les \u00eatres humains des travaux r\u00e9p\u00e9titifs et fastidieux, leur permettant de se concentrer sur des domaines n\u00e9cessitant cr\u00e9ativit\u00e9 et g\u00e9n\u00e9rant une valeur ajout\u00e9e, [&#8230;]\n","protected":false},"featured_media":9686,"template":"","meta":{"_acf_changed":false},"industry":[],"tool-material":[],"tool-range":[],"tool-type":[],"product_brand":[],"product_cat":[532],"product_tag":[],"class_list":{"0":"post-32604","1":"product","2":"type-product","3":"status-publish","4":"has-post-thumbnail","6":"product_cat-automation-fr","8":"first","9":"instock","10":"shipping-taxable","11":"product-type-simple"},"acf":[],"yoast_head":"<!-- This site is optimized with the Yoast SEO plugin v27.0 - https:\/\/yoast.com\/product\/yoast-seo-wordpress\/ -->\n<title>Nextage\u00aeNXA - Rollomatic<\/title>\n<meta name=\"robots\" content=\"index, follow, max-snippet:-1, max-image-preview:large, max-video-preview:-1\" \/>\n<link rel=\"canonical\" href=\"https:\/\/www.rollomatic.ch\/fr\/produit\/nextagenxa\/\" \/>\n<meta property=\"og:locale\" content=\"fr_FR\" \/>\n<meta property=\"og:type\" content=\"article\" \/>\n<meta property=\"og:title\" content=\"Nextage\u00aeNXA - Rollomatic\" \/>\n<meta property=\"og:description\" content=\"Robot industriel \u00e0 deux bras NEXTAGE lib\u00e8re les \u00eatres humains des travaux r\u00e9p\u00e9titifs et fastidieux, leur permettant de se concentrer sur des domaines n\u00e9cessitant cr\u00e9ativit\u00e9 et g\u00e9n\u00e9rant une valeur ajout\u00e9e, [...]\" \/>\n<meta property=\"og:url\" content=\"https:\/\/www.rollomatic.ch\/fr\/produit\/nextagenxa\/\" \/>\n<meta property=\"og:site_name\" content=\"Rollomatic\" \/>\n<meta property=\"article:publisher\" content=\"https:\/\/www.facebook.com\/rollomatic\/\" \/>\n<meta property=\"article:modified_time\" content=\"2025-05-13T12:00:04+00:00\" \/>\n<meta property=\"og:image\" content=\"https:\/\/www.rollomatic.ch\/wp-content\/uploads\/nextage-2.png\" \/>\n\t<meta property=\"og:image:width\" content=\"1653\" \/>\n\t<meta property=\"og:image:height\" content=\"1164\" \/>\n\t<meta property=\"og:image:type\" content=\"image\/png\" \/>\n<meta name=\"twitter:card\" content=\"summary_large_image\" \/>\n<meta name=\"twitter:site\" content=\"@rollomatics\" \/>\n<script type=\"application\/ld+json\" class=\"yoast-schema-graph\">{\"@context\":\"https:\/\/schema.org\",\"@graph\":[{\"@type\":\"WebPage\",\"@id\":\"https:\/\/www.rollomatic.ch\/fr\/produit\/nextagenxa\/\",\"url\":\"https:\/\/www.rollomatic.ch\/fr\/produit\/nextagenxa\/\",\"name\":\"Nextage\u00aeNXA - Rollomatic\",\"isPartOf\":{\"@id\":\"https:\/\/www.rollomatic.ch\/fr\/#website\"},\"primaryImageOfPage\":{\"@id\":\"https:\/\/www.rollomatic.ch\/fr\/produit\/nextagenxa\/#primaryimage\"},\"image\":{\"@id\":\"https:\/\/www.rollomatic.ch\/fr\/produit\/nextagenxa\/#primaryimage\"},\"thumbnailUrl\":\"https:\/\/www.rollomatic.ch\/wp-content\/uploads\/nextage-2.png\",\"datePublished\":\"2025-04-09T08:12:40+00:00\",\"dateModified\":\"2025-05-13T12:00:04+00:00\",\"breadcrumb\":{\"@id\":\"https:\/\/www.rollomatic.ch\/fr\/produit\/nextagenxa\/#breadcrumb\"},\"inLanguage\":\"fr-FR\",\"potentialAction\":[{\"@type\":\"ReadAction\",\"target\":[\"https:\/\/www.rollomatic.ch\/fr\/produit\/nextagenxa\/\"]}]},{\"@type\":\"ImageObject\",\"inLanguage\":\"fr-FR\",\"@id\":\"https:\/\/www.rollomatic.ch\/fr\/produit\/nextagenxa\/#primaryimage\",\"url\":\"https:\/\/www.rollomatic.ch\/wp-content\/uploads\/nextage-2.png\",\"contentUrl\":\"https:\/\/www.rollomatic.ch\/wp-content\/uploads\/nextage-2.png\",\"width\":1653,\"height\":1164},{\"@type\":\"BreadcrumbList\",\"@id\":\"https:\/\/www.rollomatic.ch\/fr\/produit\/nextagenxa\/#breadcrumb\",\"itemListElement\":[{\"@type\":\"ListItem\",\"position\":1,\"name\":\"Home\",\"item\":\"https:\/\/www.rollomatic.ch\/fr\/\"},{\"@type\":\"ListItem\",\"position\":2,\"name\":\"Catalogue\",\"item\":\"https:\/\/www.rollomatic.ch\/catalog\/\"},{\"@type\":\"ListItem\",\"position\":3,\"name\":\"Nextage\u00aeNXA\"}]},{\"@type\":\"WebSite\",\"@id\":\"https:\/\/www.rollomatic.ch\/fr\/#website\",\"url\":\"https:\/\/www.rollomatic.ch\/fr\/\",\"name\":\"Rollomatic\",\"description\":\"\",\"publisher\":{\"@id\":\"https:\/\/www.rollomatic.ch\/fr\/#organization\"},\"potentialAction\":[{\"@type\":\"SearchAction\",\"target\":{\"@type\":\"EntryPoint\",\"urlTemplate\":\"https:\/\/www.rollomatic.ch\/fr\/?s={search_term_string}\"},\"query-input\":{\"@type\":\"PropertyValueSpecification\",\"valueRequired\":true,\"valueName\":\"search_term_string\"}}],\"inLanguage\":\"fr-FR\"},{\"@type\":\"Organization\",\"@id\":\"https:\/\/www.rollomatic.ch\/fr\/#organization\",\"name\":\"Rollomatic S.A.\",\"url\":\"https:\/\/www.rollomatic.ch\/fr\/\",\"logo\":{\"@type\":\"ImageObject\",\"inLanguage\":\"fr-FR\",\"@id\":\"https:\/\/www.rollomatic.ch\/fr\/#\/schema\/logo\/image\/\",\"url\":\"https:\/\/www.rollomatic.ch\/wp-content\/uploads\/logomark_300.png\",\"contentUrl\":\"https:\/\/www.rollomatic.ch\/wp-content\/uploads\/logomark_300.png\",\"width\":300,\"height\":169,\"caption\":\"Rollomatic S.A.\"},\"image\":{\"@id\":\"https:\/\/www.rollomatic.ch\/fr\/#\/schema\/logo\/image\/\"},\"sameAs\":[\"https:\/\/www.facebook.com\/rollomatic\/\",\"https:\/\/x.com\/rollomatics\",\"https:\/\/www.linkedin.com\/company\/rollomatic-sa\/\"]}]}<\/script>\n<!-- \/ Yoast SEO plugin. -->","yoast_head_json":{"title":"Nextage\u00aeNXA - Rollomatic","robots":{"index":"index","follow":"follow","max-snippet":"max-snippet:-1","max-image-preview":"max-image-preview:large","max-video-preview":"max-video-preview:-1"},"canonical":"https:\/\/www.rollomatic.ch\/fr\/produit\/nextagenxa\/","og_locale":"fr_FR","og_type":"article","og_title":"Nextage\u00aeNXA - Rollomatic","og_description":"Robot industriel \u00e0 deux bras NEXTAGE lib\u00e8re les \u00eatres humains des travaux r\u00e9p\u00e9titifs et fastidieux, leur permettant de se concentrer sur des domaines n\u00e9cessitant cr\u00e9ativit\u00e9 et g\u00e9n\u00e9rant une valeur ajout\u00e9e, [...]","og_url":"https:\/\/www.rollomatic.ch\/fr\/produit\/nextagenxa\/","og_site_name":"Rollomatic","article_publisher":"https:\/\/www.facebook.com\/rollomatic\/","article_modified_time":"2025-05-13T12:00:04+00:00","og_image":[{"width":1653,"height":1164,"url":"https:\/\/www.rollomatic.ch\/wp-content\/uploads\/nextage-2.png","type":"image\/png"}],"twitter_card":"summary_large_image","twitter_site":"@rollomatics","schema":{"@context":"https:\/\/schema.org","@graph":[{"@type":"WebPage","@id":"https:\/\/www.rollomatic.ch\/fr\/produit\/nextagenxa\/","url":"https:\/\/www.rollomatic.ch\/fr\/produit\/nextagenxa\/","name":"Nextage\u00aeNXA - Rollomatic","isPartOf":{"@id":"https:\/\/www.rollomatic.ch\/fr\/#website"},"primaryImageOfPage":{"@id":"https:\/\/www.rollomatic.ch\/fr\/produit\/nextagenxa\/#primaryimage"},"image":{"@id":"https:\/\/www.rollomatic.ch\/fr\/produit\/nextagenxa\/#primaryimage"},"thumbnailUrl":"https:\/\/www.rollomatic.ch\/wp-content\/uploads\/nextage-2.png","datePublished":"2025-04-09T08:12:40+00:00","dateModified":"2025-05-13T12:00:04+00:00","breadcrumb":{"@id":"https:\/\/www.rollomatic.ch\/fr\/produit\/nextagenxa\/#breadcrumb"},"inLanguage":"fr-FR","potentialAction":[{"@type":"ReadAction","target":["https:\/\/www.rollomatic.ch\/fr\/produit\/nextagenxa\/"]}]},{"@type":"ImageObject","inLanguage":"fr-FR","@id":"https:\/\/www.rollomatic.ch\/fr\/produit\/nextagenxa\/#primaryimage","url":"https:\/\/www.rollomatic.ch\/wp-content\/uploads\/nextage-2.png","contentUrl":"https:\/\/www.rollomatic.ch\/wp-content\/uploads\/nextage-2.png","width":1653,"height":1164},{"@type":"BreadcrumbList","@id":"https:\/\/www.rollomatic.ch\/fr\/produit\/nextagenxa\/#breadcrumb","itemListElement":[{"@type":"ListItem","position":1,"name":"Home","item":"https:\/\/www.rollomatic.ch\/fr\/"},{"@type":"ListItem","position":2,"name":"Catalogue","item":"https:\/\/www.rollomatic.ch\/catalog\/"},{"@type":"ListItem","position":3,"name":"Nextage\u00aeNXA"}]},{"@type":"WebSite","@id":"https:\/\/www.rollomatic.ch\/fr\/#website","url":"https:\/\/www.rollomatic.ch\/fr\/","name":"Rollomatic","description":"","publisher":{"@id":"https:\/\/www.rollomatic.ch\/fr\/#organization"},"potentialAction":[{"@type":"SearchAction","target":{"@type":"EntryPoint","urlTemplate":"https:\/\/www.rollomatic.ch\/fr\/?s={search_term_string}"},"query-input":{"@type":"PropertyValueSpecification","valueRequired":true,"valueName":"search_term_string"}}],"inLanguage":"fr-FR"},{"@type":"Organization","@id":"https:\/\/www.rollomatic.ch\/fr\/#organization","name":"Rollomatic S.A.","url":"https:\/\/www.rollomatic.ch\/fr\/","logo":{"@type":"ImageObject","inLanguage":"fr-FR","@id":"https:\/\/www.rollomatic.ch\/fr\/#\/schema\/logo\/image\/","url":"https:\/\/www.rollomatic.ch\/wp-content\/uploads\/logomark_300.png","contentUrl":"https:\/\/www.rollomatic.ch\/wp-content\/uploads\/logomark_300.png","width":300,"height":169,"caption":"Rollomatic S.A."},"image":{"@id":"https:\/\/www.rollomatic.ch\/fr\/#\/schema\/logo\/image\/"},"sameAs":["https:\/\/www.facebook.com\/rollomatic\/","https:\/\/x.com\/rollomatics","https:\/\/www.linkedin.com\/company\/rollomatic-sa\/"]}]}},"_links":{"self":[{"href":"https:\/\/www.rollomatic.ch\/fr\/wp-json\/wp\/v2\/product\/32604","targetHints":{"allow":["GET"]}}],"collection":[{"href":"https:\/\/www.rollomatic.ch\/fr\/wp-json\/wp\/v2\/product"}],"about":[{"href":"https:\/\/www.rollomatic.ch\/fr\/wp-json\/wp\/v2\/types\/product"}],"wp:featuredmedia":[{"embeddable":true,"href":"https:\/\/www.rollomatic.ch\/fr\/wp-json\/wp\/v2\/media\/9686"}],"wp:attachment":[{"href":"https:\/\/www.rollomatic.ch\/fr\/wp-json\/wp\/v2\/media?parent=32604"}],"wp:term":[{"taxonomy":"industry","embeddable":true,"href":"https:\/\/www.rollomatic.ch\/fr\/wp-json\/wp\/v2\/industry?post=32604"},{"taxonomy":"tool-material","embeddable":true,"href":"https:\/\/www.rollomatic.ch\/fr\/wp-json\/wp\/v2\/tool-material?post=32604"},{"taxonomy":"tool-range","embeddable":true,"href":"https:\/\/www.rollomatic.ch\/fr\/wp-json\/wp\/v2\/tool-range?post=32604"},{"taxonomy":"tool-type","embeddable":true,"href":"https:\/\/www.rollomatic.ch\/fr\/wp-json\/wp\/v2\/tool-type?post=32604"},{"taxonomy":"product_brand","embeddable":true,"href":"https:\/\/www.rollomatic.ch\/fr\/wp-json\/wp\/v2\/product_brand?post=32604"},{"taxonomy":"product_cat","embeddable":true,"href":"https:\/\/www.rollomatic.ch\/fr\/wp-json\/wp\/v2\/product_cat?post=32604"},{"taxonomy":"product_tag","embeddable":true,"href":"https:\/\/www.rollomatic.ch\/fr\/wp-json\/wp\/v2\/product_tag?post=32604"}],"curies":[{"name":"wp","href":"https:\/\/api.w.org\/{rel}","templated":true}]}}