{"id":32821,"date":"2025-04-09T09:16:21","date_gmt":"2025-04-09T09:16:21","guid":{"rendered":"https:\/\/www.rollomatic.ch\/ricerca-e-sviluppo-svizzera\/"},"modified":"2025-05-15T06:00:58","modified_gmt":"2025-05-15T06:00:58","slug":"ricerca-e-sviluppo-svizzera","status":"publish","type":"page","link":"https:\/\/www.rollomatic.ch\/it\/ricerca-e-sviluppo-svizzera\/","title":{"rendered":"Ricerca e Sviluppo Svizzera"},"content":{"rendered":"\n\t<section class=\"section dark\" id=\"section_2059695785\">\n\t\t<div class=\"section-bg fill\" >\n\t\t\t\t\t\t\t\t\t\n\t\t\t\n\n\t\t<\/div>\n\n\t\t\n\n\t\t<div class=\"section-content relative\">\n\t\t\t\n<div class=\"row align-center\"  id=\"row-1076975297\">\n\n\t<div id=\"col-40724966\" class=\"col medium-10 small-12 large-10\"  >\n\t\t\t\t<div class=\"col-inner text-center\"  >\n\t\t\t\n\t\t\t\n<p class=\"lead\">Rollomatic persegue l&#8217;innovazione ogni giorno.<\/p>\n<p class=\"lead\">Uno dei modi principali con cui Rollomatic guida l&#8217;industria \u00e8 nello sviluppo di Smart Autonomous Grinding.<\/p>\n<p class=\"lead\">Rollomatic aiuta i clienti nel loro percorso verso l&#8217;automazione, e le fabbriche intelligenti pi\u00f9 automatizzate stanno facendo lo Smart Autonomous Grinding di Rollomatic.<\/p>\n\t\t<\/div>\n\t\t\t\t\t<\/div>\n\n\t\n<\/div>\n\t\t<\/div>\n\n\t\t\n<style>\n#section_2059695785 {\n  padding-top: 50px;\n  padding-bottom: 50px;\n  background-color: #003399;\n}\n<\/style>\n\t<\/section>\n\t\n\n\t<section class=\"section\" id=\"section_1214018761\">\n\t\t<div class=\"section-bg fill\" >\n\t\t\t\t\t\t\t\t\t\n\t\t\t\n\n\t\t<\/div>\n\n\t\t\n\n\t\t<div class=\"section-content relative\">\n\t\t\t\n<div class=\"row\"  id=\"row-1290175736\">\n\n\t<div id=\"col-579006\" class=\"col small-12 large-12\"  >\n\t\t\t\t<div class=\"col-inner text-center\"  >\n\t\t\t\n\t\t\t\n<h5>Rollomatic in Svizzera partecipa anche all&#8217;EPFL e al SIPBB.<\/h5>\n\t\t<\/div>\n\t\t\t\t\n<style>\n#col-579006 > .col-inner {\n  padding: 0px 0px 30px 0px;\n}\n<\/style>\n\t<\/div>\n\n\t\n<\/div>\n<div class=\"row\"  id=\"row-574544191\">\n\n\t<div id=\"col-719804233\" class=\"col medium-6 small-12 large-6 col-divided\"  >\n\t\t\t\t<div class=\"col-inner\"  >\n\t\t\t\n\t\t\t\n\t<div class=\"box has-hover   has-hover box-text-bottom\" >\n\n\t\t<div class=\"box-image\" style=\"width:50%;\">\n\t\t\t\t\t\t<div class=\"image-cover\" style=\"padding-top:56.25%;\">\n\t\t\t\t<img loading=\"lazy\" decoding=\"async\" width=\"2830\" height=\"2001\" src=\"https:\/\/www.rollomatic.ch\/wp-content\/uploads\/epfl.png\" class=\"attachment- size-\" alt=\"EPFL logo\" srcset=\"https:\/\/www.rollomatic.ch\/wp-content\/uploads\/epfl.png 2830w, https:\/\/www.rollomatic.ch\/wp-content\/uploads\/epfl-960x679.png 960w, https:\/\/www.rollomatic.ch\/wp-content\/uploads\/epfl-1920x1358.png 1920w, https:\/\/www.rollomatic.ch\/wp-content\/uploads\/epfl-480x339.png 480w, https:\/\/www.rollomatic.ch\/wp-content\/uploads\/epfl-768x543.png 768w, https:\/\/www.rollomatic.ch\/wp-content\/uploads\/epfl-1536x1086.png 1536w, https:\/\/www.rollomatic.ch\/wp-content\/uploads\/epfl-2048x1448.png 2048w\" sizes=\"auto, (max-width: 2830px) 100vw, 2830px\" \/>\t\t\t\t\t\t\t\t\t\t\t<\/div>\n\t\t\t\t\t<\/div>\n\n\t\t<div class=\"box-text text-left\" style=\"background-color:rgb(255, 255, 255);padding:30px 30px 30px 30px;\">\n\t\t\t<div class=\"box-text-inner\">\n\t\t\t\t\n<h4><span data-text-color=\"primary\">Rollomatic nel campus EPFL<\/span><\/h4>\n\t<div id=\"gap-622474183\" class=\"gap-element clearfix\" style=\"display:block; height:auto;\">\n\t\t\n<style>\n#gap-622474183 {\n  padding-top: 15px;\n}\n<\/style>\n\t<\/div>\n\t\n<p>Situato a Losanna, Svizzera, l&#8217;EPFL (\u00c9cole Polytechnique F\u00e9d\u00e9rale) \u00e8 una delle istituzioni di scienza e tecnologia pi\u00f9 vivaci e cosmopolite d&#8217;Europa.<\/p>\n<p>Rollomatic \u00e8 costantemente alla ricerca di nuove forze per crescere le sue divisioni e sviluppare nuovi progetti. Il suo obiettivo \u00e8 aumentare le sue capacit\u00e0 di ricerca e consolidare la sua posizione di leadership. Con questo obiettivo, l&#8217;azienda ha creato un centro di innovazione presso l&#8217;Innovation Park dell&#8217;EPFL.<\/p>\n<p>Da allora, la stretta collaborazione sviluppata tra i laboratori dell&#8217;EPFL e gli ingegneri esperti di Rollomatic ha portato alla realizzazione di progetti che richiedono un alto livello di sofisticazione tecnica. Nel suo spazio di 107m2 a Losanna, un gruppo di dieci ingegneri e studenti lavora insieme su molti progetti e svolge ricerche sulla quarta rivoluzione industriale, inclusi settori come lo sviluppo software, la geometria differenziale, la meccanica e la tecnologia laser, per sviluppare nuovi processi di lavorazione.<\/p>\n<div class=\"row\"  id=\"row-866512051\">\n\n<\/div>\n\t\t\t<\/div>\n\t\t<\/div>\n\t<\/div>\n\t\n\t\t<\/div>\n\t\t\t\t\t<\/div>\n\n\t\n\n\t<div id=\"col-1171674258\" class=\"col medium-6 small-12 large-6 col-divided\"  >\n\t\t\t\t<div class=\"col-inner\"  >\n\t\t\t\n\t\t\t\n\t<div class=\"box has-hover   has-hover box-text-bottom\" >\n\n\t\t<div class=\"box-image\" style=\"width:50%;\">\n\t\t\t\t\t\t<div class=\"image-cover\" style=\"padding-top:56.25%;\">\n\t\t\t\t<img loading=\"lazy\" decoding=\"async\" width=\"810\" height=\"446\" src=\"https:\/\/www.rollomatic.ch\/wp-content\/uploads\/SIPBB_Logo_transparent_RGB1.png\" class=\"attachment- size-\" alt=\"\" srcset=\"https:\/\/www.rollomatic.ch\/wp-content\/uploads\/SIPBB_Logo_transparent_RGB1.png 810w, https:\/\/www.rollomatic.ch\/wp-content\/uploads\/SIPBB_Logo_transparent_RGB1-480x264.png 480w, https:\/\/www.rollomatic.ch\/wp-content\/uploads\/SIPBB_Logo_transparent_RGB1-768x423.png 768w\" sizes=\"auto, (max-width: 810px) 100vw, 810px\" \/>\t\t\t\t\t\t\t\t\t\t\t<\/div>\n\t\t\t\t\t<\/div>\n\n\t\t<div class=\"box-text text-left\" style=\"background-color:rgb(255, 255, 255);padding:30px 30px 30px 30px;\">\n\t\t\t<div class=\"box-text-inner\">\n\t\t\t\t\n<h4><span data-text-color=\"primary\">Rollomatic nel campus SIPBB<\/span><\/h4>\n\t<div id=\"gap-383417279\" class=\"gap-element clearfix\" style=\"display:block; height:auto;\">\n\t\t\n<style>\n#gap-383417279 {\n  padding-top: 15px;\n}\n<\/style>\n\t<\/div>\n\t\n<p>Switzerland Innovation Park Biel\/Bienne (SIPBB) \u00e8 un&#8217;organizzazione privata svizzera senza scopo di lucro che svolge e supporta la ricerca applicata e lo sviluppo orientati all&#8217;industria. Fa parte della rete nazionale e internazionale della Fondazione Switzerland Innovation.<\/p>\n<p>Rollomatic ha aperto un&#8217;unit\u00e0 innovativa all&#8217;interno della SIPBB nel 2021 per avvicinarsi al mondo accademico e collaborare con laboratori di ricerca applicata orientati all&#8217;industria. Offriamo progetti di laurea triennale e magistrale agli studenti in vari campi come la meccanica, l&#8217;informatica e la robotica.<\/p>\n<p>D&#8217;altra parte, per un&#8217;azienda come Rollomatic, che investe fortemente nello sviluppo di soluzioni innovative che permettono ai suoi clienti di guadagnare in prestazioni e autonomia, \u00e8 importante integrare centri di ricerca come Swiss Smart Factory. Questo ci consente di realizzare progetti industriali concreti e di impegnarci in scambi particolarmente arricchenti. A soli quindici chilometri dalla nostra sede centrale a Le Landeron, il nostro ufficio alla SIPBB rappresenta un&#8217;opportunit\u00e0 unica per farci conoscere agli studenti della regione, sia francofoni che germanofoni.<\/p>\n<div class=\"row\"  id=\"row-1362378463\">\n\n<\/div>\n\t\t\t<\/div>\n\t\t<\/div>\n\t<\/div>\n\t\n\t\t<\/div>\n\t\t\t\t\t<\/div>\n\n\t\n<\/div>\n\t\t<\/div>\n\n\t\t\n<style>\n#section_1214018761 {\n  padding-top: 50px;\n  padding-bottom: 50px;\n}\n<\/style>\n\t<\/section>\n\t\n","protected":false},"excerpt":{"rendered":"","protected":false},"author":12,"featured_media":0,"parent":0,"menu_order":0,"comment_status":"closed","ping_status":"closed","template":"","meta":{"_acf_changed":false,"footnotes":""},"class_list":["post-32821","page","type-page","status-publish","hentry"],"acf":[],"yoast_head":"<!-- This site is optimized with the Yoast SEO plugin v27.0 - https:\/\/yoast.com\/product\/yoast-seo-wordpress\/ -->\n<title>Ricerca e Sviluppo Svizzera - Rollomatic<\/title>\n<meta name=\"description\" content=\"Uno dei modi principali con cui Rollomatic guida l&#039;industria \u00e8 nello sviluppo di Smart Autonomous Grinding attraverso un&#039;innovazione coerente.\" \/>\n<meta name=\"robots\" content=\"index, follow, max-snippet:-1, max-image-preview:large, max-video-preview:-1\" \/>\n<link rel=\"canonical\" href=\"https:\/\/www.rollomatic.ch\/it\/ricerca-e-sviluppo-svizzera\/\" \/>\n<meta property=\"og:locale\" content=\"it_IT\" \/>\n<meta property=\"og:type\" content=\"article\" \/>\n<meta property=\"og:title\" content=\"Ricerca e Sviluppo Svizzera - Rollomatic\" \/>\n<meta property=\"og:description\" content=\"Uno dei modi principali con cui Rollomatic guida l&#039;industria \u00e8 nello sviluppo di Smart Autonomous Grinding attraverso un&#039;innovazione coerente.\" \/>\n<meta property=\"og:url\" content=\"https:\/\/www.rollomatic.ch\/it\/ricerca-e-sviluppo-svizzera\/\" \/>\n<meta property=\"og:site_name\" content=\"Rollomatic\" \/>\n<meta property=\"article:publisher\" content=\"https:\/\/www.facebook.com\/rollomatic\/\" \/>\n<meta property=\"article:modified_time\" content=\"2025-05-15T06:00:58+00:00\" \/>\n<meta name=\"twitter:card\" content=\"summary_large_image\" \/>\n<meta name=\"twitter:site\" content=\"@rollomatics\" \/>\n<meta name=\"twitter:label1\" content=\"Tempo di lettura stimato\" \/>\n\t<meta name=\"twitter:data1\" content=\"3 minuti\" \/>\n<script type=\"application\/ld+json\" class=\"yoast-schema-graph\">{\"@context\":\"https:\/\/schema.org\",\"@graph\":[{\"@type\":\"WebPage\",\"@id\":\"https:\/\/www.rollomatic.ch\/it\/ricerca-e-sviluppo-svizzera\/\",\"url\":\"https:\/\/www.rollomatic.ch\/it\/ricerca-e-sviluppo-svizzera\/\",\"name\":\"Ricerca e Sviluppo Svizzera - Rollomatic\",\"isPartOf\":{\"@id\":\"https:\/\/www.rollomatic.ch\/it\/#website\"},\"datePublished\":\"2025-04-09T09:16:21+00:00\",\"dateModified\":\"2025-05-15T06:00:58+00:00\",\"description\":\"Uno dei modi principali con cui Rollomatic guida l'industria \u00e8 nello sviluppo di Smart Autonomous Grinding attraverso un'innovazione coerente.\",\"breadcrumb\":{\"@id\":\"https:\/\/www.rollomatic.ch\/it\/ricerca-e-sviluppo-svizzera\/#breadcrumb\"},\"inLanguage\":\"it-IT\",\"potentialAction\":[{\"@type\":\"ReadAction\",\"target\":[\"https:\/\/www.rollomatic.ch\/it\/ricerca-e-sviluppo-svizzera\/\"]}]},{\"@type\":\"BreadcrumbList\",\"@id\":\"https:\/\/www.rollomatic.ch\/it\/ricerca-e-sviluppo-svizzera\/#breadcrumb\",\"itemListElement\":[{\"@type\":\"ListItem\",\"position\":1,\"name\":\"Home\",\"item\":\"https:\/\/www.rollomatic.ch\/it\/\"},{\"@type\":\"ListItem\",\"position\":2,\"name\":\"Ricerca e Sviluppo Svizzera\"}]},{\"@type\":\"WebSite\",\"@id\":\"https:\/\/www.rollomatic.ch\/it\/#website\",\"url\":\"https:\/\/www.rollomatic.ch\/it\/\",\"name\":\"Rollomatic\",\"description\":\"\",\"publisher\":{\"@id\":\"https:\/\/www.rollomatic.ch\/it\/#organization\"},\"potentialAction\":[{\"@type\":\"SearchAction\",\"target\":{\"@type\":\"EntryPoint\",\"urlTemplate\":\"https:\/\/www.rollomatic.ch\/it\/?s={search_term_string}\"},\"query-input\":{\"@type\":\"PropertyValueSpecification\",\"valueRequired\":true,\"valueName\":\"search_term_string\"}}],\"inLanguage\":\"it-IT\"},{\"@type\":\"Organization\",\"@id\":\"https:\/\/www.rollomatic.ch\/it\/#organization\",\"name\":\"Rollomatic S.A.\",\"url\":\"https:\/\/www.rollomatic.ch\/it\/\",\"logo\":{\"@type\":\"ImageObject\",\"inLanguage\":\"it-IT\",\"@id\":\"https:\/\/www.rollomatic.ch\/it\/#\/schema\/logo\/image\/\",\"url\":\"https:\/\/www.rollomatic.ch\/wp-content\/uploads\/logomark_300.png\",\"contentUrl\":\"https:\/\/www.rollomatic.ch\/wp-content\/uploads\/logomark_300.png\",\"width\":300,\"height\":169,\"caption\":\"Rollomatic S.A.\"},\"image\":{\"@id\":\"https:\/\/www.rollomatic.ch\/it\/#\/schema\/logo\/image\/\"},\"sameAs\":[\"https:\/\/www.facebook.com\/rollomatic\/\",\"https:\/\/x.com\/rollomatics\",\"https:\/\/www.linkedin.com\/company\/rollomatic-sa\/\"]}]}<\/script>\n<!-- \/ Yoast SEO plugin. -->","yoast_head_json":{"title":"Ricerca e Sviluppo Svizzera - Rollomatic","description":"Uno dei modi principali con cui Rollomatic guida l'industria \u00e8 nello sviluppo di Smart Autonomous Grinding attraverso un'innovazione coerente.","robots":{"index":"index","follow":"follow","max-snippet":"max-snippet:-1","max-image-preview":"max-image-preview:large","max-video-preview":"max-video-preview:-1"},"canonical":"https:\/\/www.rollomatic.ch\/it\/ricerca-e-sviluppo-svizzera\/","og_locale":"it_IT","og_type":"article","og_title":"Ricerca e Sviluppo Svizzera - Rollomatic","og_description":"Uno dei modi principali con cui Rollomatic guida l'industria \u00e8 nello sviluppo di Smart Autonomous Grinding attraverso un'innovazione coerente.","og_url":"https:\/\/www.rollomatic.ch\/it\/ricerca-e-sviluppo-svizzera\/","og_site_name":"Rollomatic","article_publisher":"https:\/\/www.facebook.com\/rollomatic\/","article_modified_time":"2025-05-15T06:00:58+00:00","twitter_card":"summary_large_image","twitter_site":"@rollomatics","twitter_misc":{"Tempo di lettura stimato":"3 minuti"},"schema":{"@context":"https:\/\/schema.org","@graph":[{"@type":"WebPage","@id":"https:\/\/www.rollomatic.ch\/it\/ricerca-e-sviluppo-svizzera\/","url":"https:\/\/www.rollomatic.ch\/it\/ricerca-e-sviluppo-svizzera\/","name":"Ricerca e Sviluppo Svizzera - Rollomatic","isPartOf":{"@id":"https:\/\/www.rollomatic.ch\/it\/#website"},"datePublished":"2025-04-09T09:16:21+00:00","dateModified":"2025-05-15T06:00:58+00:00","description":"Uno dei modi principali con cui Rollomatic guida l'industria \u00e8 nello sviluppo di Smart Autonomous Grinding attraverso un'innovazione coerente.","breadcrumb":{"@id":"https:\/\/www.rollomatic.ch\/it\/ricerca-e-sviluppo-svizzera\/#breadcrumb"},"inLanguage":"it-IT","potentialAction":[{"@type":"ReadAction","target":["https:\/\/www.rollomatic.ch\/it\/ricerca-e-sviluppo-svizzera\/"]}]},{"@type":"BreadcrumbList","@id":"https:\/\/www.rollomatic.ch\/it\/ricerca-e-sviluppo-svizzera\/#breadcrumb","itemListElement":[{"@type":"ListItem","position":1,"name":"Home","item":"https:\/\/www.rollomatic.ch\/it\/"},{"@type":"ListItem","position":2,"name":"Ricerca e Sviluppo Svizzera"}]},{"@type":"WebSite","@id":"https:\/\/www.rollomatic.ch\/it\/#website","url":"https:\/\/www.rollomatic.ch\/it\/","name":"Rollomatic","description":"","publisher":{"@id":"https:\/\/www.rollomatic.ch\/it\/#organization"},"potentialAction":[{"@type":"SearchAction","target":{"@type":"EntryPoint","urlTemplate":"https:\/\/www.rollomatic.ch\/it\/?s={search_term_string}"},"query-input":{"@type":"PropertyValueSpecification","valueRequired":true,"valueName":"search_term_string"}}],"inLanguage":"it-IT"},{"@type":"Organization","@id":"https:\/\/www.rollomatic.ch\/it\/#organization","name":"Rollomatic S.A.","url":"https:\/\/www.rollomatic.ch\/it\/","logo":{"@type":"ImageObject","inLanguage":"it-IT","@id":"https:\/\/www.rollomatic.ch\/it\/#\/schema\/logo\/image\/","url":"https:\/\/www.rollomatic.ch\/wp-content\/uploads\/logomark_300.png","contentUrl":"https:\/\/www.rollomatic.ch\/wp-content\/uploads\/logomark_300.png","width":300,"height":169,"caption":"Rollomatic S.A."},"image":{"@id":"https:\/\/www.rollomatic.ch\/it\/#\/schema\/logo\/image\/"},"sameAs":["https:\/\/www.facebook.com\/rollomatic\/","https:\/\/x.com\/rollomatics","https:\/\/www.linkedin.com\/company\/rollomatic-sa\/"]}]}},"_links":{"self":[{"href":"https:\/\/www.rollomatic.ch\/it\/wp-json\/wp\/v2\/pages\/32821","targetHints":{"allow":["GET"]}}],"collection":[{"href":"https:\/\/www.rollomatic.ch\/it\/wp-json\/wp\/v2\/pages"}],"about":[{"href":"https:\/\/www.rollomatic.ch\/it\/wp-json\/wp\/v2\/types\/page"}],"author":[{"embeddable":true,"href":"https:\/\/www.rollomatic.ch\/it\/wp-json\/wp\/v2\/users\/12"}],"replies":[{"embeddable":true,"href":"https:\/\/www.rollomatic.ch\/it\/wp-json\/wp\/v2\/comments?post=32821"}],"version-history":[{"count":0,"href":"https:\/\/www.rollomatic.ch\/it\/wp-json\/wp\/v2\/pages\/32821\/revisions"}],"wp:attachment":[{"href":"https:\/\/www.rollomatic.ch\/it\/wp-json\/wp\/v2\/media?parent=32821"}],"curies":[{"name":"wp","href":"https:\/\/api.w.org\/{rel}","templated":true}]}}