{"id":32062,"date":"2020-12-01T21:32:50","date_gmt":"2020-12-01T21:32:50","guid":{"rendered":"https:\/\/www.rollomatic.ch\/product\/grindsmart-630xw3\/"},"modified":"2025-05-13T12:00:59","modified_gmt":"2025-05-13T12:00:59","slug":"grindsmart-630xw3","status":"publish","type":"product","link":"https:\/\/www.rollomatic.ch\/it\/prodotto\/grindsmart-630xw3\/","title":{"rendered":"GrindSmart\u00ae 630XW3"},"content":{"rendered":"<p>La molatrice per utensili di precisione a 6 assi GrindSmart\u00ae630XW3 \u00e8 stata progettata per alte prestazioni e produzione di utensili speciali sia per lotti lunghi che corti. \u00c8 dotata di motori lineari, combinati con il motore a coppia sull&#8217;asse rotativo, offre maggiori vantaggi come una migliore finitura superficiale e costi di manutenzione ridotti. L&#8217;olio usato per il raffreddamento e la lubrificazione dei motori lineari \u00e8 lo stesso dell&#8217;olio lubro-refrigerante. Questo assicura una stabilit\u00e0 termica costante durante la configurazione e la produzione senza comportare un ulteriore consumo di energia.<\/p>\n<p>Il concetto del 6\u00b0 asse di questa macchina \u00e8 unico nel settore della rettifica. Offre una maggiore precisione su frese a testa sferica, o su raggi di angoli con la possibilit\u00e0 di inclinare le ruote da mola e consente una programmazione pi\u00f9 facile con movimenti a vuoto pi\u00f9 brevi durante le operazioni di molatura. Questa macchina copre una vasta gamma di diametri da \u00d8 0,1 a 20,0 mm (.004&#8243; &#8211; .75&#8243;). Di serie, questo modello include un caricatore automatico ad alta velocit\u00e0 pick &amp; place per utensili con una capacit\u00e0 fino a 1.360 utensili con un cambio ruota &amp; ugello ad alta velocit\u00e0 con 16 posizioni.<\/p>\n","protected":false},"excerpt":{"rendered":"<p>La molatrice per utensili di precisione a 6 assi GrindSmart\u00ae630XW3 \u00e8 stata progettata per alte prestazioni e produzione di utensili speciali sia per lotti lunghi che corti. \u00c8 dotata di [&#8230;]\n","protected":false},"featured_media":9194,"template":"","meta":{"_acf_changed":false},"industry":[],"tool-material":[],"tool-range":[385],"tool-type":[424,379,380,381,382,423,383,422],"product_brand":[],"product_cat":[519,522,564,565],"product_tag":[566],"class_list":{"0":"post-32062","1":"product","2":"type-product","3":"status-publish","4":"has-post-thumbnail","6":"tool-range-1-32mm","7":"tool-type-blades","8":"tool-type-boring-bars","9":"tool-type-burs","10":"tool-type-drills","11":"tool-type-end-mill","12":"tool-type-form-tools","13":"tool-type-reamers","14":"tool-type-taps","15":"product_cat-grindsmart-it","16":"product_cat-inserts-and-boring-bars-it","17":"product_cat-rotary-cutting-tools-it","18":"product_cat-cutting-tool-grinding-it","19":"product_tag-cutting-tool-grinding-it","21":"first","22":"instock","23":"shipping-taxable","24":"product-type-simple"},"acf":[],"yoast_head":"<!-- This site is optimized with the Yoast SEO plugin v27.0 - https:\/\/yoast.com\/product\/yoast-seo-wordpress\/ -->\n<title>GrindSmart\u00ae 630XW3 - Rollomatic<\/title>\n<meta name=\"description\" content=\"Molatrice per utensili da taglio a 6 assi ad altissima precisione con il nuovo cambio ruota automatico, dotata di fino a 16 pacchi ruote, per la produzione di utensili da taglio tra \u00d8 0,1 \u2013 20,0 mm (.004&quot;\u2013 5\/8&quot;)\" \/>\n<meta name=\"robots\" content=\"index, follow, max-snippet:-1, max-image-preview:large, max-video-preview:-1\" \/>\n<link rel=\"canonical\" href=\"https:\/\/www.rollomatic.ch\/it\/prodotto\/grindsmart-630xw3\/\" \/>\n<meta property=\"og:locale\" content=\"it_IT\" \/>\n<meta property=\"og:type\" content=\"article\" \/>\n<meta property=\"og:title\" content=\"GrindSmart\u00ae 630XW3 - Rollomatic\" \/>\n<meta property=\"og:description\" content=\"Molatrice per utensili da taglio a 6 assi ad altissima precisione con il nuovo cambio ruota automatico, dotata di fino a 16 pacchi ruote, per la produzione di utensili da taglio tra \u00d8 0,1 \u2013 20,0 mm (.004&quot;\u2013 5\/8&quot;)\" \/>\n<meta property=\"og:url\" content=\"https:\/\/www.rollomatic.ch\/it\/prodotto\/grindsmart-630xw3\/\" \/>\n<meta property=\"og:site_name\" content=\"Rollomatic\" \/>\n<meta property=\"article:publisher\" content=\"https:\/\/www.facebook.com\/rollomatic\/\" \/>\n<meta property=\"article:modified_time\" content=\"2025-05-13T12:00:59+00:00\" \/>\n<meta property=\"og:image\" content=\"https:\/\/www.rollomatic.ch\/wp-content\/uploads\/630XW3-SHINY_1-2.webp\" \/>\n\t<meta property=\"og:image:width\" content=\"2560\" \/>\n\t<meta property=\"og:image:height\" content=\"1440\" \/>\n\t<meta property=\"og:image:type\" content=\"image\/webp\" \/>\n<meta name=\"twitter:card\" content=\"summary_large_image\" \/>\n<meta name=\"twitter:site\" content=\"@rollomatics\" \/>\n<meta name=\"twitter:label1\" content=\"Tempo di lettura stimato\" \/>\n\t<meta name=\"twitter:data1\" content=\"1 minuto\" \/>\n<script type=\"application\/ld+json\" class=\"yoast-schema-graph\">{\"@context\":\"https:\/\/schema.org\",\"@graph\":[{\"@type\":\"WebPage\",\"@id\":\"https:\/\/www.rollomatic.ch\/it\/prodotto\/grindsmart-630xw3\/\",\"url\":\"https:\/\/www.rollomatic.ch\/it\/prodotto\/grindsmart-630xw3\/\",\"name\":\"GrindSmart\u00ae 630XW3 - Rollomatic\",\"isPartOf\":{\"@id\":\"https:\/\/www.rollomatic.ch\/it\/#website\"},\"primaryImageOfPage\":{\"@id\":\"https:\/\/www.rollomatic.ch\/it\/prodotto\/grindsmart-630xw3\/#primaryimage\"},\"image\":{\"@id\":\"https:\/\/www.rollomatic.ch\/it\/prodotto\/grindsmart-630xw3\/#primaryimage\"},\"thumbnailUrl\":\"https:\/\/www.rollomatic.ch\/wp-content\/uploads\/630XW3-SHINY_1-2.webp\",\"datePublished\":\"2020-12-01T21:32:50+00:00\",\"dateModified\":\"2025-05-13T12:00:59+00:00\",\"description\":\"Molatrice per utensili da taglio a 6 assi ad altissima precisione con il nuovo cambio ruota automatico, dotata di fino a 16 pacchi ruote, per la produzione di utensili da taglio tra \u00d8 0,1 \u2013 20,0 mm (.004\\\"\u2013 5\/8\\\")\",\"breadcrumb\":{\"@id\":\"https:\/\/www.rollomatic.ch\/it\/prodotto\/grindsmart-630xw3\/#breadcrumb\"},\"inLanguage\":\"it-IT\",\"potentialAction\":[{\"@type\":\"ReadAction\",\"target\":[\"https:\/\/www.rollomatic.ch\/it\/prodotto\/grindsmart-630xw3\/\"]}]},{\"@type\":\"ImageObject\",\"inLanguage\":\"it-IT\",\"@id\":\"https:\/\/www.rollomatic.ch\/it\/prodotto\/grindsmart-630xw3\/#primaryimage\",\"url\":\"https:\/\/www.rollomatic.ch\/wp-content\/uploads\/630XW3-SHINY_1-2.webp\",\"contentUrl\":\"https:\/\/www.rollomatic.ch\/wp-content\/uploads\/630XW3-SHINY_1-2.webp\",\"width\":2560,\"height\":1440},{\"@type\":\"BreadcrumbList\",\"@id\":\"https:\/\/www.rollomatic.ch\/it\/prodotto\/grindsmart-630xw3\/#breadcrumb\",\"itemListElement\":[{\"@type\":\"ListItem\",\"position\":1,\"name\":\"Home\",\"item\":\"https:\/\/www.rollomatic.ch\/it\/\"},{\"@type\":\"ListItem\",\"position\":2,\"name\":\"Catalogo\",\"item\":\"https:\/\/www.rollomatic.ch\/it\/catalogo\/\"},{\"@type\":\"ListItem\",\"position\":3,\"name\":\"GrindSmart\u00ae 630XW3\"}]},{\"@type\":\"WebSite\",\"@id\":\"https:\/\/www.rollomatic.ch\/it\/#website\",\"url\":\"https:\/\/www.rollomatic.ch\/it\/\",\"name\":\"Rollomatic\",\"description\":\"\",\"publisher\":{\"@id\":\"https:\/\/www.rollomatic.ch\/it\/#organization\"},\"potentialAction\":[{\"@type\":\"SearchAction\",\"target\":{\"@type\":\"EntryPoint\",\"urlTemplate\":\"https:\/\/www.rollomatic.ch\/it\/?s={search_term_string}\"},\"query-input\":{\"@type\":\"PropertyValueSpecification\",\"valueRequired\":true,\"valueName\":\"search_term_string\"}}],\"inLanguage\":\"it-IT\"},{\"@type\":\"Organization\",\"@id\":\"https:\/\/www.rollomatic.ch\/it\/#organization\",\"name\":\"Rollomatic S.A.\",\"url\":\"https:\/\/www.rollomatic.ch\/it\/\",\"logo\":{\"@type\":\"ImageObject\",\"inLanguage\":\"it-IT\",\"@id\":\"https:\/\/www.rollomatic.ch\/it\/#\/schema\/logo\/image\/\",\"url\":\"https:\/\/www.rollomatic.ch\/wp-content\/uploads\/logomark_300.png\",\"contentUrl\":\"https:\/\/www.rollomatic.ch\/wp-content\/uploads\/logomark_300.png\",\"width\":300,\"height\":169,\"caption\":\"Rollomatic S.A.\"},\"image\":{\"@id\":\"https:\/\/www.rollomatic.ch\/it\/#\/schema\/logo\/image\/\"},\"sameAs\":[\"https:\/\/www.facebook.com\/rollomatic\/\",\"https:\/\/x.com\/rollomatics\",\"https:\/\/www.linkedin.com\/company\/rollomatic-sa\/\"]}]}<\/script>\n<!-- \/ Yoast SEO plugin. -->","yoast_head_json":{"title":"GrindSmart\u00ae 630XW3 - Rollomatic","description":"Molatrice per utensili da taglio a 6 assi ad altissima precisione con il nuovo cambio ruota automatico, dotata di fino a 16 pacchi ruote, per la produzione di utensili da taglio tra \u00d8 0,1 \u2013 20,0 mm (.004\"\u2013 5\/8\")","robots":{"index":"index","follow":"follow","max-snippet":"max-snippet:-1","max-image-preview":"max-image-preview:large","max-video-preview":"max-video-preview:-1"},"canonical":"https:\/\/www.rollomatic.ch\/it\/prodotto\/grindsmart-630xw3\/","og_locale":"it_IT","og_type":"article","og_title":"GrindSmart\u00ae 630XW3 - Rollomatic","og_description":"Molatrice per utensili da taglio a 6 assi ad altissima precisione con il nuovo cambio ruota automatico, dotata di fino a 16 pacchi ruote, per la produzione di utensili da taglio tra \u00d8 0,1 \u2013 20,0 mm (.004\"\u2013 5\/8\")","og_url":"https:\/\/www.rollomatic.ch\/it\/prodotto\/grindsmart-630xw3\/","og_site_name":"Rollomatic","article_publisher":"https:\/\/www.facebook.com\/rollomatic\/","article_modified_time":"2025-05-13T12:00:59+00:00","og_image":[{"width":2560,"height":1440,"url":"https:\/\/www.rollomatic.ch\/wp-content\/uploads\/630XW3-SHINY_1-2.webp","type":"image\/webp"}],"twitter_card":"summary_large_image","twitter_site":"@rollomatics","twitter_misc":{"Tempo di lettura stimato":"1 minuto"},"schema":{"@context":"https:\/\/schema.org","@graph":[{"@type":"WebPage","@id":"https:\/\/www.rollomatic.ch\/it\/prodotto\/grindsmart-630xw3\/","url":"https:\/\/www.rollomatic.ch\/it\/prodotto\/grindsmart-630xw3\/","name":"GrindSmart\u00ae 630XW3 - Rollomatic","isPartOf":{"@id":"https:\/\/www.rollomatic.ch\/it\/#website"},"primaryImageOfPage":{"@id":"https:\/\/www.rollomatic.ch\/it\/prodotto\/grindsmart-630xw3\/#primaryimage"},"image":{"@id":"https:\/\/www.rollomatic.ch\/it\/prodotto\/grindsmart-630xw3\/#primaryimage"},"thumbnailUrl":"https:\/\/www.rollomatic.ch\/wp-content\/uploads\/630XW3-SHINY_1-2.webp","datePublished":"2020-12-01T21:32:50+00:00","dateModified":"2025-05-13T12:00:59+00:00","description":"Molatrice per utensili da taglio a 6 assi ad altissima precisione con il nuovo cambio ruota automatico, dotata di fino a 16 pacchi ruote, per la produzione di utensili da taglio tra \u00d8 0,1 \u2013 20,0 mm (.004\"\u2013 5\/8\")","breadcrumb":{"@id":"https:\/\/www.rollomatic.ch\/it\/prodotto\/grindsmart-630xw3\/#breadcrumb"},"inLanguage":"it-IT","potentialAction":[{"@type":"ReadAction","target":["https:\/\/www.rollomatic.ch\/it\/prodotto\/grindsmart-630xw3\/"]}]},{"@type":"ImageObject","inLanguage":"it-IT","@id":"https:\/\/www.rollomatic.ch\/it\/prodotto\/grindsmart-630xw3\/#primaryimage","url":"https:\/\/www.rollomatic.ch\/wp-content\/uploads\/630XW3-SHINY_1-2.webp","contentUrl":"https:\/\/www.rollomatic.ch\/wp-content\/uploads\/630XW3-SHINY_1-2.webp","width":2560,"height":1440},{"@type":"BreadcrumbList","@id":"https:\/\/www.rollomatic.ch\/it\/prodotto\/grindsmart-630xw3\/#breadcrumb","itemListElement":[{"@type":"ListItem","position":1,"name":"Home","item":"https:\/\/www.rollomatic.ch\/it\/"},{"@type":"ListItem","position":2,"name":"Catalogo","item":"https:\/\/www.rollomatic.ch\/it\/catalogo\/"},{"@type":"ListItem","position":3,"name":"GrindSmart\u00ae 630XW3"}]},{"@type":"WebSite","@id":"https:\/\/www.rollomatic.ch\/it\/#website","url":"https:\/\/www.rollomatic.ch\/it\/","name":"Rollomatic","description":"","publisher":{"@id":"https:\/\/www.rollomatic.ch\/it\/#organization"},"potentialAction":[{"@type":"SearchAction","target":{"@type":"EntryPoint","urlTemplate":"https:\/\/www.rollomatic.ch\/it\/?s={search_term_string}"},"query-input":{"@type":"PropertyValueSpecification","valueRequired":true,"valueName":"search_term_string"}}],"inLanguage":"it-IT"},{"@type":"Organization","@id":"https:\/\/www.rollomatic.ch\/it\/#organization","name":"Rollomatic S.A.","url":"https:\/\/www.rollomatic.ch\/it\/","logo":{"@type":"ImageObject","inLanguage":"it-IT","@id":"https:\/\/www.rollomatic.ch\/it\/#\/schema\/logo\/image\/","url":"https:\/\/www.rollomatic.ch\/wp-content\/uploads\/logomark_300.png","contentUrl":"https:\/\/www.rollomatic.ch\/wp-content\/uploads\/logomark_300.png","width":300,"height":169,"caption":"Rollomatic S.A."},"image":{"@id":"https:\/\/www.rollomatic.ch\/it\/#\/schema\/logo\/image\/"},"sameAs":["https:\/\/www.facebook.com\/rollomatic\/","https:\/\/x.com\/rollomatics","https:\/\/www.linkedin.com\/company\/rollomatic-sa\/"]}]}},"_links":{"self":[{"href":"https:\/\/www.rollomatic.ch\/it\/wp-json\/wp\/v2\/product\/32062","targetHints":{"allow":["GET"]}}],"collection":[{"href":"https:\/\/www.rollomatic.ch\/it\/wp-json\/wp\/v2\/product"}],"about":[{"href":"https:\/\/www.rollomatic.ch\/it\/wp-json\/wp\/v2\/types\/product"}],"wp:featuredmedia":[{"embeddable":true,"href":"https:\/\/www.rollomatic.ch\/it\/wp-json\/wp\/v2\/media\/9194"}],"wp:attachment":[{"href":"https:\/\/www.rollomatic.ch\/it\/wp-json\/wp\/v2\/media?parent=32062"}],"wp:term":[{"taxonomy":"industry","embeddable":true,"href":"https:\/\/www.rollomatic.ch\/it\/wp-json\/wp\/v2\/industry?post=32062"},{"taxonomy":"tool-material","embeddable":true,"href":"https:\/\/www.rollomatic.ch\/it\/wp-json\/wp\/v2\/tool-material?post=32062"},{"taxonomy":"tool-range","embeddable":true,"href":"https:\/\/www.rollomatic.ch\/it\/wp-json\/wp\/v2\/tool-range?post=32062"},{"taxonomy":"tool-type","embeddable":true,"href":"https:\/\/www.rollomatic.ch\/it\/wp-json\/wp\/v2\/tool-type?post=32062"},{"taxonomy":"product_brand","embeddable":true,"href":"https:\/\/www.rollomatic.ch\/it\/wp-json\/wp\/v2\/product_brand?post=32062"},{"taxonomy":"product_cat","embeddable":true,"href":"https:\/\/www.rollomatic.ch\/it\/wp-json\/wp\/v2\/product_cat?post=32062"},{"taxonomy":"product_tag","embeddable":true,"href":"https:\/\/www.rollomatic.ch\/it\/wp-json\/wp\/v2\/product_tag?post=32062"}],"curies":[{"name":"wp","href":"https:\/\/api.w.org\/{rel}","templated":true}]}}