{"id":32064,"date":"2020-11-25T15:02:22","date_gmt":"2020-11-25T15:02:22","guid":{"rendered":"https:\/\/www.rollomatic.ch\/product\/grindsmart-530xw\/"},"modified":"2025-05-13T12:01:03","modified_gmt":"2025-05-13T12:01:03","slug":"grindsmart-530xw","status":"publish","type":"product","link":"https:\/\/www.rollomatic.ch\/it\/prodotto\/grindsmart-530xw\/","title":{"rendered":"GrindSmart\u00ae 530XW"},"content":{"rendered":"<p>La mola per utensili di precisione a 5 assi GrindSmart\u00ae530XW \u00e8 stata progettata per la produzione di utensili da taglio rotativi ad alte prestazioni sia in lotti lunghi che corti coprendo un&#8217;ampia gamma di diametro da \u00d8. 0,1 a 20,0 mm (.004&#8243; &#8211; .75&#8243;). Questa macchina \u00e8 dotata di motori lineari, combinati con il motore di coppia sull&#8217;asse rotativo, offrendo pi\u00f9 vantaggi come una superficie di finitura migliorata e costi di manutenzione ridotti. L&#8217;olio utilizzato per il raffreddamento e la lubrificazione dei motori lineari \u00e8 lo stesso dell&#8217;olio refrigerante. Questo assicura una stabilit\u00e0 termica costante durante il setup e la produzione senza incorrere in un consumo energetico aggiuntivo.<\/p>\n<p>Il GrindSmart\u00ae530XW include di serie un cambio ruota SmartChanger a 6 posizioni, veloce e affidabile, che offre la massima flessibilit\u00e0 e autonomia nella gestione dei processi di molatura. Questo modello offre opzionalmente un caricatore di utensili pick &amp; place ad alta velocit\u00e0 con una capacit\u00e0 fino a 1.360.<\/p>\n","protected":false},"excerpt":{"rendered":"<p>La mola per utensili di precisione a 5 assi GrindSmart\u00ae530XW \u00e8 stata progettata per la produzione di utensili da taglio rotativi ad alte prestazioni sia in lotti lunghi che corti [&#8230;]\n","protected":false},"featured_media":9182,"template":"","meta":{"_acf_changed":false},"industry":[],"tool-material":[],"tool-range":[390],"tool-type":[379,380,381,382,423,383,422],"product_brand":[],"product_cat":[519,564,565],"product_tag":[566],"class_list":{"0":"post-32064","1":"product","2":"type-product","3":"status-publish","4":"has-post-thumbnail","6":"tool-range-1-20mm","7":"tool-type-boring-bars","8":"tool-type-burs","9":"tool-type-drills","10":"tool-type-end-mill","11":"tool-type-form-tools","12":"tool-type-reamers","13":"tool-type-taps","14":"product_cat-grindsmart-it","15":"product_cat-rotary-cutting-tools-it","16":"product_cat-cutting-tool-grinding-it","17":"product_tag-cutting-tool-grinding-it","19":"first","20":"instock","21":"shipping-taxable","22":"product-type-simple"},"acf":[],"yoast_head":"<!-- This site is optimized with the Yoast SEO plugin v27.0 - https:\/\/yoast.com\/product\/yoast-seo-wordpress\/ -->\n<title>GrindSmart\u00ae 530XW - Rollomatic<\/title>\n<meta name=\"description\" content=\"Mola per utensili di precisione a 5 assi per la produzione di utensili da taglio standard e ad alte prestazioni da \u00d8 0.5 \u2013 20.0 mm (.02&quot; \u2013 3\/4&quot;).\" \/>\n<meta name=\"robots\" content=\"index, follow, max-snippet:-1, max-image-preview:large, max-video-preview:-1\" \/>\n<link rel=\"canonical\" href=\"https:\/\/www.rollomatic.ch\/it\/prodotto\/grindsmart-530xw\/\" \/>\n<meta property=\"og:locale\" content=\"it_IT\" \/>\n<meta property=\"og:type\" content=\"article\" \/>\n<meta property=\"og:title\" content=\"GrindSmart\u00ae 530XW - Rollomatic\" \/>\n<meta property=\"og:description\" content=\"Mola per utensili di precisione a 5 assi per la produzione di utensili da taglio standard e ad alte prestazioni da \u00d8 0.5 \u2013 20.0 mm (.02&quot; \u2013 3\/4&quot;).\" \/>\n<meta property=\"og:url\" content=\"https:\/\/www.rollomatic.ch\/it\/prodotto\/grindsmart-530xw\/\" \/>\n<meta property=\"og:site_name\" content=\"Rollomatic\" \/>\n<meta property=\"article:publisher\" content=\"https:\/\/www.facebook.com\/rollomatic\/\" \/>\n<meta property=\"article:modified_time\" content=\"2025-05-13T12:01:03+00:00\" \/>\n<meta property=\"og:image\" content=\"https:\/\/www.rollomatic.ch\/wp-content\/uploads\/530XW-SHINY_1.webp\" \/>\n\t<meta property=\"og:image:width\" content=\"2560\" \/>\n\t<meta property=\"og:image:height\" content=\"1440\" \/>\n\t<meta property=\"og:image:type\" content=\"image\/webp\" \/>\n<meta name=\"twitter:card\" content=\"summary_large_image\" \/>\n<meta name=\"twitter:site\" content=\"@rollomatics\" \/>\n<meta name=\"twitter:label1\" content=\"Tempo di lettura stimato\" \/>\n\t<meta name=\"twitter:data1\" content=\"1 minuto\" \/>\n<script type=\"application\/ld+json\" class=\"yoast-schema-graph\">{\"@context\":\"https:\/\/schema.org\",\"@graph\":[{\"@type\":\"WebPage\",\"@id\":\"https:\/\/www.rollomatic.ch\/it\/prodotto\/grindsmart-530xw\/\",\"url\":\"https:\/\/www.rollomatic.ch\/it\/prodotto\/grindsmart-530xw\/\",\"name\":\"GrindSmart\u00ae 530XW - Rollomatic\",\"isPartOf\":{\"@id\":\"https:\/\/www.rollomatic.ch\/it\/#website\"},\"primaryImageOfPage\":{\"@id\":\"https:\/\/www.rollomatic.ch\/it\/prodotto\/grindsmart-530xw\/#primaryimage\"},\"image\":{\"@id\":\"https:\/\/www.rollomatic.ch\/it\/prodotto\/grindsmart-530xw\/#primaryimage\"},\"thumbnailUrl\":\"https:\/\/www.rollomatic.ch\/wp-content\/uploads\/530XW-SHINY_1.webp\",\"datePublished\":\"2020-11-25T15:02:22+00:00\",\"dateModified\":\"2025-05-13T12:01:03+00:00\",\"description\":\"Mola per utensili di precisione a 5 assi per la produzione di utensili da taglio standard e ad alte prestazioni da \u00d8 0.5 \u2013 20.0 mm (.02\\\" \u2013 3\/4\\\").\",\"breadcrumb\":{\"@id\":\"https:\/\/www.rollomatic.ch\/it\/prodotto\/grindsmart-530xw\/#breadcrumb\"},\"inLanguage\":\"it-IT\",\"potentialAction\":[{\"@type\":\"ReadAction\",\"target\":[\"https:\/\/www.rollomatic.ch\/it\/prodotto\/grindsmart-530xw\/\"]}]},{\"@type\":\"ImageObject\",\"inLanguage\":\"it-IT\",\"@id\":\"https:\/\/www.rollomatic.ch\/it\/prodotto\/grindsmart-530xw\/#primaryimage\",\"url\":\"https:\/\/www.rollomatic.ch\/wp-content\/uploads\/530XW-SHINY_1.webp\",\"contentUrl\":\"https:\/\/www.rollomatic.ch\/wp-content\/uploads\/530XW-SHINY_1.webp\",\"width\":2560,\"height\":1440},{\"@type\":\"BreadcrumbList\",\"@id\":\"https:\/\/www.rollomatic.ch\/it\/prodotto\/grindsmart-530xw\/#breadcrumb\",\"itemListElement\":[{\"@type\":\"ListItem\",\"position\":1,\"name\":\"Home\",\"item\":\"https:\/\/www.rollomatic.ch\/it\/\"},{\"@type\":\"ListItem\",\"position\":2,\"name\":\"Catalogo\",\"item\":\"https:\/\/www.rollomatic.ch\/it\/catalogo\/\"},{\"@type\":\"ListItem\",\"position\":3,\"name\":\"GrindSmart\u00ae 530XW\"}]},{\"@type\":\"WebSite\",\"@id\":\"https:\/\/www.rollomatic.ch\/it\/#website\",\"url\":\"https:\/\/www.rollomatic.ch\/it\/\",\"name\":\"Rollomatic\",\"description\":\"\",\"publisher\":{\"@id\":\"https:\/\/www.rollomatic.ch\/it\/#organization\"},\"potentialAction\":[{\"@type\":\"SearchAction\",\"target\":{\"@type\":\"EntryPoint\",\"urlTemplate\":\"https:\/\/www.rollomatic.ch\/it\/?s={search_term_string}\"},\"query-input\":{\"@type\":\"PropertyValueSpecification\",\"valueRequired\":true,\"valueName\":\"search_term_string\"}}],\"inLanguage\":\"it-IT\"},{\"@type\":\"Organization\",\"@id\":\"https:\/\/www.rollomatic.ch\/it\/#organization\",\"name\":\"Rollomatic S.A.\",\"url\":\"https:\/\/www.rollomatic.ch\/it\/\",\"logo\":{\"@type\":\"ImageObject\",\"inLanguage\":\"it-IT\",\"@id\":\"https:\/\/www.rollomatic.ch\/it\/#\/schema\/logo\/image\/\",\"url\":\"https:\/\/www.rollomatic.ch\/wp-content\/uploads\/logomark_300.png\",\"contentUrl\":\"https:\/\/www.rollomatic.ch\/wp-content\/uploads\/logomark_300.png\",\"width\":300,\"height\":169,\"caption\":\"Rollomatic S.A.\"},\"image\":{\"@id\":\"https:\/\/www.rollomatic.ch\/it\/#\/schema\/logo\/image\/\"},\"sameAs\":[\"https:\/\/www.facebook.com\/rollomatic\/\",\"https:\/\/x.com\/rollomatics\",\"https:\/\/www.linkedin.com\/company\/rollomatic-sa\/\"]}]}<\/script>\n<!-- \/ Yoast SEO plugin. -->","yoast_head_json":{"title":"GrindSmart\u00ae 530XW - Rollomatic","description":"Mola per utensili di precisione a 5 assi per la produzione di utensili da taglio standard e ad alte prestazioni da \u00d8 0.5 \u2013 20.0 mm (.02\" \u2013 3\/4\").","robots":{"index":"index","follow":"follow","max-snippet":"max-snippet:-1","max-image-preview":"max-image-preview:large","max-video-preview":"max-video-preview:-1"},"canonical":"https:\/\/www.rollomatic.ch\/it\/prodotto\/grindsmart-530xw\/","og_locale":"it_IT","og_type":"article","og_title":"GrindSmart\u00ae 530XW - Rollomatic","og_description":"Mola per utensili di precisione a 5 assi per la produzione di utensili da taglio standard e ad alte prestazioni da \u00d8 0.5 \u2013 20.0 mm (.02\" \u2013 3\/4\").","og_url":"https:\/\/www.rollomatic.ch\/it\/prodotto\/grindsmart-530xw\/","og_site_name":"Rollomatic","article_publisher":"https:\/\/www.facebook.com\/rollomatic\/","article_modified_time":"2025-05-13T12:01:03+00:00","og_image":[{"width":2560,"height":1440,"url":"https:\/\/www.rollomatic.ch\/wp-content\/uploads\/530XW-SHINY_1.webp","type":"image\/webp"}],"twitter_card":"summary_large_image","twitter_site":"@rollomatics","twitter_misc":{"Tempo di lettura stimato":"1 minuto"},"schema":{"@context":"https:\/\/schema.org","@graph":[{"@type":"WebPage","@id":"https:\/\/www.rollomatic.ch\/it\/prodotto\/grindsmart-530xw\/","url":"https:\/\/www.rollomatic.ch\/it\/prodotto\/grindsmart-530xw\/","name":"GrindSmart\u00ae 530XW - Rollomatic","isPartOf":{"@id":"https:\/\/www.rollomatic.ch\/it\/#website"},"primaryImageOfPage":{"@id":"https:\/\/www.rollomatic.ch\/it\/prodotto\/grindsmart-530xw\/#primaryimage"},"image":{"@id":"https:\/\/www.rollomatic.ch\/it\/prodotto\/grindsmart-530xw\/#primaryimage"},"thumbnailUrl":"https:\/\/www.rollomatic.ch\/wp-content\/uploads\/530XW-SHINY_1.webp","datePublished":"2020-11-25T15:02:22+00:00","dateModified":"2025-05-13T12:01:03+00:00","description":"Mola per utensili di precisione a 5 assi per la produzione di utensili da taglio standard e ad alte prestazioni da \u00d8 0.5 \u2013 20.0 mm (.02\" \u2013 3\/4\").","breadcrumb":{"@id":"https:\/\/www.rollomatic.ch\/it\/prodotto\/grindsmart-530xw\/#breadcrumb"},"inLanguage":"it-IT","potentialAction":[{"@type":"ReadAction","target":["https:\/\/www.rollomatic.ch\/it\/prodotto\/grindsmart-530xw\/"]}]},{"@type":"ImageObject","inLanguage":"it-IT","@id":"https:\/\/www.rollomatic.ch\/it\/prodotto\/grindsmart-530xw\/#primaryimage","url":"https:\/\/www.rollomatic.ch\/wp-content\/uploads\/530XW-SHINY_1.webp","contentUrl":"https:\/\/www.rollomatic.ch\/wp-content\/uploads\/530XW-SHINY_1.webp","width":2560,"height":1440},{"@type":"BreadcrumbList","@id":"https:\/\/www.rollomatic.ch\/it\/prodotto\/grindsmart-530xw\/#breadcrumb","itemListElement":[{"@type":"ListItem","position":1,"name":"Home","item":"https:\/\/www.rollomatic.ch\/it\/"},{"@type":"ListItem","position":2,"name":"Catalogo","item":"https:\/\/www.rollomatic.ch\/it\/catalogo\/"},{"@type":"ListItem","position":3,"name":"GrindSmart\u00ae 530XW"}]},{"@type":"WebSite","@id":"https:\/\/www.rollomatic.ch\/it\/#website","url":"https:\/\/www.rollomatic.ch\/it\/","name":"Rollomatic","description":"","publisher":{"@id":"https:\/\/www.rollomatic.ch\/it\/#organization"},"potentialAction":[{"@type":"SearchAction","target":{"@type":"EntryPoint","urlTemplate":"https:\/\/www.rollomatic.ch\/it\/?s={search_term_string}"},"query-input":{"@type":"PropertyValueSpecification","valueRequired":true,"valueName":"search_term_string"}}],"inLanguage":"it-IT"},{"@type":"Organization","@id":"https:\/\/www.rollomatic.ch\/it\/#organization","name":"Rollomatic S.A.","url":"https:\/\/www.rollomatic.ch\/it\/","logo":{"@type":"ImageObject","inLanguage":"it-IT","@id":"https:\/\/www.rollomatic.ch\/it\/#\/schema\/logo\/image\/","url":"https:\/\/www.rollomatic.ch\/wp-content\/uploads\/logomark_300.png","contentUrl":"https:\/\/www.rollomatic.ch\/wp-content\/uploads\/logomark_300.png","width":300,"height":169,"caption":"Rollomatic S.A."},"image":{"@id":"https:\/\/www.rollomatic.ch\/it\/#\/schema\/logo\/image\/"},"sameAs":["https:\/\/www.facebook.com\/rollomatic\/","https:\/\/x.com\/rollomatics","https:\/\/www.linkedin.com\/company\/rollomatic-sa\/"]}]}},"_links":{"self":[{"href":"https:\/\/www.rollomatic.ch\/it\/wp-json\/wp\/v2\/product\/32064","targetHints":{"allow":["GET"]}}],"collection":[{"href":"https:\/\/www.rollomatic.ch\/it\/wp-json\/wp\/v2\/product"}],"about":[{"href":"https:\/\/www.rollomatic.ch\/it\/wp-json\/wp\/v2\/types\/product"}],"wp:featuredmedia":[{"embeddable":true,"href":"https:\/\/www.rollomatic.ch\/it\/wp-json\/wp\/v2\/media\/9182"}],"wp:attachment":[{"href":"https:\/\/www.rollomatic.ch\/it\/wp-json\/wp\/v2\/media?parent=32064"}],"wp:term":[{"taxonomy":"industry","embeddable":true,"href":"https:\/\/www.rollomatic.ch\/it\/wp-json\/wp\/v2\/industry?post=32064"},{"taxonomy":"tool-material","embeddable":true,"href":"https:\/\/www.rollomatic.ch\/it\/wp-json\/wp\/v2\/tool-material?post=32064"},{"taxonomy":"tool-range","embeddable":true,"href":"https:\/\/www.rollomatic.ch\/it\/wp-json\/wp\/v2\/tool-range?post=32064"},{"taxonomy":"tool-type","embeddable":true,"href":"https:\/\/www.rollomatic.ch\/it\/wp-json\/wp\/v2\/tool-type?post=32064"},{"taxonomy":"product_brand","embeddable":true,"href":"https:\/\/www.rollomatic.ch\/it\/wp-json\/wp\/v2\/product_brand?post=32064"},{"taxonomy":"product_cat","embeddable":true,"href":"https:\/\/www.rollomatic.ch\/it\/wp-json\/wp\/v2\/product_cat?post=32064"},{"taxonomy":"product_tag","embeddable":true,"href":"https:\/\/www.rollomatic.ch\/it\/wp-json\/wp\/v2\/product_tag?post=32064"}],"curies":[{"name":"wp","href":"https:\/\/api.w.org\/{rel}","templated":true}]}}