{"id":32081,"date":"2020-11-10T15:16:45","date_gmt":"2020-11-10T15:16:45","guid":{"rendered":"https:\/\/www.rollomatic.ch\/product\/grindsmart-530xs\/"},"modified":"2025-05-13T12:01:07","modified_gmt":"2025-05-13T12:01:07","slug":"grindsmart-530xs","status":"publish","type":"product","link":"https:\/\/www.rollomatic.ch\/it\/prodotto\/grindsmart-530xs\/","title":{"rendered":"GrindSmart\u00ae 530XS"},"content":{"rendered":"<p>La smerigliatrice per utensili di precisione a 5 assi GrindSmart\u00ae530XS \u00e8 stata progettata per la produzione di utensili da taglio rotanti ad alte prestazioni in batch lunghi e corti, coprendo un&#8217;ampia gamma di diametri da \u00d8 0,1 \u2013 16,0 mm (.004&#8243;\u2013 .63&#8243;) e \u00d8 25,0 mm (1&#8243;) per le frese rotative. Questa macchina \u00e8 dotata di motori lineari, combinati con il motore di coppia sull&#8217;asse rotante, offre pi\u00f9 vantaggi come una migliorata finitura della superficie e ridotti costi di manutenzione. L&#8217;olio usato per raffreddare e lubrificare i motori lineari \u00e8 lo stesso dell&#8217;olio lubro-refrigerante. Questo assicura una stabilit\u00e0 termica costante durante l&#8217;installazione e la produzione senza comportare un ulteriore consumo di energia.<\/p>\n","protected":false},"excerpt":{"rendered":"<p>La smerigliatrice per utensili di precisione a 5 assi GrindSmart\u00ae530XS \u00e8 stata progettata per la produzione di utensili da taglio rotanti ad alte prestazioni in batch lunghi e corti, coprendo [&#8230;]\n","protected":false},"featured_media":9178,"template":"","meta":{"_acf_changed":false},"industry":[],"tool-material":[],"tool-range":[390],"tool-type":[380,381,382],"product_brand":[],"product_cat":[519,564,565],"product_tag":[566],"class_list":{"0":"post-32081","1":"product","2":"type-product","3":"status-publish","4":"has-post-thumbnail","6":"tool-range-1-20mm","7":"tool-type-burs","8":"tool-type-drills","9":"tool-type-end-mill","10":"product_cat-grindsmart-it","11":"product_cat-rotary-cutting-tools-it","12":"product_cat-cutting-tool-grinding-it","13":"product_tag-cutting-tool-grinding-it","15":"first","16":"instock","17":"shipping-taxable","18":"product-type-simple"},"acf":[],"yoast_head":"<!-- This site is optimized with the Yoast SEO plugin v27.0 - https:\/\/yoast.com\/product\/yoast-seo-wordpress\/ -->\n<title>GrindSmart\u00ae 530XS - Rollomatic<\/title>\n<meta name=\"description\" content=\"Smerigliatrice per utensili di precisione a 5 assi per la produzione di utensili da taglio standard e ad alte prestazioni di diametro \u00d8 0,5 \u2013 16,0 mm (.02&quot; \u2013 .063&quot;) e frese rotative per diametri fino a 25 mm (1&quot;)\" \/>\n<meta name=\"robots\" content=\"index, follow, max-snippet:-1, max-image-preview:large, max-video-preview:-1\" \/>\n<link rel=\"canonical\" href=\"https:\/\/www.rollomatic.ch\/it\/prodotto\/grindsmart-530xs\/\" \/>\n<meta property=\"og:locale\" content=\"it_IT\" \/>\n<meta property=\"og:type\" content=\"article\" \/>\n<meta property=\"og:title\" content=\"GrindSmart\u00ae 530XS - Rollomatic\" \/>\n<meta property=\"og:description\" content=\"Smerigliatrice per utensili di precisione a 5 assi per la produzione di utensili da taglio standard e ad alte prestazioni di diametro \u00d8 0,5 \u2013 16,0 mm (.02&quot; \u2013 .063&quot;) e frese rotative per diametri fino a 25 mm (1&quot;)\" \/>\n<meta property=\"og:url\" content=\"https:\/\/www.rollomatic.ch\/it\/prodotto\/grindsmart-530xs\/\" \/>\n<meta property=\"og:site_name\" content=\"Rollomatic\" \/>\n<meta property=\"article:publisher\" content=\"https:\/\/www.facebook.com\/rollomatic\/\" \/>\n<meta property=\"article:modified_time\" content=\"2025-05-13T12:01:07+00:00\" \/>\n<meta property=\"og:image\" content=\"https:\/\/www.rollomatic.ch\/wp-content\/uploads\/530XS-SHINY_1-1.webp\" \/>\n\t<meta property=\"og:image:width\" content=\"2560\" \/>\n\t<meta property=\"og:image:height\" content=\"1440\" \/>\n\t<meta property=\"og:image:type\" content=\"image\/webp\" \/>\n<meta name=\"twitter:card\" content=\"summary_large_image\" \/>\n<meta name=\"twitter:site\" content=\"@rollomatics\" \/>\n<meta name=\"twitter:label1\" content=\"Tempo di lettura stimato\" \/>\n\t<meta name=\"twitter:data1\" content=\"1 minuto\" \/>\n<script type=\"application\/ld+json\" class=\"yoast-schema-graph\">{\"@context\":\"https:\/\/schema.org\",\"@graph\":[{\"@type\":\"WebPage\",\"@id\":\"https:\/\/www.rollomatic.ch\/it\/prodotto\/grindsmart-530xs\/\",\"url\":\"https:\/\/www.rollomatic.ch\/it\/prodotto\/grindsmart-530xs\/\",\"name\":\"GrindSmart\u00ae 530XS - Rollomatic\",\"isPartOf\":{\"@id\":\"https:\/\/www.rollomatic.ch\/it\/#website\"},\"primaryImageOfPage\":{\"@id\":\"https:\/\/www.rollomatic.ch\/it\/prodotto\/grindsmart-530xs\/#primaryimage\"},\"image\":{\"@id\":\"https:\/\/www.rollomatic.ch\/it\/prodotto\/grindsmart-530xs\/#primaryimage\"},\"thumbnailUrl\":\"https:\/\/www.rollomatic.ch\/wp-content\/uploads\/530XS-SHINY_1-1.webp\",\"datePublished\":\"2020-11-10T15:16:45+00:00\",\"dateModified\":\"2025-05-13T12:01:07+00:00\",\"description\":\"Smerigliatrice per utensili di precisione a 5 assi per la produzione di utensili da taglio standard e ad alte prestazioni di diametro \u00d8 0,5 \u2013 16,0 mm (.02\\\" \u2013 .063\\\") e frese rotative per diametri fino a 25 mm (1\\\")\",\"breadcrumb\":{\"@id\":\"https:\/\/www.rollomatic.ch\/it\/prodotto\/grindsmart-530xs\/#breadcrumb\"},\"inLanguage\":\"it-IT\",\"potentialAction\":[{\"@type\":\"ReadAction\",\"target\":[\"https:\/\/www.rollomatic.ch\/it\/prodotto\/grindsmart-530xs\/\"]}]},{\"@type\":\"ImageObject\",\"inLanguage\":\"it-IT\",\"@id\":\"https:\/\/www.rollomatic.ch\/it\/prodotto\/grindsmart-530xs\/#primaryimage\",\"url\":\"https:\/\/www.rollomatic.ch\/wp-content\/uploads\/530XS-SHINY_1-1.webp\",\"contentUrl\":\"https:\/\/www.rollomatic.ch\/wp-content\/uploads\/530XS-SHINY_1-1.webp\",\"width\":2560,\"height\":1440},{\"@type\":\"BreadcrumbList\",\"@id\":\"https:\/\/www.rollomatic.ch\/it\/prodotto\/grindsmart-530xs\/#breadcrumb\",\"itemListElement\":[{\"@type\":\"ListItem\",\"position\":1,\"name\":\"Home\",\"item\":\"https:\/\/www.rollomatic.ch\/it\/\"},{\"@type\":\"ListItem\",\"position\":2,\"name\":\"Catalogo\",\"item\":\"https:\/\/www.rollomatic.ch\/it\/catalogo\/\"},{\"@type\":\"ListItem\",\"position\":3,\"name\":\"GrindSmart\u00ae 530XS\"}]},{\"@type\":\"WebSite\",\"@id\":\"https:\/\/www.rollomatic.ch\/it\/#website\",\"url\":\"https:\/\/www.rollomatic.ch\/it\/\",\"name\":\"Rollomatic\",\"description\":\"\",\"publisher\":{\"@id\":\"https:\/\/www.rollomatic.ch\/it\/#organization\"},\"potentialAction\":[{\"@type\":\"SearchAction\",\"target\":{\"@type\":\"EntryPoint\",\"urlTemplate\":\"https:\/\/www.rollomatic.ch\/it\/?s={search_term_string}\"},\"query-input\":{\"@type\":\"PropertyValueSpecification\",\"valueRequired\":true,\"valueName\":\"search_term_string\"}}],\"inLanguage\":\"it-IT\"},{\"@type\":\"Organization\",\"@id\":\"https:\/\/www.rollomatic.ch\/it\/#organization\",\"name\":\"Rollomatic S.A.\",\"url\":\"https:\/\/www.rollomatic.ch\/it\/\",\"logo\":{\"@type\":\"ImageObject\",\"inLanguage\":\"it-IT\",\"@id\":\"https:\/\/www.rollomatic.ch\/it\/#\/schema\/logo\/image\/\",\"url\":\"https:\/\/www.rollomatic.ch\/wp-content\/uploads\/logomark_300.png\",\"contentUrl\":\"https:\/\/www.rollomatic.ch\/wp-content\/uploads\/logomark_300.png\",\"width\":300,\"height\":169,\"caption\":\"Rollomatic S.A.\"},\"image\":{\"@id\":\"https:\/\/www.rollomatic.ch\/it\/#\/schema\/logo\/image\/\"},\"sameAs\":[\"https:\/\/www.facebook.com\/rollomatic\/\",\"https:\/\/x.com\/rollomatics\",\"https:\/\/www.linkedin.com\/company\/rollomatic-sa\/\"]}]}<\/script>\n<!-- \/ Yoast SEO plugin. -->","yoast_head_json":{"title":"GrindSmart\u00ae 530XS - Rollomatic","description":"Smerigliatrice per utensili di precisione a 5 assi per la produzione di utensili da taglio standard e ad alte prestazioni di diametro \u00d8 0,5 \u2013 16,0 mm (.02\" \u2013 .063\") e frese rotative per diametri fino a 25 mm (1\")","robots":{"index":"index","follow":"follow","max-snippet":"max-snippet:-1","max-image-preview":"max-image-preview:large","max-video-preview":"max-video-preview:-1"},"canonical":"https:\/\/www.rollomatic.ch\/it\/prodotto\/grindsmart-530xs\/","og_locale":"it_IT","og_type":"article","og_title":"GrindSmart\u00ae 530XS - Rollomatic","og_description":"Smerigliatrice per utensili di precisione a 5 assi per la produzione di utensili da taglio standard e ad alte prestazioni di diametro \u00d8 0,5 \u2013 16,0 mm (.02\" \u2013 .063\") e frese rotative per diametri fino a 25 mm (1\")","og_url":"https:\/\/www.rollomatic.ch\/it\/prodotto\/grindsmart-530xs\/","og_site_name":"Rollomatic","article_publisher":"https:\/\/www.facebook.com\/rollomatic\/","article_modified_time":"2025-05-13T12:01:07+00:00","og_image":[{"width":2560,"height":1440,"url":"https:\/\/www.rollomatic.ch\/wp-content\/uploads\/530XS-SHINY_1-1.webp","type":"image\/webp"}],"twitter_card":"summary_large_image","twitter_site":"@rollomatics","twitter_misc":{"Tempo di lettura stimato":"1 minuto"},"schema":{"@context":"https:\/\/schema.org","@graph":[{"@type":"WebPage","@id":"https:\/\/www.rollomatic.ch\/it\/prodotto\/grindsmart-530xs\/","url":"https:\/\/www.rollomatic.ch\/it\/prodotto\/grindsmart-530xs\/","name":"GrindSmart\u00ae 530XS - Rollomatic","isPartOf":{"@id":"https:\/\/www.rollomatic.ch\/it\/#website"},"primaryImageOfPage":{"@id":"https:\/\/www.rollomatic.ch\/it\/prodotto\/grindsmart-530xs\/#primaryimage"},"image":{"@id":"https:\/\/www.rollomatic.ch\/it\/prodotto\/grindsmart-530xs\/#primaryimage"},"thumbnailUrl":"https:\/\/www.rollomatic.ch\/wp-content\/uploads\/530XS-SHINY_1-1.webp","datePublished":"2020-11-10T15:16:45+00:00","dateModified":"2025-05-13T12:01:07+00:00","description":"Smerigliatrice per utensili di precisione a 5 assi per la produzione di utensili da taglio standard e ad alte prestazioni di diametro \u00d8 0,5 \u2013 16,0 mm (.02\" \u2013 .063\") e frese rotative per diametri fino a 25 mm (1\")","breadcrumb":{"@id":"https:\/\/www.rollomatic.ch\/it\/prodotto\/grindsmart-530xs\/#breadcrumb"},"inLanguage":"it-IT","potentialAction":[{"@type":"ReadAction","target":["https:\/\/www.rollomatic.ch\/it\/prodotto\/grindsmart-530xs\/"]}]},{"@type":"ImageObject","inLanguage":"it-IT","@id":"https:\/\/www.rollomatic.ch\/it\/prodotto\/grindsmart-530xs\/#primaryimage","url":"https:\/\/www.rollomatic.ch\/wp-content\/uploads\/530XS-SHINY_1-1.webp","contentUrl":"https:\/\/www.rollomatic.ch\/wp-content\/uploads\/530XS-SHINY_1-1.webp","width":2560,"height":1440},{"@type":"BreadcrumbList","@id":"https:\/\/www.rollomatic.ch\/it\/prodotto\/grindsmart-530xs\/#breadcrumb","itemListElement":[{"@type":"ListItem","position":1,"name":"Home","item":"https:\/\/www.rollomatic.ch\/it\/"},{"@type":"ListItem","position":2,"name":"Catalogo","item":"https:\/\/www.rollomatic.ch\/it\/catalogo\/"},{"@type":"ListItem","position":3,"name":"GrindSmart\u00ae 530XS"}]},{"@type":"WebSite","@id":"https:\/\/www.rollomatic.ch\/it\/#website","url":"https:\/\/www.rollomatic.ch\/it\/","name":"Rollomatic","description":"","publisher":{"@id":"https:\/\/www.rollomatic.ch\/it\/#organization"},"potentialAction":[{"@type":"SearchAction","target":{"@type":"EntryPoint","urlTemplate":"https:\/\/www.rollomatic.ch\/it\/?s={search_term_string}"},"query-input":{"@type":"PropertyValueSpecification","valueRequired":true,"valueName":"search_term_string"}}],"inLanguage":"it-IT"},{"@type":"Organization","@id":"https:\/\/www.rollomatic.ch\/it\/#organization","name":"Rollomatic S.A.","url":"https:\/\/www.rollomatic.ch\/it\/","logo":{"@type":"ImageObject","inLanguage":"it-IT","@id":"https:\/\/www.rollomatic.ch\/it\/#\/schema\/logo\/image\/","url":"https:\/\/www.rollomatic.ch\/wp-content\/uploads\/logomark_300.png","contentUrl":"https:\/\/www.rollomatic.ch\/wp-content\/uploads\/logomark_300.png","width":300,"height":169,"caption":"Rollomatic S.A."},"image":{"@id":"https:\/\/www.rollomatic.ch\/it\/#\/schema\/logo\/image\/"},"sameAs":["https:\/\/www.facebook.com\/rollomatic\/","https:\/\/x.com\/rollomatics","https:\/\/www.linkedin.com\/company\/rollomatic-sa\/"]}]}},"_links":{"self":[{"href":"https:\/\/www.rollomatic.ch\/it\/wp-json\/wp\/v2\/product\/32081","targetHints":{"allow":["GET"]}}],"collection":[{"href":"https:\/\/www.rollomatic.ch\/it\/wp-json\/wp\/v2\/product"}],"about":[{"href":"https:\/\/www.rollomatic.ch\/it\/wp-json\/wp\/v2\/types\/product"}],"wp:featuredmedia":[{"embeddable":true,"href":"https:\/\/www.rollomatic.ch\/it\/wp-json\/wp\/v2\/media\/9178"}],"wp:attachment":[{"href":"https:\/\/www.rollomatic.ch\/it\/wp-json\/wp\/v2\/media?parent=32081"}],"wp:term":[{"taxonomy":"industry","embeddable":true,"href":"https:\/\/www.rollomatic.ch\/it\/wp-json\/wp\/v2\/industry?post=32081"},{"taxonomy":"tool-material","embeddable":true,"href":"https:\/\/www.rollomatic.ch\/it\/wp-json\/wp\/v2\/tool-material?post=32081"},{"taxonomy":"tool-range","embeddable":true,"href":"https:\/\/www.rollomatic.ch\/it\/wp-json\/wp\/v2\/tool-range?post=32081"},{"taxonomy":"tool-type","embeddable":true,"href":"https:\/\/www.rollomatic.ch\/it\/wp-json\/wp\/v2\/tool-type?post=32081"},{"taxonomy":"product_brand","embeddable":true,"href":"https:\/\/www.rollomatic.ch\/it\/wp-json\/wp\/v2\/product_brand?post=32081"},{"taxonomy":"product_cat","embeddable":true,"href":"https:\/\/www.rollomatic.ch\/it\/wp-json\/wp\/v2\/product_cat?post=32081"},{"taxonomy":"product_tag","embeddable":true,"href":"https:\/\/www.rollomatic.ch\/it\/wp-json\/wp\/v2\/product_tag?post=32081"}],"curies":[{"name":"wp","href":"https:\/\/api.w.org\/{rel}","templated":true}]}}