{"id":32084,"date":"2020-11-05T15:32:50","date_gmt":"2020-11-05T15:32:50","guid":{"rendered":"https:\/\/www.rollomatic.ch\/product\/grindsmart-530xf\/"},"modified":"2025-05-13T12:01:12","modified_gmt":"2025-05-13T12:01:12","slug":"grindsmart-530xf","status":"publish","type":"product","link":"https:\/\/www.rollomatic.ch\/it\/prodotto\/grindsmart-530xf\/","title":{"rendered":"GrindSmart\u00ae 530XF"},"content":{"rendered":"<p>Dotata di motori lineari, la nuova generazione di GrindSmart\u00ae530XF \u00e8 stata progettata per la produzione di punte ultra-lunghe che variano da \u00d8 0,3 mm fino a 8,0 mm (.012&#8243; &#8211; 0,3&#8243;) con la capacit\u00e0 di raggiungere rapporti tra diametro e lunghezza superiori a 200xD. Una caratteristica speciale di questo modello \u00e8 l&#8217;asse del mandrino motorizzato che si combina con gli assi X e Z per la rettifica delle scanalature lunghe e la rettifica del rilievo. Il controllo della macchina assicura che la mola rimanga sopra i supporti stabili durante la rettifica delle scanalature e del rilascio, consentendo cos\u00ec lunghezze di taglio estreme fino a 280 mm (11&#8243;) e utensili di piccolo diametro da rettificare.<\/p>\n","protected":false},"excerpt":{"rendered":"<p>Dotata di motori lineari, la nuova generazione di GrindSmart\u00ae530XF \u00e8 stata progettata per la produzione di punte ultra-lunghe che variano da \u00d8 0,3 mm fino a 8,0 mm (.012&#8243; &#8211; [&#8230;]\n","protected":false},"featured_media":9174,"template":"","meta":{"_acf_changed":false},"industry":[],"tool-material":[],"tool-range":[390],"tool-type":[381,382],"product_brand":[],"product_cat":[519,564,565],"product_tag":[566],"class_list":{"0":"post-32084","1":"product","2":"type-product","3":"status-publish","4":"has-post-thumbnail","6":"tool-range-1-20mm","7":"tool-type-drills","8":"tool-type-end-mill","9":"product_cat-grindsmart-it","10":"product_cat-rotary-cutting-tools-it","11":"product_cat-cutting-tool-grinding-it","12":"product_tag-cutting-tool-grinding-it","14":"first","15":"instock","16":"shipping-taxable","17":"product-type-simple"},"acf":[],"yoast_head":"<!-- This site is optimized with the Yoast SEO plugin v27.0 - https:\/\/yoast.com\/product\/yoast-seo-wordpress\/ -->\n<title>GrindSmart\u00ae 530XF - Rollomatic<\/title>\n<meta name=\"description\" content=\"Rettificatrice a 6 assi ad alta precisione progettata per la produzione di punte ultra-lunghe da \u00d8 0,3 fino a 8,0 mm (.012\u201d\u2013 .32\u201d) con rapporti tra diametro e lunghezza superiori a 200xD.\" \/>\n<meta name=\"robots\" content=\"index, follow, max-snippet:-1, max-image-preview:large, max-video-preview:-1\" \/>\n<link rel=\"canonical\" href=\"https:\/\/www.rollomatic.ch\/it\/prodotto\/grindsmart-530xf\/\" \/>\n<meta property=\"og:locale\" content=\"it_IT\" \/>\n<meta property=\"og:type\" content=\"article\" \/>\n<meta property=\"og:title\" content=\"GrindSmart\u00ae 530XF - Rollomatic\" \/>\n<meta property=\"og:description\" content=\"Rettificatrice a 6 assi ad alta precisione progettata per la produzione di punte ultra-lunghe da \u00d8 0,3 fino a 8,0 mm (.012\u201d\u2013 .32\u201d) con rapporti tra diametro e lunghezza superiori a 200xD.\" \/>\n<meta property=\"og:url\" content=\"https:\/\/www.rollomatic.ch\/it\/prodotto\/grindsmart-530xf\/\" \/>\n<meta property=\"og:site_name\" content=\"Rollomatic\" \/>\n<meta property=\"article:publisher\" content=\"https:\/\/www.facebook.com\/rollomatic\/\" \/>\n<meta property=\"article:modified_time\" content=\"2025-05-13T12:01:12+00:00\" \/>\n<meta property=\"og:image\" content=\"https:\/\/www.rollomatic.ch\/wp-content\/uploads\/530XF-SHINY_1-2.webp\" \/>\n\t<meta property=\"og:image:width\" content=\"1920\" \/>\n\t<meta property=\"og:image:height\" content=\"1080\" \/>\n\t<meta property=\"og:image:type\" content=\"image\/webp\" \/>\n<meta name=\"twitter:card\" content=\"summary_large_image\" \/>\n<meta name=\"twitter:site\" content=\"@rollomatics\" \/>\n<meta name=\"twitter:label1\" content=\"Tempo di lettura stimato\" \/>\n\t<meta name=\"twitter:data1\" content=\"1 minuto\" \/>\n<script type=\"application\/ld+json\" class=\"yoast-schema-graph\">{\"@context\":\"https:\/\/schema.org\",\"@graph\":[{\"@type\":\"WebPage\",\"@id\":\"https:\/\/www.rollomatic.ch\/it\/prodotto\/grindsmart-530xf\/\",\"url\":\"https:\/\/www.rollomatic.ch\/it\/prodotto\/grindsmart-530xf\/\",\"name\":\"GrindSmart\u00ae 530XF - Rollomatic\",\"isPartOf\":{\"@id\":\"https:\/\/www.rollomatic.ch\/it\/#website\"},\"primaryImageOfPage\":{\"@id\":\"https:\/\/www.rollomatic.ch\/it\/prodotto\/grindsmart-530xf\/#primaryimage\"},\"image\":{\"@id\":\"https:\/\/www.rollomatic.ch\/it\/prodotto\/grindsmart-530xf\/#primaryimage\"},\"thumbnailUrl\":\"https:\/\/www.rollomatic.ch\/wp-content\/uploads\/530XF-SHINY_1-2.webp\",\"datePublished\":\"2020-11-05T15:32:50+00:00\",\"dateModified\":\"2025-05-13T12:01:12+00:00\",\"description\":\"Rettificatrice a 6 assi ad alta precisione progettata per la produzione di punte ultra-lunghe da \u00d8 0,3 fino a 8,0 mm (.012\u201d\u2013 .32\u201d) con rapporti tra diametro e lunghezza superiori a 200xD.\",\"breadcrumb\":{\"@id\":\"https:\/\/www.rollomatic.ch\/it\/prodotto\/grindsmart-530xf\/#breadcrumb\"},\"inLanguage\":\"it-IT\",\"potentialAction\":[{\"@type\":\"ReadAction\",\"target\":[\"https:\/\/www.rollomatic.ch\/it\/prodotto\/grindsmart-530xf\/\"]}]},{\"@type\":\"ImageObject\",\"inLanguage\":\"it-IT\",\"@id\":\"https:\/\/www.rollomatic.ch\/it\/prodotto\/grindsmart-530xf\/#primaryimage\",\"url\":\"https:\/\/www.rollomatic.ch\/wp-content\/uploads\/530XF-SHINY_1-2.webp\",\"contentUrl\":\"https:\/\/www.rollomatic.ch\/wp-content\/uploads\/530XF-SHINY_1-2.webp\",\"width\":1920,\"height\":1080},{\"@type\":\"BreadcrumbList\",\"@id\":\"https:\/\/www.rollomatic.ch\/it\/prodotto\/grindsmart-530xf\/#breadcrumb\",\"itemListElement\":[{\"@type\":\"ListItem\",\"position\":1,\"name\":\"Home\",\"item\":\"https:\/\/www.rollomatic.ch\/it\/\"},{\"@type\":\"ListItem\",\"position\":2,\"name\":\"Catalogo\",\"item\":\"https:\/\/www.rollomatic.ch\/it\/catalogo\/\"},{\"@type\":\"ListItem\",\"position\":3,\"name\":\"GrindSmart\u00ae 530XF\"}]},{\"@type\":\"WebSite\",\"@id\":\"https:\/\/www.rollomatic.ch\/it\/#website\",\"url\":\"https:\/\/www.rollomatic.ch\/it\/\",\"name\":\"Rollomatic\",\"description\":\"\",\"publisher\":{\"@id\":\"https:\/\/www.rollomatic.ch\/it\/#organization\"},\"potentialAction\":[{\"@type\":\"SearchAction\",\"target\":{\"@type\":\"EntryPoint\",\"urlTemplate\":\"https:\/\/www.rollomatic.ch\/it\/?s={search_term_string}\"},\"query-input\":{\"@type\":\"PropertyValueSpecification\",\"valueRequired\":true,\"valueName\":\"search_term_string\"}}],\"inLanguage\":\"it-IT\"},{\"@type\":\"Organization\",\"@id\":\"https:\/\/www.rollomatic.ch\/it\/#organization\",\"name\":\"Rollomatic S.A.\",\"url\":\"https:\/\/www.rollomatic.ch\/it\/\",\"logo\":{\"@type\":\"ImageObject\",\"inLanguage\":\"it-IT\",\"@id\":\"https:\/\/www.rollomatic.ch\/it\/#\/schema\/logo\/image\/\",\"url\":\"https:\/\/www.rollomatic.ch\/wp-content\/uploads\/logomark_300.png\",\"contentUrl\":\"https:\/\/www.rollomatic.ch\/wp-content\/uploads\/logomark_300.png\",\"width\":300,\"height\":169,\"caption\":\"Rollomatic S.A.\"},\"image\":{\"@id\":\"https:\/\/www.rollomatic.ch\/it\/#\/schema\/logo\/image\/\"},\"sameAs\":[\"https:\/\/www.facebook.com\/rollomatic\/\",\"https:\/\/x.com\/rollomatics\",\"https:\/\/www.linkedin.com\/company\/rollomatic-sa\/\"]}]}<\/script>\n<!-- \/ Yoast SEO plugin. -->","yoast_head_json":{"title":"GrindSmart\u00ae 530XF - Rollomatic","description":"Rettificatrice a 6 assi ad alta precisione progettata per la produzione di punte ultra-lunghe da \u00d8 0,3 fino a 8,0 mm (.012\u201d\u2013 .32\u201d) con rapporti tra diametro e lunghezza superiori a 200xD.","robots":{"index":"index","follow":"follow","max-snippet":"max-snippet:-1","max-image-preview":"max-image-preview:large","max-video-preview":"max-video-preview:-1"},"canonical":"https:\/\/www.rollomatic.ch\/it\/prodotto\/grindsmart-530xf\/","og_locale":"it_IT","og_type":"article","og_title":"GrindSmart\u00ae 530XF - Rollomatic","og_description":"Rettificatrice a 6 assi ad alta precisione progettata per la produzione di punte ultra-lunghe da \u00d8 0,3 fino a 8,0 mm (.012\u201d\u2013 .32\u201d) con rapporti tra diametro e lunghezza superiori a 200xD.","og_url":"https:\/\/www.rollomatic.ch\/it\/prodotto\/grindsmart-530xf\/","og_site_name":"Rollomatic","article_publisher":"https:\/\/www.facebook.com\/rollomatic\/","article_modified_time":"2025-05-13T12:01:12+00:00","og_image":[{"width":1920,"height":1080,"url":"https:\/\/www.rollomatic.ch\/wp-content\/uploads\/530XF-SHINY_1-2.webp","type":"image\/webp"}],"twitter_card":"summary_large_image","twitter_site":"@rollomatics","twitter_misc":{"Tempo di lettura stimato":"1 minuto"},"schema":{"@context":"https:\/\/schema.org","@graph":[{"@type":"WebPage","@id":"https:\/\/www.rollomatic.ch\/it\/prodotto\/grindsmart-530xf\/","url":"https:\/\/www.rollomatic.ch\/it\/prodotto\/grindsmart-530xf\/","name":"GrindSmart\u00ae 530XF - Rollomatic","isPartOf":{"@id":"https:\/\/www.rollomatic.ch\/it\/#website"},"primaryImageOfPage":{"@id":"https:\/\/www.rollomatic.ch\/it\/prodotto\/grindsmart-530xf\/#primaryimage"},"image":{"@id":"https:\/\/www.rollomatic.ch\/it\/prodotto\/grindsmart-530xf\/#primaryimage"},"thumbnailUrl":"https:\/\/www.rollomatic.ch\/wp-content\/uploads\/530XF-SHINY_1-2.webp","datePublished":"2020-11-05T15:32:50+00:00","dateModified":"2025-05-13T12:01:12+00:00","description":"Rettificatrice a 6 assi ad alta precisione progettata per la produzione di punte ultra-lunghe da \u00d8 0,3 fino a 8,0 mm (.012\u201d\u2013 .32\u201d) con rapporti tra diametro e lunghezza superiori a 200xD.","breadcrumb":{"@id":"https:\/\/www.rollomatic.ch\/it\/prodotto\/grindsmart-530xf\/#breadcrumb"},"inLanguage":"it-IT","potentialAction":[{"@type":"ReadAction","target":["https:\/\/www.rollomatic.ch\/it\/prodotto\/grindsmart-530xf\/"]}]},{"@type":"ImageObject","inLanguage":"it-IT","@id":"https:\/\/www.rollomatic.ch\/it\/prodotto\/grindsmart-530xf\/#primaryimage","url":"https:\/\/www.rollomatic.ch\/wp-content\/uploads\/530XF-SHINY_1-2.webp","contentUrl":"https:\/\/www.rollomatic.ch\/wp-content\/uploads\/530XF-SHINY_1-2.webp","width":1920,"height":1080},{"@type":"BreadcrumbList","@id":"https:\/\/www.rollomatic.ch\/it\/prodotto\/grindsmart-530xf\/#breadcrumb","itemListElement":[{"@type":"ListItem","position":1,"name":"Home","item":"https:\/\/www.rollomatic.ch\/it\/"},{"@type":"ListItem","position":2,"name":"Catalogo","item":"https:\/\/www.rollomatic.ch\/it\/catalogo\/"},{"@type":"ListItem","position":3,"name":"GrindSmart\u00ae 530XF"}]},{"@type":"WebSite","@id":"https:\/\/www.rollomatic.ch\/it\/#website","url":"https:\/\/www.rollomatic.ch\/it\/","name":"Rollomatic","description":"","publisher":{"@id":"https:\/\/www.rollomatic.ch\/it\/#organization"},"potentialAction":[{"@type":"SearchAction","target":{"@type":"EntryPoint","urlTemplate":"https:\/\/www.rollomatic.ch\/it\/?s={search_term_string}"},"query-input":{"@type":"PropertyValueSpecification","valueRequired":true,"valueName":"search_term_string"}}],"inLanguage":"it-IT"},{"@type":"Organization","@id":"https:\/\/www.rollomatic.ch\/it\/#organization","name":"Rollomatic S.A.","url":"https:\/\/www.rollomatic.ch\/it\/","logo":{"@type":"ImageObject","inLanguage":"it-IT","@id":"https:\/\/www.rollomatic.ch\/it\/#\/schema\/logo\/image\/","url":"https:\/\/www.rollomatic.ch\/wp-content\/uploads\/logomark_300.png","contentUrl":"https:\/\/www.rollomatic.ch\/wp-content\/uploads\/logomark_300.png","width":300,"height":169,"caption":"Rollomatic S.A."},"image":{"@id":"https:\/\/www.rollomatic.ch\/it\/#\/schema\/logo\/image\/"},"sameAs":["https:\/\/www.facebook.com\/rollomatic\/","https:\/\/x.com\/rollomatics","https:\/\/www.linkedin.com\/company\/rollomatic-sa\/"]}]}},"_links":{"self":[{"href":"https:\/\/www.rollomatic.ch\/it\/wp-json\/wp\/v2\/product\/32084","targetHints":{"allow":["GET"]}}],"collection":[{"href":"https:\/\/www.rollomatic.ch\/it\/wp-json\/wp\/v2\/product"}],"about":[{"href":"https:\/\/www.rollomatic.ch\/it\/wp-json\/wp\/v2\/types\/product"}],"wp:featuredmedia":[{"embeddable":true,"href":"https:\/\/www.rollomatic.ch\/it\/wp-json\/wp\/v2\/media\/9174"}],"wp:attachment":[{"href":"https:\/\/www.rollomatic.ch\/it\/wp-json\/wp\/v2\/media?parent=32084"}],"wp:term":[{"taxonomy":"industry","embeddable":true,"href":"https:\/\/www.rollomatic.ch\/it\/wp-json\/wp\/v2\/industry?post=32084"},{"taxonomy":"tool-material","embeddable":true,"href":"https:\/\/www.rollomatic.ch\/it\/wp-json\/wp\/v2\/tool-material?post=32084"},{"taxonomy":"tool-range","embeddable":true,"href":"https:\/\/www.rollomatic.ch\/it\/wp-json\/wp\/v2\/tool-range?post=32084"},{"taxonomy":"tool-type","embeddable":true,"href":"https:\/\/www.rollomatic.ch\/it\/wp-json\/wp\/v2\/tool-type?post=32084"},{"taxonomy":"product_brand","embeddable":true,"href":"https:\/\/www.rollomatic.ch\/it\/wp-json\/wp\/v2\/product_brand?post=32084"},{"taxonomy":"product_cat","embeddable":true,"href":"https:\/\/www.rollomatic.ch\/it\/wp-json\/wp\/v2\/product_cat?post=32084"},{"taxonomy":"product_tag","embeddable":true,"href":"https:\/\/www.rollomatic.ch\/it\/wp-json\/wp\/v2\/product_tag?post=32084"}],"curies":[{"name":"wp","href":"https:\/\/api.w.org\/{rel}","templated":true}]}}