{"id":32086,"date":"2020-12-10T19:59:19","date_gmt":"2020-12-10T19:59:19","guid":{"rendered":"https:\/\/www.rollomatic.ch\/product\/grindsmart630xw\/"},"modified":"2025-05-13T12:00:52","modified_gmt":"2025-05-13T12:00:52","slug":"grindsmart630xw","status":"publish","type":"product","link":"https:\/\/www.rollomatic.ch\/it\/prodotto\/grindsmart630xw\/","title":{"rendered":"GrindSmart\u00ae630XW"},"content":{"rendered":"<p>La rettificatrice di precisione a 6 assi GrindSmart\u00ae630XW \u00e8 stata progettata per alte prestazioni e produzione di utensili speciali sia per lotti lunghi che brevi.<\/p>\n<p>\u00c8 dotata di motori lineari, abbinata al motore di coppia sull&#8217;asse rotante, fornisce pi\u00f9 vantaggi come una migliore finitura della superficie e costi di manutenzione ridotti.<\/p>\n<p>L&#8217;olio utilizzato per il raffreddamento e la lubrificazione dei motori lineari \u00e8 lo stesso dell&#8217;olio lubro-refrigerante. Ci\u00f2 garantisce una stabilit\u00e0 termica costante durante la configurazione e la produzione senza incorrere in un ulteriore consumo energetico.<\/p>\n<p>Il concetto del sesto asse di questa macchina \u00e8 unico nell&#8217;industria della rettifica. Offre una maggiore precisione su finiture sferiche delle frese, o sui raggi degli angoli con la possibilit\u00e0 di inclinare le mole e consente una programmazione pi\u00f9 semplice con movimenti a vuoto pi\u00f9 brevi durante le operazioni di rettifica. Questa macchina copre un&#8217;ampia gamma di diametri da \u00d8 0,1 a 20,0 mm (.004&#8243; &#8211; .75&#8243;).<\/p>\n<p>Di serie, questo modello include un caricatore automatico ad alta velocit\u00e0 &#8220;pick &amp; place&#8221; per utensili con una capacit\u00e0 fino a 1.360 utensili insieme a un cambiatore ad alta velocit\u00e0 per la ruota e il beccuccio con 6 posizioni.<\/p>\n","protected":false},"excerpt":{"rendered":"<p>La rettificatrice di precisione a 6 assi GrindSmart\u00ae630XW \u00e8 stata progettata per alte prestazioni e produzione di utensili speciali sia per lotti lunghi che brevi. \u00c8 dotata di motori lineari, [&#8230;]\n","protected":false},"featured_media":9190,"template":"","meta":{"_acf_changed":false},"industry":[609,625,612,622,771,627,607,604,615],"tool-material":[429,430],"tool-range":[390],"tool-type":[424,379,380,381,382,423,383,422],"product_brand":[],"product_cat":[519,522,564,565],"product_tag":[566],"class_list":{"0":"post-32086","1":"product","2":"type-product","3":"status-publish","4":"has-post-thumbnail","6":"industry-aerospace-it","7":"industry-custom-applications-it","8":"industry-automotive-ev-it","9":"industry-woodworking-it","10":"industry-industria-elettronica-3c","11":"industry-electronics-it","12":"industry-dental-it","13":"industry-medical-it","14":"industry-die-mold-it","15":"tool-material-carbide","16":"tool-material-ceramic","17":"tool-range-1-20mm","18":"tool-type-blades","19":"tool-type-boring-bars","20":"tool-type-burs","21":"tool-type-drills","22":"tool-type-end-mill","23":"tool-type-form-tools","24":"tool-type-reamers","25":"tool-type-taps","26":"product_cat-grindsmart-it","27":"product_cat-inserts-and-boring-bars-it","28":"product_cat-rotary-cutting-tools-it","29":"product_cat-cutting-tool-grinding-it","30":"product_tag-cutting-tool-grinding-it","32":"first","33":"instock","34":"shipping-taxable","35":"product-type-simple"},"acf":[],"yoast_head":"<!-- This site is optimized with the Yoast SEO plugin v27.0 - https:\/\/yoast.com\/product\/yoast-seo-wordpress\/ -->\n<title>GrindSmart\u00ae630XW - Rollomatic<\/title>\n<meta name=\"description\" content=\"Macchina rettificatrice per utensili completamente a 6 assi per la rettifica di produzione e la rettifica a breve termine di utensili da taglio rotanti e fissi da 0,1 mm a 20 mm (.004\u201d a \u00be\u201d)\" \/>\n<meta name=\"robots\" content=\"index, follow, max-snippet:-1, max-image-preview:large, max-video-preview:-1\" \/>\n<link rel=\"canonical\" href=\"https:\/\/www.rollomatic.ch\/it\/prodotto\/grindsmart630xw\/\" \/>\n<meta property=\"og:locale\" content=\"it_IT\" \/>\n<meta property=\"og:type\" content=\"article\" \/>\n<meta property=\"og:title\" content=\"GrindSmart\u00ae630XW - Rollomatic\" \/>\n<meta property=\"og:description\" content=\"Macchina rettificatrice per utensili completamente a 6 assi per la rettifica di produzione e la rettifica a breve termine di utensili da taglio rotanti e fissi da 0,1 mm a 20 mm (.004\u201d a \u00be\u201d)\" \/>\n<meta property=\"og:url\" content=\"https:\/\/www.rollomatic.ch\/it\/prodotto\/grindsmart630xw\/\" \/>\n<meta property=\"og:site_name\" content=\"Rollomatic\" \/>\n<meta property=\"article:publisher\" content=\"https:\/\/www.facebook.com\/rollomatic\/\" \/>\n<meta property=\"article:modified_time\" content=\"2025-05-13T12:00:52+00:00\" \/>\n<meta property=\"og:image\" content=\"https:\/\/www.rollomatic.ch\/wp-content\/uploads\/630XW-SHINY_1-3.webp\" \/>\n\t<meta property=\"og:image:width\" content=\"2560\" \/>\n\t<meta property=\"og:image:height\" content=\"1440\" \/>\n\t<meta property=\"og:image:type\" content=\"image\/webp\" \/>\n<meta name=\"twitter:card\" content=\"summary_large_image\" \/>\n<meta name=\"twitter:site\" content=\"@rollomatics\" \/>\n<meta name=\"twitter:label1\" content=\"Tempo di lettura stimato\" \/>\n\t<meta name=\"twitter:data1\" content=\"1 minuto\" \/>\n<script type=\"application\/ld+json\" class=\"yoast-schema-graph\">{\"@context\":\"https:\/\/schema.org\",\"@graph\":[{\"@type\":\"WebPage\",\"@id\":\"https:\/\/www.rollomatic.ch\/it\/prodotto\/grindsmart630xw\/\",\"url\":\"https:\/\/www.rollomatic.ch\/it\/prodotto\/grindsmart630xw\/\",\"name\":\"GrindSmart\u00ae630XW - Rollomatic\",\"isPartOf\":{\"@id\":\"https:\/\/www.rollomatic.ch\/it\/#website\"},\"primaryImageOfPage\":{\"@id\":\"https:\/\/www.rollomatic.ch\/it\/prodotto\/grindsmart630xw\/#primaryimage\"},\"image\":{\"@id\":\"https:\/\/www.rollomatic.ch\/it\/prodotto\/grindsmart630xw\/#primaryimage\"},\"thumbnailUrl\":\"https:\/\/www.rollomatic.ch\/wp-content\/uploads\/630XW-SHINY_1-3.webp\",\"datePublished\":\"2020-12-10T19:59:19+00:00\",\"dateModified\":\"2025-05-13T12:00:52+00:00\",\"description\":\"Macchina rettificatrice per utensili completamente a 6 assi per la rettifica di produzione e la rettifica a breve termine di utensili da taglio rotanti e fissi da 0,1 mm a 20 mm (.004\u201d a \u00be\u201d)\",\"breadcrumb\":{\"@id\":\"https:\/\/www.rollomatic.ch\/it\/prodotto\/grindsmart630xw\/#breadcrumb\"},\"inLanguage\":\"it-IT\",\"potentialAction\":[{\"@type\":\"ReadAction\",\"target\":[\"https:\/\/www.rollomatic.ch\/it\/prodotto\/grindsmart630xw\/\"]}]},{\"@type\":\"ImageObject\",\"inLanguage\":\"it-IT\",\"@id\":\"https:\/\/www.rollomatic.ch\/it\/prodotto\/grindsmart630xw\/#primaryimage\",\"url\":\"https:\/\/www.rollomatic.ch\/wp-content\/uploads\/630XW-SHINY_1-3.webp\",\"contentUrl\":\"https:\/\/www.rollomatic.ch\/wp-content\/uploads\/630XW-SHINY_1-3.webp\",\"width\":2560,\"height\":1440},{\"@type\":\"BreadcrumbList\",\"@id\":\"https:\/\/www.rollomatic.ch\/it\/prodotto\/grindsmart630xw\/#breadcrumb\",\"itemListElement\":[{\"@type\":\"ListItem\",\"position\":1,\"name\":\"Home\",\"item\":\"https:\/\/www.rollomatic.ch\/it\/\"},{\"@type\":\"ListItem\",\"position\":2,\"name\":\"Catalogo\",\"item\":\"https:\/\/www.rollomatic.ch\/it\/catalogo\/\"},{\"@type\":\"ListItem\",\"position\":3,\"name\":\"GrindSmart\u00ae630XW\"}]},{\"@type\":\"WebSite\",\"@id\":\"https:\/\/www.rollomatic.ch\/it\/#website\",\"url\":\"https:\/\/www.rollomatic.ch\/it\/\",\"name\":\"Rollomatic\",\"description\":\"\",\"publisher\":{\"@id\":\"https:\/\/www.rollomatic.ch\/it\/#organization\"},\"potentialAction\":[{\"@type\":\"SearchAction\",\"target\":{\"@type\":\"EntryPoint\",\"urlTemplate\":\"https:\/\/www.rollomatic.ch\/it\/?s={search_term_string}\"},\"query-input\":{\"@type\":\"PropertyValueSpecification\",\"valueRequired\":true,\"valueName\":\"search_term_string\"}}],\"inLanguage\":\"it-IT\"},{\"@type\":\"Organization\",\"@id\":\"https:\/\/www.rollomatic.ch\/it\/#organization\",\"name\":\"Rollomatic S.A.\",\"url\":\"https:\/\/www.rollomatic.ch\/it\/\",\"logo\":{\"@type\":\"ImageObject\",\"inLanguage\":\"it-IT\",\"@id\":\"https:\/\/www.rollomatic.ch\/it\/#\/schema\/logo\/image\/\",\"url\":\"https:\/\/www.rollomatic.ch\/wp-content\/uploads\/logomark_300.png\",\"contentUrl\":\"https:\/\/www.rollomatic.ch\/wp-content\/uploads\/logomark_300.png\",\"width\":300,\"height\":169,\"caption\":\"Rollomatic S.A.\"},\"image\":{\"@id\":\"https:\/\/www.rollomatic.ch\/it\/#\/schema\/logo\/image\/\"},\"sameAs\":[\"https:\/\/www.facebook.com\/rollomatic\/\",\"https:\/\/x.com\/rollomatics\",\"https:\/\/www.linkedin.com\/company\/rollomatic-sa\/\"]}]}<\/script>\n<!-- \/ Yoast SEO plugin. -->","yoast_head_json":{"title":"GrindSmart\u00ae630XW - Rollomatic","description":"Macchina rettificatrice per utensili completamente a 6 assi per la rettifica di produzione e la rettifica a breve termine di utensili da taglio rotanti e fissi da 0,1 mm a 20 mm (.004\u201d a \u00be\u201d)","robots":{"index":"index","follow":"follow","max-snippet":"max-snippet:-1","max-image-preview":"max-image-preview:large","max-video-preview":"max-video-preview:-1"},"canonical":"https:\/\/www.rollomatic.ch\/it\/prodotto\/grindsmart630xw\/","og_locale":"it_IT","og_type":"article","og_title":"GrindSmart\u00ae630XW - Rollomatic","og_description":"Macchina rettificatrice per utensili completamente a 6 assi per la rettifica di produzione e la rettifica a breve termine di utensili da taglio rotanti e fissi da 0,1 mm a 20 mm (.004\u201d a \u00be\u201d)","og_url":"https:\/\/www.rollomatic.ch\/it\/prodotto\/grindsmart630xw\/","og_site_name":"Rollomatic","article_publisher":"https:\/\/www.facebook.com\/rollomatic\/","article_modified_time":"2025-05-13T12:00:52+00:00","og_image":[{"width":2560,"height":1440,"url":"https:\/\/www.rollomatic.ch\/wp-content\/uploads\/630XW-SHINY_1-3.webp","type":"image\/webp"}],"twitter_card":"summary_large_image","twitter_site":"@rollomatics","twitter_misc":{"Tempo di lettura stimato":"1 minuto"},"schema":{"@context":"https:\/\/schema.org","@graph":[{"@type":"WebPage","@id":"https:\/\/www.rollomatic.ch\/it\/prodotto\/grindsmart630xw\/","url":"https:\/\/www.rollomatic.ch\/it\/prodotto\/grindsmart630xw\/","name":"GrindSmart\u00ae630XW - Rollomatic","isPartOf":{"@id":"https:\/\/www.rollomatic.ch\/it\/#website"},"primaryImageOfPage":{"@id":"https:\/\/www.rollomatic.ch\/it\/prodotto\/grindsmart630xw\/#primaryimage"},"image":{"@id":"https:\/\/www.rollomatic.ch\/it\/prodotto\/grindsmart630xw\/#primaryimage"},"thumbnailUrl":"https:\/\/www.rollomatic.ch\/wp-content\/uploads\/630XW-SHINY_1-3.webp","datePublished":"2020-12-10T19:59:19+00:00","dateModified":"2025-05-13T12:00:52+00:00","description":"Macchina rettificatrice per utensili completamente a 6 assi per la rettifica di produzione e la rettifica a breve termine di utensili da taglio rotanti e fissi da 0,1 mm a 20 mm (.004\u201d a \u00be\u201d)","breadcrumb":{"@id":"https:\/\/www.rollomatic.ch\/it\/prodotto\/grindsmart630xw\/#breadcrumb"},"inLanguage":"it-IT","potentialAction":[{"@type":"ReadAction","target":["https:\/\/www.rollomatic.ch\/it\/prodotto\/grindsmart630xw\/"]}]},{"@type":"ImageObject","inLanguage":"it-IT","@id":"https:\/\/www.rollomatic.ch\/it\/prodotto\/grindsmart630xw\/#primaryimage","url":"https:\/\/www.rollomatic.ch\/wp-content\/uploads\/630XW-SHINY_1-3.webp","contentUrl":"https:\/\/www.rollomatic.ch\/wp-content\/uploads\/630XW-SHINY_1-3.webp","width":2560,"height":1440},{"@type":"BreadcrumbList","@id":"https:\/\/www.rollomatic.ch\/it\/prodotto\/grindsmart630xw\/#breadcrumb","itemListElement":[{"@type":"ListItem","position":1,"name":"Home","item":"https:\/\/www.rollomatic.ch\/it\/"},{"@type":"ListItem","position":2,"name":"Catalogo","item":"https:\/\/www.rollomatic.ch\/it\/catalogo\/"},{"@type":"ListItem","position":3,"name":"GrindSmart\u00ae630XW"}]},{"@type":"WebSite","@id":"https:\/\/www.rollomatic.ch\/it\/#website","url":"https:\/\/www.rollomatic.ch\/it\/","name":"Rollomatic","description":"","publisher":{"@id":"https:\/\/www.rollomatic.ch\/it\/#organization"},"potentialAction":[{"@type":"SearchAction","target":{"@type":"EntryPoint","urlTemplate":"https:\/\/www.rollomatic.ch\/it\/?s={search_term_string}"},"query-input":{"@type":"PropertyValueSpecification","valueRequired":true,"valueName":"search_term_string"}}],"inLanguage":"it-IT"},{"@type":"Organization","@id":"https:\/\/www.rollomatic.ch\/it\/#organization","name":"Rollomatic S.A.","url":"https:\/\/www.rollomatic.ch\/it\/","logo":{"@type":"ImageObject","inLanguage":"it-IT","@id":"https:\/\/www.rollomatic.ch\/it\/#\/schema\/logo\/image\/","url":"https:\/\/www.rollomatic.ch\/wp-content\/uploads\/logomark_300.png","contentUrl":"https:\/\/www.rollomatic.ch\/wp-content\/uploads\/logomark_300.png","width":300,"height":169,"caption":"Rollomatic S.A."},"image":{"@id":"https:\/\/www.rollomatic.ch\/it\/#\/schema\/logo\/image\/"},"sameAs":["https:\/\/www.facebook.com\/rollomatic\/","https:\/\/x.com\/rollomatics","https:\/\/www.linkedin.com\/company\/rollomatic-sa\/"]}]}},"_links":{"self":[{"href":"https:\/\/www.rollomatic.ch\/it\/wp-json\/wp\/v2\/product\/32086","targetHints":{"allow":["GET"]}}],"collection":[{"href":"https:\/\/www.rollomatic.ch\/it\/wp-json\/wp\/v2\/product"}],"about":[{"href":"https:\/\/www.rollomatic.ch\/it\/wp-json\/wp\/v2\/types\/product"}],"wp:featuredmedia":[{"embeddable":true,"href":"https:\/\/www.rollomatic.ch\/it\/wp-json\/wp\/v2\/media\/9190"}],"wp:attachment":[{"href":"https:\/\/www.rollomatic.ch\/it\/wp-json\/wp\/v2\/media?parent=32086"}],"wp:term":[{"taxonomy":"industry","embeddable":true,"href":"https:\/\/www.rollomatic.ch\/it\/wp-json\/wp\/v2\/industry?post=32086"},{"taxonomy":"tool-material","embeddable":true,"href":"https:\/\/www.rollomatic.ch\/it\/wp-json\/wp\/v2\/tool-material?post=32086"},{"taxonomy":"tool-range","embeddable":true,"href":"https:\/\/www.rollomatic.ch\/it\/wp-json\/wp\/v2\/tool-range?post=32086"},{"taxonomy":"tool-type","embeddable":true,"href":"https:\/\/www.rollomatic.ch\/it\/wp-json\/wp\/v2\/tool-type?post=32086"},{"taxonomy":"product_brand","embeddable":true,"href":"https:\/\/www.rollomatic.ch\/it\/wp-json\/wp\/v2\/product_brand?post=32086"},{"taxonomy":"product_cat","embeddable":true,"href":"https:\/\/www.rollomatic.ch\/it\/wp-json\/wp\/v2\/product_cat?post=32086"},{"taxonomy":"product_tag","embeddable":true,"href":"https:\/\/www.rollomatic.ch\/it\/wp-json\/wp\/v2\/product_tag?post=32086"}],"curies":[{"name":"wp","href":"https:\/\/api.w.org\/{rel}","templated":true}]}}