{"id":32386,"date":"2024-04-03T10:33:42","date_gmt":"2024-04-03T10:33:42","guid":{"rendered":"https:\/\/www.rollomatic.ch\/product\/connettivita-smart\/"},"modified":"2025-05-13T12:00:19","modified_gmt":"2025-05-13T12:00:19","slug":"connettivita-smart","status":"publish","type":"product","link":"https:\/\/www.rollomatic.ch\/it\/prodotto\/connettivita-smart\/","title":{"rendered":"Connettivit\u00e0 Intelligente"},"content":{"rendered":"<h3>Al cuore dell&#8217;Industry 4.0<\/h3>\n<p>L&#8217;Industry 4.0 \u00e8 un mondo in continua evoluzione e sono stati sviluppati strumenti di gestione per ottimizzarne la produttivit\u00e0. Rollomatic si impegna a sviluppare soluzioni di connettivit\u00e0 conformi allo standard UMATI, facilitando le connessioni tra periferiche nei processi produttivi e sfruttando i dati disponibili<\/p>\n<p>Per raggiungere questo obiettivo, abbiamo due prodotti a tua disposizione:<\/p>\n<ol>\n<li>RCONNECT, accesso ai dati software e agli utensili<\/li>\n<li>RMONITOR, una panoramica della produttivit\u00e0 della macchina<\/li>\n<\/ol>\n","protected":false},"excerpt":{"rendered":"<p>Al cuore dell&#8217;Industry 4.0 L&#8217;Industry 4.0 \u00e8 un mondo in continua evoluzione e sono stati sviluppati strumenti di gestione per ottimizzarne la produttivit\u00e0. Rollomatic si impegna a sviluppare soluzioni di [&#8230;]\n","protected":false},"featured_media":8206,"template":"","meta":{"_acf_changed":false},"industry":[],"tool-material":[],"tool-range":[],"tool-type":[],"product_brand":[],"product_cat":[450],"product_tag":[],"class_list":{"0":"post-32386","1":"product","2":"type-product","3":"status-publish","4":"has-post-thumbnail","6":"product_cat-grindsmart","8":"first","9":"instock","10":"shipping-taxable","11":"product-type-simple"},"acf":[],"yoast_head":"<!-- This site is optimized with the Yoast SEO plugin v27.0 - https:\/\/yoast.com\/product\/yoast-seo-wordpress\/ -->\n<title>Connettivit\u00e0 Intelligente - Rollomatic<\/title>\n<meta name=\"robots\" content=\"index, follow, max-snippet:-1, max-image-preview:large, max-video-preview:-1\" \/>\n<link rel=\"canonical\" href=\"https:\/\/www.rollomatic.ch\/it\/prodotto\/connettivita-smart\/\" \/>\n<meta property=\"og:locale\" content=\"it_IT\" \/>\n<meta property=\"og:type\" content=\"article\" \/>\n<meta property=\"og:title\" content=\"Connettivit\u00e0 Intelligente - Rollomatic\" \/>\n<meta property=\"og:description\" content=\"Al cuore dell&#8217;Industry 4.0 L&#8217;Industry 4.0 \u00e8 un mondo in continua evoluzione e sono stati sviluppati strumenti di gestione per ottimizzarne la produttivit\u00e0. Rollomatic si impegna a sviluppare soluzioni di [...]\" \/>\n<meta property=\"og:url\" content=\"https:\/\/www.rollomatic.ch\/it\/prodotto\/connettivita-smart\/\" \/>\n<meta property=\"og:site_name\" content=\"Rollomatic\" \/>\n<meta property=\"article:publisher\" content=\"https:\/\/www.facebook.com\/rollomatic\/\" \/>\n<meta property=\"article:modified_time\" content=\"2025-05-13T12:00:19+00:00\" \/>\n<meta property=\"og:image\" content=\"https:\/\/www.rollomatic.ch\/wp-content\/uploads\/Software-Box_SmartConnectivity_c85.jpg\" \/>\n\t<meta property=\"og:image:width\" content=\"870\" \/>\n\t<meta property=\"og:image:height\" content=\"652\" \/>\n\t<meta property=\"og:image:type\" content=\"image\/jpeg\" \/>\n<meta name=\"twitter:card\" content=\"summary_large_image\" \/>\n<meta name=\"twitter:site\" content=\"@rollomatics\" \/>\n<script type=\"application\/ld+json\" class=\"yoast-schema-graph\">{\"@context\":\"https:\/\/schema.org\",\"@graph\":[{\"@type\":\"WebPage\",\"@id\":\"https:\/\/www.rollomatic.ch\/it\/prodotto\/connettivita-smart\/\",\"url\":\"https:\/\/www.rollomatic.ch\/it\/prodotto\/connettivita-smart\/\",\"name\":\"Connettivit\u00e0 Intelligente - Rollomatic\",\"isPartOf\":{\"@id\":\"https:\/\/www.rollomatic.ch\/it\/#website\"},\"primaryImageOfPage\":{\"@id\":\"https:\/\/www.rollomatic.ch\/it\/prodotto\/connettivita-smart\/#primaryimage\"},\"image\":{\"@id\":\"https:\/\/www.rollomatic.ch\/it\/prodotto\/connettivita-smart\/#primaryimage\"},\"thumbnailUrl\":\"https:\/\/www.rollomatic.ch\/wp-content\/uploads\/Software-Box_SmartConnectivity_c85.jpg\",\"datePublished\":\"2024-04-03T10:33:42+00:00\",\"dateModified\":\"2025-05-13T12:00:19+00:00\",\"breadcrumb\":{\"@id\":\"https:\/\/www.rollomatic.ch\/it\/prodotto\/connettivita-smart\/#breadcrumb\"},\"inLanguage\":\"it-IT\",\"potentialAction\":[{\"@type\":\"ReadAction\",\"target\":[\"https:\/\/www.rollomatic.ch\/it\/prodotto\/connettivita-smart\/\"]}]},{\"@type\":\"ImageObject\",\"inLanguage\":\"it-IT\",\"@id\":\"https:\/\/www.rollomatic.ch\/it\/prodotto\/connettivita-smart\/#primaryimage\",\"url\":\"https:\/\/www.rollomatic.ch\/wp-content\/uploads\/Software-Box_SmartConnectivity_c85.jpg\",\"contentUrl\":\"https:\/\/www.rollomatic.ch\/wp-content\/uploads\/Software-Box_SmartConnectivity_c85.jpg\",\"width\":870,\"height\":652},{\"@type\":\"BreadcrumbList\",\"@id\":\"https:\/\/www.rollomatic.ch\/it\/prodotto\/connettivita-smart\/#breadcrumb\",\"itemListElement\":[{\"@type\":\"ListItem\",\"position\":1,\"name\":\"Home\",\"item\":\"https:\/\/www.rollomatic.ch\/it\/\"},{\"@type\":\"ListItem\",\"position\":2,\"name\":\"Catalogo\",\"item\":\"https:\/\/www.rollomatic.ch\/it\/catalogo\/\"},{\"@type\":\"ListItem\",\"position\":3,\"name\":\"Connettivit\u00e0 Intelligente\"}]},{\"@type\":\"WebSite\",\"@id\":\"https:\/\/www.rollomatic.ch\/it\/#website\",\"url\":\"https:\/\/www.rollomatic.ch\/it\/\",\"name\":\"Rollomatic\",\"description\":\"\",\"publisher\":{\"@id\":\"https:\/\/www.rollomatic.ch\/it\/#organization\"},\"potentialAction\":[{\"@type\":\"SearchAction\",\"target\":{\"@type\":\"EntryPoint\",\"urlTemplate\":\"https:\/\/www.rollomatic.ch\/it\/?s={search_term_string}\"},\"query-input\":{\"@type\":\"PropertyValueSpecification\",\"valueRequired\":true,\"valueName\":\"search_term_string\"}}],\"inLanguage\":\"it-IT\"},{\"@type\":\"Organization\",\"@id\":\"https:\/\/www.rollomatic.ch\/it\/#organization\",\"name\":\"Rollomatic S.A.\",\"url\":\"https:\/\/www.rollomatic.ch\/it\/\",\"logo\":{\"@type\":\"ImageObject\",\"inLanguage\":\"it-IT\",\"@id\":\"https:\/\/www.rollomatic.ch\/it\/#\/schema\/logo\/image\/\",\"url\":\"https:\/\/www.rollomatic.ch\/wp-content\/uploads\/logomark_300.png\",\"contentUrl\":\"https:\/\/www.rollomatic.ch\/wp-content\/uploads\/logomark_300.png\",\"width\":300,\"height\":169,\"caption\":\"Rollomatic S.A.\"},\"image\":{\"@id\":\"https:\/\/www.rollomatic.ch\/it\/#\/schema\/logo\/image\/\"},\"sameAs\":[\"https:\/\/www.facebook.com\/rollomatic\/\",\"https:\/\/x.com\/rollomatics\",\"https:\/\/www.linkedin.com\/company\/rollomatic-sa\/\"]}]}<\/script>\n<!-- \/ Yoast SEO plugin. -->","yoast_head_json":{"title":"Connettivit\u00e0 Intelligente - Rollomatic","robots":{"index":"index","follow":"follow","max-snippet":"max-snippet:-1","max-image-preview":"max-image-preview:large","max-video-preview":"max-video-preview:-1"},"canonical":"https:\/\/www.rollomatic.ch\/it\/prodotto\/connettivita-smart\/","og_locale":"it_IT","og_type":"article","og_title":"Connettivit\u00e0 Intelligente - Rollomatic","og_description":"Al cuore dell&#8217;Industry 4.0 L&#8217;Industry 4.0 \u00e8 un mondo in continua evoluzione e sono stati sviluppati strumenti di gestione per ottimizzarne la produttivit\u00e0. Rollomatic si impegna a sviluppare soluzioni di [...]","og_url":"https:\/\/www.rollomatic.ch\/it\/prodotto\/connettivita-smart\/","og_site_name":"Rollomatic","article_publisher":"https:\/\/www.facebook.com\/rollomatic\/","article_modified_time":"2025-05-13T12:00:19+00:00","og_image":[{"width":870,"height":652,"url":"https:\/\/www.rollomatic.ch\/wp-content\/uploads\/Software-Box_SmartConnectivity_c85.jpg","type":"image\/jpeg"}],"twitter_card":"summary_large_image","twitter_site":"@rollomatics","schema":{"@context":"https:\/\/schema.org","@graph":[{"@type":"WebPage","@id":"https:\/\/www.rollomatic.ch\/it\/prodotto\/connettivita-smart\/","url":"https:\/\/www.rollomatic.ch\/it\/prodotto\/connettivita-smart\/","name":"Connettivit\u00e0 Intelligente - Rollomatic","isPartOf":{"@id":"https:\/\/www.rollomatic.ch\/it\/#website"},"primaryImageOfPage":{"@id":"https:\/\/www.rollomatic.ch\/it\/prodotto\/connettivita-smart\/#primaryimage"},"image":{"@id":"https:\/\/www.rollomatic.ch\/it\/prodotto\/connettivita-smart\/#primaryimage"},"thumbnailUrl":"https:\/\/www.rollomatic.ch\/wp-content\/uploads\/Software-Box_SmartConnectivity_c85.jpg","datePublished":"2024-04-03T10:33:42+00:00","dateModified":"2025-05-13T12:00:19+00:00","breadcrumb":{"@id":"https:\/\/www.rollomatic.ch\/it\/prodotto\/connettivita-smart\/#breadcrumb"},"inLanguage":"it-IT","potentialAction":[{"@type":"ReadAction","target":["https:\/\/www.rollomatic.ch\/it\/prodotto\/connettivita-smart\/"]}]},{"@type":"ImageObject","inLanguage":"it-IT","@id":"https:\/\/www.rollomatic.ch\/it\/prodotto\/connettivita-smart\/#primaryimage","url":"https:\/\/www.rollomatic.ch\/wp-content\/uploads\/Software-Box_SmartConnectivity_c85.jpg","contentUrl":"https:\/\/www.rollomatic.ch\/wp-content\/uploads\/Software-Box_SmartConnectivity_c85.jpg","width":870,"height":652},{"@type":"BreadcrumbList","@id":"https:\/\/www.rollomatic.ch\/it\/prodotto\/connettivita-smart\/#breadcrumb","itemListElement":[{"@type":"ListItem","position":1,"name":"Home","item":"https:\/\/www.rollomatic.ch\/it\/"},{"@type":"ListItem","position":2,"name":"Catalogo","item":"https:\/\/www.rollomatic.ch\/it\/catalogo\/"},{"@type":"ListItem","position":3,"name":"Connettivit\u00e0 Intelligente"}]},{"@type":"WebSite","@id":"https:\/\/www.rollomatic.ch\/it\/#website","url":"https:\/\/www.rollomatic.ch\/it\/","name":"Rollomatic","description":"","publisher":{"@id":"https:\/\/www.rollomatic.ch\/it\/#organization"},"potentialAction":[{"@type":"SearchAction","target":{"@type":"EntryPoint","urlTemplate":"https:\/\/www.rollomatic.ch\/it\/?s={search_term_string}"},"query-input":{"@type":"PropertyValueSpecification","valueRequired":true,"valueName":"search_term_string"}}],"inLanguage":"it-IT"},{"@type":"Organization","@id":"https:\/\/www.rollomatic.ch\/it\/#organization","name":"Rollomatic S.A.","url":"https:\/\/www.rollomatic.ch\/it\/","logo":{"@type":"ImageObject","inLanguage":"it-IT","@id":"https:\/\/www.rollomatic.ch\/it\/#\/schema\/logo\/image\/","url":"https:\/\/www.rollomatic.ch\/wp-content\/uploads\/logomark_300.png","contentUrl":"https:\/\/www.rollomatic.ch\/wp-content\/uploads\/logomark_300.png","width":300,"height":169,"caption":"Rollomatic S.A."},"image":{"@id":"https:\/\/www.rollomatic.ch\/it\/#\/schema\/logo\/image\/"},"sameAs":["https:\/\/www.facebook.com\/rollomatic\/","https:\/\/x.com\/rollomatics","https:\/\/www.linkedin.com\/company\/rollomatic-sa\/"]}]}},"_links":{"self":[{"href":"https:\/\/www.rollomatic.ch\/it\/wp-json\/wp\/v2\/product\/32386","targetHints":{"allow":["GET"]}}],"collection":[{"href":"https:\/\/www.rollomatic.ch\/it\/wp-json\/wp\/v2\/product"}],"about":[{"href":"https:\/\/www.rollomatic.ch\/it\/wp-json\/wp\/v2\/types\/product"}],"wp:featuredmedia":[{"embeddable":true,"href":"https:\/\/www.rollomatic.ch\/it\/wp-json\/wp\/v2\/media\/8206"}],"wp:attachment":[{"href":"https:\/\/www.rollomatic.ch\/it\/wp-json\/wp\/v2\/media?parent=32386"}],"wp:term":[{"taxonomy":"industry","embeddable":true,"href":"https:\/\/www.rollomatic.ch\/it\/wp-json\/wp\/v2\/industry?post=32386"},{"taxonomy":"tool-material","embeddable":true,"href":"https:\/\/www.rollomatic.ch\/it\/wp-json\/wp\/v2\/tool-material?post=32386"},{"taxonomy":"tool-range","embeddable":true,"href":"https:\/\/www.rollomatic.ch\/it\/wp-json\/wp\/v2\/tool-range?post=32386"},{"taxonomy":"tool-type","embeddable":true,"href":"https:\/\/www.rollomatic.ch\/it\/wp-json\/wp\/v2\/tool-type?post=32386"},{"taxonomy":"product_brand","embeddable":true,"href":"https:\/\/www.rollomatic.ch\/it\/wp-json\/wp\/v2\/product_brand?post=32386"},{"taxonomy":"product_cat","embeddable":true,"href":"https:\/\/www.rollomatic.ch\/it\/wp-json\/wp\/v2\/product_cat?post=32386"},{"taxonomy":"product_tag","embeddable":true,"href":"https:\/\/www.rollomatic.ch\/it\/wp-json\/wp\/v2\/product_tag?post=32386"}],"curies":[{"name":"wp","href":"https:\/\/api.w.org\/{rel}","templated":true}]}}