{"id":32807,"date":"2020-12-18T16:28:21","date_gmt":"2020-12-18T16:28:21","guid":{"rendered":"https:\/\/www.rollomatic.ch\/product\/grindsmart-660xw\/"},"modified":"2025-05-13T12:00:47","modified_gmt":"2025-05-13T12:00:47","slug":"grindsmart-660xw","status":"publish","type":"product","link":"https:\/\/www.rollomatic.ch\/it\/prodotto\/grindsmart-660xw\/","title":{"rendered":"GrindSmart\u00ae 660XW"},"content":{"rendered":"<p>Il GrindSmart\u00ae660XW \u00e8 stato progettato per applicazioni di utensili da taglio rotativi con diametro che vanno da 0,1 a 12,7 mm in un layout sorprendentemente compatto che include un grande caricatore di utensili e un cambio ruote ad alta velocit\u00e0 con 6 posizioni per pacchetti di ruote.<\/p>\n<p>La macchina \u00e8 dotata della pi\u00f9 recente tecnologia di motori lineari e coppia su ciascun asse, cos\u00ec come di un motore mandrino sincrono da 14kW.<\/p>\n<p>Tutti questi componenti sono raffreddati con lo stesso olio lubro-refrigerante che fornisce una perfetta stabilit\u00e0 termica, una precisione imbattibile nella produzione nonch\u00e9 una finitura estremamente buona sugli utensili.<\/p>\n","protected":false},"excerpt":{"rendered":"<p>Il GrindSmart\u00ae660XW \u00e8 stato progettato per applicazioni di utensili da taglio rotativi con diametro che vanno da 0,1 a 12,7 mm in un layout sorprendentemente compatto che include un grande [&#8230;]\n","protected":false},"featured_media":9198,"template":"","meta":{"_acf_changed":false},"industry":[771,627,607,615],"tool-material":[],"tool-range":[378],"tool-type":[379,380,381,382,383],"product_brand":[],"product_cat":[519,564,565],"product_tag":[566],"class_list":{"0":"post-32807","1":"product","2":"type-product","3":"status-publish","4":"has-post-thumbnail","6":"industry-industria-elettronica-3c","7":"industry-electronics-it","8":"industry-dental-it","9":"industry-die-mold-it","10":"tool-range-0-1-12-7mm","11":"tool-type-boring-bars","12":"tool-type-burs","13":"tool-type-drills","14":"tool-type-end-mill","15":"tool-type-reamers","16":"product_cat-grindsmart-it","17":"product_cat-rotary-cutting-tools-it","18":"product_cat-cutting-tool-grinding-it","19":"product_tag-cutting-tool-grinding-it","21":"first","22":"instock","23":"shipping-taxable","24":"product-type-simple"},"acf":[],"yoast_head":"<!-- This site is optimized with the Yoast SEO plugin v27.0 - https:\/\/yoast.com\/product\/yoast-seo-wordpress\/ -->\n<title>GrindSmart\u00ae 660XW - Rollomatic<\/title>\n<meta name=\"description\" content=\"Macchina ibrida per la lavorazione a 6 assi di utensili e per la rettifica a pelatura con capacit\u00e0 da 0,1 mm a 12,7 mm (.004\u201d a \u00bd\u201d) di diametro. Mandrino unico montato su un asse lineare CNC.\" \/>\n<meta name=\"robots\" content=\"index, follow, max-snippet:-1, max-image-preview:large, max-video-preview:-1\" \/>\n<link rel=\"canonical\" href=\"https:\/\/www.rollomatic.ch\/it\/prodotto\/grindsmart-660xw\/\" \/>\n<meta property=\"og:locale\" content=\"it_IT\" \/>\n<meta property=\"og:type\" content=\"article\" \/>\n<meta property=\"og:title\" content=\"GrindSmart\u00ae 660XW - Rollomatic\" \/>\n<meta property=\"og:description\" content=\"Macchina ibrida per la lavorazione a 6 assi di utensili e per la rettifica a pelatura con capacit\u00e0 da 0,1 mm a 12,7 mm (.004\u201d a \u00bd\u201d) di diametro. Mandrino unico montato su un asse lineare CNC.\" \/>\n<meta property=\"og:url\" content=\"https:\/\/www.rollomatic.ch\/it\/prodotto\/grindsmart-660xw\/\" \/>\n<meta property=\"og:site_name\" content=\"Rollomatic\" \/>\n<meta property=\"article:publisher\" content=\"https:\/\/www.facebook.com\/rollomatic\/\" \/>\n<meta property=\"article:modified_time\" content=\"2025-05-13T12:00:47+00:00\" \/>\n<meta property=\"og:image\" content=\"https:\/\/www.rollomatic.ch\/wp-content\/uploads\/660XW-SHINY_1-1.webp\" \/>\n\t<meta property=\"og:image:width\" content=\"2560\" \/>\n\t<meta property=\"og:image:height\" content=\"1440\" \/>\n\t<meta property=\"og:image:type\" content=\"image\/webp\" \/>\n<meta name=\"twitter:card\" content=\"summary_large_image\" \/>\n<meta name=\"twitter:site\" content=\"@rollomatics\" \/>\n<script type=\"application\/ld+json\" class=\"yoast-schema-graph\">{\"@context\":\"https:\/\/schema.org\",\"@graph\":[{\"@type\":\"WebPage\",\"@id\":\"https:\/\/www.rollomatic.ch\/it\/prodotto\/grindsmart-660xw\/\",\"url\":\"https:\/\/www.rollomatic.ch\/it\/prodotto\/grindsmart-660xw\/\",\"name\":\"GrindSmart\u00ae 660XW - Rollomatic\",\"isPartOf\":{\"@id\":\"https:\/\/www.rollomatic.ch\/it\/#website\"},\"primaryImageOfPage\":{\"@id\":\"https:\/\/www.rollomatic.ch\/it\/prodotto\/grindsmart-660xw\/#primaryimage\"},\"image\":{\"@id\":\"https:\/\/www.rollomatic.ch\/it\/prodotto\/grindsmart-660xw\/#primaryimage\"},\"thumbnailUrl\":\"https:\/\/www.rollomatic.ch\/wp-content\/uploads\/660XW-SHINY_1-1.webp\",\"datePublished\":\"2020-12-18T16:28:21+00:00\",\"dateModified\":\"2025-05-13T12:00:47+00:00\",\"description\":\"Macchina ibrida per la lavorazione a 6 assi di utensili e per la rettifica a pelatura con capacit\u00e0 da 0,1 mm a 12,7 mm (.004\u201d a \u00bd\u201d) di diametro. Mandrino unico montato su un asse lineare CNC.\",\"breadcrumb\":{\"@id\":\"https:\/\/www.rollomatic.ch\/it\/prodotto\/grindsmart-660xw\/#breadcrumb\"},\"inLanguage\":\"it-IT\",\"potentialAction\":[{\"@type\":\"ReadAction\",\"target\":[\"https:\/\/www.rollomatic.ch\/it\/prodotto\/grindsmart-660xw\/\"]}]},{\"@type\":\"ImageObject\",\"inLanguage\":\"it-IT\",\"@id\":\"https:\/\/www.rollomatic.ch\/it\/prodotto\/grindsmart-660xw\/#primaryimage\",\"url\":\"https:\/\/www.rollomatic.ch\/wp-content\/uploads\/660XW-SHINY_1-1.webp\",\"contentUrl\":\"https:\/\/www.rollomatic.ch\/wp-content\/uploads\/660XW-SHINY_1-1.webp\",\"width\":2560,\"height\":1440},{\"@type\":\"BreadcrumbList\",\"@id\":\"https:\/\/www.rollomatic.ch\/it\/prodotto\/grindsmart-660xw\/#breadcrumb\",\"itemListElement\":[{\"@type\":\"ListItem\",\"position\":1,\"name\":\"Home\",\"item\":\"https:\/\/www.rollomatic.ch\/it\/\"},{\"@type\":\"ListItem\",\"position\":2,\"name\":\"Catalogo\",\"item\":\"https:\/\/www.rollomatic.ch\/it\/catalogo\/\"},{\"@type\":\"ListItem\",\"position\":3,\"name\":\"GrindSmart\u00ae 660XW\"}]},{\"@type\":\"WebSite\",\"@id\":\"https:\/\/www.rollomatic.ch\/it\/#website\",\"url\":\"https:\/\/www.rollomatic.ch\/it\/\",\"name\":\"Rollomatic\",\"description\":\"\",\"publisher\":{\"@id\":\"https:\/\/www.rollomatic.ch\/it\/#organization\"},\"potentialAction\":[{\"@type\":\"SearchAction\",\"target\":{\"@type\":\"EntryPoint\",\"urlTemplate\":\"https:\/\/www.rollomatic.ch\/it\/?s={search_term_string}\"},\"query-input\":{\"@type\":\"PropertyValueSpecification\",\"valueRequired\":true,\"valueName\":\"search_term_string\"}}],\"inLanguage\":\"it-IT\"},{\"@type\":\"Organization\",\"@id\":\"https:\/\/www.rollomatic.ch\/it\/#organization\",\"name\":\"Rollomatic S.A.\",\"url\":\"https:\/\/www.rollomatic.ch\/it\/\",\"logo\":{\"@type\":\"ImageObject\",\"inLanguage\":\"it-IT\",\"@id\":\"https:\/\/www.rollomatic.ch\/it\/#\/schema\/logo\/image\/\",\"url\":\"https:\/\/www.rollomatic.ch\/wp-content\/uploads\/logomark_300.png\",\"contentUrl\":\"https:\/\/www.rollomatic.ch\/wp-content\/uploads\/logomark_300.png\",\"width\":300,\"height\":169,\"caption\":\"Rollomatic S.A.\"},\"image\":{\"@id\":\"https:\/\/www.rollomatic.ch\/it\/#\/schema\/logo\/image\/\"},\"sameAs\":[\"https:\/\/www.facebook.com\/rollomatic\/\",\"https:\/\/x.com\/rollomatics\",\"https:\/\/www.linkedin.com\/company\/rollomatic-sa\/\"]}]}<\/script>\n<!-- \/ Yoast SEO plugin. -->","yoast_head_json":{"title":"GrindSmart\u00ae 660XW - Rollomatic","description":"Macchina ibrida per la lavorazione a 6 assi di utensili e per la rettifica a pelatura con capacit\u00e0 da 0,1 mm a 12,7 mm (.004\u201d a \u00bd\u201d) di diametro. Mandrino unico montato su un asse lineare CNC.","robots":{"index":"index","follow":"follow","max-snippet":"max-snippet:-1","max-image-preview":"max-image-preview:large","max-video-preview":"max-video-preview:-1"},"canonical":"https:\/\/www.rollomatic.ch\/it\/prodotto\/grindsmart-660xw\/","og_locale":"it_IT","og_type":"article","og_title":"GrindSmart\u00ae 660XW - Rollomatic","og_description":"Macchina ibrida per la lavorazione a 6 assi di utensili e per la rettifica a pelatura con capacit\u00e0 da 0,1 mm a 12,7 mm (.004\u201d a \u00bd\u201d) di diametro. Mandrino unico montato su un asse lineare CNC.","og_url":"https:\/\/www.rollomatic.ch\/it\/prodotto\/grindsmart-660xw\/","og_site_name":"Rollomatic","article_publisher":"https:\/\/www.facebook.com\/rollomatic\/","article_modified_time":"2025-05-13T12:00:47+00:00","og_image":[{"width":2560,"height":1440,"url":"https:\/\/www.rollomatic.ch\/wp-content\/uploads\/660XW-SHINY_1-1.webp","type":"image\/webp"}],"twitter_card":"summary_large_image","twitter_site":"@rollomatics","schema":{"@context":"https:\/\/schema.org","@graph":[{"@type":"WebPage","@id":"https:\/\/www.rollomatic.ch\/it\/prodotto\/grindsmart-660xw\/","url":"https:\/\/www.rollomatic.ch\/it\/prodotto\/grindsmart-660xw\/","name":"GrindSmart\u00ae 660XW - Rollomatic","isPartOf":{"@id":"https:\/\/www.rollomatic.ch\/it\/#website"},"primaryImageOfPage":{"@id":"https:\/\/www.rollomatic.ch\/it\/prodotto\/grindsmart-660xw\/#primaryimage"},"image":{"@id":"https:\/\/www.rollomatic.ch\/it\/prodotto\/grindsmart-660xw\/#primaryimage"},"thumbnailUrl":"https:\/\/www.rollomatic.ch\/wp-content\/uploads\/660XW-SHINY_1-1.webp","datePublished":"2020-12-18T16:28:21+00:00","dateModified":"2025-05-13T12:00:47+00:00","description":"Macchina ibrida per la lavorazione a 6 assi di utensili e per la rettifica a pelatura con capacit\u00e0 da 0,1 mm a 12,7 mm (.004\u201d a \u00bd\u201d) di diametro. Mandrino unico montato su un asse lineare CNC.","breadcrumb":{"@id":"https:\/\/www.rollomatic.ch\/it\/prodotto\/grindsmart-660xw\/#breadcrumb"},"inLanguage":"it-IT","potentialAction":[{"@type":"ReadAction","target":["https:\/\/www.rollomatic.ch\/it\/prodotto\/grindsmart-660xw\/"]}]},{"@type":"ImageObject","inLanguage":"it-IT","@id":"https:\/\/www.rollomatic.ch\/it\/prodotto\/grindsmart-660xw\/#primaryimage","url":"https:\/\/www.rollomatic.ch\/wp-content\/uploads\/660XW-SHINY_1-1.webp","contentUrl":"https:\/\/www.rollomatic.ch\/wp-content\/uploads\/660XW-SHINY_1-1.webp","width":2560,"height":1440},{"@type":"BreadcrumbList","@id":"https:\/\/www.rollomatic.ch\/it\/prodotto\/grindsmart-660xw\/#breadcrumb","itemListElement":[{"@type":"ListItem","position":1,"name":"Home","item":"https:\/\/www.rollomatic.ch\/it\/"},{"@type":"ListItem","position":2,"name":"Catalogo","item":"https:\/\/www.rollomatic.ch\/it\/catalogo\/"},{"@type":"ListItem","position":3,"name":"GrindSmart\u00ae 660XW"}]},{"@type":"WebSite","@id":"https:\/\/www.rollomatic.ch\/it\/#website","url":"https:\/\/www.rollomatic.ch\/it\/","name":"Rollomatic","description":"","publisher":{"@id":"https:\/\/www.rollomatic.ch\/it\/#organization"},"potentialAction":[{"@type":"SearchAction","target":{"@type":"EntryPoint","urlTemplate":"https:\/\/www.rollomatic.ch\/it\/?s={search_term_string}"},"query-input":{"@type":"PropertyValueSpecification","valueRequired":true,"valueName":"search_term_string"}}],"inLanguage":"it-IT"},{"@type":"Organization","@id":"https:\/\/www.rollomatic.ch\/it\/#organization","name":"Rollomatic S.A.","url":"https:\/\/www.rollomatic.ch\/it\/","logo":{"@type":"ImageObject","inLanguage":"it-IT","@id":"https:\/\/www.rollomatic.ch\/it\/#\/schema\/logo\/image\/","url":"https:\/\/www.rollomatic.ch\/wp-content\/uploads\/logomark_300.png","contentUrl":"https:\/\/www.rollomatic.ch\/wp-content\/uploads\/logomark_300.png","width":300,"height":169,"caption":"Rollomatic S.A."},"image":{"@id":"https:\/\/www.rollomatic.ch\/it\/#\/schema\/logo\/image\/"},"sameAs":["https:\/\/www.facebook.com\/rollomatic\/","https:\/\/x.com\/rollomatics","https:\/\/www.linkedin.com\/company\/rollomatic-sa\/"]}]}},"_links":{"self":[{"href":"https:\/\/www.rollomatic.ch\/it\/wp-json\/wp\/v2\/product\/32807","targetHints":{"allow":["GET"]}}],"collection":[{"href":"https:\/\/www.rollomatic.ch\/it\/wp-json\/wp\/v2\/product"}],"about":[{"href":"https:\/\/www.rollomatic.ch\/it\/wp-json\/wp\/v2\/types\/product"}],"wp:featuredmedia":[{"embeddable":true,"href":"https:\/\/www.rollomatic.ch\/it\/wp-json\/wp\/v2\/media\/9198"}],"wp:attachment":[{"href":"https:\/\/www.rollomatic.ch\/it\/wp-json\/wp\/v2\/media?parent=32807"}],"wp:term":[{"taxonomy":"industry","embeddable":true,"href":"https:\/\/www.rollomatic.ch\/it\/wp-json\/wp\/v2\/industry?post=32807"},{"taxonomy":"tool-material","embeddable":true,"href":"https:\/\/www.rollomatic.ch\/it\/wp-json\/wp\/v2\/tool-material?post=32807"},{"taxonomy":"tool-range","embeddable":true,"href":"https:\/\/www.rollomatic.ch\/it\/wp-json\/wp\/v2\/tool-range?post=32807"},{"taxonomy":"tool-type","embeddable":true,"href":"https:\/\/www.rollomatic.ch\/it\/wp-json\/wp\/v2\/tool-type?post=32807"},{"taxonomy":"product_brand","embeddable":true,"href":"https:\/\/www.rollomatic.ch\/it\/wp-json\/wp\/v2\/product_brand?post=32807"},{"taxonomy":"product_cat","embeddable":true,"href":"https:\/\/www.rollomatic.ch\/it\/wp-json\/wp\/v2\/product_cat?post=32807"},{"taxonomy":"product_tag","embeddable":true,"href":"https:\/\/www.rollomatic.ch\/it\/wp-json\/wp\/v2\/product_tag?post=32807"}],"curies":[{"name":"wp","href":"https:\/\/api.w.org\/{rel}","templated":true}]}}