{"id":33371,"date":"2019-02-12T16:20:05","date_gmt":"2025-04-09T09:37:58","guid":{"rendered":"https:\/\/www.rollomatic.ch\/product\/strausak-uno\/"},"modified":"2025-09-16T07:32:23","modified_gmt":"2025-09-16T07:32:23","slug":"strausak-uno","status":"publish","type":"product","link":"https:\/\/www.rollomatic.ch\/it\/prodotto\/strausak-uno\/","title":{"rendered":"Strausak ONE"},"content":{"rendered":"<p>Progettato per superare le esigenze dell&#8217;industria moderna, lo Strausak ONE combina innovazione e versatilit\u00e0. Dalle geometrie complesse alla produzione ad alta velocit\u00e0, lo Strausak ONE consente ai produttori di raggiungere risultati eccezionali con facilit\u00e0. Con la sua perfetta integrazione di funzionalit\u00e0 avanzate come automazione robotica, capacit\u00e0 di rettifica multi-asse e interfacce di programmazione intuitive, Strausak ONE ridefinisce ci\u00f2 che \u00e8 possibile nella rettifica CNC degli utensili da taglio.<\/p>\n","protected":false},"excerpt":{"rendered":"<p>Progettato per superare le esigenze dell&#8217;industria moderna, lo Strausak ONE combina innovazione e versatilit\u00e0. Dalle geometrie complesse alla produzione ad alta velocit\u00e0, lo Strausak ONE consente ai produttori di raggiungere [&#8230;]\n","protected":false},"featured_media":14881,"template":"","meta":{"_acf_changed":false},"industry":[625,612,622],"tool-material":[429,430],"tool-range":[385],"tool-type":[381,382,423,383,422],"product_brand":[],"product_cat":[522,564,565,537],"product_tag":[],"class_list":{"0":"post-33371","1":"product","2":"type-product","3":"status-publish","4":"has-post-thumbnail","6":"industry-custom-applications-it","7":"industry-automotive-ev-it","8":"industry-woodworking-it","9":"tool-material-carbide","10":"tool-material-ceramic","11":"tool-range-1-32mm","12":"tool-type-drills","13":"tool-type-end-mill","14":"tool-type-form-tools","15":"tool-type-reamers","16":"tool-type-taps","17":"product_cat-inserts-and-boring-bars-it","18":"product_cat-rotary-cutting-tools-it","19":"product_cat-cutting-tool-grinding-it","20":"product_cat-strausak-it","22":"first","23":"instock","24":"shipping-taxable","25":"product-type-simple"},"acf":[],"yoast_head":"<!-- This site is optimized with the Yoast SEO plugin v27.0 - https:\/\/yoast.com\/product\/yoast-seo-wordpress\/ -->\n<title>Strausak ONE - Rollomatic<\/title>\n<meta name=\"robots\" content=\"index, follow, max-snippet:-1, max-image-preview:large, max-video-preview:-1\" \/>\n<link rel=\"canonical\" href=\"https:\/\/www.rollomatic.ch\/it\/prodotto\/strausak-uno\/\" \/>\n<meta property=\"og:locale\" content=\"it_IT\" \/>\n<meta property=\"og:type\" content=\"article\" \/>\n<meta property=\"og:title\" content=\"Strausak ONE - Rollomatic\" \/>\n<meta property=\"og:description\" content=\"Progettato per superare le esigenze dell&#8217;industria moderna, lo Strausak ONE combina innovazione e versatilit\u00e0. Dalle geometrie complesse alla produzione ad alta velocit\u00e0, lo Strausak ONE consente ai produttori di raggiungere [...]\" \/>\n<meta property=\"og:url\" content=\"https:\/\/www.rollomatic.ch\/it\/prodotto\/strausak-uno\/\" \/>\n<meta property=\"og:site_name\" content=\"Rollomatic\" \/>\n<meta property=\"article:publisher\" content=\"https:\/\/www.facebook.com\/rollomatic\/\" \/>\n<meta property=\"article:modified_time\" content=\"2025-09-16T07:32:23+00:00\" \/>\n<meta property=\"og:image\" content=\"https:\/\/www.rollomatic.ch\/wp-content\/uploads\/STRAUSAK-ONE-SHINY_1.webp\" \/>\n\t<meta property=\"og:image:width\" content=\"2560\" \/>\n\t<meta property=\"og:image:height\" content=\"1440\" \/>\n\t<meta property=\"og:image:type\" content=\"image\/webp\" \/>\n<meta name=\"twitter:card\" content=\"summary_large_image\" \/>\n<meta name=\"twitter:site\" content=\"@rollomatics\" \/>\n<meta name=\"twitter:label1\" content=\"Tempo di lettura stimato\" \/>\n\t<meta name=\"twitter:data1\" content=\"1 minuto\" \/>\n<script type=\"application\/ld+json\" class=\"yoast-schema-graph\">{\"@context\":\"https:\/\/schema.org\",\"@graph\":[{\"@type\":\"WebPage\",\"@id\":\"https:\/\/www.rollomatic.ch\/it\/prodotto\/strausak-uno\/\",\"url\":\"https:\/\/www.rollomatic.ch\/it\/prodotto\/strausak-uno\/\",\"name\":\"Strausak ONE - Rollomatic\",\"isPartOf\":{\"@id\":\"https:\/\/www.rollomatic.ch\/it\/#website\"},\"primaryImageOfPage\":{\"@id\":\"https:\/\/www.rollomatic.ch\/it\/prodotto\/strausak-uno\/#primaryimage\"},\"image\":{\"@id\":\"https:\/\/www.rollomatic.ch\/it\/prodotto\/strausak-uno\/#primaryimage\"},\"thumbnailUrl\":\"https:\/\/www.rollomatic.ch\/wp-content\/uploads\/STRAUSAK-ONE-SHINY_1.webp\",\"datePublished\":\"2025-04-09T09:37:58+00:00\",\"dateModified\":\"2025-09-16T07:32:23+00:00\",\"breadcrumb\":{\"@id\":\"https:\/\/www.rollomatic.ch\/it\/prodotto\/strausak-uno\/#breadcrumb\"},\"inLanguage\":\"it-IT\",\"potentialAction\":[{\"@type\":\"ReadAction\",\"target\":[\"https:\/\/www.rollomatic.ch\/it\/prodotto\/strausak-uno\/\"]}]},{\"@type\":\"ImageObject\",\"inLanguage\":\"it-IT\",\"@id\":\"https:\/\/www.rollomatic.ch\/it\/prodotto\/strausak-uno\/#primaryimage\",\"url\":\"https:\/\/www.rollomatic.ch\/wp-content\/uploads\/STRAUSAK-ONE-SHINY_1.webp\",\"contentUrl\":\"https:\/\/www.rollomatic.ch\/wp-content\/uploads\/STRAUSAK-ONE-SHINY_1.webp\",\"width\":2560,\"height\":1440},{\"@type\":\"BreadcrumbList\",\"@id\":\"https:\/\/www.rollomatic.ch\/it\/prodotto\/strausak-uno\/#breadcrumb\",\"itemListElement\":[{\"@type\":\"ListItem\",\"position\":1,\"name\":\"Home\",\"item\":\"https:\/\/www.rollomatic.ch\/it\/\"},{\"@type\":\"ListItem\",\"position\":2,\"name\":\"Catalogo\",\"item\":\"https:\/\/www.rollomatic.ch\/it\/catalogo\/\"},{\"@type\":\"ListItem\",\"position\":3,\"name\":\"Strausak ONE\"}]},{\"@type\":\"WebSite\",\"@id\":\"https:\/\/www.rollomatic.ch\/it\/#website\",\"url\":\"https:\/\/www.rollomatic.ch\/it\/\",\"name\":\"Rollomatic\",\"description\":\"\",\"publisher\":{\"@id\":\"https:\/\/www.rollomatic.ch\/it\/#organization\"},\"potentialAction\":[{\"@type\":\"SearchAction\",\"target\":{\"@type\":\"EntryPoint\",\"urlTemplate\":\"https:\/\/www.rollomatic.ch\/it\/?s={search_term_string}\"},\"query-input\":{\"@type\":\"PropertyValueSpecification\",\"valueRequired\":true,\"valueName\":\"search_term_string\"}}],\"inLanguage\":\"it-IT\"},{\"@type\":\"Organization\",\"@id\":\"https:\/\/www.rollomatic.ch\/it\/#organization\",\"name\":\"Rollomatic S.A.\",\"url\":\"https:\/\/www.rollomatic.ch\/it\/\",\"logo\":{\"@type\":\"ImageObject\",\"inLanguage\":\"it-IT\",\"@id\":\"https:\/\/www.rollomatic.ch\/it\/#\/schema\/logo\/image\/\",\"url\":\"https:\/\/www.rollomatic.ch\/wp-content\/uploads\/logomark_300.png\",\"contentUrl\":\"https:\/\/www.rollomatic.ch\/wp-content\/uploads\/logomark_300.png\",\"width\":300,\"height\":169,\"caption\":\"Rollomatic S.A.\"},\"image\":{\"@id\":\"https:\/\/www.rollomatic.ch\/it\/#\/schema\/logo\/image\/\"},\"sameAs\":[\"https:\/\/www.facebook.com\/rollomatic\/\",\"https:\/\/x.com\/rollomatics\",\"https:\/\/www.linkedin.com\/company\/rollomatic-sa\/\"]}]}<\/script>\n<!-- \/ Yoast SEO plugin. -->","yoast_head_json":{"title":"Strausak ONE - Rollomatic","robots":{"index":"index","follow":"follow","max-snippet":"max-snippet:-1","max-image-preview":"max-image-preview:large","max-video-preview":"max-video-preview:-1"},"canonical":"https:\/\/www.rollomatic.ch\/it\/prodotto\/strausak-uno\/","og_locale":"it_IT","og_type":"article","og_title":"Strausak ONE - Rollomatic","og_description":"Progettato per superare le esigenze dell&#8217;industria moderna, lo Strausak ONE combina innovazione e versatilit\u00e0. Dalle geometrie complesse alla produzione ad alta velocit\u00e0, lo Strausak ONE consente ai produttori di raggiungere [...]","og_url":"https:\/\/www.rollomatic.ch\/it\/prodotto\/strausak-uno\/","og_site_name":"Rollomatic","article_publisher":"https:\/\/www.facebook.com\/rollomatic\/","article_modified_time":"2025-09-16T07:32:23+00:00","og_image":[{"width":2560,"height":1440,"url":"https:\/\/www.rollomatic.ch\/wp-content\/uploads\/STRAUSAK-ONE-SHINY_1.webp","type":"image\/webp"}],"twitter_card":"summary_large_image","twitter_site":"@rollomatics","twitter_misc":{"Tempo di lettura stimato":"1 minuto"},"schema":{"@context":"https:\/\/schema.org","@graph":[{"@type":"WebPage","@id":"https:\/\/www.rollomatic.ch\/it\/prodotto\/strausak-uno\/","url":"https:\/\/www.rollomatic.ch\/it\/prodotto\/strausak-uno\/","name":"Strausak ONE - Rollomatic","isPartOf":{"@id":"https:\/\/www.rollomatic.ch\/it\/#website"},"primaryImageOfPage":{"@id":"https:\/\/www.rollomatic.ch\/it\/prodotto\/strausak-uno\/#primaryimage"},"image":{"@id":"https:\/\/www.rollomatic.ch\/it\/prodotto\/strausak-uno\/#primaryimage"},"thumbnailUrl":"https:\/\/www.rollomatic.ch\/wp-content\/uploads\/STRAUSAK-ONE-SHINY_1.webp","datePublished":"2025-04-09T09:37:58+00:00","dateModified":"2025-09-16T07:32:23+00:00","breadcrumb":{"@id":"https:\/\/www.rollomatic.ch\/it\/prodotto\/strausak-uno\/#breadcrumb"},"inLanguage":"it-IT","potentialAction":[{"@type":"ReadAction","target":["https:\/\/www.rollomatic.ch\/it\/prodotto\/strausak-uno\/"]}]},{"@type":"ImageObject","inLanguage":"it-IT","@id":"https:\/\/www.rollomatic.ch\/it\/prodotto\/strausak-uno\/#primaryimage","url":"https:\/\/www.rollomatic.ch\/wp-content\/uploads\/STRAUSAK-ONE-SHINY_1.webp","contentUrl":"https:\/\/www.rollomatic.ch\/wp-content\/uploads\/STRAUSAK-ONE-SHINY_1.webp","width":2560,"height":1440},{"@type":"BreadcrumbList","@id":"https:\/\/www.rollomatic.ch\/it\/prodotto\/strausak-uno\/#breadcrumb","itemListElement":[{"@type":"ListItem","position":1,"name":"Home","item":"https:\/\/www.rollomatic.ch\/it\/"},{"@type":"ListItem","position":2,"name":"Catalogo","item":"https:\/\/www.rollomatic.ch\/it\/catalogo\/"},{"@type":"ListItem","position":3,"name":"Strausak ONE"}]},{"@type":"WebSite","@id":"https:\/\/www.rollomatic.ch\/it\/#website","url":"https:\/\/www.rollomatic.ch\/it\/","name":"Rollomatic","description":"","publisher":{"@id":"https:\/\/www.rollomatic.ch\/it\/#organization"},"potentialAction":[{"@type":"SearchAction","target":{"@type":"EntryPoint","urlTemplate":"https:\/\/www.rollomatic.ch\/it\/?s={search_term_string}"},"query-input":{"@type":"PropertyValueSpecification","valueRequired":true,"valueName":"search_term_string"}}],"inLanguage":"it-IT"},{"@type":"Organization","@id":"https:\/\/www.rollomatic.ch\/it\/#organization","name":"Rollomatic S.A.","url":"https:\/\/www.rollomatic.ch\/it\/","logo":{"@type":"ImageObject","inLanguage":"it-IT","@id":"https:\/\/www.rollomatic.ch\/it\/#\/schema\/logo\/image\/","url":"https:\/\/www.rollomatic.ch\/wp-content\/uploads\/logomark_300.png","contentUrl":"https:\/\/www.rollomatic.ch\/wp-content\/uploads\/logomark_300.png","width":300,"height":169,"caption":"Rollomatic S.A."},"image":{"@id":"https:\/\/www.rollomatic.ch\/it\/#\/schema\/logo\/image\/"},"sameAs":["https:\/\/www.facebook.com\/rollomatic\/","https:\/\/x.com\/rollomatics","https:\/\/www.linkedin.com\/company\/rollomatic-sa\/"]}]}},"_links":{"self":[{"href":"https:\/\/www.rollomatic.ch\/it\/wp-json\/wp\/v2\/product\/33371","targetHints":{"allow":["GET"]}}],"collection":[{"href":"https:\/\/www.rollomatic.ch\/it\/wp-json\/wp\/v2\/product"}],"about":[{"href":"https:\/\/www.rollomatic.ch\/it\/wp-json\/wp\/v2\/types\/product"}],"wp:featuredmedia":[{"embeddable":true,"href":"https:\/\/www.rollomatic.ch\/it\/wp-json\/wp\/v2\/media\/14881"}],"wp:attachment":[{"href":"https:\/\/www.rollomatic.ch\/it\/wp-json\/wp\/v2\/media?parent=33371"}],"wp:term":[{"taxonomy":"industry","embeddable":true,"href":"https:\/\/www.rollomatic.ch\/it\/wp-json\/wp\/v2\/industry?post=33371"},{"taxonomy":"tool-material","embeddable":true,"href":"https:\/\/www.rollomatic.ch\/it\/wp-json\/wp\/v2\/tool-material?post=33371"},{"taxonomy":"tool-range","embeddable":true,"href":"https:\/\/www.rollomatic.ch\/it\/wp-json\/wp\/v2\/tool-range?post=33371"},{"taxonomy":"tool-type","embeddable":true,"href":"https:\/\/www.rollomatic.ch\/it\/wp-json\/wp\/v2\/tool-type?post=33371"},{"taxonomy":"product_brand","embeddable":true,"href":"https:\/\/www.rollomatic.ch\/it\/wp-json\/wp\/v2\/product_brand?post=33371"},{"taxonomy":"product_cat","embeddable":true,"href":"https:\/\/www.rollomatic.ch\/it\/wp-json\/wp\/v2\/product_cat?post=33371"},{"taxonomy":"product_tag","embeddable":true,"href":"https:\/\/www.rollomatic.ch\/it\/wp-json\/wp\/v2\/product_tag?post=33371"}],"curies":[{"name":"wp","href":"https:\/\/api.w.org\/{rel}","templated":true}]}}