{"id":32437,"date":"2025-04-09T08:07:10","date_gmt":"2025-04-09T08:07:10","guid":{"rendered":"https:\/\/www.rollomatic.ch\/politica-de-privacidade\/"},"modified":"2025-05-15T05:20:21","modified_gmt":"2025-05-15T05:20:21","slug":"politica-de-privacidade","status":"publish","type":"page","link":"https:\/\/www.rollomatic.ch\/pt-br\/politica-de-privacidade\/","title":{"rendered":"Pol\u00edtica de Privacidade"},"content":{"rendered":"\n\t<section class=\"section\" id=\"section_471657019\">\n\t\t<div class=\"section-bg fill\" >\n\t\t\t\t\t\t\t\t\t\n\t\t\t\n\n\t\t<\/div>\n\n\t\t\n\n\t\t<div class=\"section-content relative\">\n\t\t\t\n<div class=\"row\"  id=\"row-2105764031\">\n\n\t<div id=\"col-1038326574\" class=\"col small-12 large-12\"  >\n\t\t\t\t<div class=\"col-inner\"  >\n\t\t\t\n\t\t\t\n<h3>Pol\u00edtica de cookies e gest\u00e3o de dados<\/h3>\n<div class=\"is-divider divider clearfix\" style=\"margin-top:10px;margin-bottom:10px;max-width:100%;height:1px;\"><\/div>\n\t\t<\/div>\n\t\t\t\t\t<\/div>\n\n\t\n\n\t<div id=\"col-2065893930\" class=\"col medium-11 small-12 large-11\"  >\n\t\t\t\t<div class=\"col-inner\"  >\n\t\t\t\n\t\t\t\n<h4>Pol\u00edtica de Prote\u00e7\u00e3o de Dados<\/h4>\n<p>Nos preocupamos com a confidencialidade dos seus dados pessoais e damos grande import\u00e2ncia a isso. Por esta raz\u00e3o, queremos informar de forma transparente e clara que esses dados s\u00e3o tratados de maneira totalmente confidencial e n\u00e3o s\u00e3o vendidos a terceiros. Os dados pessoais comunicados (e-mail, formul\u00e1rio online) s\u00e3o usados exclusivamente para respostas e n\u00e3o s\u00e3o usados para outros fins.<\/p>\n\t\t<\/div>\n\t\t\t\t\n<style>\n#col-2065893930 > .col-inner {\n  padding: 0px 0px 15px 0px;\n}\n<\/style>\n\t<\/div>\n\n\t\n\n\t<div id=\"col-1023209528\" class=\"col medium-11 small-12 large-11\"  >\n\t\t\t\t<div class=\"col-inner\"  >\n\t\t\t\n\t\t\t\n<h4>Acesso Seguro<\/h4>\n<p>Para proteger nossos dados e sistemas (ex: WiFi para convidados, FileCloud, myRollomatic, Digital Rollo World), alguns dados pessoais como nome, e-mail, n\u00famero de celular, etc. podem ser solicitados para validar a legitimidade do acesso.<\/p>\n<p>Se deseja informa\u00e7\u00f5es mais detalhadas sobre nossa pol\u00edtica de prote\u00e7\u00e3o de dados, por favor contate legal(at)rollomatic.ch.<\/p>\n\t\t<\/div>\n\t\t\t\t\n<style>\n#col-1023209528 > .col-inner {\n  padding: 0px 0px 15px 0px;\n}\n<\/style>\n\t<\/div>\n\n\t\n\n\t<div id=\"col-405477494\" class=\"col medium-11 small-12 large-11\"  >\n\t\t\t\t<div class=\"col-inner\"  >\n\t\t\t\n\t\t\t\n<h4>Pol\u00edtica de Gest\u00e3o de Cookies<\/h4>\n<p>Ao visitar rollomatic.ch, cookies s\u00e3o colocados no seu computador, celular ou tablet.<\/p>\n<p>O cookie \u00e9 uma informa\u00e7\u00e3o armazenada no seu disco r\u00edgido pelo servidor do site ou por um aplicativo m\u00f3vel que voc\u00ea visita.<\/p>\n<p>Ele cont\u00e9m v\u00e1rios dados:<\/p>\n<ul>\n<li>O nome do servidor que o gravou<\/li>\n<li>Um identificador em forma de n\u00famero \u00fanico<\/li>\n<li>Possivelmente uma data de expira\u00e7\u00e3o<\/li>\n<\/ul>\n<p>No seu computador, os cookies s\u00e3o geridos pelo seu navegador de internet (Internet Explorer, Firefox, Safari ou Google Chrome).<\/p>\n\t\t<\/div>\n\t\t\t\t\n<style>\n#col-405477494 > .col-inner {\n  padding: 0px 0px 30px 0px;\n}\n<\/style>\n\t<\/div>\n\n\t\n\n\t<div id=\"col-1276263140\" class=\"col medium-11 small-12 large-11\"  >\n\t\t\t\t<div class=\"col-inner\"  >\n\t\t\t\n\t\t\t\n<h4>Quais s\u00e3o os diferentes tipos de cookies usados em nossos sites?<\/h4>\n<p>V\u00e1rios tipos de cookies s\u00e3o usados no rollomatic.ch, e eles t\u00eam diferentes prop\u00f3sitos.<\/p>\n\t<div id=\"gap-1713291756\" class=\"gap-element clearfix\" style=\"display:block; height:auto;\">\n\t\t\n<style>\n#gap-1713291756 {\n  padding-top: 15px;\n}\n<\/style>\n\t<\/div>\n\t\n<h5>Cookies Essenciais<\/h5>\n<p>Esses cookies s\u00e3o essenciais para permitir que voc\u00ea navegue em nosso site e use todas as funcionalidades.<\/p>\n\t<div id=\"gap-8886418\" class=\"gap-element clearfix\" style=\"display:block; height:auto;\">\n\t\t\n<style>\n#gap-8886418 {\n  padding-top: 15px;\n}\n<\/style>\n\t<\/div>\n\t\n<h5>Cookies de Desempenho<\/h5>\n<p>Esses cookies coletam informa\u00e7\u00f5es sobre o uso de nossos sites, como as p\u00e1ginas mais visualizadas. Esses dados nos permitem otimizar nossos sites e simplificar a navega\u00e7\u00e3o. Esses cookies tamb\u00e9m permitem que nossos afiliados saibam se voc\u00ea acessou um de nossos sites a partir do site deles e se sua visita resultou no uso de um servi\u00e7o do nosso site, incluindo as refer\u00eancias necess\u00e1rias. Esses cookies n\u00e3o coletam informa\u00e7\u00f5es para identific\u00e1-lo. Todas as informa\u00e7\u00f5es coletadas s\u00e3o agrupadas e permanecem an\u00f4nimas.<\/p>\n\t<div id=\"gap-1848319293\" class=\"gap-element clearfix\" style=\"display:block; height:auto;\">\n\t\t\n<style>\n#gap-1848319293 {\n  padding-top: 15px;\n}\n<\/style>\n\t<\/div>\n\t\n<h5>Cookies de Funcionalidade<\/h5>\n<p>Esses cookies permitem que nossos sites lembrem-se das escolhas que voc\u00ea fez enquanto navegava. Por exemplo, podemos armazenar sua localiza\u00e7\u00e3o em um cookie para exibir o site que corresponde melhor \u00e0 sua \u00e1rea. Podemos tamb\u00e9m lembrar de suas prefer\u00eancias, como tamanho do texto, fonte e outros elementos personaliz\u00e1veis do site. Os cookies podem tamb\u00e9m ser utilizados para rastrear produtos ou v\u00eddeos assistidos para evitar repeti\u00e7\u00f5es. As informa\u00e7\u00f5es coletadas com esses cookies n\u00e3o o identificam e n\u00e3o podem rastrear sua atividade de navega\u00e7\u00e3o em sites que n\u00e3o pertencem \u00e0 Rollomatic.<\/p>\n<p>Voc\u00ea poder\u00e1 encontrar cookies de terceiros em certas p\u00e1ginas de nosso site que n\u00e3o controlamos. Por exemplo, refer\u00eancias e links para outros sites n\u00e3o s\u00e3o responsabilidade da Rollomatic. O acesso a esses sites e seu uso s\u00e3o de risco do usu\u00e1rio. A Rollomatic declara expressamente que n\u00e3o tem influ\u00eancia sobre a forma, conte\u00fado e ofertas dos sites para os quais eles referem. As informa\u00e7\u00f5es e servi\u00e7os oferecidos por esses sites s\u00e3o de total responsabilidade de seus autores. A Rollomatic declina qualquer responsabilidade por tais sites.<\/p>\n\t\t<\/div>\n\t\t\t\t\n<style>\n#col-1276263140 > .col-inner {\n  padding: 0px 0px 30px 0px;\n}\n<\/style>\n\t<\/div>\n\n\t\n\n\t<div id=\"col-201528376\" class=\"col medium-11 small-12 large-11\"  >\n\t\t\t\t<div class=\"col-inner\"  >\n\t\t\t\n\t\t\t\n<h4>Como aceitar ou recusar cookies?<\/h4>\n<p>Lembramos que a configura\u00e7\u00e3o pode alterar suas condi\u00e7\u00f5es de acesso aos nossos servi\u00e7os que exigem o uso de cookies.<\/p>\n<p>A maioria dos navegadores permite gerenciar seus cookies favoritos. Voc\u00ea pode configurar seu navegador para recusar ou excluir alguns cookies. Geralmente, voc\u00ea pode gerenciar tecnologias semelhantes da mesma maneira, usando seus navegadores favoritos.<\/p>\n<p>Os seguintes links mostram como definir cookies de acordo com os navegadores:<\/p>\n<ul>\n<li><a href=\"https:\/\/support.microsoft.com\/en-us\/help\/17442\/windows-internet-explorer-delete-manage-cookies\" target=\"_blank\" rel=\"noopener\">Internet Explorer<\/a><\/li>\n<li><a href=\"https:\/\/support.mozilla.org\/fr\/kb\/autoriser-bloquer-cookies-preferences-sites?redirectlocale=fr&amp;redirectslug=activer-desactiver-cookies\" target=\"_blank\" rel=\"noopener\">Mozilla Firefox<\/a><\/li>\n<li><a href=\"https:\/\/support.google.com\/chrome\/answer\/95647?hl=fr\" target=\"_blank\" rel=\"noopener\">Google Chrome<\/a><\/li>\n<li><a href=\"https:\/\/support.apple.com\/kb\/PH19214?locale=fr_CH&amp;viewlocale=fr_FR\" target=\"_blank\" rel=\"noopener\">Safari<\/a><\/li>\n<\/ul>\n<p>Se deseja informa\u00e7\u00f5es mais detalhadas sobre nossa pol\u00edtica de prote\u00e7\u00e3o de dados, por favor contate legal(at)rollomatic.ch.<\/p>\n\t\t<\/div>\n\t\t\t\t\n<style>\n#col-201528376 > .col-inner {\n  padding: 0px 0px 50px 0px;\n}\n<\/style>\n\t<\/div>\n\n\t\n\n\t<div id=\"col-2021000333\" class=\"col small-12 large-12\"  >\n\t\t\t\t<div class=\"col-inner\"  >\n\t\t\t\n\t\t\t\n<h3>Inscri\u00e7\u00e3o na Newsletter<\/h3>\n<div class=\"is-divider divider clearfix\" style=\"margin-top:10px;margin-bottom:10px;max-width:100%;height:1px;\"><\/div>\n\t\t<\/div>\n\t\t\t\t\t<\/div>\n\n\t\n\n\t<div id=\"col-403127699\" class=\"col small-12 large-12\"  >\n\t\t\t\t<div class=\"col-inner\"  >\n\t\t\t\n\t\t\t\n<p>Valorizamos o respeito por seus dados pessoais. Por esta raz\u00e3o, queremos informar de forma transparente e clara que esses dados s\u00e3o tratados de maneira totalmente confidencial e n\u00e3o s\u00e3o vendidos a terceiros. Os dados pessoais comunicados (e-mail, formul\u00e1rio online) s\u00e3o usados exclusivamente para respostas, s\u00e3o usados apenas no contexto de nossa newsletter e n\u00e3o s\u00e3o utilizados para outros fins.<\/p>\n\t\t<\/div>\n\t\t\t\t\n<style>\n#col-403127699 > .col-inner {\n  padding: 0px 0px 50px 0px;\n}\n<\/style>\n\t<\/div>\n\n\t\n\n\t<div id=\"col-1882126421\" class=\"col small-12 large-12\"  >\n\t\t\t\t<div class=\"col-inner\"  >\n\t\t\t\n\t\t\t\n<h3>GDPR Rollomatic<\/h3>\n<div class=\"is-divider divider clearfix\" style=\"margin-top:10px;margin-bottom:10px;max-width:100%;height:1px;\"><\/div>\n\t\t<\/div>\n\t\t\t\t\t<\/div>\n\n\t\n\n\t<div id=\"col-1490449510\" class=\"col small-12 large-12\"  >\n\t\t\t\t<div class=\"col-inner\"  >\n\t\t\t\n\t\t\t\n<a href=\"https:\/\/www.rollomatic.ch\/wp-content\/uploads\/ROLLOMATIC-INTERNAL-PRIVACY-POLICY-DATA-PROTECTION-DECLARATION-1.pdf\" target=\"_blank\" class=\"button primary is-link\" rel=\"noopener\" >\n\t\t<span>(PDF) Diretriz GDPR Rollomatic<\/span>\n\t<\/a>\n\n\t\t<\/div>\n\t\t\t\t\n<style>\n#col-1490449510 > .col-inner {\n  padding: 0px 0px 50px 0px;\n}\n<\/style>\n\t<\/div>\n\n\t\n\n\t<div id=\"col-1536493650\" class=\"col small-12 large-12\"  >\n\t\t\t\t<div class=\"col-inner\"  >\n\t\t\t\n\t\t\t\n<div class=\"is-divider divider clearfix\" style=\"margin-top:10px;margin-bottom:10px;max-width:100%;height:1px;\"><\/div>\n<p>Se deseja informa\u00e7\u00f5es mais detalhadas sobre nossa pol\u00edtica de prote\u00e7\u00e3o de dados, por favor contate <a href=\"mailto:legal@rollomatic.ch\">legal(at)rollomatic.ch<\/a>.<\/p>\n\t\t<\/div>\n\t\t\t\t\n<style>\n#col-1536493650 > .col-inner {\n  padding: 0px 0px 30px 0px;\n}\n<\/style>\n\t<\/div>\n\n\t\n<\/div>\n\t\t<\/div>\n\n\t\t\n<style>\n#section_471657019 {\n  padding-top: 30px;\n  padding-bottom: 30px;\n}\n<\/style>\n\t<\/section>\n\t\n","protected":false},"excerpt":{"rendered":"","protected":false},"author":20,"featured_media":0,"parent":0,"menu_order":0,"comment_status":"closed","ping_status":"closed","template":"","meta":{"_acf_changed":false,"footnotes":""},"class_list":["post-32437","page","type-page","status-publish","hentry"],"acf":[],"yoast_head":"<!-- This site is optimized with the Yoast SEO plugin v27.0 - https:\/\/yoast.com\/product\/yoast-seo-wordpress\/ -->\n<title>Pol\u00edtica de Privacidade | Rollomatic USA<\/title>\n<meta name=\"robots\" content=\"index, follow, max-snippet:-1, max-image-preview:large, max-video-preview:-1\" \/>\n<link rel=\"canonical\" href=\"https:\/\/www.rollomatic.ch\/pt-br\/politica-de-privacidade\/\" \/>\n<meta property=\"og:locale\" content=\"pt_BR\" \/>\n<meta property=\"og:type\" content=\"article\" \/>\n<meta property=\"og:title\" content=\"Pol\u00edtica de Privacidade | Rollomatic USA\" \/>\n<meta property=\"og:url\" content=\"https:\/\/www.rollomatic.ch\/pt-br\/politica-de-privacidade\/\" \/>\n<meta property=\"og:site_name\" content=\"Rollomatic\" \/>\n<meta property=\"article:publisher\" content=\"https:\/\/www.facebook.com\/rollomatic\/\" \/>\n<meta property=\"article:modified_time\" content=\"2025-05-15T05:20:21+00:00\" \/>\n<meta name=\"twitter:card\" content=\"summary_large_image\" \/>\n<meta name=\"twitter:site\" content=\"@rollomatics\" \/>\n<meta name=\"twitter:label1\" content=\"Est. tempo de leitura\" \/>\n\t<meta name=\"twitter:data1\" content=\"5 minutos\" \/>\n<script type=\"application\/ld+json\" class=\"yoast-schema-graph\">{\"@context\":\"https:\/\/schema.org\",\"@graph\":[{\"@type\":\"WebPage\",\"@id\":\"https:\/\/www.rollomatic.ch\/pt-br\/politica-de-privacidade\/\",\"url\":\"https:\/\/www.rollomatic.ch\/pt-br\/politica-de-privacidade\/\",\"name\":\"Pol\u00edtica de Privacidade | Rollomatic USA\",\"isPartOf\":{\"@id\":\"https:\/\/www.rollomatic.ch\/pt-br\/#website\"},\"datePublished\":\"2025-04-09T08:07:10+00:00\",\"dateModified\":\"2025-05-15T05:20:21+00:00\",\"breadcrumb\":{\"@id\":\"https:\/\/www.rollomatic.ch\/pt-br\/politica-de-privacidade\/#breadcrumb\"},\"inLanguage\":\"pt-BR\",\"potentialAction\":[{\"@type\":\"ReadAction\",\"target\":[\"https:\/\/www.rollomatic.ch\/pt-br\/politica-de-privacidade\/\"]}]},{\"@type\":\"BreadcrumbList\",\"@id\":\"https:\/\/www.rollomatic.ch\/pt-br\/politica-de-privacidade\/#breadcrumb\",\"itemListElement\":[{\"@type\":\"ListItem\",\"position\":1,\"name\":\"Home\",\"item\":\"https:\/\/www.rollomatic.ch\/pt-br\/\"},{\"@type\":\"ListItem\",\"position\":2,\"name\":\"Pol\u00edtica de Privacidade\"}]},{\"@type\":\"WebSite\",\"@id\":\"https:\/\/www.rollomatic.ch\/pt-br\/#website\",\"url\":\"https:\/\/www.rollomatic.ch\/pt-br\/\",\"name\":\"Rollomatic\",\"description\":\"\",\"publisher\":{\"@id\":\"https:\/\/www.rollomatic.ch\/pt-br\/#organization\"},\"potentialAction\":[{\"@type\":\"SearchAction\",\"target\":{\"@type\":\"EntryPoint\",\"urlTemplate\":\"https:\/\/www.rollomatic.ch\/pt-br\/?s={search_term_string}\"},\"query-input\":{\"@type\":\"PropertyValueSpecification\",\"valueRequired\":true,\"valueName\":\"search_term_string\"}}],\"inLanguage\":\"pt-BR\"},{\"@type\":\"Organization\",\"@id\":\"https:\/\/www.rollomatic.ch\/pt-br\/#organization\",\"name\":\"Rollomatic S.A.\",\"url\":\"https:\/\/www.rollomatic.ch\/pt-br\/\",\"logo\":{\"@type\":\"ImageObject\",\"inLanguage\":\"pt-BR\",\"@id\":\"https:\/\/www.rollomatic.ch\/pt-br\/#\/schema\/logo\/image\/\",\"url\":\"https:\/\/www.rollomatic.ch\/wp-content\/uploads\/logomark_300.png\",\"contentUrl\":\"https:\/\/www.rollomatic.ch\/wp-content\/uploads\/logomark_300.png\",\"width\":300,\"height\":169,\"caption\":\"Rollomatic S.A.\"},\"image\":{\"@id\":\"https:\/\/www.rollomatic.ch\/pt-br\/#\/schema\/logo\/image\/\"},\"sameAs\":[\"https:\/\/www.facebook.com\/rollomatic\/\",\"https:\/\/x.com\/rollomatics\",\"https:\/\/www.linkedin.com\/company\/rollomatic-sa\/\"]}]}<\/script>\n<!-- \/ Yoast SEO plugin. -->","yoast_head_json":{"title":"Pol\u00edtica de Privacidade | Rollomatic USA","robots":{"index":"index","follow":"follow","max-snippet":"max-snippet:-1","max-image-preview":"max-image-preview:large","max-video-preview":"max-video-preview:-1"},"canonical":"https:\/\/www.rollomatic.ch\/pt-br\/politica-de-privacidade\/","og_locale":"pt_BR","og_type":"article","og_title":"Pol\u00edtica de Privacidade | Rollomatic USA","og_url":"https:\/\/www.rollomatic.ch\/pt-br\/politica-de-privacidade\/","og_site_name":"Rollomatic","article_publisher":"https:\/\/www.facebook.com\/rollomatic\/","article_modified_time":"2025-05-15T05:20:21+00:00","twitter_card":"summary_large_image","twitter_site":"@rollomatics","twitter_misc":{"Est. tempo de leitura":"5 minutos"},"schema":{"@context":"https:\/\/schema.org","@graph":[{"@type":"WebPage","@id":"https:\/\/www.rollomatic.ch\/pt-br\/politica-de-privacidade\/","url":"https:\/\/www.rollomatic.ch\/pt-br\/politica-de-privacidade\/","name":"Pol\u00edtica de Privacidade | Rollomatic USA","isPartOf":{"@id":"https:\/\/www.rollomatic.ch\/pt-br\/#website"},"datePublished":"2025-04-09T08:07:10+00:00","dateModified":"2025-05-15T05:20:21+00:00","breadcrumb":{"@id":"https:\/\/www.rollomatic.ch\/pt-br\/politica-de-privacidade\/#breadcrumb"},"inLanguage":"pt-BR","potentialAction":[{"@type":"ReadAction","target":["https:\/\/www.rollomatic.ch\/pt-br\/politica-de-privacidade\/"]}]},{"@type":"BreadcrumbList","@id":"https:\/\/www.rollomatic.ch\/pt-br\/politica-de-privacidade\/#breadcrumb","itemListElement":[{"@type":"ListItem","position":1,"name":"Home","item":"https:\/\/www.rollomatic.ch\/pt-br\/"},{"@type":"ListItem","position":2,"name":"Pol\u00edtica de Privacidade"}]},{"@type":"WebSite","@id":"https:\/\/www.rollomatic.ch\/pt-br\/#website","url":"https:\/\/www.rollomatic.ch\/pt-br\/","name":"Rollomatic","description":"","publisher":{"@id":"https:\/\/www.rollomatic.ch\/pt-br\/#organization"},"potentialAction":[{"@type":"SearchAction","target":{"@type":"EntryPoint","urlTemplate":"https:\/\/www.rollomatic.ch\/pt-br\/?s={search_term_string}"},"query-input":{"@type":"PropertyValueSpecification","valueRequired":true,"valueName":"search_term_string"}}],"inLanguage":"pt-BR"},{"@type":"Organization","@id":"https:\/\/www.rollomatic.ch\/pt-br\/#organization","name":"Rollomatic S.A.","url":"https:\/\/www.rollomatic.ch\/pt-br\/","logo":{"@type":"ImageObject","inLanguage":"pt-BR","@id":"https:\/\/www.rollomatic.ch\/pt-br\/#\/schema\/logo\/image\/","url":"https:\/\/www.rollomatic.ch\/wp-content\/uploads\/logomark_300.png","contentUrl":"https:\/\/www.rollomatic.ch\/wp-content\/uploads\/logomark_300.png","width":300,"height":169,"caption":"Rollomatic S.A."},"image":{"@id":"https:\/\/www.rollomatic.ch\/pt-br\/#\/schema\/logo\/image\/"},"sameAs":["https:\/\/www.facebook.com\/rollomatic\/","https:\/\/x.com\/rollomatics","https:\/\/www.linkedin.com\/company\/rollomatic-sa\/"]}]}},"_links":{"self":[{"href":"https:\/\/www.rollomatic.ch\/pt-br\/wp-json\/wp\/v2\/pages\/32437","targetHints":{"allow":["GET"]}}],"collection":[{"href":"https:\/\/www.rollomatic.ch\/pt-br\/wp-json\/wp\/v2\/pages"}],"about":[{"href":"https:\/\/www.rollomatic.ch\/pt-br\/wp-json\/wp\/v2\/types\/page"}],"author":[{"embeddable":true,"href":"https:\/\/www.rollomatic.ch\/pt-br\/wp-json\/wp\/v2\/users\/20"}],"replies":[{"embeddable":true,"href":"https:\/\/www.rollomatic.ch\/pt-br\/wp-json\/wp\/v2\/comments?post=32437"}],"version-history":[{"count":0,"href":"https:\/\/www.rollomatic.ch\/pt-br\/wp-json\/wp\/v2\/pages\/32437\/revisions"}],"wp:attachment":[{"href":"https:\/\/www.rollomatic.ch\/pt-br\/wp-json\/wp\/v2\/media?parent=32437"}],"curies":[{"name":"wp","href":"https:\/\/api.w.org\/{rel}","templated":true}]}}