{"id":32584,"date":"2025-04-09T08:12:01","date_gmt":"2025-04-09T08:12:01","guid":{"rendered":"https:\/\/www.rollomatic.ch\/empregos\/"},"modified":"2025-05-15T05:17:45","modified_gmt":"2025-05-15T05:17:45","slug":"empregos","status":"publish","type":"page","link":"https:\/\/www.rollomatic.ch\/pt-br\/carreiras_old__trashed\/empregos\/","title":{"rendered":"Empregos"},"content":{"rendered":"\n\t<section class=\"section\" id=\"section_716244174\">\n\t\t<div class=\"section-bg fill\" >\n\t\t\t\t\t\t\t\t\t\n\t\t\t\n\n\t\t<\/div>\n\n\t\t\n\n\t\t<div class=\"section-content relative\">\n\t\t\t\n<div class=\"row\"  id=\"row-2100281897\">\n\n\t<div id=\"col-2043844366\" class=\"col small-12 large-12\"  >\n\t\t\t\t<div class=\"col-inner\"  >\n\t\t\t\n\t\t\t\n<h3><span data-text-color=\"primary\">Ofertas de emprego<\/span><\/h3>\n\t\t<\/div>\n\t\t\t\t\n<style>\n#col-2043844366 > .col-inner {\n  padding: 0px 0px 15px 0px;\n}\n<\/style>\n\t<\/div>\n\n\t\n<\/div>\n<div class=\"row\"  id=\"row-816750622\">\n\n\t<div id=\"col-1670890988\" class=\"col small-12 large-12\"  >\n\t\t\t\t<div class=\"col-inner\"  >\n\t\t\t\n\t\t\t\n\n<div class=\"row jobs-list\"><a href=\"https:\/\/www.rollomatic.ch\/pt-br\/careers\/jobs\/field-service-technician-h-f-100\/\" class=\"job-case-btn\"><div class=\"col large-6 medium-6 small-12\"><div class=\"col-inner cadre-job\" style=\"margin-bottom:30px;\"><p>06.02.2026<\/p><span data-text-color=\"secondary\"> <\/span><h3><span style=\"color:#003299;\">Field Service Technician (H\/F) 100%<\/span><\/h3>\t<div id=\"gap-784017242\" class=\"gap-element clearfix\" style=\"display:block; height:auto;\">\n\t\t\n<style>\n#gap-784017242 {\n  padding-top: 5px;\n}\n<\/style>\n\t<\/div>\n\t<p><strong>VOTRE MISSION :<\/strong><\/p>\n<ul>\n<li>R\u00e9alisation du service apr\u00e8s-vente chez nos clients suisses et internationaux<\/li>\n<li>Vous effectuez des d\u00e9pannages et des r\u00e9visions m\u00e9caniques et \u00e9lectriques chez nos clients<\/li>\n<li>Vous proc\u00e9dez \u00e0 l\u2019installation de nos machines<br \/>\n<strong>voir plus<\/strong><\/li>\n<\/ul>\n<a href=\"https:\/\/www.rollomatic.ch\/wp-content\/uploads\/20260502_FST.pdf\" target=\"_blank\" class=\"button primary\" rel=\"noopener\" >\n\t\t<span>PDF<\/span>\n\t<i class=\"icon-angle-down\" aria-hidden=\"true\"><\/i><\/a>\n<h6 class=\"detail-job\"><\/h6>\t<div id=\"gap-791652783\" class=\"gap-element clearfix\" style=\"display:block; height:auto;\">\n\t\t\n<style>\n#gap-791652783 {\n  padding-top: 15px;\n}\n<\/style>\n\t<\/div>\n\t<div class=\"row\"><div col=\"large-8 medium-6 small-12\"><div class=\"col-inner\"><a class=\"button white is-outline is-small job-tag\" >\n\t\t<span>Le Landeron<\/span>\n\t<\/a>\n <\/div><\/div><div col=\"large-4 medium-6 small-12\"><div class=\"col-inner\"><span class=\"dest\"> <\/span><\/div><\/div><\/div>\t<div id=\"gap-644874191\" class=\"gap-element clearfix\" style=\"display:block; height:auto;\">\n\t\t\n<style>\n#gap-644874191 {\n  padding-top: 15px;\n}\n<\/style>\n\t<\/div>\n\t<\/div><\/div><\/a><\/div>\n\n\t\t<\/div>\n\t\t\t\t\n<style>\n#col-1670890988 > .col-inner {\n  padding: 0px 0px 50px 0px;\n}\n<\/style>\n\t<\/div>\n\n\t\n<\/div>\n\t\t<\/div>\n\n\t\t\n<style>\n#section_716244174 {\n  padding-top: 30px;\n  padding-bottom: 30px;\n}\n<\/style>\n\t<\/section>\n\t\n\n\t<section class=\"section\" id=\"section_1194217490\">\n\t\t<div class=\"section-bg fill\" >\n\t\t\t\t\t\t\t\t\t\n\t\t\t\n\n\t\t<\/div>\n\n\t\t\n\n\t\t<div class=\"section-content relative\">\n\t\t\t\n<div class=\"row\"  id=\"row-649104152\">\n\n\t<div id=\"col-934689065\" class=\"col small-12 large-12\"  >\n\t\t\t\t<div class=\"col-inner\"  >\n\t\t\t\n\t\t\t\n<h3><span data-text-color=\"primary\">Aprendizagens, est\u00e1gios e Mestrados<\/span><\/h3>\n\t\t<\/div>\n\t\t\t\t\n<style>\n#col-934689065 > .col-inner {\n  padding: 0px 0px 15px 0px;\n}\n<\/style>\n\t<\/div>\n\n\t\n<\/div>\n<div class=\"row\"  id=\"row-606151823\">\n\n\t<div id=\"col-1273388907\" class=\"col small-12 large-12\"  >\n\t\t\t\t<div class=\"col-inner\"  >\n\t\t\t\n\t\t\t\n\n<div class=\"row jobs-list\"><a href=\"https:\/\/www.rollomatic.ch\/pt-br\/careers\/jobs\/epfl-master-internship-data-science\/\" class=\"job-case-btn\"><div class=\"col large-6 medium-6 small-12\"><div class=\"col-inner cadre-job\" style=\"margin-bottom:30px;\"><p>03.03.2026<\/p><span data-text-color=\"secondary\"> <\/span><h3><span style=\"color:#003299;\">EPFL Master Internship &#8211; Data Science<\/span><\/h3>\t<div id=\"gap-1994281128\" class=\"gap-element clearfix\" style=\"display:block; height:auto;\">\n\t\t\n<style>\n#gap-1994281128 {\n  padding-top: 5px;\n}\n<\/style>\n\t<\/div>\n\t<p><strong>YOUR MISSION:<\/strong><br \/>\n\u2022 Review and test the existing domain-specific translation solution<br \/>\n\u2022 Enrich and correct the multilingual technical glossary with company translation data<br \/>\n\u2022 Benchmark the current translation pipeline across candidate LLMs and define model adaptation<br \/>\ntechniques<br \/>\n\u2022 Enhance the existing evaluation metrics and define a model deployment strategy<\/p>\n<a href=\"https:\/\/www.rollomatic.ch\/wp-content\/uploads\/EPFL_Master_Internship_Data_Science_mars26_EN.pdf\" target=\"_blank\" class=\"button primary\" rel=\"noopener\" >\n\t\t<span>PDF<\/span>\n\t<i class=\"icon-angle-down\" aria-hidden=\"true\"><\/i><\/a>\n<h6 class=\"detail-job\"><\/h6>\t<div id=\"gap-1577592041\" class=\"gap-element clearfix\" style=\"display:block; height:auto;\">\n\t\t\n<style>\n#gap-1577592041 {\n  padding-top: 15px;\n}\n<\/style>\n\t<\/div>\n\t<div class=\"row\"><div col=\"large-8 medium-6 small-12\"><div class=\"col-inner\"><a class=\"button white is-outline is-small job-tag\" >\n\t\t<span>EPFL<\/span>\n\t<\/a>\n <a class=\"button white is-outline is-small job-tag\" >\n\t\t<span>Le Landeron<\/span>\n\t<\/a>\n <\/div><\/div><div col=\"large-4 medium-6 small-12\"><div class=\"col-inner\"><span class=\"dest\"> <\/span><\/div><\/div><\/div>\t<div id=\"gap-740289211\" class=\"gap-element clearfix\" style=\"display:block; height:auto;\">\n\t\t\n<style>\n#gap-740289211 {\n  padding-top: 15px;\n}\n<\/style>\n\t<\/div>\n\t<\/div><\/div><\/a><\/div>\n\n\t\t<\/div>\n\t\t\t\t\t<\/div>\n\n\t\n<\/div>\n\t\t<\/div>\n\n\t\t\n<style>\n#section_1194217490 {\n  padding-top: 30px;\n  padding-bottom: 30px;\n}\n<\/style>\n\t<\/section>\n\t\n","protected":false},"excerpt":{"rendered":"","protected":false},"author":20,"featured_media":0,"parent":32693,"menu_order":0,"comment_status":"closed","ping_status":"closed","template":"","meta":{"_acf_changed":false,"footnotes":""},"class_list":["post-32584","page","type-page","status-publish","hentry"],"acf":[],"yoast_head":"<!-- This site is optimized with the Yoast SEO plugin v27.0 - https:\/\/yoast.com\/product\/yoast-seo-wordpress\/ -->\n<title>Empregos - Rollomatic<\/title>\n<meta name=\"robots\" content=\"index, follow, max-snippet:-1, max-image-preview:large, max-video-preview:-1\" \/>\n<link rel=\"canonical\" href=\"https:\/\/www.rollomatic.ch\/pt-br\/carreiras_old__trashed\/empregos\/\" \/>\n<meta property=\"og:locale\" content=\"pt_BR\" \/>\n<meta property=\"og:type\" content=\"article\" \/>\n<meta property=\"og:title\" content=\"Empregos - Rollomatic\" \/>\n<meta property=\"og:url\" content=\"https:\/\/www.rollomatic.ch\/pt-br\/carreiras_old__trashed\/empregos\/\" \/>\n<meta property=\"og:site_name\" content=\"Rollomatic\" \/>\n<meta property=\"article:publisher\" content=\"https:\/\/www.facebook.com\/rollomatic\/\" \/>\n<meta property=\"article:modified_time\" content=\"2025-05-15T05:17:45+00:00\" \/>\n<meta name=\"twitter:card\" content=\"summary_large_image\" \/>\n<meta name=\"twitter:site\" content=\"@rollomatics\" \/>\n<meta name=\"twitter:label1\" content=\"Est. tempo de leitura\" \/>\n\t<meta name=\"twitter:data1\" content=\"1 minuto\" \/>\n<script type=\"application\/ld+json\" class=\"yoast-schema-graph\">{\"@context\":\"https:\/\/schema.org\",\"@graph\":[{\"@type\":\"WebPage\",\"@id\":\"https:\/\/www.rollomatic.ch\/pt-br\/carreiras_old__trashed\/empregos\/\",\"url\":\"https:\/\/www.rollomatic.ch\/pt-br\/carreiras_old__trashed\/empregos\/\",\"name\":\"Empregos - Rollomatic\",\"isPartOf\":{\"@id\":\"https:\/\/www.rollomatic.ch\/pt-br\/#website\"},\"datePublished\":\"2025-04-09T08:12:01+00:00\",\"dateModified\":\"2025-05-15T05:17:45+00:00\",\"breadcrumb\":{\"@id\":\"https:\/\/www.rollomatic.ch\/pt-br\/carreiras_old__trashed\/empregos\/#breadcrumb\"},\"inLanguage\":\"pt-BR\",\"potentialAction\":[{\"@type\":\"ReadAction\",\"target\":[\"https:\/\/www.rollomatic.ch\/pt-br\/carreiras_old__trashed\/empregos\/\"]}]},{\"@type\":\"BreadcrumbList\",\"@id\":\"https:\/\/www.rollomatic.ch\/pt-br\/carreiras_old__trashed\/empregos\/#breadcrumb\",\"itemListElement\":[{\"@type\":\"ListItem\",\"position\":1,\"name\":\"Home\",\"item\":\"https:\/\/www.rollomatic.ch\/pt-br\/\"},{\"@type\":\"ListItem\",\"position\":2,\"name\":\"Carreiras\",\"item\":\"https:\/\/www.rollomatic.ch\/pt-br\/?page_id=32693\"},{\"@type\":\"ListItem\",\"position\":3,\"name\":\"Empregos\"}]},{\"@type\":\"WebSite\",\"@id\":\"https:\/\/www.rollomatic.ch\/pt-br\/#website\",\"url\":\"https:\/\/www.rollomatic.ch\/pt-br\/\",\"name\":\"Rollomatic\",\"description\":\"\",\"publisher\":{\"@id\":\"https:\/\/www.rollomatic.ch\/pt-br\/#organization\"},\"potentialAction\":[{\"@type\":\"SearchAction\",\"target\":{\"@type\":\"EntryPoint\",\"urlTemplate\":\"https:\/\/www.rollomatic.ch\/pt-br\/?s={search_term_string}\"},\"query-input\":{\"@type\":\"PropertyValueSpecification\",\"valueRequired\":true,\"valueName\":\"search_term_string\"}}],\"inLanguage\":\"pt-BR\"},{\"@type\":\"Organization\",\"@id\":\"https:\/\/www.rollomatic.ch\/pt-br\/#organization\",\"name\":\"Rollomatic S.A.\",\"url\":\"https:\/\/www.rollomatic.ch\/pt-br\/\",\"logo\":{\"@type\":\"ImageObject\",\"inLanguage\":\"pt-BR\",\"@id\":\"https:\/\/www.rollomatic.ch\/pt-br\/#\/schema\/logo\/image\/\",\"url\":\"https:\/\/www.rollomatic.ch\/wp-content\/uploads\/logomark_300.png\",\"contentUrl\":\"https:\/\/www.rollomatic.ch\/wp-content\/uploads\/logomark_300.png\",\"width\":300,\"height\":169,\"caption\":\"Rollomatic S.A.\"},\"image\":{\"@id\":\"https:\/\/www.rollomatic.ch\/pt-br\/#\/schema\/logo\/image\/\"},\"sameAs\":[\"https:\/\/www.facebook.com\/rollomatic\/\",\"https:\/\/x.com\/rollomatics\",\"https:\/\/www.linkedin.com\/company\/rollomatic-sa\/\"]}]}<\/script>\n<!-- \/ Yoast SEO plugin. -->","yoast_head_json":{"title":"Empregos - Rollomatic","robots":{"index":"index","follow":"follow","max-snippet":"max-snippet:-1","max-image-preview":"max-image-preview:large","max-video-preview":"max-video-preview:-1"},"canonical":"https:\/\/www.rollomatic.ch\/pt-br\/carreiras_old__trashed\/empregos\/","og_locale":"pt_BR","og_type":"article","og_title":"Empregos - Rollomatic","og_url":"https:\/\/www.rollomatic.ch\/pt-br\/carreiras_old__trashed\/empregos\/","og_site_name":"Rollomatic","article_publisher":"https:\/\/www.facebook.com\/rollomatic\/","article_modified_time":"2025-05-15T05:17:45+00:00","twitter_card":"summary_large_image","twitter_site":"@rollomatics","twitter_misc":{"Est. tempo de leitura":"1 minuto"},"schema":{"@context":"https:\/\/schema.org","@graph":[{"@type":"WebPage","@id":"https:\/\/www.rollomatic.ch\/pt-br\/carreiras_old__trashed\/empregos\/","url":"https:\/\/www.rollomatic.ch\/pt-br\/carreiras_old__trashed\/empregos\/","name":"Empregos - Rollomatic","isPartOf":{"@id":"https:\/\/www.rollomatic.ch\/pt-br\/#website"},"datePublished":"2025-04-09T08:12:01+00:00","dateModified":"2025-05-15T05:17:45+00:00","breadcrumb":{"@id":"https:\/\/www.rollomatic.ch\/pt-br\/carreiras_old__trashed\/empregos\/#breadcrumb"},"inLanguage":"pt-BR","potentialAction":[{"@type":"ReadAction","target":["https:\/\/www.rollomatic.ch\/pt-br\/carreiras_old__trashed\/empregos\/"]}]},{"@type":"BreadcrumbList","@id":"https:\/\/www.rollomatic.ch\/pt-br\/carreiras_old__trashed\/empregos\/#breadcrumb","itemListElement":[{"@type":"ListItem","position":1,"name":"Home","item":"https:\/\/www.rollomatic.ch\/pt-br\/"},{"@type":"ListItem","position":2,"name":"Carreiras","item":"https:\/\/www.rollomatic.ch\/pt-br\/?page_id=32693"},{"@type":"ListItem","position":3,"name":"Empregos"}]},{"@type":"WebSite","@id":"https:\/\/www.rollomatic.ch\/pt-br\/#website","url":"https:\/\/www.rollomatic.ch\/pt-br\/","name":"Rollomatic","description":"","publisher":{"@id":"https:\/\/www.rollomatic.ch\/pt-br\/#organization"},"potentialAction":[{"@type":"SearchAction","target":{"@type":"EntryPoint","urlTemplate":"https:\/\/www.rollomatic.ch\/pt-br\/?s={search_term_string}"},"query-input":{"@type":"PropertyValueSpecification","valueRequired":true,"valueName":"search_term_string"}}],"inLanguage":"pt-BR"},{"@type":"Organization","@id":"https:\/\/www.rollomatic.ch\/pt-br\/#organization","name":"Rollomatic S.A.","url":"https:\/\/www.rollomatic.ch\/pt-br\/","logo":{"@type":"ImageObject","inLanguage":"pt-BR","@id":"https:\/\/www.rollomatic.ch\/pt-br\/#\/schema\/logo\/image\/","url":"https:\/\/www.rollomatic.ch\/wp-content\/uploads\/logomark_300.png","contentUrl":"https:\/\/www.rollomatic.ch\/wp-content\/uploads\/logomark_300.png","width":300,"height":169,"caption":"Rollomatic S.A."},"image":{"@id":"https:\/\/www.rollomatic.ch\/pt-br\/#\/schema\/logo\/image\/"},"sameAs":["https:\/\/www.facebook.com\/rollomatic\/","https:\/\/x.com\/rollomatics","https:\/\/www.linkedin.com\/company\/rollomatic-sa\/"]}]}},"_links":{"self":[{"href":"https:\/\/www.rollomatic.ch\/pt-br\/wp-json\/wp\/v2\/pages\/32584","targetHints":{"allow":["GET"]}}],"collection":[{"href":"https:\/\/www.rollomatic.ch\/pt-br\/wp-json\/wp\/v2\/pages"}],"about":[{"href":"https:\/\/www.rollomatic.ch\/pt-br\/wp-json\/wp\/v2\/types\/page"}],"author":[{"embeddable":true,"href":"https:\/\/www.rollomatic.ch\/pt-br\/wp-json\/wp\/v2\/users\/20"}],"replies":[{"embeddable":true,"href":"https:\/\/www.rollomatic.ch\/pt-br\/wp-json\/wp\/v2\/comments?post=32584"}],"version-history":[{"count":0,"href":"https:\/\/www.rollomatic.ch\/pt-br\/wp-json\/wp\/v2\/pages\/32584\/revisions"}],"up":[{"embeddable":true,"href":"https:\/\/www.rollomatic.ch\/pt-br\/wp-json\/wp\/v2\/pages\/32693"}],"wp:attachment":[{"href":"https:\/\/www.rollomatic.ch\/pt-br\/wp-json\/wp\/v2\/media?parent=32584"}],"curies":[{"name":"wp","href":"https:\/\/api.w.org\/{rel}","templated":true}]}}