{"id":32824,"date":"2025-04-09T09:16:27","date_gmt":"2025-04-09T09:16:27","guid":{"rendered":"https:\/\/www.rollomatic.ch\/pesquisa-e-desenvolvimento-suica\/"},"modified":"2025-05-15T05:19:26","modified_gmt":"2025-05-15T05:19:26","slug":"pesquisa-e-desenvolvimento-suica","status":"publish","type":"page","link":"https:\/\/www.rollomatic.ch\/pt-br\/pesquisa-e-desenvolvimento-suica\/","title":{"rendered":"Pesquisa e Desenvolvimento Su\u00ed\u00e7a"},"content":{"rendered":"\n\t<section class=\"section dark\" id=\"section_1564530310\">\n\t\t<div class=\"section-bg fill\" >\n\t\t\t\t\t\t\t\t\t\n\t\t\t\n\n\t\t<\/div>\n\n\t\t\n\n\t\t<div class=\"section-content relative\">\n\t\t\t\n<div class=\"row align-center\"  id=\"row-452771468\">\n\n\t<div id=\"col-82207041\" class=\"col medium-10 small-12 large-10\"  >\n\t\t\t\t<div class=\"col-inner text-center\"  >\n\t\t\t\n\t\t\t\n<p class=\"lead\">A Rollomatic busca inova\u00e7\u00e3o todos os dias.<\/p>\n<p class=\"lead\">Uma das principais maneiras que a Rollomatic lidera na ind\u00fastria \u00e9 desenvolvendo Moagem Aut\u00f4noma Inteligente.<\/p>\n<p class=\"lead\">A Rollomatic ajuda os clientes ao longo de sua jornada em automa\u00e7\u00e3o, e as f\u00e1bricas inteligentes mais automatizadas est\u00e3o realizando a Moagem Aut\u00f4noma Inteligente da Rollomatic.<\/p>\n\t\t<\/div>\n\t\t\t\t\t<\/div>\n\n\t\n<\/div>\n\t\t<\/div>\n\n\t\t\n<style>\n#section_1564530310 {\n  padding-top: 50px;\n  padding-bottom: 50px;\n  background-color: #003399;\n}\n<\/style>\n\t<\/section>\n\t\n\n\t<section class=\"section\" id=\"section_934073237\">\n\t\t<div class=\"section-bg fill\" >\n\t\t\t\t\t\t\t\t\t\n\t\t\t\n\n\t\t<\/div>\n\n\t\t\n\n\t\t<div class=\"section-content relative\">\n\t\t\t\n<div class=\"row\"  id=\"row-981855596\">\n\n\t<div id=\"col-1675365166\" class=\"col small-12 large-12\"  >\n\t\t\t\t<div class=\"col-inner text-center\"  >\n\t\t\t\n\t\t\t\n<h5>A Rollomatic na Su\u00ed\u00e7a tamb\u00e9m participa do EPFL e SIPBB.<\/h5>\n\t\t<\/div>\n\t\t\t\t\n<style>\n#col-1675365166 > .col-inner {\n  padding: 0px 0px 30px 0px;\n}\n<\/style>\n\t<\/div>\n\n\t\n<\/div>\n<div class=\"row\"  id=\"row-1310707512\">\n\n\t<div id=\"col-673369229\" class=\"col medium-6 small-12 large-6 col-divided\"  >\n\t\t\t\t<div class=\"col-inner\"  >\n\t\t\t\n\t\t\t\n\t<div class=\"box has-hover   has-hover box-text-bottom\" >\n\n\t\t<div class=\"box-image\" style=\"width:50%;\">\n\t\t\t\t\t\t<div class=\"image-cover\" style=\"padding-top:56.25%;\">\n\t\t\t\t<img loading=\"lazy\" decoding=\"async\" width=\"2830\" height=\"2001\" src=\"https:\/\/www.rollomatic.ch\/wp-content\/uploads\/epfl.png\" class=\"attachment- size-\" alt=\"EPFL logo\" srcset=\"https:\/\/www.rollomatic.ch\/wp-content\/uploads\/epfl.png 2830w, https:\/\/www.rollomatic.ch\/wp-content\/uploads\/epfl-960x679.png 960w, https:\/\/www.rollomatic.ch\/wp-content\/uploads\/epfl-1920x1358.png 1920w, https:\/\/www.rollomatic.ch\/wp-content\/uploads\/epfl-480x339.png 480w, https:\/\/www.rollomatic.ch\/wp-content\/uploads\/epfl-768x543.png 768w, https:\/\/www.rollomatic.ch\/wp-content\/uploads\/epfl-1536x1086.png 1536w, https:\/\/www.rollomatic.ch\/wp-content\/uploads\/epfl-2048x1448.png 2048w\" sizes=\"auto, (max-width: 2830px) 100vw, 2830px\" \/>\t\t\t\t\t\t\t\t\t\t\t<\/div>\n\t\t\t\t\t<\/div>\n\n\t\t<div class=\"box-text text-left\" style=\"background-color:rgb(255, 255, 255);padding:30px 30px 30px 30px;\">\n\t\t\t<div class=\"box-text-inner\">\n\t\t\t\t\n<h4><span data-text-color=\"primary\">Rollomatic no campus do EPFL<\/span><\/h4>\n\t<div id=\"gap-1930516426\" class=\"gap-element clearfix\" style=\"display:block; height:auto;\">\n\t\t\n<style>\n#gap-1930516426 {\n  padding-top: 15px;\n}\n<\/style>\n\t<\/div>\n\t\n<p>Localizado em Lausana, Su\u00ed\u00e7a, o EPFL (Ecole Polytechnique F\u00e9d\u00e9rale) \u00e9 uma das institui\u00e7\u00f5es de ci\u00eancia e tecnologia mais vibrantes e cosmopolitas da Europa.<\/p>\n<p>A Rollomatic est\u00e1 constantemente procurando novos pontos fortes para crescer suas divis\u00f5es e desenvolver novos projetos. Seu objetivo \u00e9 aumentar suas capacidades de pesquisa e consolidar sua posi\u00e7\u00e3o de lideran\u00e7a. \u00c9 com esse objetivo em mente que a empresa montou um centro de inova\u00e7\u00e3o no Parque de Inova\u00e7\u00e3o EPFL.<\/p>\n<p>Desde ent\u00e3o, a estreita parceria que se desenvolveu entre os laborat\u00f3rios da EPFL e os engenheiros especialistas da Rollomatic levou \u00e0 conclus\u00e3o bem-sucedida de projetos que requerem um alto n\u00edvel de sofistica\u00e7\u00e3o t\u00e9cnica. Em seu espa\u00e7o de 107m2 em Lausana, um grupo de dez engenheiros e estudantes trabalha em conjunto em v\u00e1rios projetos e realiza pesquisas sobre a 4\u00aa revolu\u00e7\u00e3o industrial, incluindo \u00e1reas como desenvolvimento de software, geometria diferencial, mec\u00e2nica e tecnologia a laser, para desenvolver novos processos de usinagem.<\/p>\n<div class=\"row\"  id=\"row-1115202319\">\n\n<\/div>\n\t\t\t<\/div>\n\t\t<\/div>\n\t<\/div>\n\t\n\t\t<\/div>\n\t\t\t\t\t<\/div>\n\n\t\n\n\t<div id=\"col-1967765189\" class=\"col medium-6 small-12 large-6 col-divided\"  >\n\t\t\t\t<div class=\"col-inner\"  >\n\t\t\t\n\t\t\t\n\t<div class=\"box has-hover   has-hover box-text-bottom\" >\n\n\t\t<div class=\"box-image\" style=\"width:50%;\">\n\t\t\t\t\t\t<div class=\"image-cover\" style=\"padding-top:56.25%;\">\n\t\t\t\t<img loading=\"lazy\" decoding=\"async\" width=\"810\" height=\"446\" src=\"https:\/\/www.rollomatic.ch\/wp-content\/uploads\/SIPBB_Logo_transparent_RGB1.png\" class=\"attachment- size-\" alt=\"\" srcset=\"https:\/\/www.rollomatic.ch\/wp-content\/uploads\/SIPBB_Logo_transparent_RGB1.png 810w, https:\/\/www.rollomatic.ch\/wp-content\/uploads\/SIPBB_Logo_transparent_RGB1-480x264.png 480w, https:\/\/www.rollomatic.ch\/wp-content\/uploads\/SIPBB_Logo_transparent_RGB1-768x423.png 768w\" sizes=\"auto, (max-width: 810px) 100vw, 810px\" \/>\t\t\t\t\t\t\t\t\t\t\t<\/div>\n\t\t\t\t\t<\/div>\n\n\t\t<div class=\"box-text text-left\" style=\"background-color:rgb(255, 255, 255);padding:30px 30px 30px 30px;\">\n\t\t\t<div class=\"box-text-inner\">\n\t\t\t\t\n<h4><span data-text-color=\"primary\">Rollomatic no campus do SIPBB<\/span><\/h4>\n\t<div id=\"gap-899810101\" class=\"gap-element clearfix\" style=\"display:block; height:auto;\">\n\t\t\n<style>\n#gap-899810101 {\n  padding-top: 15px;\n}\n<\/style>\n\t<\/div>\n\t\n<p>O Switzerland Innovation Park Biel\/Bienne (SIPBB) \u00e9 uma organiza\u00e7\u00e3o privada sem fins lucrativos su\u00ed\u00e7a que realiza e apoia pesquisas e desenvolvimentos aplicados voltados para a ind\u00fastria. Faz parte da rede nacional e internacional da Switzerland Innovation Foundation.<\/p>\n<p>A Rollomatic abriu uma unidade de inova\u00e7\u00e3o dentro do SIPBB em 2021 para se aproximar do mundo acad\u00eamico e colaborar com laborat\u00f3rios de pesquisa aplicada orientados para a ind\u00fastria. Oferecemos projetos de Bacharelado e Mestrado para estudantes em v\u00e1rias \u00e1reas como mec\u00e2nica, TI e rob\u00f3tica.<\/p>\n<p>Por outro lado, para uma empresa como a Rollomatic, que investe fortemente no desenvolvimento de solu\u00e7\u00f5es inovadoras que permitem aos seus clientes ganho em desempenho e autonomia, \u00e9 importante integrar centros de pesquisa como a Swiss Smart Factory. Isso nos permite realizar projetos industriais concretos e nos engajar em trocas particularmente enriquecedoras. A apenas quinze quil\u00f4metros de nossa sede em Le Landeron, nosso escrit\u00f3rio no SIPBB representa uma oportunidade \u00fanica para nos tornarmos conhecidos entre os estudantes da regi\u00e3o, tanto falantes de franc\u00eas quanto de alem\u00e3o.<\/p>\n<div class=\"row\"  id=\"row-1682996102\">\n\n<\/div>\n\t\t\t<\/div>\n\t\t<\/div>\n\t<\/div>\n\t\n\t\t<\/div>\n\t\t\t\t\t<\/div>\n\n\t\n<\/div>\n\t\t<\/div>\n\n\t\t\n<style>\n#section_934073237 {\n  padding-top: 50px;\n  padding-bottom: 50px;\n}\n<\/style>\n\t<\/section>\n\t\n","protected":false},"excerpt":{"rendered":"","protected":false},"author":12,"featured_media":0,"parent":0,"menu_order":0,"comment_status":"closed","ping_status":"closed","template":"","meta":{"_acf_changed":false,"footnotes":""},"class_list":["post-32824","page","type-page","status-publish","hentry"],"acf":[],"yoast_head":"<!-- This site is optimized with the Yoast SEO plugin v27.0 - https:\/\/yoast.com\/product\/yoast-seo-wordpress\/ -->\n<title>Pesquisa e Desenvolvimento Su\u00ed\u00e7a - Rollomatic<\/title>\n<meta name=\"description\" content=\"Uma das principais maneiras que a Rollomatic lidera na ind\u00fastria \u00e9 desenvolvendo Moagem Aut\u00f4noma Inteligente atrav\u00e9s de inova\u00e7\u00e3o consistente.\" \/>\n<meta name=\"robots\" content=\"index, follow, max-snippet:-1, max-image-preview:large, max-video-preview:-1\" \/>\n<link rel=\"canonical\" href=\"https:\/\/www.rollomatic.ch\/pt-br\/pesquisa-e-desenvolvimento-suica\/\" \/>\n<meta property=\"og:locale\" content=\"pt_BR\" \/>\n<meta property=\"og:type\" content=\"article\" \/>\n<meta property=\"og:title\" content=\"Pesquisa e Desenvolvimento Su\u00ed\u00e7a - Rollomatic\" \/>\n<meta property=\"og:description\" content=\"Uma das principais maneiras que a Rollomatic lidera na ind\u00fastria \u00e9 desenvolvendo Moagem Aut\u00f4noma Inteligente atrav\u00e9s de inova\u00e7\u00e3o consistente.\" \/>\n<meta property=\"og:url\" content=\"https:\/\/www.rollomatic.ch\/pt-br\/pesquisa-e-desenvolvimento-suica\/\" \/>\n<meta property=\"og:site_name\" content=\"Rollomatic\" \/>\n<meta property=\"article:publisher\" content=\"https:\/\/www.facebook.com\/rollomatic\/\" \/>\n<meta property=\"article:modified_time\" content=\"2025-05-15T05:19:26+00:00\" \/>\n<meta name=\"twitter:card\" content=\"summary_large_image\" \/>\n<meta name=\"twitter:site\" content=\"@rollomatics\" \/>\n<meta name=\"twitter:label1\" content=\"Est. tempo de leitura\" \/>\n\t<meta name=\"twitter:data1\" content=\"3 minutos\" \/>\n<script type=\"application\/ld+json\" class=\"yoast-schema-graph\">{\"@context\":\"https:\/\/schema.org\",\"@graph\":[{\"@type\":\"WebPage\",\"@id\":\"https:\/\/www.rollomatic.ch\/pt-br\/pesquisa-e-desenvolvimento-suica\/\",\"url\":\"https:\/\/www.rollomatic.ch\/pt-br\/pesquisa-e-desenvolvimento-suica\/\",\"name\":\"Pesquisa e Desenvolvimento Su\u00ed\u00e7a - Rollomatic\",\"isPartOf\":{\"@id\":\"https:\/\/www.rollomatic.ch\/pt-br\/#website\"},\"datePublished\":\"2025-04-09T09:16:27+00:00\",\"dateModified\":\"2025-05-15T05:19:26+00:00\",\"description\":\"Uma das principais maneiras que a Rollomatic lidera na ind\u00fastria \u00e9 desenvolvendo Moagem Aut\u00f4noma Inteligente atrav\u00e9s de inova\u00e7\u00e3o consistente.\",\"breadcrumb\":{\"@id\":\"https:\/\/www.rollomatic.ch\/pt-br\/pesquisa-e-desenvolvimento-suica\/#breadcrumb\"},\"inLanguage\":\"pt-BR\",\"potentialAction\":[{\"@type\":\"ReadAction\",\"target\":[\"https:\/\/www.rollomatic.ch\/pt-br\/pesquisa-e-desenvolvimento-suica\/\"]}]},{\"@type\":\"BreadcrumbList\",\"@id\":\"https:\/\/www.rollomatic.ch\/pt-br\/pesquisa-e-desenvolvimento-suica\/#breadcrumb\",\"itemListElement\":[{\"@type\":\"ListItem\",\"position\":1,\"name\":\"Home\",\"item\":\"https:\/\/www.rollomatic.ch\/pt-br\/\"},{\"@type\":\"ListItem\",\"position\":2,\"name\":\"Pesquisa e Desenvolvimento Su\u00ed\u00e7a\"}]},{\"@type\":\"WebSite\",\"@id\":\"https:\/\/www.rollomatic.ch\/pt-br\/#website\",\"url\":\"https:\/\/www.rollomatic.ch\/pt-br\/\",\"name\":\"Rollomatic\",\"description\":\"\",\"publisher\":{\"@id\":\"https:\/\/www.rollomatic.ch\/pt-br\/#organization\"},\"potentialAction\":[{\"@type\":\"SearchAction\",\"target\":{\"@type\":\"EntryPoint\",\"urlTemplate\":\"https:\/\/www.rollomatic.ch\/pt-br\/?s={search_term_string}\"},\"query-input\":{\"@type\":\"PropertyValueSpecification\",\"valueRequired\":true,\"valueName\":\"search_term_string\"}}],\"inLanguage\":\"pt-BR\"},{\"@type\":\"Organization\",\"@id\":\"https:\/\/www.rollomatic.ch\/pt-br\/#organization\",\"name\":\"Rollomatic S.A.\",\"url\":\"https:\/\/www.rollomatic.ch\/pt-br\/\",\"logo\":{\"@type\":\"ImageObject\",\"inLanguage\":\"pt-BR\",\"@id\":\"https:\/\/www.rollomatic.ch\/pt-br\/#\/schema\/logo\/image\/\",\"url\":\"https:\/\/www.rollomatic.ch\/wp-content\/uploads\/logomark_300.png\",\"contentUrl\":\"https:\/\/www.rollomatic.ch\/wp-content\/uploads\/logomark_300.png\",\"width\":300,\"height\":169,\"caption\":\"Rollomatic S.A.\"},\"image\":{\"@id\":\"https:\/\/www.rollomatic.ch\/pt-br\/#\/schema\/logo\/image\/\"},\"sameAs\":[\"https:\/\/www.facebook.com\/rollomatic\/\",\"https:\/\/x.com\/rollomatics\",\"https:\/\/www.linkedin.com\/company\/rollomatic-sa\/\"]}]}<\/script>\n<!-- \/ Yoast SEO plugin. -->","yoast_head_json":{"title":"Pesquisa e Desenvolvimento Su\u00ed\u00e7a - Rollomatic","description":"Uma das principais maneiras que a Rollomatic lidera na ind\u00fastria \u00e9 desenvolvendo Moagem Aut\u00f4noma Inteligente atrav\u00e9s de inova\u00e7\u00e3o consistente.","robots":{"index":"index","follow":"follow","max-snippet":"max-snippet:-1","max-image-preview":"max-image-preview:large","max-video-preview":"max-video-preview:-1"},"canonical":"https:\/\/www.rollomatic.ch\/pt-br\/pesquisa-e-desenvolvimento-suica\/","og_locale":"pt_BR","og_type":"article","og_title":"Pesquisa e Desenvolvimento Su\u00ed\u00e7a - Rollomatic","og_description":"Uma das principais maneiras que a Rollomatic lidera na ind\u00fastria \u00e9 desenvolvendo Moagem Aut\u00f4noma Inteligente atrav\u00e9s de inova\u00e7\u00e3o consistente.","og_url":"https:\/\/www.rollomatic.ch\/pt-br\/pesquisa-e-desenvolvimento-suica\/","og_site_name":"Rollomatic","article_publisher":"https:\/\/www.facebook.com\/rollomatic\/","article_modified_time":"2025-05-15T05:19:26+00:00","twitter_card":"summary_large_image","twitter_site":"@rollomatics","twitter_misc":{"Est. tempo de leitura":"3 minutos"},"schema":{"@context":"https:\/\/schema.org","@graph":[{"@type":"WebPage","@id":"https:\/\/www.rollomatic.ch\/pt-br\/pesquisa-e-desenvolvimento-suica\/","url":"https:\/\/www.rollomatic.ch\/pt-br\/pesquisa-e-desenvolvimento-suica\/","name":"Pesquisa e Desenvolvimento Su\u00ed\u00e7a - Rollomatic","isPartOf":{"@id":"https:\/\/www.rollomatic.ch\/pt-br\/#website"},"datePublished":"2025-04-09T09:16:27+00:00","dateModified":"2025-05-15T05:19:26+00:00","description":"Uma das principais maneiras que a Rollomatic lidera na ind\u00fastria \u00e9 desenvolvendo Moagem Aut\u00f4noma Inteligente atrav\u00e9s de inova\u00e7\u00e3o consistente.","breadcrumb":{"@id":"https:\/\/www.rollomatic.ch\/pt-br\/pesquisa-e-desenvolvimento-suica\/#breadcrumb"},"inLanguage":"pt-BR","potentialAction":[{"@type":"ReadAction","target":["https:\/\/www.rollomatic.ch\/pt-br\/pesquisa-e-desenvolvimento-suica\/"]}]},{"@type":"BreadcrumbList","@id":"https:\/\/www.rollomatic.ch\/pt-br\/pesquisa-e-desenvolvimento-suica\/#breadcrumb","itemListElement":[{"@type":"ListItem","position":1,"name":"Home","item":"https:\/\/www.rollomatic.ch\/pt-br\/"},{"@type":"ListItem","position":2,"name":"Pesquisa e Desenvolvimento Su\u00ed\u00e7a"}]},{"@type":"WebSite","@id":"https:\/\/www.rollomatic.ch\/pt-br\/#website","url":"https:\/\/www.rollomatic.ch\/pt-br\/","name":"Rollomatic","description":"","publisher":{"@id":"https:\/\/www.rollomatic.ch\/pt-br\/#organization"},"potentialAction":[{"@type":"SearchAction","target":{"@type":"EntryPoint","urlTemplate":"https:\/\/www.rollomatic.ch\/pt-br\/?s={search_term_string}"},"query-input":{"@type":"PropertyValueSpecification","valueRequired":true,"valueName":"search_term_string"}}],"inLanguage":"pt-BR"},{"@type":"Organization","@id":"https:\/\/www.rollomatic.ch\/pt-br\/#organization","name":"Rollomatic S.A.","url":"https:\/\/www.rollomatic.ch\/pt-br\/","logo":{"@type":"ImageObject","inLanguage":"pt-BR","@id":"https:\/\/www.rollomatic.ch\/pt-br\/#\/schema\/logo\/image\/","url":"https:\/\/www.rollomatic.ch\/wp-content\/uploads\/logomark_300.png","contentUrl":"https:\/\/www.rollomatic.ch\/wp-content\/uploads\/logomark_300.png","width":300,"height":169,"caption":"Rollomatic S.A."},"image":{"@id":"https:\/\/www.rollomatic.ch\/pt-br\/#\/schema\/logo\/image\/"},"sameAs":["https:\/\/www.facebook.com\/rollomatic\/","https:\/\/x.com\/rollomatics","https:\/\/www.linkedin.com\/company\/rollomatic-sa\/"]}]}},"_links":{"self":[{"href":"https:\/\/www.rollomatic.ch\/pt-br\/wp-json\/wp\/v2\/pages\/32824","targetHints":{"allow":["GET"]}}],"collection":[{"href":"https:\/\/www.rollomatic.ch\/pt-br\/wp-json\/wp\/v2\/pages"}],"about":[{"href":"https:\/\/www.rollomatic.ch\/pt-br\/wp-json\/wp\/v2\/types\/page"}],"author":[{"embeddable":true,"href":"https:\/\/www.rollomatic.ch\/pt-br\/wp-json\/wp\/v2\/users\/12"}],"replies":[{"embeddable":true,"href":"https:\/\/www.rollomatic.ch\/pt-br\/wp-json\/wp\/v2\/comments?post=32824"}],"version-history":[{"count":0,"href":"https:\/\/www.rollomatic.ch\/pt-br\/wp-json\/wp\/v2\/pages\/32824\/revisions"}],"wp:attachment":[{"href":"https:\/\/www.rollomatic.ch\/pt-br\/wp-json\/wp\/v2\/media?parent=32824"}],"curies":[{"name":"wp","href":"https:\/\/api.w.org\/{rel}","templated":true}]}}