{"id":45884,"date":"2026-01-19T10:24:11","date_gmt":"2026-01-19T10:24:11","guid":{"rendered":"https:\/\/www.rollomatic.ch\/?page_id=45884"},"modified":"2026-02-04T10:49:34","modified_gmt":"2026-02-04T10:49:34","slug":"aplicacoes","status":"publish","type":"page","link":"https:\/\/www.rollomatic.ch\/pt-br\/aplicacoes\/","title":{"rendered":"Descri\u00e7\u00e3o das Aplica\u00e7\u00f5es"},"content":{"rendered":"\n\t<section class=\"section\" id=\"section_1407172167\">\n\t\t<div class=\"section-bg fill\" >\n\t\t\t\t\t\t\t\t\t\n\t\t\t\n\n\t\t<\/div>\n\n\t\t\n\n\t\t<div class=\"section-content relative\">\n\t\t\t\n<div class=\"row align-middle align-center\"  id=\"row-2134227560\">\n\n\t<div id=\"col-60344081\" class=\"col medium-5 small-12 large-5\"  >\n\t\t\t\t<div class=\"col-inner\"  >\n\t\t\t\n\t\t\t\n\n  <div class=\"banner has-hover\" id=\"banner-1638475593\">\n          <div class=\"banner-inner fill\">\n        <div class=\"banner-bg fill\" >\n            <img loading=\"lazy\" decoding=\"async\" width=\"1020\" height=\"574\" src=\"https:\/\/www.rollomatic.ch\/wp-content\/uploads\/Appli-1.jpg\" class=\"bg attachment-large size-large\" alt=\"\" \/>                                    \n                    <\/div>\n\t\t\n        <div class=\"banner-layers container\">\n            <div class=\"fill banner-link\"><\/div>            \n        <\/div>\n      <\/div>\n\n            \n<style>\n#banner-1638475593 {\n  padding-top: 99.99%;\n  background-color: rgba(0, 0, 0, 0);\n}\n#banner-1638475593 .banner-bg img {\n  object-position: 23% 51%;\n}\n@media (min-width:550px) {\n  #banner-1638475593 {\n    padding-top: 99.99%;\n  }\n}\n@media (min-width:850px) {\n  #banner-1638475593 {\n    padding-top: 56.25%;\n  }\n}\n<\/style>\n  <\/div>\n\n\n\t\t<\/div>\n\t\t\t\t\n<style>\n#col-60344081 > .col-inner {\n  padding: 0px 0px 0px 0px;\n  margin: 0px 0px 0px 5px;\n}\n@media (min-width:550px) {\n  #col-60344081 > .col-inner {\n    padding: 0px 0px 0px 0px;\n    margin: 0px 0px 0px 0px;\n  }\n}\n@media (min-width:850px) {\n  #col-60344081 > .col-inner {\n    margin: 0px 0px 0px 0px;\n  }\n}\n<\/style>\n\t<\/div>\n\n\t\n\n\t<div id=\"col-340358809\" class=\"col medium-7 small-12 large-7\"  >\n\t\t\t\t<div class=\"col-inner\"  >\n\t\t\t\n\t\t\t\n\t<div id=\"text-3874376222\" class=\"text\">\n\t\t\n<h3>APLICA\u00c7\u00d5ES<\/h3>\n\t\t\n<style>\n#text-3874376222 {\n  font-size: 1.1rem;\n  text-align: left;\n  color: #021f4a;\n}\n#text-3874376222 > * {\n  color: #021f4a;\n}\n<\/style>\n\t<\/div>\n\t\n<div class=\"is-divider divider clearfix\" style=\"margin-top:10px;margin-bottom:10px;max-width:100px;background-color:rgb(18, 35, 86);\"><\/div>\n<p>Descubra os t\u00e9cnicos em Aplica\u00e7\u00f5es da Rollomatic, a liga\u00e7\u00e3o entre a inova\u00e7\u00e3o e o cliente: presentes no campo ao redor do mundo, eles escutam, treinam e apoiam nossos clientes para utilizar nossos produtos plenamente. A miss\u00e3o deles?<\/p>\n<p>Encontrar solu\u00e7\u00f5es personalizadas para atender a cada necessidade com expertise e proximidade.<\/p>\n\t\t<\/div>\n\t\t\t\t\n<style>\n#col-340358809 > .col-inner {\n  padding: 0px 0 0px 0px;\n  margin: 30px 0px 0px 10px;\n}\n@media (min-width:550px) {\n  #col-340358809 > .col-inner {\n    padding: 0px 10% 0px 0px;\n  }\n}\n@media (min-width:850px) {\n  #col-340358809 > .col-inner {\n    padding: 0px 0px 0px 0%;\n    margin: 0px 0px 0px 0px;\n  }\n}\n<\/style>\n\t<\/div>\n\n\t\n<\/div>\n\t\t<\/div>\n\n\t\t\n<style>\n#section_1407172167 {\n  padding-top: 30px;\n  padding-bottom: 30px;\n}\n<\/style>\n\t<\/section>\n\t\n\n\t<section class=\"section\" id=\"section_1264686155\">\n\t\t<div class=\"section-bg fill\" >\n\t\t\t\t\t\t\t\t\t\n\t\t\t\n\n\t\t<\/div>\n\n\t\t\n\n\t\t<div class=\"section-content relative\">\n\t\t\t\n<div class=\"row align-middle align-center\"  id=\"row-1069847494\">\n\n\t<div id=\"col-2078801657\" class=\"col medium-12 small-12 large-7\"  >\n\t\t\t\t<div class=\"col-inner\"  >\n\t\t\t\n\t\t\t\n\t<div id=\"text-3184781995\" class=\"text\">\n\t\t\n<h3>TIPOS DE PROJETOS<\/h3>\n\t\t\n<style>\n#text-3184781995 {\n  font-size: 1.1rem;\n  text-align: left;\n  color: #021f4a;\n}\n#text-3184781995 > * {\n  color: #021f4a;\n}\n<\/style>\n\t<\/div>\n\t\n<div class=\"is-divider divider clearfix\" style=\"margin-top:10px;margin-bottom:10px;max-width:100px;background-color:rgb(18, 35, 86);\"><\/div>\n<ul>\n<li class=\"py-1\"><strong>Testes de retifica\u00e7\u00e3o e demonstra\u00e7\u00f5es para clientes :<\/strong> Mostrar o desempenho das m\u00e1quinas e atender \u00e0s necessidades espec\u00edficas dos usu\u00e1rios.<\/li>\n<li class=\"py-1\"><strong>Treinamento dos clientes em m\u00e1quinas e software :<\/strong> Garantir o manuseio ideal dos equipamentos para maximizar seu uso e efici\u00eancia.<\/li>\n<li class=\"py-1\"><strong>Acompanhamento dos clientes com resolu\u00e7\u00e3o de problemas, atualiza\u00e7\u00f5es de software e hotline :<\/strong> Oferecer suporte t\u00e9cnico \u00e1gil e personalizado para garantir a satisfa\u00e7\u00e3o e continuidade das opera\u00e7\u00f5es.<\/li>\n<li class=\"py-1\"><strong>Testes e desenvolvimentos para o departamento de Pesquisa &amp; Desenvolvimento :<\/strong> Contribuir para a melhoria de produtos e inova\u00e7\u00e3o tecnol\u00f3gica colaborando com equipes de pesquisa.<\/li>\n<\/ul>\n\t\t<\/div>\n\t\t\t\t\n<style>\n#col-2078801657 > .col-inner {\n  padding: 0px 0 0px 0px;\n  margin: 30px 0px 0px 10px;\n}\n@media (min-width:550px) {\n  #col-2078801657 > .col-inner {\n    padding: 0px 10% 0px 0px;\n  }\n}\n@media (min-width:850px) {\n  #col-2078801657 > .col-inner {\n    padding: 0px 0px 0px 0%;\n    margin: 0px 0px 0px 0px;\n  }\n}\n<\/style>\n\t<\/div>\n\n\t\n\n\t<div id=\"col-910397265\" class=\"col medium-10 small-12 large-5\"  >\n\t\t\t\t<div class=\"col-inner\"  >\n\t\t\t\n\t\t\t\n\n<div class=\"embed-responsive embed-responsive-16by9\" style=\"max-width: 1000px; margin: auto;\">\n<p><iframe loading=\"lazy\" style=\"font-size: 1rem;\" src=\"https:\/\/player.vimeo.com\/video\/1099579881?h=4da28fa7e0&amp;badge=0&amp;autopause=0\" width=\"800px\" height=\"400px\" frameborder=\"0\" allowfullscreen=\"allowfullscreen\" data-mce-fragment=\"1\">\t\t<\/div>\n\t\t\t\t\n<style>\n#col-910397265 > .col-inner {\n  padding: 0px 0px 0px 0px;\n  margin: 0px 0px 0px 5px;\n}\n@media (min-width:550px) {\n  #col-910397265 > .col-inner {\n    padding: 0px 0px 0px 0px;\n    margin: 0px 0px 0px 0px;\n  }\n}\n@media (min-width:850px) {\n  #col-910397265 > .col-inner {\n    margin: 0px 0px 0px 0px;\n  }\n}\n<\/style>\n\t<\/div>\n\n\t<\/div>\n\t\t<\/div>\n\n\t\t\n<style>\n#section_1264686155 {\n  padding-top: 30px;\n  padding-bottom: 30px;\n}\n<\/style>\n\t<\/section>\n\t\n\t<div id=\"gap-1470547454\" class=\"gap-element clearfix\" style=\"display:block; height:auto;\">\n\t\t\n<style>\n#gap-1470547454 {\n  padding-top: 100px;\n}\n@media (min-width:550px) {\n  #gap-1470547454 {\n    padding-top: 100px;\n  }\n}\n@media (min-width:850px) {\n  #gap-1470547454 {\n    padding-top: 200px;\n  }\n}\n<\/style>\n\t<\/div>\n\t\n<p>&nbsp;<\/p>\n<p>&nbsp;<\/p>\n<p><\/iframe><\/p>\n<\/div>\n","protected":false},"excerpt":{"rendered":"<p>&nbsp; &nbsp;<\/p>\n","protected":false},"author":27,"featured_media":0,"parent":0,"menu_order":0,"comment_status":"closed","ping_status":"closed","template":"","meta":{"_acf_changed":false,"footnotes":""},"class_list":["post-45884","page","type-page","status-publish","hentry"],"acf":[],"yoast_head":"<!-- This site is optimized with the Yoast SEO plugin v27.0 - https:\/\/yoast.com\/product\/yoast-seo-wordpress\/ -->\n<title>Descri\u00e7\u00e3o das Aplica\u00e7\u00f5es - Rollomatic<\/title>\n<meta name=\"robots\" content=\"index, follow, max-snippet:-1, max-image-preview:large, max-video-preview:-1\" \/>\n<link rel=\"canonical\" href=\"https:\/\/www.rollomatic.ch\/pt-br\/aplicacoes\/\" \/>\n<meta property=\"og:locale\" content=\"pt_BR\" \/>\n<meta property=\"og:type\" content=\"article\" \/>\n<meta property=\"og:title\" content=\"Descri\u00e7\u00e3o das Aplica\u00e7\u00f5es - Rollomatic\" \/>\n<meta property=\"og:description\" content=\"&nbsp; &nbsp;\" \/>\n<meta property=\"og:url\" content=\"https:\/\/www.rollomatic.ch\/pt-br\/aplicacoes\/\" \/>\n<meta property=\"og:site_name\" content=\"Rollomatic\" \/>\n<meta property=\"article:publisher\" content=\"https:\/\/www.facebook.com\/rollomatic\/\" \/>\n<meta property=\"article:modified_time\" content=\"2026-02-04T10:49:34+00:00\" \/>\n<meta name=\"twitter:card\" content=\"summary_large_image\" \/>\n<meta name=\"twitter:site\" content=\"@rollomatics\" \/>\n<meta name=\"twitter:label1\" content=\"Est. tempo de leitura\" \/>\n\t<meta name=\"twitter:data1\" content=\"2 minutos\" \/>\n<script type=\"application\/ld+json\" class=\"yoast-schema-graph\">{\"@context\":\"https:\/\/schema.org\",\"@graph\":[{\"@type\":\"WebPage\",\"@id\":\"https:\/\/www.rollomatic.ch\/pt-br\/aplicacoes\/\",\"url\":\"https:\/\/www.rollomatic.ch\/pt-br\/aplicacoes\/\",\"name\":\"Descri\u00e7\u00e3o das Aplica\u00e7\u00f5es - Rollomatic\",\"isPartOf\":{\"@id\":\"https:\/\/www.rollomatic.ch\/pt-br\/#website\"},\"datePublished\":\"2026-01-19T10:24:11+00:00\",\"dateModified\":\"2026-02-04T10:49:34+00:00\",\"breadcrumb\":{\"@id\":\"https:\/\/www.rollomatic.ch\/pt-br\/aplicacoes\/#breadcrumb\"},\"inLanguage\":\"pt-BR\",\"potentialAction\":[{\"@type\":\"ReadAction\",\"target\":[\"https:\/\/www.rollomatic.ch\/pt-br\/aplicacoes\/\"]}]},{\"@type\":\"BreadcrumbList\",\"@id\":\"https:\/\/www.rollomatic.ch\/pt-br\/aplicacoes\/#breadcrumb\",\"itemListElement\":[{\"@type\":\"ListItem\",\"position\":1,\"name\":\"Home\",\"item\":\"https:\/\/www.rollomatic.ch\/pt-br\/\"},{\"@type\":\"ListItem\",\"position\":2,\"name\":\"Descri\u00e7\u00e3o das Aplica\u00e7\u00f5es\"}]},{\"@type\":\"WebSite\",\"@id\":\"https:\/\/www.rollomatic.ch\/pt-br\/#website\",\"url\":\"https:\/\/www.rollomatic.ch\/pt-br\/\",\"name\":\"Rollomatic\",\"description\":\"\",\"publisher\":{\"@id\":\"https:\/\/www.rollomatic.ch\/pt-br\/#organization\"},\"potentialAction\":[{\"@type\":\"SearchAction\",\"target\":{\"@type\":\"EntryPoint\",\"urlTemplate\":\"https:\/\/www.rollomatic.ch\/pt-br\/?s={search_term_string}\"},\"query-input\":{\"@type\":\"PropertyValueSpecification\",\"valueRequired\":true,\"valueName\":\"search_term_string\"}}],\"inLanguage\":\"pt-BR\"},{\"@type\":\"Organization\",\"@id\":\"https:\/\/www.rollomatic.ch\/pt-br\/#organization\",\"name\":\"Rollomatic S.A.\",\"url\":\"https:\/\/www.rollomatic.ch\/pt-br\/\",\"logo\":{\"@type\":\"ImageObject\",\"inLanguage\":\"pt-BR\",\"@id\":\"https:\/\/www.rollomatic.ch\/pt-br\/#\/schema\/logo\/image\/\",\"url\":\"https:\/\/www.rollomatic.ch\/wp-content\/uploads\/logomark_300.png\",\"contentUrl\":\"https:\/\/www.rollomatic.ch\/wp-content\/uploads\/logomark_300.png\",\"width\":300,\"height\":169,\"caption\":\"Rollomatic S.A.\"},\"image\":{\"@id\":\"https:\/\/www.rollomatic.ch\/pt-br\/#\/schema\/logo\/image\/\"},\"sameAs\":[\"https:\/\/www.facebook.com\/rollomatic\/\",\"https:\/\/x.com\/rollomatics\",\"https:\/\/www.linkedin.com\/company\/rollomatic-sa\/\"]}]}<\/script>\n<!-- \/ Yoast SEO plugin. -->","yoast_head_json":{"title":"Descri\u00e7\u00e3o das Aplica\u00e7\u00f5es - Rollomatic","robots":{"index":"index","follow":"follow","max-snippet":"max-snippet:-1","max-image-preview":"max-image-preview:large","max-video-preview":"max-video-preview:-1"},"canonical":"https:\/\/www.rollomatic.ch\/pt-br\/aplicacoes\/","og_locale":"pt_BR","og_type":"article","og_title":"Descri\u00e7\u00e3o das Aplica\u00e7\u00f5es - Rollomatic","og_description":"&nbsp; &nbsp;","og_url":"https:\/\/www.rollomatic.ch\/pt-br\/aplicacoes\/","og_site_name":"Rollomatic","article_publisher":"https:\/\/www.facebook.com\/rollomatic\/","article_modified_time":"2026-02-04T10:49:34+00:00","twitter_card":"summary_large_image","twitter_site":"@rollomatics","twitter_misc":{"Est. tempo de leitura":"2 minutos"},"schema":{"@context":"https:\/\/schema.org","@graph":[{"@type":"WebPage","@id":"https:\/\/www.rollomatic.ch\/pt-br\/aplicacoes\/","url":"https:\/\/www.rollomatic.ch\/pt-br\/aplicacoes\/","name":"Descri\u00e7\u00e3o das Aplica\u00e7\u00f5es - Rollomatic","isPartOf":{"@id":"https:\/\/www.rollomatic.ch\/pt-br\/#website"},"datePublished":"2026-01-19T10:24:11+00:00","dateModified":"2026-02-04T10:49:34+00:00","breadcrumb":{"@id":"https:\/\/www.rollomatic.ch\/pt-br\/aplicacoes\/#breadcrumb"},"inLanguage":"pt-BR","potentialAction":[{"@type":"ReadAction","target":["https:\/\/www.rollomatic.ch\/pt-br\/aplicacoes\/"]}]},{"@type":"BreadcrumbList","@id":"https:\/\/www.rollomatic.ch\/pt-br\/aplicacoes\/#breadcrumb","itemListElement":[{"@type":"ListItem","position":1,"name":"Home","item":"https:\/\/www.rollomatic.ch\/pt-br\/"},{"@type":"ListItem","position":2,"name":"Descri\u00e7\u00e3o das Aplica\u00e7\u00f5es"}]},{"@type":"WebSite","@id":"https:\/\/www.rollomatic.ch\/pt-br\/#website","url":"https:\/\/www.rollomatic.ch\/pt-br\/","name":"Rollomatic","description":"","publisher":{"@id":"https:\/\/www.rollomatic.ch\/pt-br\/#organization"},"potentialAction":[{"@type":"SearchAction","target":{"@type":"EntryPoint","urlTemplate":"https:\/\/www.rollomatic.ch\/pt-br\/?s={search_term_string}"},"query-input":{"@type":"PropertyValueSpecification","valueRequired":true,"valueName":"search_term_string"}}],"inLanguage":"pt-BR"},{"@type":"Organization","@id":"https:\/\/www.rollomatic.ch\/pt-br\/#organization","name":"Rollomatic S.A.","url":"https:\/\/www.rollomatic.ch\/pt-br\/","logo":{"@type":"ImageObject","inLanguage":"pt-BR","@id":"https:\/\/www.rollomatic.ch\/pt-br\/#\/schema\/logo\/image\/","url":"https:\/\/www.rollomatic.ch\/wp-content\/uploads\/logomark_300.png","contentUrl":"https:\/\/www.rollomatic.ch\/wp-content\/uploads\/logomark_300.png","width":300,"height":169,"caption":"Rollomatic S.A."},"image":{"@id":"https:\/\/www.rollomatic.ch\/pt-br\/#\/schema\/logo\/image\/"},"sameAs":["https:\/\/www.facebook.com\/rollomatic\/","https:\/\/x.com\/rollomatics","https:\/\/www.linkedin.com\/company\/rollomatic-sa\/"]}]}},"_links":{"self":[{"href":"https:\/\/www.rollomatic.ch\/pt-br\/wp-json\/wp\/v2\/pages\/45884","targetHints":{"allow":["GET"]}}],"collection":[{"href":"https:\/\/www.rollomatic.ch\/pt-br\/wp-json\/wp\/v2\/pages"}],"about":[{"href":"https:\/\/www.rollomatic.ch\/pt-br\/wp-json\/wp\/v2\/types\/page"}],"author":[{"embeddable":true,"href":"https:\/\/www.rollomatic.ch\/pt-br\/wp-json\/wp\/v2\/users\/27"}],"replies":[{"embeddable":true,"href":"https:\/\/www.rollomatic.ch\/pt-br\/wp-json\/wp\/v2\/comments?post=45884"}],"version-history":[{"count":0,"href":"https:\/\/www.rollomatic.ch\/pt-br\/wp-json\/wp\/v2\/pages\/45884\/revisions"}],"wp:attachment":[{"href":"https:\/\/www.rollomatic.ch\/pt-br\/wp-json\/wp\/v2\/media?parent=45884"}],"curies":[{"name":"wp","href":"https:\/\/api.w.org\/{rel}","templated":true}]}}