{"id":32784,"date":"2020-12-10T19:59:19","date_gmt":"2020-12-10T19:59:19","guid":{"rendered":"https:\/\/www.rollomatic.ch\/product\/grindsmart630xw\/"},"modified":"2025-05-13T12:00:49","modified_gmt":"2025-05-13T12:00:49","slug":"grindsmart630xw","status":"publish","type":"product","link":"https:\/\/www.rollomatic.ch\/pt-br\/product\/grindsmart630xw\/","title":{"rendered":"GrindSmart\u00ae630XW"},"content":{"rendered":"<p>O afiador de ferramentas de precis\u00e3o de 6 eixos GrindSmart\u00ae630XW foi projetado para fabrica\u00e7\u00e3o de ferramentas de alto desempenho e especialidade, tanto para lotes longos quanto para curtos.<\/p>\n<p>Est\u00e1 equipado com motores lineares, combinados com o motor de torque no eixo rotativo, proporcionando mais benef\u00edcios como acabamento de superf\u00edcie aprimorado e custos de manuten\u00e7\u00e3o reduzidos.<\/p>\n<p>O \u00f3leo usado para resfriamento e lubrifica\u00e7\u00e3o dos motores lineares \u00e9 o mesmo que o \u00f3leo de refrigera\u00e7\u00e3o. Isso garante estabilidade t\u00e9rmica consistente durante a configura\u00e7\u00e3o e produ\u00e7\u00e3o sem incorrer em consumo adicional de energia.<\/p>\n<p>O conceito do 6\u00ba eixo desta m\u00e1quina \u00e9 \u00fanico na ind\u00fastria de retifica\u00e7\u00e3o. Ele proporciona melhoria na precis\u00e3o em fresas de ponta esf\u00e9rica ou raios de canto com a possibilidade de inclina\u00e7\u00e3o das rodas de retifica\u00e7\u00e3o, permitindo programa\u00e7\u00e3o mais f\u00e1cil com menos movimentos vazios durante as opera\u00e7\u00f5es de retifica\u00e7\u00e3o. Esta m\u00e1quina cobre uma ampla gama de di\u00e2metros de \u00d8 0,1 a 20,0 mm (.004&#8243; &#8211; .75&#8243;).<\/p>\n<p>Como padr\u00e3o, este modelo inclui um carregador autom\u00e1tico de alta velocidade de pega e coloca com capacidade para at\u00e9 1.360 ferramentas, juntamente com um trocador de roda e bico de alta velocidade com 6 posi\u00e7\u00f5es.<\/p>\n","protected":false},"excerpt":{"rendered":"<p>O afiador de ferramentas de precis\u00e3o de 6 eixos GrindSmart\u00ae630XW foi projetado para fabrica\u00e7\u00e3o de ferramentas de alto desempenho e especialidade, tanto para lotes longos quanto para curtos. Est\u00e1 equipado [&#8230;]\n","protected":false},"featured_media":9190,"template":"","meta":{"_acf_changed":false},"industry":[879,883,880,878,885,882,877,884,881],"tool-material":[429,430],"tool-range":[390],"tool-type":[424,379,380,381,382,423,383,422],"product_brand":[],"product_cat":[863,886,864,865],"product_tag":[866],"class_list":{"0":"post-32784","1":"product","2":"type-product","3":"status-publish","4":"has-post-thumbnail","6":"industry-aeroespacial-pt-br","7":"industry-aplicacoes-personalizadas","8":"industry-automotivo-ev","9":"industry-dentario","10":"industry-industria-de-eletronicos-3c","11":"industry-industria-de-madeira","12":"industry-medica","13":"industry-microtecnologias-pt-br","14":"industry-moldagem-por-injecao","15":"tool-material-carbide","16":"tool-material-ceramic","17":"tool-range-1-20mm","18":"tool-type-blades","19":"tool-type-boring-bars","20":"tool-type-burs","21":"tool-type-drills","22":"tool-type-end-mill","23":"tool-type-form-tools","24":"tool-type-reamers","25":"tool-type-taps","26":"product_cat-grindsmart-pt-br","27":"product_cat-insercoes-torneamento-interno","28":"product_cat-ferramentas-de-corte-cilindricas","29":"product_cat-moagem-de-ferramentas-de-corte","30":"product_tag-moagem-de-ferramentas-de-corte","32":"first","33":"instock","34":"shipping-taxable","35":"product-type-simple"},"acf":[],"yoast_head":"<!-- This site is optimized with the Yoast SEO plugin v27.0 - https:\/\/yoast.com\/product\/yoast-seo-wordpress\/ -->\n<title>GrindSmart\u00ae630XW - Rollomatic<\/title>\n<meta name=\"description\" content=\"M\u00e1quina de retifica\u00e7\u00e3o de ferramentas de 6 eixos totalmente equipada para produ\u00e7\u00e3o e para retifica\u00e7\u00e3o de lotes curtos de ferramentas de corte rotativas e estacion\u00e1rias de 0,1 mm a 20 mm (.004\u201d a \u00be\u201d)\" \/>\n<meta name=\"robots\" content=\"index, follow, max-snippet:-1, max-image-preview:large, max-video-preview:-1\" \/>\n<link rel=\"canonical\" href=\"https:\/\/www.rollomatic.ch\/pt-br\/product\/grindsmart630xw\/\" \/>\n<meta property=\"og:locale\" content=\"pt_BR\" \/>\n<meta property=\"og:type\" content=\"article\" \/>\n<meta property=\"og:title\" content=\"GrindSmart\u00ae630XW - Rollomatic\" \/>\n<meta property=\"og:description\" content=\"M\u00e1quina de retifica\u00e7\u00e3o de ferramentas de 6 eixos totalmente equipada para produ\u00e7\u00e3o e para retifica\u00e7\u00e3o de lotes curtos de ferramentas de corte rotativas e estacion\u00e1rias de 0,1 mm a 20 mm (.004\u201d a \u00be\u201d)\" \/>\n<meta property=\"og:url\" content=\"https:\/\/www.rollomatic.ch\/pt-br\/product\/grindsmart630xw\/\" \/>\n<meta property=\"og:site_name\" content=\"Rollomatic\" \/>\n<meta property=\"article:publisher\" content=\"https:\/\/www.facebook.com\/rollomatic\/\" \/>\n<meta property=\"article:modified_time\" content=\"2025-05-13T12:00:49+00:00\" \/>\n<meta property=\"og:image\" content=\"https:\/\/www.rollomatic.ch\/wp-content\/uploads\/630XW-SHINY_1-3.webp\" \/>\n\t<meta property=\"og:image:width\" content=\"2560\" \/>\n\t<meta property=\"og:image:height\" content=\"1440\" \/>\n\t<meta property=\"og:image:type\" content=\"image\/webp\" \/>\n<meta name=\"twitter:card\" content=\"summary_large_image\" \/>\n<meta name=\"twitter:site\" content=\"@rollomatics\" \/>\n<meta name=\"twitter:label1\" content=\"Est. tempo de leitura\" \/>\n\t<meta name=\"twitter:data1\" content=\"1 minuto\" \/>\n<script type=\"application\/ld+json\" class=\"yoast-schema-graph\">{\"@context\":\"https:\/\/schema.org\",\"@graph\":[{\"@type\":\"WebPage\",\"@id\":\"https:\/\/www.rollomatic.ch\/pt-br\/product\/grindsmart630xw\/\",\"url\":\"https:\/\/www.rollomatic.ch\/pt-br\/product\/grindsmart630xw\/\",\"name\":\"GrindSmart\u00ae630XW - Rollomatic\",\"isPartOf\":{\"@id\":\"https:\/\/www.rollomatic.ch\/pt-br\/#website\"},\"primaryImageOfPage\":{\"@id\":\"https:\/\/www.rollomatic.ch\/pt-br\/product\/grindsmart630xw\/#primaryimage\"},\"image\":{\"@id\":\"https:\/\/www.rollomatic.ch\/pt-br\/product\/grindsmart630xw\/#primaryimage\"},\"thumbnailUrl\":\"https:\/\/www.rollomatic.ch\/wp-content\/uploads\/630XW-SHINY_1-3.webp\",\"datePublished\":\"2020-12-10T19:59:19+00:00\",\"dateModified\":\"2025-05-13T12:00:49+00:00\",\"description\":\"M\u00e1quina de retifica\u00e7\u00e3o de ferramentas de 6 eixos totalmente equipada para produ\u00e7\u00e3o e para retifica\u00e7\u00e3o de lotes curtos de ferramentas de corte rotativas e estacion\u00e1rias de 0,1 mm a 20 mm (.004\u201d a \u00be\u201d)\",\"breadcrumb\":{\"@id\":\"https:\/\/www.rollomatic.ch\/pt-br\/product\/grindsmart630xw\/#breadcrumb\"},\"inLanguage\":\"pt-BR\",\"potentialAction\":[{\"@type\":\"ReadAction\",\"target\":[\"https:\/\/www.rollomatic.ch\/pt-br\/product\/grindsmart630xw\/\"]}]},{\"@type\":\"ImageObject\",\"inLanguage\":\"pt-BR\",\"@id\":\"https:\/\/www.rollomatic.ch\/pt-br\/product\/grindsmart630xw\/#primaryimage\",\"url\":\"https:\/\/www.rollomatic.ch\/wp-content\/uploads\/630XW-SHINY_1-3.webp\",\"contentUrl\":\"https:\/\/www.rollomatic.ch\/wp-content\/uploads\/630XW-SHINY_1-3.webp\",\"width\":2560,\"height\":1440},{\"@type\":\"BreadcrumbList\",\"@id\":\"https:\/\/www.rollomatic.ch\/pt-br\/product\/grindsmart630xw\/#breadcrumb\",\"itemListElement\":[{\"@type\":\"ListItem\",\"position\":1,\"name\":\"Home\",\"item\":\"https:\/\/www.rollomatic.ch\/pt-br\/\"},{\"@type\":\"ListItem\",\"position\":2,\"name\":\"Cat\u00e1logo\",\"item\":\"https:\/\/www.rollomatic.ch\/pt-br\/catalogo\/\"},{\"@type\":\"ListItem\",\"position\":3,\"name\":\"GrindSmart\u00ae630XW\"}]},{\"@type\":\"WebSite\",\"@id\":\"https:\/\/www.rollomatic.ch\/pt-br\/#website\",\"url\":\"https:\/\/www.rollomatic.ch\/pt-br\/\",\"name\":\"Rollomatic\",\"description\":\"\",\"publisher\":{\"@id\":\"https:\/\/www.rollomatic.ch\/pt-br\/#organization\"},\"potentialAction\":[{\"@type\":\"SearchAction\",\"target\":{\"@type\":\"EntryPoint\",\"urlTemplate\":\"https:\/\/www.rollomatic.ch\/pt-br\/?s={search_term_string}\"},\"query-input\":{\"@type\":\"PropertyValueSpecification\",\"valueRequired\":true,\"valueName\":\"search_term_string\"}}],\"inLanguage\":\"pt-BR\"},{\"@type\":\"Organization\",\"@id\":\"https:\/\/www.rollomatic.ch\/pt-br\/#organization\",\"name\":\"Rollomatic S.A.\",\"url\":\"https:\/\/www.rollomatic.ch\/pt-br\/\",\"logo\":{\"@type\":\"ImageObject\",\"inLanguage\":\"pt-BR\",\"@id\":\"https:\/\/www.rollomatic.ch\/pt-br\/#\/schema\/logo\/image\/\",\"url\":\"https:\/\/www.rollomatic.ch\/wp-content\/uploads\/logomark_300.png\",\"contentUrl\":\"https:\/\/www.rollomatic.ch\/wp-content\/uploads\/logomark_300.png\",\"width\":300,\"height\":169,\"caption\":\"Rollomatic S.A.\"},\"image\":{\"@id\":\"https:\/\/www.rollomatic.ch\/pt-br\/#\/schema\/logo\/image\/\"},\"sameAs\":[\"https:\/\/www.facebook.com\/rollomatic\/\",\"https:\/\/x.com\/rollomatics\",\"https:\/\/www.linkedin.com\/company\/rollomatic-sa\/\"]}]}<\/script>\n<!-- \/ Yoast SEO plugin. -->","yoast_head_json":{"title":"GrindSmart\u00ae630XW - Rollomatic","description":"M\u00e1quina de retifica\u00e7\u00e3o de ferramentas de 6 eixos totalmente equipada para produ\u00e7\u00e3o e para retifica\u00e7\u00e3o de lotes curtos de ferramentas de corte rotativas e estacion\u00e1rias de 0,1 mm a 20 mm (.004\u201d a \u00be\u201d)","robots":{"index":"index","follow":"follow","max-snippet":"max-snippet:-1","max-image-preview":"max-image-preview:large","max-video-preview":"max-video-preview:-1"},"canonical":"https:\/\/www.rollomatic.ch\/pt-br\/product\/grindsmart630xw\/","og_locale":"pt_BR","og_type":"article","og_title":"GrindSmart\u00ae630XW - Rollomatic","og_description":"M\u00e1quina de retifica\u00e7\u00e3o de ferramentas de 6 eixos totalmente equipada para produ\u00e7\u00e3o e para retifica\u00e7\u00e3o de lotes curtos de ferramentas de corte rotativas e estacion\u00e1rias de 0,1 mm a 20 mm (.004\u201d a \u00be\u201d)","og_url":"https:\/\/www.rollomatic.ch\/pt-br\/product\/grindsmart630xw\/","og_site_name":"Rollomatic","article_publisher":"https:\/\/www.facebook.com\/rollomatic\/","article_modified_time":"2025-05-13T12:00:49+00:00","og_image":[{"width":2560,"height":1440,"url":"https:\/\/www.rollomatic.ch\/wp-content\/uploads\/630XW-SHINY_1-3.webp","type":"image\/webp"}],"twitter_card":"summary_large_image","twitter_site":"@rollomatics","twitter_misc":{"Est. tempo de leitura":"1 minuto"},"schema":{"@context":"https:\/\/schema.org","@graph":[{"@type":"WebPage","@id":"https:\/\/www.rollomatic.ch\/pt-br\/product\/grindsmart630xw\/","url":"https:\/\/www.rollomatic.ch\/pt-br\/product\/grindsmart630xw\/","name":"GrindSmart\u00ae630XW - Rollomatic","isPartOf":{"@id":"https:\/\/www.rollomatic.ch\/pt-br\/#website"},"primaryImageOfPage":{"@id":"https:\/\/www.rollomatic.ch\/pt-br\/product\/grindsmart630xw\/#primaryimage"},"image":{"@id":"https:\/\/www.rollomatic.ch\/pt-br\/product\/grindsmart630xw\/#primaryimage"},"thumbnailUrl":"https:\/\/www.rollomatic.ch\/wp-content\/uploads\/630XW-SHINY_1-3.webp","datePublished":"2020-12-10T19:59:19+00:00","dateModified":"2025-05-13T12:00:49+00:00","description":"M\u00e1quina de retifica\u00e7\u00e3o de ferramentas de 6 eixos totalmente equipada para produ\u00e7\u00e3o e para retifica\u00e7\u00e3o de lotes curtos de ferramentas de corte rotativas e estacion\u00e1rias de 0,1 mm a 20 mm (.004\u201d a \u00be\u201d)","breadcrumb":{"@id":"https:\/\/www.rollomatic.ch\/pt-br\/product\/grindsmart630xw\/#breadcrumb"},"inLanguage":"pt-BR","potentialAction":[{"@type":"ReadAction","target":["https:\/\/www.rollomatic.ch\/pt-br\/product\/grindsmart630xw\/"]}]},{"@type":"ImageObject","inLanguage":"pt-BR","@id":"https:\/\/www.rollomatic.ch\/pt-br\/product\/grindsmart630xw\/#primaryimage","url":"https:\/\/www.rollomatic.ch\/wp-content\/uploads\/630XW-SHINY_1-3.webp","contentUrl":"https:\/\/www.rollomatic.ch\/wp-content\/uploads\/630XW-SHINY_1-3.webp","width":2560,"height":1440},{"@type":"BreadcrumbList","@id":"https:\/\/www.rollomatic.ch\/pt-br\/product\/grindsmart630xw\/#breadcrumb","itemListElement":[{"@type":"ListItem","position":1,"name":"Home","item":"https:\/\/www.rollomatic.ch\/pt-br\/"},{"@type":"ListItem","position":2,"name":"Cat\u00e1logo","item":"https:\/\/www.rollomatic.ch\/pt-br\/catalogo\/"},{"@type":"ListItem","position":3,"name":"GrindSmart\u00ae630XW"}]},{"@type":"WebSite","@id":"https:\/\/www.rollomatic.ch\/pt-br\/#website","url":"https:\/\/www.rollomatic.ch\/pt-br\/","name":"Rollomatic","description":"","publisher":{"@id":"https:\/\/www.rollomatic.ch\/pt-br\/#organization"},"potentialAction":[{"@type":"SearchAction","target":{"@type":"EntryPoint","urlTemplate":"https:\/\/www.rollomatic.ch\/pt-br\/?s={search_term_string}"},"query-input":{"@type":"PropertyValueSpecification","valueRequired":true,"valueName":"search_term_string"}}],"inLanguage":"pt-BR"},{"@type":"Organization","@id":"https:\/\/www.rollomatic.ch\/pt-br\/#organization","name":"Rollomatic S.A.","url":"https:\/\/www.rollomatic.ch\/pt-br\/","logo":{"@type":"ImageObject","inLanguage":"pt-BR","@id":"https:\/\/www.rollomatic.ch\/pt-br\/#\/schema\/logo\/image\/","url":"https:\/\/www.rollomatic.ch\/wp-content\/uploads\/logomark_300.png","contentUrl":"https:\/\/www.rollomatic.ch\/wp-content\/uploads\/logomark_300.png","width":300,"height":169,"caption":"Rollomatic S.A."},"image":{"@id":"https:\/\/www.rollomatic.ch\/pt-br\/#\/schema\/logo\/image\/"},"sameAs":["https:\/\/www.facebook.com\/rollomatic\/","https:\/\/x.com\/rollomatics","https:\/\/www.linkedin.com\/company\/rollomatic-sa\/"]}]}},"_links":{"self":[{"href":"https:\/\/www.rollomatic.ch\/pt-br\/wp-json\/wp\/v2\/product\/32784","targetHints":{"allow":["GET"]}}],"collection":[{"href":"https:\/\/www.rollomatic.ch\/pt-br\/wp-json\/wp\/v2\/product"}],"about":[{"href":"https:\/\/www.rollomatic.ch\/pt-br\/wp-json\/wp\/v2\/types\/product"}],"wp:featuredmedia":[{"embeddable":true,"href":"https:\/\/www.rollomatic.ch\/pt-br\/wp-json\/wp\/v2\/media\/9190"}],"wp:attachment":[{"href":"https:\/\/www.rollomatic.ch\/pt-br\/wp-json\/wp\/v2\/media?parent=32784"}],"wp:term":[{"taxonomy":"industry","embeddable":true,"href":"https:\/\/www.rollomatic.ch\/pt-br\/wp-json\/wp\/v2\/industry?post=32784"},{"taxonomy":"tool-material","embeddable":true,"href":"https:\/\/www.rollomatic.ch\/pt-br\/wp-json\/wp\/v2\/tool-material?post=32784"},{"taxonomy":"tool-range","embeddable":true,"href":"https:\/\/www.rollomatic.ch\/pt-br\/wp-json\/wp\/v2\/tool-range?post=32784"},{"taxonomy":"tool-type","embeddable":true,"href":"https:\/\/www.rollomatic.ch\/pt-br\/wp-json\/wp\/v2\/tool-type?post=32784"},{"taxonomy":"product_brand","embeddable":true,"href":"https:\/\/www.rollomatic.ch\/pt-br\/wp-json\/wp\/v2\/product_brand?post=32784"},{"taxonomy":"product_cat","embeddable":true,"href":"https:\/\/www.rollomatic.ch\/pt-br\/wp-json\/wp\/v2\/product_cat?post=32784"},{"taxonomy":"product_tag","embeddable":true,"href":"https:\/\/www.rollomatic.ch\/pt-br\/wp-json\/wp\/v2\/product_tag?post=32784"}],"curies":[{"name":"wp","href":"https:\/\/api.w.org\/{rel}","templated":true}]}}