{"id":32798,"date":"2020-10-25T15:43:23","date_gmt":"2020-10-25T15:43:23","guid":{"rendered":"https:\/\/www.rollomatic.ch\/product\/grindsmart830xw\/"},"modified":"2025-05-13T12:01:15","modified_gmt":"2025-05-13T12:01:15","slug":"grindsmart830xw","status":"publish","type":"product","link":"https:\/\/www.rollomatic.ch\/pt-br\/product\/grindsmart830xw\/","title":{"rendered":"GrindSmart\u00ae830XW"},"content":{"rendered":"<p>O GrindSmart\u00ae830XW integra a combina\u00e7\u00e3o inovadora de tecnologia hidrost\u00e1tica e motores lineares para produzir grandes e pequenas s\u00e9ries com 6 eixos interpolados simultaneamente. Este conceito proporciona um grau excepcionalmente alto de rigidez e diminui vibra\u00e7\u00f5es que ocorrem naturalmente durante a retifica\u00e7\u00e3o, aumentando assim a vida \u00fatil das rodas de retifica\u00e7\u00e3o e garantindo acabamentos superficiais e bordas de corte afiadas que proporcionam aos usu\u00e1rios uma verdadeira vantagem competitiva. A produ\u00e7\u00e3o n\u00e3o assistida \u00e9 um processo adicional que foi integrado nesta m\u00e1quina para permitir a fabrica\u00e7\u00e3o a longo prazo sem interven\u00e7\u00e3o humana.<\/p>\n","protected":false},"excerpt":{"rendered":"<p>O GrindSmart\u00ae830XW integra a combina\u00e7\u00e3o inovadora de tecnologia hidrost\u00e1tica e motores lineares para produzir grandes e pequenas s\u00e9ries com 6 eixos interpolados simultaneamente. Este conceito proporciona um grau excepcionalmente alto [&#8230;]\n","protected":false},"featured_media":9202,"template":"","meta":{"_acf_changed":false},"industry":[879,883,880,882],"tool-material":[],"tool-range":[385],"tool-type":[379,380,381,382,423,383,422],"product_brand":[],"product_cat":[863,864,865],"product_tag":[866],"class_list":{"0":"post-32798","1":"product","2":"type-product","3":"status-publish","4":"has-post-thumbnail","6":"industry-aeroespacial-pt-br","7":"industry-aplicacoes-personalizadas","8":"industry-automotivo-ev","9":"industry-industria-de-madeira","10":"tool-range-1-32mm","11":"tool-type-boring-bars","12":"tool-type-burs","13":"tool-type-drills","14":"tool-type-end-mill","15":"tool-type-form-tools","16":"tool-type-reamers","17":"tool-type-taps","18":"product_cat-grindsmart-pt-br","19":"product_cat-ferramentas-de-corte-cilindricas","20":"product_cat-moagem-de-ferramentas-de-corte","21":"product_tag-moagem-de-ferramentas-de-corte","23":"first","24":"instock","25":"shipping-taxable","26":"product-type-simple"},"acf":[],"yoast_head":"<!-- This site is optimized with the Yoast SEO plugin v27.0 - https:\/\/yoast.com\/product\/yoast-seo-wordpress\/ -->\n<title>GrindSmart\u00ae830XW - Rollomatic<\/title>\n<meta name=\"description\" content=\"M\u00e1quina de retifica\u00e7\u00e3o de ferramentas hidrost\u00e1tica e linear de 6 eixos com capacidade de 1 mm a 32 mm (.040\u201d a 1.1\/4\u201d) de di\u00e2metro. Desempenho zero de deteriora\u00e7\u00e3o e baixos custos de manuten\u00e7\u00e3o.\" \/>\n<meta name=\"robots\" content=\"index, follow, max-snippet:-1, max-image-preview:large, max-video-preview:-1\" \/>\n<link rel=\"canonical\" href=\"https:\/\/www.rollomatic.ch\/pt-br\/product\/grindsmart830xw\/\" \/>\n<meta property=\"og:locale\" content=\"pt_BR\" \/>\n<meta property=\"og:type\" content=\"article\" \/>\n<meta property=\"og:title\" content=\"GrindSmart\u00ae830XW - Rollomatic\" \/>\n<meta property=\"og:description\" content=\"M\u00e1quina de retifica\u00e7\u00e3o de ferramentas hidrost\u00e1tica e linear de 6 eixos com capacidade de 1 mm a 32 mm (.040\u201d a 1.1\/4\u201d) de di\u00e2metro. Desempenho zero de deteriora\u00e7\u00e3o e baixos custos de manuten\u00e7\u00e3o.\" \/>\n<meta property=\"og:url\" content=\"https:\/\/www.rollomatic.ch\/pt-br\/product\/grindsmart830xw\/\" \/>\n<meta property=\"og:site_name\" content=\"Rollomatic\" \/>\n<meta property=\"article:publisher\" content=\"https:\/\/www.facebook.com\/rollomatic\/\" \/>\n<meta property=\"article:modified_time\" content=\"2025-05-13T12:01:15+00:00\" \/>\n<meta property=\"og:image\" content=\"https:\/\/www.rollomatic.ch\/wp-content\/uploads\/830XW-SHINY_1-6.webp\" \/>\n\t<meta property=\"og:image:width\" content=\"2560\" \/>\n\t<meta property=\"og:image:height\" content=\"1440\" \/>\n\t<meta property=\"og:image:type\" content=\"image\/webp\" \/>\n<meta name=\"twitter:card\" content=\"summary_large_image\" \/>\n<meta name=\"twitter:site\" content=\"@rollomatics\" \/>\n<meta name=\"twitter:label1\" content=\"Est. tempo de leitura\" \/>\n\t<meta name=\"twitter:data1\" content=\"1 minuto\" \/>\n<script type=\"application\/ld+json\" class=\"yoast-schema-graph\">{\"@context\":\"https:\/\/schema.org\",\"@graph\":[{\"@type\":\"WebPage\",\"@id\":\"https:\/\/www.rollomatic.ch\/pt-br\/product\/grindsmart830xw\/\",\"url\":\"https:\/\/www.rollomatic.ch\/pt-br\/product\/grindsmart830xw\/\",\"name\":\"GrindSmart\u00ae830XW - Rollomatic\",\"isPartOf\":{\"@id\":\"https:\/\/www.rollomatic.ch\/pt-br\/#website\"},\"primaryImageOfPage\":{\"@id\":\"https:\/\/www.rollomatic.ch\/pt-br\/product\/grindsmart830xw\/#primaryimage\"},\"image\":{\"@id\":\"https:\/\/www.rollomatic.ch\/pt-br\/product\/grindsmart830xw\/#primaryimage\"},\"thumbnailUrl\":\"https:\/\/www.rollomatic.ch\/wp-content\/uploads\/830XW-SHINY_1-6.webp\",\"datePublished\":\"2020-10-25T15:43:23+00:00\",\"dateModified\":\"2025-05-13T12:01:15+00:00\",\"description\":\"M\u00e1quina de retifica\u00e7\u00e3o de ferramentas hidrost\u00e1tica e linear de 6 eixos com capacidade de 1 mm a 32 mm (.040\u201d a 1.1\/4\u201d) de di\u00e2metro. Desempenho zero de deteriora\u00e7\u00e3o e baixos custos de manuten\u00e7\u00e3o.\",\"breadcrumb\":{\"@id\":\"https:\/\/www.rollomatic.ch\/pt-br\/product\/grindsmart830xw\/#breadcrumb\"},\"inLanguage\":\"pt-BR\",\"potentialAction\":[{\"@type\":\"ReadAction\",\"target\":[\"https:\/\/www.rollomatic.ch\/pt-br\/product\/grindsmart830xw\/\"]}]},{\"@type\":\"ImageObject\",\"inLanguage\":\"pt-BR\",\"@id\":\"https:\/\/www.rollomatic.ch\/pt-br\/product\/grindsmart830xw\/#primaryimage\",\"url\":\"https:\/\/www.rollomatic.ch\/wp-content\/uploads\/830XW-SHINY_1-6.webp\",\"contentUrl\":\"https:\/\/www.rollomatic.ch\/wp-content\/uploads\/830XW-SHINY_1-6.webp\",\"width\":2560,\"height\":1440},{\"@type\":\"BreadcrumbList\",\"@id\":\"https:\/\/www.rollomatic.ch\/pt-br\/product\/grindsmart830xw\/#breadcrumb\",\"itemListElement\":[{\"@type\":\"ListItem\",\"position\":1,\"name\":\"Home\",\"item\":\"https:\/\/www.rollomatic.ch\/pt-br\/\"},{\"@type\":\"ListItem\",\"position\":2,\"name\":\"Cat\u00e1logo\",\"item\":\"https:\/\/www.rollomatic.ch\/pt-br\/catalogo\/\"},{\"@type\":\"ListItem\",\"position\":3,\"name\":\"GrindSmart\u00ae830XW\"}]},{\"@type\":\"WebSite\",\"@id\":\"https:\/\/www.rollomatic.ch\/pt-br\/#website\",\"url\":\"https:\/\/www.rollomatic.ch\/pt-br\/\",\"name\":\"Rollomatic\",\"description\":\"\",\"publisher\":{\"@id\":\"https:\/\/www.rollomatic.ch\/pt-br\/#organization\"},\"potentialAction\":[{\"@type\":\"SearchAction\",\"target\":{\"@type\":\"EntryPoint\",\"urlTemplate\":\"https:\/\/www.rollomatic.ch\/pt-br\/?s={search_term_string}\"},\"query-input\":{\"@type\":\"PropertyValueSpecification\",\"valueRequired\":true,\"valueName\":\"search_term_string\"}}],\"inLanguage\":\"pt-BR\"},{\"@type\":\"Organization\",\"@id\":\"https:\/\/www.rollomatic.ch\/pt-br\/#organization\",\"name\":\"Rollomatic S.A.\",\"url\":\"https:\/\/www.rollomatic.ch\/pt-br\/\",\"logo\":{\"@type\":\"ImageObject\",\"inLanguage\":\"pt-BR\",\"@id\":\"https:\/\/www.rollomatic.ch\/pt-br\/#\/schema\/logo\/image\/\",\"url\":\"https:\/\/www.rollomatic.ch\/wp-content\/uploads\/logomark_300.png\",\"contentUrl\":\"https:\/\/www.rollomatic.ch\/wp-content\/uploads\/logomark_300.png\",\"width\":300,\"height\":169,\"caption\":\"Rollomatic S.A.\"},\"image\":{\"@id\":\"https:\/\/www.rollomatic.ch\/pt-br\/#\/schema\/logo\/image\/\"},\"sameAs\":[\"https:\/\/www.facebook.com\/rollomatic\/\",\"https:\/\/x.com\/rollomatics\",\"https:\/\/www.linkedin.com\/company\/rollomatic-sa\/\"]}]}<\/script>\n<!-- \/ Yoast SEO plugin. -->","yoast_head_json":{"title":"GrindSmart\u00ae830XW - Rollomatic","description":"M\u00e1quina de retifica\u00e7\u00e3o de ferramentas hidrost\u00e1tica e linear de 6 eixos com capacidade de 1 mm a 32 mm (.040\u201d a 1.1\/4\u201d) de di\u00e2metro. Desempenho zero de deteriora\u00e7\u00e3o e baixos custos de manuten\u00e7\u00e3o.","robots":{"index":"index","follow":"follow","max-snippet":"max-snippet:-1","max-image-preview":"max-image-preview:large","max-video-preview":"max-video-preview:-1"},"canonical":"https:\/\/www.rollomatic.ch\/pt-br\/product\/grindsmart830xw\/","og_locale":"pt_BR","og_type":"article","og_title":"GrindSmart\u00ae830XW - Rollomatic","og_description":"M\u00e1quina de retifica\u00e7\u00e3o de ferramentas hidrost\u00e1tica e linear de 6 eixos com capacidade de 1 mm a 32 mm (.040\u201d a 1.1\/4\u201d) de di\u00e2metro. Desempenho zero de deteriora\u00e7\u00e3o e baixos custos de manuten\u00e7\u00e3o.","og_url":"https:\/\/www.rollomatic.ch\/pt-br\/product\/grindsmart830xw\/","og_site_name":"Rollomatic","article_publisher":"https:\/\/www.facebook.com\/rollomatic\/","article_modified_time":"2025-05-13T12:01:15+00:00","og_image":[{"width":2560,"height":1440,"url":"https:\/\/www.rollomatic.ch\/wp-content\/uploads\/830XW-SHINY_1-6.webp","type":"image\/webp"}],"twitter_card":"summary_large_image","twitter_site":"@rollomatics","twitter_misc":{"Est. tempo de leitura":"1 minuto"},"schema":{"@context":"https:\/\/schema.org","@graph":[{"@type":"WebPage","@id":"https:\/\/www.rollomatic.ch\/pt-br\/product\/grindsmart830xw\/","url":"https:\/\/www.rollomatic.ch\/pt-br\/product\/grindsmart830xw\/","name":"GrindSmart\u00ae830XW - Rollomatic","isPartOf":{"@id":"https:\/\/www.rollomatic.ch\/pt-br\/#website"},"primaryImageOfPage":{"@id":"https:\/\/www.rollomatic.ch\/pt-br\/product\/grindsmart830xw\/#primaryimage"},"image":{"@id":"https:\/\/www.rollomatic.ch\/pt-br\/product\/grindsmart830xw\/#primaryimage"},"thumbnailUrl":"https:\/\/www.rollomatic.ch\/wp-content\/uploads\/830XW-SHINY_1-6.webp","datePublished":"2020-10-25T15:43:23+00:00","dateModified":"2025-05-13T12:01:15+00:00","description":"M\u00e1quina de retifica\u00e7\u00e3o de ferramentas hidrost\u00e1tica e linear de 6 eixos com capacidade de 1 mm a 32 mm (.040\u201d a 1.1\/4\u201d) de di\u00e2metro. Desempenho zero de deteriora\u00e7\u00e3o e baixos custos de manuten\u00e7\u00e3o.","breadcrumb":{"@id":"https:\/\/www.rollomatic.ch\/pt-br\/product\/grindsmart830xw\/#breadcrumb"},"inLanguage":"pt-BR","potentialAction":[{"@type":"ReadAction","target":["https:\/\/www.rollomatic.ch\/pt-br\/product\/grindsmart830xw\/"]}]},{"@type":"ImageObject","inLanguage":"pt-BR","@id":"https:\/\/www.rollomatic.ch\/pt-br\/product\/grindsmart830xw\/#primaryimage","url":"https:\/\/www.rollomatic.ch\/wp-content\/uploads\/830XW-SHINY_1-6.webp","contentUrl":"https:\/\/www.rollomatic.ch\/wp-content\/uploads\/830XW-SHINY_1-6.webp","width":2560,"height":1440},{"@type":"BreadcrumbList","@id":"https:\/\/www.rollomatic.ch\/pt-br\/product\/grindsmart830xw\/#breadcrumb","itemListElement":[{"@type":"ListItem","position":1,"name":"Home","item":"https:\/\/www.rollomatic.ch\/pt-br\/"},{"@type":"ListItem","position":2,"name":"Cat\u00e1logo","item":"https:\/\/www.rollomatic.ch\/pt-br\/catalogo\/"},{"@type":"ListItem","position":3,"name":"GrindSmart\u00ae830XW"}]},{"@type":"WebSite","@id":"https:\/\/www.rollomatic.ch\/pt-br\/#website","url":"https:\/\/www.rollomatic.ch\/pt-br\/","name":"Rollomatic","description":"","publisher":{"@id":"https:\/\/www.rollomatic.ch\/pt-br\/#organization"},"potentialAction":[{"@type":"SearchAction","target":{"@type":"EntryPoint","urlTemplate":"https:\/\/www.rollomatic.ch\/pt-br\/?s={search_term_string}"},"query-input":{"@type":"PropertyValueSpecification","valueRequired":true,"valueName":"search_term_string"}}],"inLanguage":"pt-BR"},{"@type":"Organization","@id":"https:\/\/www.rollomatic.ch\/pt-br\/#organization","name":"Rollomatic S.A.","url":"https:\/\/www.rollomatic.ch\/pt-br\/","logo":{"@type":"ImageObject","inLanguage":"pt-BR","@id":"https:\/\/www.rollomatic.ch\/pt-br\/#\/schema\/logo\/image\/","url":"https:\/\/www.rollomatic.ch\/wp-content\/uploads\/logomark_300.png","contentUrl":"https:\/\/www.rollomatic.ch\/wp-content\/uploads\/logomark_300.png","width":300,"height":169,"caption":"Rollomatic S.A."},"image":{"@id":"https:\/\/www.rollomatic.ch\/pt-br\/#\/schema\/logo\/image\/"},"sameAs":["https:\/\/www.facebook.com\/rollomatic\/","https:\/\/x.com\/rollomatics","https:\/\/www.linkedin.com\/company\/rollomatic-sa\/"]}]}},"_links":{"self":[{"href":"https:\/\/www.rollomatic.ch\/pt-br\/wp-json\/wp\/v2\/product\/32798","targetHints":{"allow":["GET"]}}],"collection":[{"href":"https:\/\/www.rollomatic.ch\/pt-br\/wp-json\/wp\/v2\/product"}],"about":[{"href":"https:\/\/www.rollomatic.ch\/pt-br\/wp-json\/wp\/v2\/types\/product"}],"wp:featuredmedia":[{"embeddable":true,"href":"https:\/\/www.rollomatic.ch\/pt-br\/wp-json\/wp\/v2\/media\/9202"}],"wp:attachment":[{"href":"https:\/\/www.rollomatic.ch\/pt-br\/wp-json\/wp\/v2\/media?parent=32798"}],"wp:term":[{"taxonomy":"industry","embeddable":true,"href":"https:\/\/www.rollomatic.ch\/pt-br\/wp-json\/wp\/v2\/industry?post=32798"},{"taxonomy":"tool-material","embeddable":true,"href":"https:\/\/www.rollomatic.ch\/pt-br\/wp-json\/wp\/v2\/tool-material?post=32798"},{"taxonomy":"tool-range","embeddable":true,"href":"https:\/\/www.rollomatic.ch\/pt-br\/wp-json\/wp\/v2\/tool-range?post=32798"},{"taxonomy":"tool-type","embeddable":true,"href":"https:\/\/www.rollomatic.ch\/pt-br\/wp-json\/wp\/v2\/tool-type?post=32798"},{"taxonomy":"product_brand","embeddable":true,"href":"https:\/\/www.rollomatic.ch\/pt-br\/wp-json\/wp\/v2\/product_brand?post=32798"},{"taxonomy":"product_cat","embeddable":true,"href":"https:\/\/www.rollomatic.ch\/pt-br\/wp-json\/wp\/v2\/product_cat?post=32798"},{"taxonomy":"product_tag","embeddable":true,"href":"https:\/\/www.rollomatic.ch\/pt-br\/wp-json\/wp\/v2\/product_tag?post=32798"}],"curies":[{"name":"wp","href":"https:\/\/api.w.org\/{rel}","templated":true}]}}