{"id":32810,"date":"2020-12-18T16:28:21","date_gmt":"2020-12-18T16:28:21","guid":{"rendered":"https:\/\/www.rollomatic.ch\/product\/grindsmart-660xw\/"},"modified":"2025-05-13T12:00:44","modified_gmt":"2025-05-13T12:00:44","slug":"grindsmart-660xw","status":"publish","type":"product","link":"https:\/\/www.rollomatic.ch\/pt-br\/product\/grindsmart-660xw\/","title":{"rendered":"GrindSmart\u00ae 660XW"},"content":{"rendered":"<p>O GrindSmart\u00ae660XW foi projetado para aplica\u00e7\u00f5es de ferramentas de corte rotativas variando de di\u00e2metro de 0,1 a 12,7 mm em um layout incrivelmente compacto, que inclui um carregador de ferramentas de grande capacidade e um trocador de rodas de alta velocidade com 6 posi\u00e7\u00f5es de pacotes de rodas.<\/p>\n<p>A m\u00e1quina possui a mais recente tecnologia de motores lineares e de torque em cada eixo, bem como um motor de fuso s\u00edncrono de 14kW.<\/p>\n<p>Todos esses componentes s\u00e3o resfriados com o mesmo \u00f3leo de refrigera\u00e7\u00e3o, proporcionando uma perfeita estabilidade t\u00e9rmica, precis\u00e3o inigual\u00e1vel na produ\u00e7\u00e3o, al\u00e9m de um excelente acabamento de superf\u00edcie nas ferramentas.<\/p>\n","protected":false},"excerpt":{"rendered":"<p>O GrindSmart\u00ae660XW foi projetado para aplica\u00e7\u00f5es de ferramentas de corte rotativas variando de di\u00e2metro de 0,1 a 12,7 mm em um layout incrivelmente compacto, que inclui um carregador de ferramentas [&#8230;]\n","protected":false},"featured_media":9198,"template":"","meta":{"_acf_changed":false},"industry":[878,885,884,881],"tool-material":[],"tool-range":[378],"tool-type":[379,380,381,382,383],"product_brand":[],"product_cat":[863,864,865],"product_tag":[866],"class_list":{"0":"post-32810","1":"product","2":"type-product","3":"status-publish","4":"has-post-thumbnail","6":"industry-dentario","7":"industry-industria-de-eletronicos-3c","8":"industry-microtecnologias-pt-br","9":"industry-moldagem-por-injecao","10":"tool-range-0-1-12-7mm","11":"tool-type-boring-bars","12":"tool-type-burs","13":"tool-type-drills","14":"tool-type-end-mill","15":"tool-type-reamers","16":"product_cat-grindsmart-pt-br","17":"product_cat-ferramentas-de-corte-cilindricas","18":"product_cat-moagem-de-ferramentas-de-corte","19":"product_tag-moagem-de-ferramentas-de-corte","21":"first","22":"instock","23":"shipping-taxable","24":"product-type-simple"},"acf":[],"yoast_head":"<!-- This site is optimized with the Yoast SEO plugin v27.0 - https:\/\/yoast.com\/product\/yoast-seo-wordpress\/ -->\n<title>GrindSmart\u00ae 660XW - Rollomatic<\/title>\n<meta name=\"description\" content=\"M\u00e1quina h\u00edbrida de retifica\u00e7\u00e3o e peeling com capacidade de ferramenta de 6 eixos de 0,1 mm a 12,7 mm (.004\u201d a \u00bd\u201d) de di\u00e2metro. Cabe\u00e7ote exclusivo montado em um eixo linear CNC.\" \/>\n<meta name=\"robots\" content=\"index, follow, max-snippet:-1, max-image-preview:large, max-video-preview:-1\" \/>\n<link rel=\"canonical\" href=\"https:\/\/www.rollomatic.ch\/pt-br\/product\/grindsmart-660xw\/\" \/>\n<meta property=\"og:locale\" content=\"pt_BR\" \/>\n<meta property=\"og:type\" content=\"article\" \/>\n<meta property=\"og:title\" content=\"GrindSmart\u00ae 660XW - Rollomatic\" \/>\n<meta property=\"og:description\" content=\"M\u00e1quina h\u00edbrida de retifica\u00e7\u00e3o e peeling com capacidade de ferramenta de 6 eixos de 0,1 mm a 12,7 mm (.004\u201d a \u00bd\u201d) de di\u00e2metro. Cabe\u00e7ote exclusivo montado em um eixo linear CNC.\" \/>\n<meta property=\"og:url\" content=\"https:\/\/www.rollomatic.ch\/pt-br\/product\/grindsmart-660xw\/\" \/>\n<meta property=\"og:site_name\" content=\"Rollomatic\" \/>\n<meta property=\"article:publisher\" content=\"https:\/\/www.facebook.com\/rollomatic\/\" \/>\n<meta property=\"article:modified_time\" content=\"2025-05-13T12:00:44+00:00\" \/>\n<meta property=\"og:image\" content=\"https:\/\/www.rollomatic.ch\/wp-content\/uploads\/660XW-SHINY_1-1.webp\" \/>\n\t<meta property=\"og:image:width\" content=\"2560\" \/>\n\t<meta property=\"og:image:height\" content=\"1440\" \/>\n\t<meta property=\"og:image:type\" content=\"image\/webp\" \/>\n<meta name=\"twitter:card\" content=\"summary_large_image\" \/>\n<meta name=\"twitter:site\" content=\"@rollomatics\" \/>\n<meta name=\"twitter:label1\" content=\"Est. tempo de leitura\" \/>\n\t<meta name=\"twitter:data1\" content=\"1 minuto\" \/>\n<script type=\"application\/ld+json\" class=\"yoast-schema-graph\">{\"@context\":\"https:\/\/schema.org\",\"@graph\":[{\"@type\":\"WebPage\",\"@id\":\"https:\/\/www.rollomatic.ch\/pt-br\/product\/grindsmart-660xw\/\",\"url\":\"https:\/\/www.rollomatic.ch\/pt-br\/product\/grindsmart-660xw\/\",\"name\":\"GrindSmart\u00ae 660XW - Rollomatic\",\"isPartOf\":{\"@id\":\"https:\/\/www.rollomatic.ch\/pt-br\/#website\"},\"primaryImageOfPage\":{\"@id\":\"https:\/\/www.rollomatic.ch\/pt-br\/product\/grindsmart-660xw\/#primaryimage\"},\"image\":{\"@id\":\"https:\/\/www.rollomatic.ch\/pt-br\/product\/grindsmart-660xw\/#primaryimage\"},\"thumbnailUrl\":\"https:\/\/www.rollomatic.ch\/wp-content\/uploads\/660XW-SHINY_1-1.webp\",\"datePublished\":\"2020-12-18T16:28:21+00:00\",\"dateModified\":\"2025-05-13T12:00:44+00:00\",\"description\":\"M\u00e1quina h\u00edbrida de retifica\u00e7\u00e3o e peeling com capacidade de ferramenta de 6 eixos de 0,1 mm a 12,7 mm (.004\u201d a \u00bd\u201d) de di\u00e2metro. Cabe\u00e7ote exclusivo montado em um eixo linear CNC.\",\"breadcrumb\":{\"@id\":\"https:\/\/www.rollomatic.ch\/pt-br\/product\/grindsmart-660xw\/#breadcrumb\"},\"inLanguage\":\"pt-BR\",\"potentialAction\":[{\"@type\":\"ReadAction\",\"target\":[\"https:\/\/www.rollomatic.ch\/pt-br\/product\/grindsmart-660xw\/\"]}]},{\"@type\":\"ImageObject\",\"inLanguage\":\"pt-BR\",\"@id\":\"https:\/\/www.rollomatic.ch\/pt-br\/product\/grindsmart-660xw\/#primaryimage\",\"url\":\"https:\/\/www.rollomatic.ch\/wp-content\/uploads\/660XW-SHINY_1-1.webp\",\"contentUrl\":\"https:\/\/www.rollomatic.ch\/wp-content\/uploads\/660XW-SHINY_1-1.webp\",\"width\":2560,\"height\":1440},{\"@type\":\"BreadcrumbList\",\"@id\":\"https:\/\/www.rollomatic.ch\/pt-br\/product\/grindsmart-660xw\/#breadcrumb\",\"itemListElement\":[{\"@type\":\"ListItem\",\"position\":1,\"name\":\"Home\",\"item\":\"https:\/\/www.rollomatic.ch\/pt-br\/\"},{\"@type\":\"ListItem\",\"position\":2,\"name\":\"Cat\u00e1logo\",\"item\":\"https:\/\/www.rollomatic.ch\/pt-br\/catalogo\/\"},{\"@type\":\"ListItem\",\"position\":3,\"name\":\"GrindSmart\u00ae 660XW\"}]},{\"@type\":\"WebSite\",\"@id\":\"https:\/\/www.rollomatic.ch\/pt-br\/#website\",\"url\":\"https:\/\/www.rollomatic.ch\/pt-br\/\",\"name\":\"Rollomatic\",\"description\":\"\",\"publisher\":{\"@id\":\"https:\/\/www.rollomatic.ch\/pt-br\/#organization\"},\"potentialAction\":[{\"@type\":\"SearchAction\",\"target\":{\"@type\":\"EntryPoint\",\"urlTemplate\":\"https:\/\/www.rollomatic.ch\/pt-br\/?s={search_term_string}\"},\"query-input\":{\"@type\":\"PropertyValueSpecification\",\"valueRequired\":true,\"valueName\":\"search_term_string\"}}],\"inLanguage\":\"pt-BR\"},{\"@type\":\"Organization\",\"@id\":\"https:\/\/www.rollomatic.ch\/pt-br\/#organization\",\"name\":\"Rollomatic S.A.\",\"url\":\"https:\/\/www.rollomatic.ch\/pt-br\/\",\"logo\":{\"@type\":\"ImageObject\",\"inLanguage\":\"pt-BR\",\"@id\":\"https:\/\/www.rollomatic.ch\/pt-br\/#\/schema\/logo\/image\/\",\"url\":\"https:\/\/www.rollomatic.ch\/wp-content\/uploads\/logomark_300.png\",\"contentUrl\":\"https:\/\/www.rollomatic.ch\/wp-content\/uploads\/logomark_300.png\",\"width\":300,\"height\":169,\"caption\":\"Rollomatic S.A.\"},\"image\":{\"@id\":\"https:\/\/www.rollomatic.ch\/pt-br\/#\/schema\/logo\/image\/\"},\"sameAs\":[\"https:\/\/www.facebook.com\/rollomatic\/\",\"https:\/\/x.com\/rollomatics\",\"https:\/\/www.linkedin.com\/company\/rollomatic-sa\/\"]}]}<\/script>\n<!-- \/ Yoast SEO plugin. -->","yoast_head_json":{"title":"GrindSmart\u00ae 660XW - Rollomatic","description":"M\u00e1quina h\u00edbrida de retifica\u00e7\u00e3o e peeling com capacidade de ferramenta de 6 eixos de 0,1 mm a 12,7 mm (.004\u201d a \u00bd\u201d) de di\u00e2metro. Cabe\u00e7ote exclusivo montado em um eixo linear CNC.","robots":{"index":"index","follow":"follow","max-snippet":"max-snippet:-1","max-image-preview":"max-image-preview:large","max-video-preview":"max-video-preview:-1"},"canonical":"https:\/\/www.rollomatic.ch\/pt-br\/product\/grindsmart-660xw\/","og_locale":"pt_BR","og_type":"article","og_title":"GrindSmart\u00ae 660XW - Rollomatic","og_description":"M\u00e1quina h\u00edbrida de retifica\u00e7\u00e3o e peeling com capacidade de ferramenta de 6 eixos de 0,1 mm a 12,7 mm (.004\u201d a \u00bd\u201d) de di\u00e2metro. Cabe\u00e7ote exclusivo montado em um eixo linear CNC.","og_url":"https:\/\/www.rollomatic.ch\/pt-br\/product\/grindsmart-660xw\/","og_site_name":"Rollomatic","article_publisher":"https:\/\/www.facebook.com\/rollomatic\/","article_modified_time":"2025-05-13T12:00:44+00:00","og_image":[{"width":2560,"height":1440,"url":"https:\/\/www.rollomatic.ch\/wp-content\/uploads\/660XW-SHINY_1-1.webp","type":"image\/webp"}],"twitter_card":"summary_large_image","twitter_site":"@rollomatics","twitter_misc":{"Est. tempo de leitura":"1 minuto"},"schema":{"@context":"https:\/\/schema.org","@graph":[{"@type":"WebPage","@id":"https:\/\/www.rollomatic.ch\/pt-br\/product\/grindsmart-660xw\/","url":"https:\/\/www.rollomatic.ch\/pt-br\/product\/grindsmart-660xw\/","name":"GrindSmart\u00ae 660XW - Rollomatic","isPartOf":{"@id":"https:\/\/www.rollomatic.ch\/pt-br\/#website"},"primaryImageOfPage":{"@id":"https:\/\/www.rollomatic.ch\/pt-br\/product\/grindsmart-660xw\/#primaryimage"},"image":{"@id":"https:\/\/www.rollomatic.ch\/pt-br\/product\/grindsmart-660xw\/#primaryimage"},"thumbnailUrl":"https:\/\/www.rollomatic.ch\/wp-content\/uploads\/660XW-SHINY_1-1.webp","datePublished":"2020-12-18T16:28:21+00:00","dateModified":"2025-05-13T12:00:44+00:00","description":"M\u00e1quina h\u00edbrida de retifica\u00e7\u00e3o e peeling com capacidade de ferramenta de 6 eixos de 0,1 mm a 12,7 mm (.004\u201d a \u00bd\u201d) de di\u00e2metro. Cabe\u00e7ote exclusivo montado em um eixo linear CNC.","breadcrumb":{"@id":"https:\/\/www.rollomatic.ch\/pt-br\/product\/grindsmart-660xw\/#breadcrumb"},"inLanguage":"pt-BR","potentialAction":[{"@type":"ReadAction","target":["https:\/\/www.rollomatic.ch\/pt-br\/product\/grindsmart-660xw\/"]}]},{"@type":"ImageObject","inLanguage":"pt-BR","@id":"https:\/\/www.rollomatic.ch\/pt-br\/product\/grindsmart-660xw\/#primaryimage","url":"https:\/\/www.rollomatic.ch\/wp-content\/uploads\/660XW-SHINY_1-1.webp","contentUrl":"https:\/\/www.rollomatic.ch\/wp-content\/uploads\/660XW-SHINY_1-1.webp","width":2560,"height":1440},{"@type":"BreadcrumbList","@id":"https:\/\/www.rollomatic.ch\/pt-br\/product\/grindsmart-660xw\/#breadcrumb","itemListElement":[{"@type":"ListItem","position":1,"name":"Home","item":"https:\/\/www.rollomatic.ch\/pt-br\/"},{"@type":"ListItem","position":2,"name":"Cat\u00e1logo","item":"https:\/\/www.rollomatic.ch\/pt-br\/catalogo\/"},{"@type":"ListItem","position":3,"name":"GrindSmart\u00ae 660XW"}]},{"@type":"WebSite","@id":"https:\/\/www.rollomatic.ch\/pt-br\/#website","url":"https:\/\/www.rollomatic.ch\/pt-br\/","name":"Rollomatic","description":"","publisher":{"@id":"https:\/\/www.rollomatic.ch\/pt-br\/#organization"},"potentialAction":[{"@type":"SearchAction","target":{"@type":"EntryPoint","urlTemplate":"https:\/\/www.rollomatic.ch\/pt-br\/?s={search_term_string}"},"query-input":{"@type":"PropertyValueSpecification","valueRequired":true,"valueName":"search_term_string"}}],"inLanguage":"pt-BR"},{"@type":"Organization","@id":"https:\/\/www.rollomatic.ch\/pt-br\/#organization","name":"Rollomatic S.A.","url":"https:\/\/www.rollomatic.ch\/pt-br\/","logo":{"@type":"ImageObject","inLanguage":"pt-BR","@id":"https:\/\/www.rollomatic.ch\/pt-br\/#\/schema\/logo\/image\/","url":"https:\/\/www.rollomatic.ch\/wp-content\/uploads\/logomark_300.png","contentUrl":"https:\/\/www.rollomatic.ch\/wp-content\/uploads\/logomark_300.png","width":300,"height":169,"caption":"Rollomatic S.A."},"image":{"@id":"https:\/\/www.rollomatic.ch\/pt-br\/#\/schema\/logo\/image\/"},"sameAs":["https:\/\/www.facebook.com\/rollomatic\/","https:\/\/x.com\/rollomatics","https:\/\/www.linkedin.com\/company\/rollomatic-sa\/"]}]}},"_links":{"self":[{"href":"https:\/\/www.rollomatic.ch\/pt-br\/wp-json\/wp\/v2\/product\/32810","targetHints":{"allow":["GET"]}}],"collection":[{"href":"https:\/\/www.rollomatic.ch\/pt-br\/wp-json\/wp\/v2\/product"}],"about":[{"href":"https:\/\/www.rollomatic.ch\/pt-br\/wp-json\/wp\/v2\/types\/product"}],"wp:featuredmedia":[{"embeddable":true,"href":"https:\/\/www.rollomatic.ch\/pt-br\/wp-json\/wp\/v2\/media\/9198"}],"wp:attachment":[{"href":"https:\/\/www.rollomatic.ch\/pt-br\/wp-json\/wp\/v2\/media?parent=32810"}],"wp:term":[{"taxonomy":"industry","embeddable":true,"href":"https:\/\/www.rollomatic.ch\/pt-br\/wp-json\/wp\/v2\/industry?post=32810"},{"taxonomy":"tool-material","embeddable":true,"href":"https:\/\/www.rollomatic.ch\/pt-br\/wp-json\/wp\/v2\/tool-material?post=32810"},{"taxonomy":"tool-range","embeddable":true,"href":"https:\/\/www.rollomatic.ch\/pt-br\/wp-json\/wp\/v2\/tool-range?post=32810"},{"taxonomy":"tool-type","embeddable":true,"href":"https:\/\/www.rollomatic.ch\/pt-br\/wp-json\/wp\/v2\/tool-type?post=32810"},{"taxonomy":"product_brand","embeddable":true,"href":"https:\/\/www.rollomatic.ch\/pt-br\/wp-json\/wp\/v2\/product_brand?post=32810"},{"taxonomy":"product_cat","embeddable":true,"href":"https:\/\/www.rollomatic.ch\/pt-br\/wp-json\/wp\/v2\/product_cat?post=32810"},{"taxonomy":"product_tag","embeddable":true,"href":"https:\/\/www.rollomatic.ch\/pt-br\/wp-json\/wp\/v2\/product_tag?post=32810"}],"curies":[{"name":"wp","href":"https:\/\/api.w.org\/{rel}","templated":true}]}}