{"id":32816,"date":"2020-08-20T19:31:46","date_gmt":"2020-08-20T19:31:46","guid":{"rendered":"https:\/\/www.rollomatic.ch\/product\/shapesmartnp50\/"},"modified":"2025-05-13T12:01:28","modified_gmt":"2025-05-13T12:01:28","slug":"shapesmartnp50","status":"publish","type":"product","link":"https:\/\/www.rollomatic.ch\/pt-br\/product\/shapesmartnp50\/","title":{"rendered":"ShapeSmart\u00aeNP50"},"content":{"rendered":"<p>O ShapeSmart\u00aeNP50 \u00e9 uma m\u00e1quina de moagem cil\u00edndrica precisa em 5 eixos Pinch\/Peel com carregador rob\u00f3tico integrado de 3 eixos e di\u00e2metro de moagem de 0,025 \u2013 25 mm (0.001 \u2013 1).<\/p>\n<p>O ShapeSmart\u00aeNP50 \u00e9 ideal para a prepara\u00e7\u00e3o de blanks de ferramentas de corte, bem como para aplica\u00e7\u00f5es de pun\u00e7\u00e3o e moldagem que exigem geometrias complexas e altas rela\u00e7\u00f5es comprimento-di\u00e2metro.<\/p>\n","protected":false},"excerpt":{"rendered":"<p>O ShapeSmart\u00aeNP50 \u00e9 uma m\u00e1quina de moagem cil\u00edndrica precisa em 5 eixos Pinch\/Peel com carregador rob\u00f3tico integrado de 3 eixos e di\u00e2metro de moagem de 0,025 \u2013 25 mm (0.001 [&#8230;]\n","protected":false},"featured_media":9225,"template":"","meta":{"_acf_changed":false},"industry":[878,877,881,902],"tool-material":[],"tool-range":[419],"tool-type":[388],"product_brand":[],"product_cat":[903,904,905],"product_tag":[906],"class_list":{"0":"post-32816","1":"product","2":"type-product","3":"status-publish","4":"has-post-thumbnail","6":"industry-dentario","7":"industry-medica","8":"industry-moldagem-por-injecao","9":"industry-puncoes","10":"tool-range-0-025-25mm","11":"tool-type-cylindrical-non-round-applications","12":"product_cat-shapesmart-pt-br","13":"product_cat-moagem-cilindrica-e-de-puncoes","14":"product_cat-moagem-cilindrica","15":"product_tag-moagem-cilindrica","17":"first","18":"instock","19":"shipping-taxable","20":"product-type-simple"},"acf":[],"yoast_head":"<!-- This site is optimized with the Yoast SEO plugin v27.0 - https:\/\/yoast.com\/product\/yoast-seo-wordpress\/ -->\n<title>ShapeSmart\u00aeNP50 - Rollomatic<\/title>\n<meta name=\"description\" content=\"M\u00e1quina de moagem em 5 eixos &quot;Pinch &amp; Peel&quot; com capacidade de 0,02 mm a 25,4 mm (0.0008\u201d a 1\u201d) para ferramentas redondas e n\u00e3o redondas, pun\u00e7\u00f5es e componentes.\" \/>\n<meta name=\"robots\" content=\"index, follow, max-snippet:-1, max-image-preview:large, max-video-preview:-1\" \/>\n<link rel=\"canonical\" href=\"https:\/\/www.rollomatic.ch\/pt-br\/product\/shapesmartnp50\/\" \/>\n<meta property=\"og:locale\" content=\"pt_BR\" \/>\n<meta property=\"og:type\" content=\"article\" \/>\n<meta property=\"og:title\" content=\"ShapeSmart\u00aeNP50 - Rollomatic\" \/>\n<meta property=\"og:description\" content=\"M\u00e1quina de moagem em 5 eixos &quot;Pinch &amp; Peel&quot; com capacidade de 0,02 mm a 25,4 mm (0.0008\u201d a 1\u201d) para ferramentas redondas e n\u00e3o redondas, pun\u00e7\u00f5es e componentes.\" \/>\n<meta property=\"og:url\" content=\"https:\/\/www.rollomatic.ch\/pt-br\/product\/shapesmartnp50\/\" \/>\n<meta property=\"og:site_name\" content=\"Rollomatic\" \/>\n<meta property=\"article:publisher\" content=\"https:\/\/www.facebook.com\/rollomatic\/\" \/>\n<meta property=\"article:modified_time\" content=\"2025-05-13T12:01:28+00:00\" \/>\n<meta property=\"og:image\" content=\"https:\/\/www.rollomatic.ch\/wp-content\/uploads\/NP50-SHINY_1.webp\" \/>\n\t<meta property=\"og:image:width\" content=\"2560\" \/>\n\t<meta property=\"og:image:height\" content=\"1440\" \/>\n\t<meta property=\"og:image:type\" content=\"image\/webp\" \/>\n<meta name=\"twitter:card\" content=\"summary_large_image\" \/>\n<meta name=\"twitter:site\" content=\"@rollomatics\" \/>\n<script type=\"application\/ld+json\" class=\"yoast-schema-graph\">{\"@context\":\"https:\/\/schema.org\",\"@graph\":[{\"@type\":\"WebPage\",\"@id\":\"https:\/\/www.rollomatic.ch\/pt-br\/product\/shapesmartnp50\/\",\"url\":\"https:\/\/www.rollomatic.ch\/pt-br\/product\/shapesmartnp50\/\",\"name\":\"ShapeSmart\u00aeNP50 - Rollomatic\",\"isPartOf\":{\"@id\":\"https:\/\/www.rollomatic.ch\/pt-br\/#website\"},\"primaryImageOfPage\":{\"@id\":\"https:\/\/www.rollomatic.ch\/pt-br\/product\/shapesmartnp50\/#primaryimage\"},\"image\":{\"@id\":\"https:\/\/www.rollomatic.ch\/pt-br\/product\/shapesmartnp50\/#primaryimage\"},\"thumbnailUrl\":\"https:\/\/www.rollomatic.ch\/wp-content\/uploads\/NP50-SHINY_1.webp\",\"datePublished\":\"2020-08-20T19:31:46+00:00\",\"dateModified\":\"2025-05-13T12:01:28+00:00\",\"description\":\"M\u00e1quina de moagem em 5 eixos \\\"Pinch & Peel\\\" com capacidade de 0,02 mm a 25,4 mm (0.0008\u201d a 1\u201d) para ferramentas redondas e n\u00e3o redondas, pun\u00e7\u00f5es e componentes.\",\"breadcrumb\":{\"@id\":\"https:\/\/www.rollomatic.ch\/pt-br\/product\/shapesmartnp50\/#breadcrumb\"},\"inLanguage\":\"pt-BR\",\"potentialAction\":[{\"@type\":\"ReadAction\",\"target\":[\"https:\/\/www.rollomatic.ch\/pt-br\/product\/shapesmartnp50\/\"]}]},{\"@type\":\"ImageObject\",\"inLanguage\":\"pt-BR\",\"@id\":\"https:\/\/www.rollomatic.ch\/pt-br\/product\/shapesmartnp50\/#primaryimage\",\"url\":\"https:\/\/www.rollomatic.ch\/wp-content\/uploads\/NP50-SHINY_1.webp\",\"contentUrl\":\"https:\/\/www.rollomatic.ch\/wp-content\/uploads\/NP50-SHINY_1.webp\",\"width\":2560,\"height\":1440},{\"@type\":\"BreadcrumbList\",\"@id\":\"https:\/\/www.rollomatic.ch\/pt-br\/product\/shapesmartnp50\/#breadcrumb\",\"itemListElement\":[{\"@type\":\"ListItem\",\"position\":1,\"name\":\"Home\",\"item\":\"https:\/\/www.rollomatic.ch\/pt-br\/\"},{\"@type\":\"ListItem\",\"position\":2,\"name\":\"Cat\u00e1logo\",\"item\":\"https:\/\/www.rollomatic.ch\/pt-br\/catalogo\/\"},{\"@type\":\"ListItem\",\"position\":3,\"name\":\"ShapeSmart\u00aeNP50\"}]},{\"@type\":\"WebSite\",\"@id\":\"https:\/\/www.rollomatic.ch\/pt-br\/#website\",\"url\":\"https:\/\/www.rollomatic.ch\/pt-br\/\",\"name\":\"Rollomatic\",\"description\":\"\",\"publisher\":{\"@id\":\"https:\/\/www.rollomatic.ch\/pt-br\/#organization\"},\"potentialAction\":[{\"@type\":\"SearchAction\",\"target\":{\"@type\":\"EntryPoint\",\"urlTemplate\":\"https:\/\/www.rollomatic.ch\/pt-br\/?s={search_term_string}\"},\"query-input\":{\"@type\":\"PropertyValueSpecification\",\"valueRequired\":true,\"valueName\":\"search_term_string\"}}],\"inLanguage\":\"pt-BR\"},{\"@type\":\"Organization\",\"@id\":\"https:\/\/www.rollomatic.ch\/pt-br\/#organization\",\"name\":\"Rollomatic S.A.\",\"url\":\"https:\/\/www.rollomatic.ch\/pt-br\/\",\"logo\":{\"@type\":\"ImageObject\",\"inLanguage\":\"pt-BR\",\"@id\":\"https:\/\/www.rollomatic.ch\/pt-br\/#\/schema\/logo\/image\/\",\"url\":\"https:\/\/www.rollomatic.ch\/wp-content\/uploads\/logomark_300.png\",\"contentUrl\":\"https:\/\/www.rollomatic.ch\/wp-content\/uploads\/logomark_300.png\",\"width\":300,\"height\":169,\"caption\":\"Rollomatic S.A.\"},\"image\":{\"@id\":\"https:\/\/www.rollomatic.ch\/pt-br\/#\/schema\/logo\/image\/\"},\"sameAs\":[\"https:\/\/www.facebook.com\/rollomatic\/\",\"https:\/\/x.com\/rollomatics\",\"https:\/\/www.linkedin.com\/company\/rollomatic-sa\/\"]}]}<\/script>\n<!-- \/ Yoast SEO plugin. -->","yoast_head_json":{"title":"ShapeSmart\u00aeNP50 - Rollomatic","description":"M\u00e1quina de moagem em 5 eixos \"Pinch & Peel\" com capacidade de 0,02 mm a 25,4 mm (0.0008\u201d a 1\u201d) para ferramentas redondas e n\u00e3o redondas, pun\u00e7\u00f5es e componentes.","robots":{"index":"index","follow":"follow","max-snippet":"max-snippet:-1","max-image-preview":"max-image-preview:large","max-video-preview":"max-video-preview:-1"},"canonical":"https:\/\/www.rollomatic.ch\/pt-br\/product\/shapesmartnp50\/","og_locale":"pt_BR","og_type":"article","og_title":"ShapeSmart\u00aeNP50 - Rollomatic","og_description":"M\u00e1quina de moagem em 5 eixos \"Pinch & Peel\" com capacidade de 0,02 mm a 25,4 mm (0.0008\u201d a 1\u201d) para ferramentas redondas e n\u00e3o redondas, pun\u00e7\u00f5es e componentes.","og_url":"https:\/\/www.rollomatic.ch\/pt-br\/product\/shapesmartnp50\/","og_site_name":"Rollomatic","article_publisher":"https:\/\/www.facebook.com\/rollomatic\/","article_modified_time":"2025-05-13T12:01:28+00:00","og_image":[{"width":2560,"height":1440,"url":"https:\/\/www.rollomatic.ch\/wp-content\/uploads\/NP50-SHINY_1.webp","type":"image\/webp"}],"twitter_card":"summary_large_image","twitter_site":"@rollomatics","schema":{"@context":"https:\/\/schema.org","@graph":[{"@type":"WebPage","@id":"https:\/\/www.rollomatic.ch\/pt-br\/product\/shapesmartnp50\/","url":"https:\/\/www.rollomatic.ch\/pt-br\/product\/shapesmartnp50\/","name":"ShapeSmart\u00aeNP50 - Rollomatic","isPartOf":{"@id":"https:\/\/www.rollomatic.ch\/pt-br\/#website"},"primaryImageOfPage":{"@id":"https:\/\/www.rollomatic.ch\/pt-br\/product\/shapesmartnp50\/#primaryimage"},"image":{"@id":"https:\/\/www.rollomatic.ch\/pt-br\/product\/shapesmartnp50\/#primaryimage"},"thumbnailUrl":"https:\/\/www.rollomatic.ch\/wp-content\/uploads\/NP50-SHINY_1.webp","datePublished":"2020-08-20T19:31:46+00:00","dateModified":"2025-05-13T12:01:28+00:00","description":"M\u00e1quina de moagem em 5 eixos \"Pinch & Peel\" com capacidade de 0,02 mm a 25,4 mm (0.0008\u201d a 1\u201d) para ferramentas redondas e n\u00e3o redondas, pun\u00e7\u00f5es e componentes.","breadcrumb":{"@id":"https:\/\/www.rollomatic.ch\/pt-br\/product\/shapesmartnp50\/#breadcrumb"},"inLanguage":"pt-BR","potentialAction":[{"@type":"ReadAction","target":["https:\/\/www.rollomatic.ch\/pt-br\/product\/shapesmartnp50\/"]}]},{"@type":"ImageObject","inLanguage":"pt-BR","@id":"https:\/\/www.rollomatic.ch\/pt-br\/product\/shapesmartnp50\/#primaryimage","url":"https:\/\/www.rollomatic.ch\/wp-content\/uploads\/NP50-SHINY_1.webp","contentUrl":"https:\/\/www.rollomatic.ch\/wp-content\/uploads\/NP50-SHINY_1.webp","width":2560,"height":1440},{"@type":"BreadcrumbList","@id":"https:\/\/www.rollomatic.ch\/pt-br\/product\/shapesmartnp50\/#breadcrumb","itemListElement":[{"@type":"ListItem","position":1,"name":"Home","item":"https:\/\/www.rollomatic.ch\/pt-br\/"},{"@type":"ListItem","position":2,"name":"Cat\u00e1logo","item":"https:\/\/www.rollomatic.ch\/pt-br\/catalogo\/"},{"@type":"ListItem","position":3,"name":"ShapeSmart\u00aeNP50"}]},{"@type":"WebSite","@id":"https:\/\/www.rollomatic.ch\/pt-br\/#website","url":"https:\/\/www.rollomatic.ch\/pt-br\/","name":"Rollomatic","description":"","publisher":{"@id":"https:\/\/www.rollomatic.ch\/pt-br\/#organization"},"potentialAction":[{"@type":"SearchAction","target":{"@type":"EntryPoint","urlTemplate":"https:\/\/www.rollomatic.ch\/pt-br\/?s={search_term_string}"},"query-input":{"@type":"PropertyValueSpecification","valueRequired":true,"valueName":"search_term_string"}}],"inLanguage":"pt-BR"},{"@type":"Organization","@id":"https:\/\/www.rollomatic.ch\/pt-br\/#organization","name":"Rollomatic S.A.","url":"https:\/\/www.rollomatic.ch\/pt-br\/","logo":{"@type":"ImageObject","inLanguage":"pt-BR","@id":"https:\/\/www.rollomatic.ch\/pt-br\/#\/schema\/logo\/image\/","url":"https:\/\/www.rollomatic.ch\/wp-content\/uploads\/logomark_300.png","contentUrl":"https:\/\/www.rollomatic.ch\/wp-content\/uploads\/logomark_300.png","width":300,"height":169,"caption":"Rollomatic S.A."},"image":{"@id":"https:\/\/www.rollomatic.ch\/pt-br\/#\/schema\/logo\/image\/"},"sameAs":["https:\/\/www.facebook.com\/rollomatic\/","https:\/\/x.com\/rollomatics","https:\/\/www.linkedin.com\/company\/rollomatic-sa\/"]}]}},"_links":{"self":[{"href":"https:\/\/www.rollomatic.ch\/pt-br\/wp-json\/wp\/v2\/product\/32816","targetHints":{"allow":["GET"]}}],"collection":[{"href":"https:\/\/www.rollomatic.ch\/pt-br\/wp-json\/wp\/v2\/product"}],"about":[{"href":"https:\/\/www.rollomatic.ch\/pt-br\/wp-json\/wp\/v2\/types\/product"}],"wp:featuredmedia":[{"embeddable":true,"href":"https:\/\/www.rollomatic.ch\/pt-br\/wp-json\/wp\/v2\/media\/9225"}],"wp:attachment":[{"href":"https:\/\/www.rollomatic.ch\/pt-br\/wp-json\/wp\/v2\/media?parent=32816"}],"wp:term":[{"taxonomy":"industry","embeddable":true,"href":"https:\/\/www.rollomatic.ch\/pt-br\/wp-json\/wp\/v2\/industry?post=32816"},{"taxonomy":"tool-material","embeddable":true,"href":"https:\/\/www.rollomatic.ch\/pt-br\/wp-json\/wp\/v2\/tool-material?post=32816"},{"taxonomy":"tool-range","embeddable":true,"href":"https:\/\/www.rollomatic.ch\/pt-br\/wp-json\/wp\/v2\/tool-range?post=32816"},{"taxonomy":"tool-type","embeddable":true,"href":"https:\/\/www.rollomatic.ch\/pt-br\/wp-json\/wp\/v2\/tool-type?post=32816"},{"taxonomy":"product_brand","embeddable":true,"href":"https:\/\/www.rollomatic.ch\/pt-br\/wp-json\/wp\/v2\/product_brand?post=32816"},{"taxonomy":"product_cat","embeddable":true,"href":"https:\/\/www.rollomatic.ch\/pt-br\/wp-json\/wp\/v2\/product_cat?post=32816"},{"taxonomy":"product_tag","embeddable":true,"href":"https:\/\/www.rollomatic.ch\/pt-br\/wp-json\/wp\/v2\/product_tag?post=32816"}],"curies":[{"name":"wp","href":"https:\/\/api.w.org\/{rel}","templated":true}]}}