{"id":32841,"date":"2020-11-25T15:02:22","date_gmt":"2020-11-25T15:02:22","guid":{"rendered":"https:\/\/www.rollomatic.ch\/product\/grindsmart-530xw\/"},"modified":"2025-05-13T12:01:02","modified_gmt":"2025-05-13T12:01:02","slug":"grindsmart-530xw","status":"publish","type":"product","link":"https:\/\/www.rollomatic.ch\/pt-br\/product\/grindsmart-530xw\/","title":{"rendered":"GrindSmart\u00ae 530XW"},"content":{"rendered":"<p>A retificadora de ferramentas de alta precis\u00e3o de 5 eixos GrindSmart\u00ae530XW foi projetada para fabricar ferramentas de corte rotativas de alto desempenho, tanto em lotes longos quanto curtos, cobrindo uma ampla gama de di\u00e2metros de \u00d8. 0,1 a 20,0 mm (.004&#8243; &#8211; .75&#8243;). Esta m\u00e1quina est\u00e1 equipada com motores lineares, combinados com o motor de torque no eixo rotativo, proporcionando mais benef\u00edcios como acabamento de superf\u00edcie aprimorado e custos de manuten\u00e7\u00e3o reduzidos. O \u00f3leo usado para resfriar e lubrificar os motores lineares \u00e9 o mesmo que o \u00f3leo refrigerante. Isso garante estabilidade t\u00e9rmica consistente durante a configura\u00e7\u00e3o e produ\u00e7\u00e3o sem incorrer em consumo adicional de energia.<\/p>\n<p>O GrindSmart\u00ae530XW inclui, como padr\u00e3o, um trocador de rodas SmartChanger de 6 posi\u00e7\u00f5es r\u00e1pido e confi\u00e1vel, proporcionando a m\u00e1xima flexibilidade e autonomia na gest\u00e3o de processos de retifica\u00e7\u00e3o. Este modelo oferece opcionalmente um carregador autom\u00e1tico de alta velocidade para pegar e posicionar ferramentas, com capacidade de at\u00e9 1.360.<\/p>\n","protected":false},"excerpt":{"rendered":"<p>A retificadora de ferramentas de alta precis\u00e3o de 5 eixos GrindSmart\u00ae530XW foi projetada para fabricar ferramentas de corte rotativas de alto desempenho, tanto em lotes longos quanto curtos, cobrindo uma [&#8230;]\n","protected":false},"featured_media":9182,"template":"","meta":{"_acf_changed":false},"industry":[],"tool-material":[],"tool-range":[390],"tool-type":[379,380,381,382,423,383,422],"product_brand":[],"product_cat":[863,864,865],"product_tag":[866],"class_list":{"0":"post-32841","1":"product","2":"type-product","3":"status-publish","4":"has-post-thumbnail","6":"tool-range-1-20mm","7":"tool-type-boring-bars","8":"tool-type-burs","9":"tool-type-drills","10":"tool-type-end-mill","11":"tool-type-form-tools","12":"tool-type-reamers","13":"tool-type-taps","14":"product_cat-grindsmart-pt-br","15":"product_cat-ferramentas-de-corte-cilindricas","16":"product_cat-moagem-de-ferramentas-de-corte","17":"product_tag-moagem-de-ferramentas-de-corte","19":"first","20":"instock","21":"shipping-taxable","22":"product-type-simple"},"acf":[],"yoast_head":"<!-- This site is optimized with the Yoast SEO plugin v27.0 - https:\/\/yoast.com\/product\/yoast-seo-wordpress\/ -->\n<title>GrindSmart\u00ae 530XW - Rollomatic<\/title>\n<meta name=\"description\" content=\"Retificadora de ferramentas de precis\u00e3o de 5 eixos para a fabrica\u00e7\u00e3o de ferramentas de corte padr\u00e3o e de alto rendimento de \u00d8 0,5 \u2013 20,0 mm (.02&quot;\u2013 3\/4&quot;)\" \/>\n<meta name=\"robots\" content=\"index, follow, max-snippet:-1, max-image-preview:large, max-video-preview:-1\" \/>\n<link rel=\"canonical\" href=\"https:\/\/www.rollomatic.ch\/pt-br\/product\/grindsmart-530xw\/\" \/>\n<meta property=\"og:locale\" content=\"pt_BR\" \/>\n<meta property=\"og:type\" content=\"article\" \/>\n<meta property=\"og:title\" content=\"GrindSmart\u00ae 530XW - Rollomatic\" \/>\n<meta property=\"og:description\" content=\"Retificadora de ferramentas de precis\u00e3o de 5 eixos para a fabrica\u00e7\u00e3o de ferramentas de corte padr\u00e3o e de alto rendimento de \u00d8 0,5 \u2013 20,0 mm (.02&quot;\u2013 3\/4&quot;)\" \/>\n<meta property=\"og:url\" content=\"https:\/\/www.rollomatic.ch\/pt-br\/product\/grindsmart-530xw\/\" \/>\n<meta property=\"og:site_name\" content=\"Rollomatic\" \/>\n<meta property=\"article:publisher\" content=\"https:\/\/www.facebook.com\/rollomatic\/\" \/>\n<meta property=\"article:modified_time\" content=\"2025-05-13T12:01:02+00:00\" \/>\n<meta property=\"og:image\" content=\"https:\/\/www.rollomatic.ch\/wp-content\/uploads\/530XW-SHINY_1.webp\" \/>\n\t<meta property=\"og:image:width\" content=\"2560\" \/>\n\t<meta property=\"og:image:height\" content=\"1440\" \/>\n\t<meta property=\"og:image:type\" content=\"image\/webp\" \/>\n<meta name=\"twitter:card\" content=\"summary_large_image\" \/>\n<meta name=\"twitter:site\" content=\"@rollomatics\" \/>\n<meta name=\"twitter:label1\" content=\"Est. tempo de leitura\" \/>\n\t<meta name=\"twitter:data1\" content=\"1 minuto\" \/>\n<script type=\"application\/ld+json\" class=\"yoast-schema-graph\">{\"@context\":\"https:\/\/schema.org\",\"@graph\":[{\"@type\":\"WebPage\",\"@id\":\"https:\/\/www.rollomatic.ch\/pt-br\/product\/grindsmart-530xw\/\",\"url\":\"https:\/\/www.rollomatic.ch\/pt-br\/product\/grindsmart-530xw\/\",\"name\":\"GrindSmart\u00ae 530XW - Rollomatic\",\"isPartOf\":{\"@id\":\"https:\/\/www.rollomatic.ch\/pt-br\/#website\"},\"primaryImageOfPage\":{\"@id\":\"https:\/\/www.rollomatic.ch\/pt-br\/product\/grindsmart-530xw\/#primaryimage\"},\"image\":{\"@id\":\"https:\/\/www.rollomatic.ch\/pt-br\/product\/grindsmart-530xw\/#primaryimage\"},\"thumbnailUrl\":\"https:\/\/www.rollomatic.ch\/wp-content\/uploads\/530XW-SHINY_1.webp\",\"datePublished\":\"2020-11-25T15:02:22+00:00\",\"dateModified\":\"2025-05-13T12:01:02+00:00\",\"description\":\"Retificadora de ferramentas de precis\u00e3o de 5 eixos para a fabrica\u00e7\u00e3o de ferramentas de corte padr\u00e3o e de alto rendimento de \u00d8 0,5 \u2013 20,0 mm (.02\\\"\u2013 3\/4\\\")\",\"breadcrumb\":{\"@id\":\"https:\/\/www.rollomatic.ch\/pt-br\/product\/grindsmart-530xw\/#breadcrumb\"},\"inLanguage\":\"pt-BR\",\"potentialAction\":[{\"@type\":\"ReadAction\",\"target\":[\"https:\/\/www.rollomatic.ch\/pt-br\/product\/grindsmart-530xw\/\"]}]},{\"@type\":\"ImageObject\",\"inLanguage\":\"pt-BR\",\"@id\":\"https:\/\/www.rollomatic.ch\/pt-br\/product\/grindsmart-530xw\/#primaryimage\",\"url\":\"https:\/\/www.rollomatic.ch\/wp-content\/uploads\/530XW-SHINY_1.webp\",\"contentUrl\":\"https:\/\/www.rollomatic.ch\/wp-content\/uploads\/530XW-SHINY_1.webp\",\"width\":2560,\"height\":1440},{\"@type\":\"BreadcrumbList\",\"@id\":\"https:\/\/www.rollomatic.ch\/pt-br\/product\/grindsmart-530xw\/#breadcrumb\",\"itemListElement\":[{\"@type\":\"ListItem\",\"position\":1,\"name\":\"Home\",\"item\":\"https:\/\/www.rollomatic.ch\/pt-br\/\"},{\"@type\":\"ListItem\",\"position\":2,\"name\":\"Cat\u00e1logo\",\"item\":\"https:\/\/www.rollomatic.ch\/pt-br\/catalogo\/\"},{\"@type\":\"ListItem\",\"position\":3,\"name\":\"GrindSmart\u00ae 530XW\"}]},{\"@type\":\"WebSite\",\"@id\":\"https:\/\/www.rollomatic.ch\/pt-br\/#website\",\"url\":\"https:\/\/www.rollomatic.ch\/pt-br\/\",\"name\":\"Rollomatic\",\"description\":\"\",\"publisher\":{\"@id\":\"https:\/\/www.rollomatic.ch\/pt-br\/#organization\"},\"potentialAction\":[{\"@type\":\"SearchAction\",\"target\":{\"@type\":\"EntryPoint\",\"urlTemplate\":\"https:\/\/www.rollomatic.ch\/pt-br\/?s={search_term_string}\"},\"query-input\":{\"@type\":\"PropertyValueSpecification\",\"valueRequired\":true,\"valueName\":\"search_term_string\"}}],\"inLanguage\":\"pt-BR\"},{\"@type\":\"Organization\",\"@id\":\"https:\/\/www.rollomatic.ch\/pt-br\/#organization\",\"name\":\"Rollomatic S.A.\",\"url\":\"https:\/\/www.rollomatic.ch\/pt-br\/\",\"logo\":{\"@type\":\"ImageObject\",\"inLanguage\":\"pt-BR\",\"@id\":\"https:\/\/www.rollomatic.ch\/pt-br\/#\/schema\/logo\/image\/\",\"url\":\"https:\/\/www.rollomatic.ch\/wp-content\/uploads\/logomark_300.png\",\"contentUrl\":\"https:\/\/www.rollomatic.ch\/wp-content\/uploads\/logomark_300.png\",\"width\":300,\"height\":169,\"caption\":\"Rollomatic S.A.\"},\"image\":{\"@id\":\"https:\/\/www.rollomatic.ch\/pt-br\/#\/schema\/logo\/image\/\"},\"sameAs\":[\"https:\/\/www.facebook.com\/rollomatic\/\",\"https:\/\/x.com\/rollomatics\",\"https:\/\/www.linkedin.com\/company\/rollomatic-sa\/\"]}]}<\/script>\n<!-- \/ Yoast SEO plugin. -->","yoast_head_json":{"title":"GrindSmart\u00ae 530XW - Rollomatic","description":"Retificadora de ferramentas de precis\u00e3o de 5 eixos para a fabrica\u00e7\u00e3o de ferramentas de corte padr\u00e3o e de alto rendimento de \u00d8 0,5 \u2013 20,0 mm (.02\"\u2013 3\/4\")","robots":{"index":"index","follow":"follow","max-snippet":"max-snippet:-1","max-image-preview":"max-image-preview:large","max-video-preview":"max-video-preview:-1"},"canonical":"https:\/\/www.rollomatic.ch\/pt-br\/product\/grindsmart-530xw\/","og_locale":"pt_BR","og_type":"article","og_title":"GrindSmart\u00ae 530XW - Rollomatic","og_description":"Retificadora de ferramentas de precis\u00e3o de 5 eixos para a fabrica\u00e7\u00e3o de ferramentas de corte padr\u00e3o e de alto rendimento de \u00d8 0,5 \u2013 20,0 mm (.02\"\u2013 3\/4\")","og_url":"https:\/\/www.rollomatic.ch\/pt-br\/product\/grindsmart-530xw\/","og_site_name":"Rollomatic","article_publisher":"https:\/\/www.facebook.com\/rollomatic\/","article_modified_time":"2025-05-13T12:01:02+00:00","og_image":[{"width":2560,"height":1440,"url":"https:\/\/www.rollomatic.ch\/wp-content\/uploads\/530XW-SHINY_1.webp","type":"image\/webp"}],"twitter_card":"summary_large_image","twitter_site":"@rollomatics","twitter_misc":{"Est. tempo de leitura":"1 minuto"},"schema":{"@context":"https:\/\/schema.org","@graph":[{"@type":"WebPage","@id":"https:\/\/www.rollomatic.ch\/pt-br\/product\/grindsmart-530xw\/","url":"https:\/\/www.rollomatic.ch\/pt-br\/product\/grindsmart-530xw\/","name":"GrindSmart\u00ae 530XW - Rollomatic","isPartOf":{"@id":"https:\/\/www.rollomatic.ch\/pt-br\/#website"},"primaryImageOfPage":{"@id":"https:\/\/www.rollomatic.ch\/pt-br\/product\/grindsmart-530xw\/#primaryimage"},"image":{"@id":"https:\/\/www.rollomatic.ch\/pt-br\/product\/grindsmart-530xw\/#primaryimage"},"thumbnailUrl":"https:\/\/www.rollomatic.ch\/wp-content\/uploads\/530XW-SHINY_1.webp","datePublished":"2020-11-25T15:02:22+00:00","dateModified":"2025-05-13T12:01:02+00:00","description":"Retificadora de ferramentas de precis\u00e3o de 5 eixos para a fabrica\u00e7\u00e3o de ferramentas de corte padr\u00e3o e de alto rendimento de \u00d8 0,5 \u2013 20,0 mm (.02\"\u2013 3\/4\")","breadcrumb":{"@id":"https:\/\/www.rollomatic.ch\/pt-br\/product\/grindsmart-530xw\/#breadcrumb"},"inLanguage":"pt-BR","potentialAction":[{"@type":"ReadAction","target":["https:\/\/www.rollomatic.ch\/pt-br\/product\/grindsmart-530xw\/"]}]},{"@type":"ImageObject","inLanguage":"pt-BR","@id":"https:\/\/www.rollomatic.ch\/pt-br\/product\/grindsmart-530xw\/#primaryimage","url":"https:\/\/www.rollomatic.ch\/wp-content\/uploads\/530XW-SHINY_1.webp","contentUrl":"https:\/\/www.rollomatic.ch\/wp-content\/uploads\/530XW-SHINY_1.webp","width":2560,"height":1440},{"@type":"BreadcrumbList","@id":"https:\/\/www.rollomatic.ch\/pt-br\/product\/grindsmart-530xw\/#breadcrumb","itemListElement":[{"@type":"ListItem","position":1,"name":"Home","item":"https:\/\/www.rollomatic.ch\/pt-br\/"},{"@type":"ListItem","position":2,"name":"Cat\u00e1logo","item":"https:\/\/www.rollomatic.ch\/pt-br\/catalogo\/"},{"@type":"ListItem","position":3,"name":"GrindSmart\u00ae 530XW"}]},{"@type":"WebSite","@id":"https:\/\/www.rollomatic.ch\/pt-br\/#website","url":"https:\/\/www.rollomatic.ch\/pt-br\/","name":"Rollomatic","description":"","publisher":{"@id":"https:\/\/www.rollomatic.ch\/pt-br\/#organization"},"potentialAction":[{"@type":"SearchAction","target":{"@type":"EntryPoint","urlTemplate":"https:\/\/www.rollomatic.ch\/pt-br\/?s={search_term_string}"},"query-input":{"@type":"PropertyValueSpecification","valueRequired":true,"valueName":"search_term_string"}}],"inLanguage":"pt-BR"},{"@type":"Organization","@id":"https:\/\/www.rollomatic.ch\/pt-br\/#organization","name":"Rollomatic S.A.","url":"https:\/\/www.rollomatic.ch\/pt-br\/","logo":{"@type":"ImageObject","inLanguage":"pt-BR","@id":"https:\/\/www.rollomatic.ch\/pt-br\/#\/schema\/logo\/image\/","url":"https:\/\/www.rollomatic.ch\/wp-content\/uploads\/logomark_300.png","contentUrl":"https:\/\/www.rollomatic.ch\/wp-content\/uploads\/logomark_300.png","width":300,"height":169,"caption":"Rollomatic S.A."},"image":{"@id":"https:\/\/www.rollomatic.ch\/pt-br\/#\/schema\/logo\/image\/"},"sameAs":["https:\/\/www.facebook.com\/rollomatic\/","https:\/\/x.com\/rollomatics","https:\/\/www.linkedin.com\/company\/rollomatic-sa\/"]}]}},"_links":{"self":[{"href":"https:\/\/www.rollomatic.ch\/pt-br\/wp-json\/wp\/v2\/product\/32841","targetHints":{"allow":["GET"]}}],"collection":[{"href":"https:\/\/www.rollomatic.ch\/pt-br\/wp-json\/wp\/v2\/product"}],"about":[{"href":"https:\/\/www.rollomatic.ch\/pt-br\/wp-json\/wp\/v2\/types\/product"}],"wp:featuredmedia":[{"embeddable":true,"href":"https:\/\/www.rollomatic.ch\/pt-br\/wp-json\/wp\/v2\/media\/9182"}],"wp:attachment":[{"href":"https:\/\/www.rollomatic.ch\/pt-br\/wp-json\/wp\/v2\/media?parent=32841"}],"wp:term":[{"taxonomy":"industry","embeddable":true,"href":"https:\/\/www.rollomatic.ch\/pt-br\/wp-json\/wp\/v2\/industry?post=32841"},{"taxonomy":"tool-material","embeddable":true,"href":"https:\/\/www.rollomatic.ch\/pt-br\/wp-json\/wp\/v2\/tool-material?post=32841"},{"taxonomy":"tool-range","embeddable":true,"href":"https:\/\/www.rollomatic.ch\/pt-br\/wp-json\/wp\/v2\/tool-range?post=32841"},{"taxonomy":"tool-type","embeddable":true,"href":"https:\/\/www.rollomatic.ch\/pt-br\/wp-json\/wp\/v2\/tool-type?post=32841"},{"taxonomy":"product_brand","embeddable":true,"href":"https:\/\/www.rollomatic.ch\/pt-br\/wp-json\/wp\/v2\/product_brand?post=32841"},{"taxonomy":"product_cat","embeddable":true,"href":"https:\/\/www.rollomatic.ch\/pt-br\/wp-json\/wp\/v2\/product_cat?post=32841"},{"taxonomy":"product_tag","embeddable":true,"href":"https:\/\/www.rollomatic.ch\/pt-br\/wp-json\/wp\/v2\/product_tag?post=32841"}],"curies":[{"name":"wp","href":"https:\/\/api.w.org\/{rel}","templated":true}]}}