{"id":32875,"date":"2020-10-10T21:13:51","date_gmt":"2025-04-09T09:20:19","guid":{"rendered":"https:\/\/www.rollomatic.ch\/product\/grindsmart-nano6\/"},"modified":"2025-05-13T12:01:18","modified_gmt":"2025-05-13T12:01:18","slug":"grindsmart-nano6","status":"publish","type":"product","link":"https:\/\/www.rollomatic.ch\/pt-br\/product\/grindsmart-nano6\/","title":{"rendered":"GrindSmart\u00ae Nano6"},"content":{"rendered":"<p>O centro de retifica\u00e7\u00e3o de precis\u00e3o de 6 eixos GrindSmart\u00aeNano6 foi projetado para a produ\u00e7\u00e3o de microferramentas de alto desempenho feitas de carboneto ou HSS com faixa de di\u00e2metro entre \u00d8 0,03 \u2013 2,0 mm (.001&#8243;\u2013 .080&#8243;).<br \/>\nGra\u00e7as \u00e0 sua tecnologia hidrost\u00e1tica inovadora, esta m\u00e1quina extremamente compacta oferece desempenho superior para a fabrica\u00e7\u00e3o de microferramentas de alta precis\u00e3o.<\/p>\n","protected":false},"excerpt":{"rendered":"<p>O centro de retifica\u00e7\u00e3o de precis\u00e3o de 6 eixos GrindSmart\u00aeNano6 foi projetado para a produ\u00e7\u00e3o de microferramentas de alto desempenho feitas de carboneto ou HSS com faixa de di\u00e2metro entre [&#8230;]\n","protected":false},"featured_media":9214,"template":"","meta":{"_acf_changed":false},"industry":[885,884],"tool-material":[],"tool-range":[386],"tool-type":[423,425,426,427],"product_brand":[],"product_cat":[863,864,865],"product_tag":[866],"class_list":{"0":"post-32875","1":"product","2":"type-product","3":"status-publish","4":"has-post-thumbnail","6":"industry-industria-de-eletronicos-3c","7":"industry-microtecnologias-pt-br","8":"tool-range-0-03-2mm","9":"tool-type-form-tools","10":"tool-type-micro-drill","11":"tool-type-micro-end-drill","12":"tool-type-micro-taps","13":"product_cat-grindsmart-pt-br","14":"product_cat-ferramentas-de-corte-cilindricas","15":"product_cat-moagem-de-ferramentas-de-corte","16":"product_tag-moagem-de-ferramentas-de-corte","18":"first","19":"instock","20":"shipping-taxable","21":"product-type-simple"},"acf":[],"yoast_head":"<!-- This site is optimized with the Yoast SEO plugin v27.0 - https:\/\/yoast.com\/product\/yoast-seo-wordpress\/ -->\n<title>GrindSmart Nano6 | Ret\u00edfica de Precis\u00e3o de 6 Eixos | Rollomatic USA<\/title>\n<meta name=\"description\" content=\"Centro de retifica\u00e7\u00e3o de precis\u00e3o de 6 eixos projetado para a produ\u00e7\u00e3o de microferramentas de alto desempenho feitas de carboneto ou HSS com faixa de di\u00e2metro entre \u00d8 0,03 \u2013 2,0 mm\" \/>\n<meta name=\"robots\" content=\"index, follow, max-snippet:-1, max-image-preview:large, max-video-preview:-1\" \/>\n<link rel=\"canonical\" href=\"https:\/\/www.rollomatic.ch\/pt-br\/product\/grindsmart-nano6\/\" \/>\n<meta property=\"og:locale\" content=\"pt_BR\" \/>\n<meta property=\"og:type\" content=\"article\" \/>\n<meta property=\"og:title\" content=\"GrindSmart Nano6 | Ret\u00edfica de Precis\u00e3o de 6 Eixos | Rollomatic USA\" \/>\n<meta property=\"og:description\" content=\"Centro de retifica\u00e7\u00e3o de precis\u00e3o de 6 eixos projetado para a produ\u00e7\u00e3o de microferramentas de alto desempenho feitas de carboneto ou HSS com faixa de di\u00e2metro entre \u00d8 0,03 \u2013 2,0 mm\" \/>\n<meta property=\"og:url\" content=\"https:\/\/www.rollomatic.ch\/pt-br\/product\/grindsmart-nano6\/\" \/>\n<meta property=\"og:site_name\" content=\"Rollomatic\" \/>\n<meta property=\"article:publisher\" content=\"https:\/\/www.facebook.com\/rollomatic\/\" \/>\n<meta property=\"article:modified_time\" content=\"2025-05-13T12:01:18+00:00\" \/>\n<meta property=\"og:image\" content=\"https:\/\/www.rollomatic.ch\/wp-content\/uploads\/NANO6-SHINY_1-1.webp\" \/>\n\t<meta property=\"og:image:width\" content=\"2560\" \/>\n\t<meta property=\"og:image:height\" content=\"1440\" \/>\n\t<meta property=\"og:image:type\" content=\"image\/webp\" \/>\n<meta name=\"twitter:card\" content=\"summary_large_image\" \/>\n<meta name=\"twitter:site\" content=\"@rollomatics\" \/>\n<script type=\"application\/ld+json\" class=\"yoast-schema-graph\">{\"@context\":\"https:\/\/schema.org\",\"@graph\":[{\"@type\":\"WebPage\",\"@id\":\"https:\/\/www.rollomatic.ch\/pt-br\/product\/grindsmart-nano6\/\",\"url\":\"https:\/\/www.rollomatic.ch\/pt-br\/product\/grindsmart-nano6\/\",\"name\":\"GrindSmart Nano6 | Ret\u00edfica de Precis\u00e3o de 6 Eixos | Rollomatic USA\",\"isPartOf\":{\"@id\":\"https:\/\/www.rollomatic.ch\/pt-br\/#website\"},\"primaryImageOfPage\":{\"@id\":\"https:\/\/www.rollomatic.ch\/pt-br\/product\/grindsmart-nano6\/#primaryimage\"},\"image\":{\"@id\":\"https:\/\/www.rollomatic.ch\/pt-br\/product\/grindsmart-nano6\/#primaryimage\"},\"thumbnailUrl\":\"https:\/\/www.rollomatic.ch\/wp-content\/uploads\/NANO6-SHINY_1-1.webp\",\"datePublished\":\"2025-04-09T09:20:19+00:00\",\"dateModified\":\"2025-05-13T12:01:18+00:00\",\"description\":\"Centro de retifica\u00e7\u00e3o de precis\u00e3o de 6 eixos projetado para a produ\u00e7\u00e3o de microferramentas de alto desempenho feitas de carboneto ou HSS com faixa de di\u00e2metro entre \u00d8 0,03 \u2013 2,0 mm\",\"breadcrumb\":{\"@id\":\"https:\/\/www.rollomatic.ch\/pt-br\/product\/grindsmart-nano6\/#breadcrumb\"},\"inLanguage\":\"pt-BR\",\"potentialAction\":[{\"@type\":\"ReadAction\",\"target\":[\"https:\/\/www.rollomatic.ch\/pt-br\/product\/grindsmart-nano6\/\"]}]},{\"@type\":\"ImageObject\",\"inLanguage\":\"pt-BR\",\"@id\":\"https:\/\/www.rollomatic.ch\/pt-br\/product\/grindsmart-nano6\/#primaryimage\",\"url\":\"https:\/\/www.rollomatic.ch\/wp-content\/uploads\/NANO6-SHINY_1-1.webp\",\"contentUrl\":\"https:\/\/www.rollomatic.ch\/wp-content\/uploads\/NANO6-SHINY_1-1.webp\",\"width\":2560,\"height\":1440},{\"@type\":\"BreadcrumbList\",\"@id\":\"https:\/\/www.rollomatic.ch\/pt-br\/product\/grindsmart-nano6\/#breadcrumb\",\"itemListElement\":[{\"@type\":\"ListItem\",\"position\":1,\"name\":\"Home\",\"item\":\"https:\/\/www.rollomatic.ch\/pt-br\/\"},{\"@type\":\"ListItem\",\"position\":2,\"name\":\"Cat\u00e1logo\",\"item\":\"https:\/\/www.rollomatic.ch\/pt-br\/catalogo\/\"},{\"@type\":\"ListItem\",\"position\":3,\"name\":\"GrindSmart\u00ae Nano6\"}]},{\"@type\":\"WebSite\",\"@id\":\"https:\/\/www.rollomatic.ch\/pt-br\/#website\",\"url\":\"https:\/\/www.rollomatic.ch\/pt-br\/\",\"name\":\"Rollomatic\",\"description\":\"\",\"publisher\":{\"@id\":\"https:\/\/www.rollomatic.ch\/pt-br\/#organization\"},\"potentialAction\":[{\"@type\":\"SearchAction\",\"target\":{\"@type\":\"EntryPoint\",\"urlTemplate\":\"https:\/\/www.rollomatic.ch\/pt-br\/?s={search_term_string}\"},\"query-input\":{\"@type\":\"PropertyValueSpecification\",\"valueRequired\":true,\"valueName\":\"search_term_string\"}}],\"inLanguage\":\"pt-BR\"},{\"@type\":\"Organization\",\"@id\":\"https:\/\/www.rollomatic.ch\/pt-br\/#organization\",\"name\":\"Rollomatic S.A.\",\"url\":\"https:\/\/www.rollomatic.ch\/pt-br\/\",\"logo\":{\"@type\":\"ImageObject\",\"inLanguage\":\"pt-BR\",\"@id\":\"https:\/\/www.rollomatic.ch\/pt-br\/#\/schema\/logo\/image\/\",\"url\":\"https:\/\/www.rollomatic.ch\/wp-content\/uploads\/logomark_300.png\",\"contentUrl\":\"https:\/\/www.rollomatic.ch\/wp-content\/uploads\/logomark_300.png\",\"width\":300,\"height\":169,\"caption\":\"Rollomatic S.A.\"},\"image\":{\"@id\":\"https:\/\/www.rollomatic.ch\/pt-br\/#\/schema\/logo\/image\/\"},\"sameAs\":[\"https:\/\/www.facebook.com\/rollomatic\/\",\"https:\/\/x.com\/rollomatics\",\"https:\/\/www.linkedin.com\/company\/rollomatic-sa\/\"]}]}<\/script>\n<!-- \/ Yoast SEO plugin. -->","yoast_head_json":{"title":"GrindSmart Nano6 | Ret\u00edfica de Precis\u00e3o de 6 Eixos | Rollomatic USA","description":"Centro de retifica\u00e7\u00e3o de precis\u00e3o de 6 eixos projetado para a produ\u00e7\u00e3o de microferramentas de alto desempenho feitas de carboneto ou HSS com faixa de di\u00e2metro entre \u00d8 0,03 \u2013 2,0 mm","robots":{"index":"index","follow":"follow","max-snippet":"max-snippet:-1","max-image-preview":"max-image-preview:large","max-video-preview":"max-video-preview:-1"},"canonical":"https:\/\/www.rollomatic.ch\/pt-br\/product\/grindsmart-nano6\/","og_locale":"pt_BR","og_type":"article","og_title":"GrindSmart Nano6 | Ret\u00edfica de Precis\u00e3o de 6 Eixos | Rollomatic USA","og_description":"Centro de retifica\u00e7\u00e3o de precis\u00e3o de 6 eixos projetado para a produ\u00e7\u00e3o de microferramentas de alto desempenho feitas de carboneto ou HSS com faixa de di\u00e2metro entre \u00d8 0,03 \u2013 2,0 mm","og_url":"https:\/\/www.rollomatic.ch\/pt-br\/product\/grindsmart-nano6\/","og_site_name":"Rollomatic","article_publisher":"https:\/\/www.facebook.com\/rollomatic\/","article_modified_time":"2025-05-13T12:01:18+00:00","og_image":[{"width":2560,"height":1440,"url":"https:\/\/www.rollomatic.ch\/wp-content\/uploads\/NANO6-SHINY_1-1.webp","type":"image\/webp"}],"twitter_card":"summary_large_image","twitter_site":"@rollomatics","schema":{"@context":"https:\/\/schema.org","@graph":[{"@type":"WebPage","@id":"https:\/\/www.rollomatic.ch\/pt-br\/product\/grindsmart-nano6\/","url":"https:\/\/www.rollomatic.ch\/pt-br\/product\/grindsmart-nano6\/","name":"GrindSmart Nano6 | Ret\u00edfica de Precis\u00e3o de 6 Eixos | Rollomatic USA","isPartOf":{"@id":"https:\/\/www.rollomatic.ch\/pt-br\/#website"},"primaryImageOfPage":{"@id":"https:\/\/www.rollomatic.ch\/pt-br\/product\/grindsmart-nano6\/#primaryimage"},"image":{"@id":"https:\/\/www.rollomatic.ch\/pt-br\/product\/grindsmart-nano6\/#primaryimage"},"thumbnailUrl":"https:\/\/www.rollomatic.ch\/wp-content\/uploads\/NANO6-SHINY_1-1.webp","datePublished":"2025-04-09T09:20:19+00:00","dateModified":"2025-05-13T12:01:18+00:00","description":"Centro de retifica\u00e7\u00e3o de precis\u00e3o de 6 eixos projetado para a produ\u00e7\u00e3o de microferramentas de alto desempenho feitas de carboneto ou HSS com faixa de di\u00e2metro entre \u00d8 0,03 \u2013 2,0 mm","breadcrumb":{"@id":"https:\/\/www.rollomatic.ch\/pt-br\/product\/grindsmart-nano6\/#breadcrumb"},"inLanguage":"pt-BR","potentialAction":[{"@type":"ReadAction","target":["https:\/\/www.rollomatic.ch\/pt-br\/product\/grindsmart-nano6\/"]}]},{"@type":"ImageObject","inLanguage":"pt-BR","@id":"https:\/\/www.rollomatic.ch\/pt-br\/product\/grindsmart-nano6\/#primaryimage","url":"https:\/\/www.rollomatic.ch\/wp-content\/uploads\/NANO6-SHINY_1-1.webp","contentUrl":"https:\/\/www.rollomatic.ch\/wp-content\/uploads\/NANO6-SHINY_1-1.webp","width":2560,"height":1440},{"@type":"BreadcrumbList","@id":"https:\/\/www.rollomatic.ch\/pt-br\/product\/grindsmart-nano6\/#breadcrumb","itemListElement":[{"@type":"ListItem","position":1,"name":"Home","item":"https:\/\/www.rollomatic.ch\/pt-br\/"},{"@type":"ListItem","position":2,"name":"Cat\u00e1logo","item":"https:\/\/www.rollomatic.ch\/pt-br\/catalogo\/"},{"@type":"ListItem","position":3,"name":"GrindSmart\u00ae Nano6"}]},{"@type":"WebSite","@id":"https:\/\/www.rollomatic.ch\/pt-br\/#website","url":"https:\/\/www.rollomatic.ch\/pt-br\/","name":"Rollomatic","description":"","publisher":{"@id":"https:\/\/www.rollomatic.ch\/pt-br\/#organization"},"potentialAction":[{"@type":"SearchAction","target":{"@type":"EntryPoint","urlTemplate":"https:\/\/www.rollomatic.ch\/pt-br\/?s={search_term_string}"},"query-input":{"@type":"PropertyValueSpecification","valueRequired":true,"valueName":"search_term_string"}}],"inLanguage":"pt-BR"},{"@type":"Organization","@id":"https:\/\/www.rollomatic.ch\/pt-br\/#organization","name":"Rollomatic S.A.","url":"https:\/\/www.rollomatic.ch\/pt-br\/","logo":{"@type":"ImageObject","inLanguage":"pt-BR","@id":"https:\/\/www.rollomatic.ch\/pt-br\/#\/schema\/logo\/image\/","url":"https:\/\/www.rollomatic.ch\/wp-content\/uploads\/logomark_300.png","contentUrl":"https:\/\/www.rollomatic.ch\/wp-content\/uploads\/logomark_300.png","width":300,"height":169,"caption":"Rollomatic S.A."},"image":{"@id":"https:\/\/www.rollomatic.ch\/pt-br\/#\/schema\/logo\/image\/"},"sameAs":["https:\/\/www.facebook.com\/rollomatic\/","https:\/\/x.com\/rollomatics","https:\/\/www.linkedin.com\/company\/rollomatic-sa\/"]}]}},"_links":{"self":[{"href":"https:\/\/www.rollomatic.ch\/pt-br\/wp-json\/wp\/v2\/product\/32875","targetHints":{"allow":["GET"]}}],"collection":[{"href":"https:\/\/www.rollomatic.ch\/pt-br\/wp-json\/wp\/v2\/product"}],"about":[{"href":"https:\/\/www.rollomatic.ch\/pt-br\/wp-json\/wp\/v2\/types\/product"}],"wp:featuredmedia":[{"embeddable":true,"href":"https:\/\/www.rollomatic.ch\/pt-br\/wp-json\/wp\/v2\/media\/9214"}],"wp:attachment":[{"href":"https:\/\/www.rollomatic.ch\/pt-br\/wp-json\/wp\/v2\/media?parent=32875"}],"wp:term":[{"taxonomy":"industry","embeddable":true,"href":"https:\/\/www.rollomatic.ch\/pt-br\/wp-json\/wp\/v2\/industry?post=32875"},{"taxonomy":"tool-material","embeddable":true,"href":"https:\/\/www.rollomatic.ch\/pt-br\/wp-json\/wp\/v2\/tool-material?post=32875"},{"taxonomy":"tool-range","embeddable":true,"href":"https:\/\/www.rollomatic.ch\/pt-br\/wp-json\/wp\/v2\/tool-range?post=32875"},{"taxonomy":"tool-type","embeddable":true,"href":"https:\/\/www.rollomatic.ch\/pt-br\/wp-json\/wp\/v2\/tool-type?post=32875"},{"taxonomy":"product_brand","embeddable":true,"href":"https:\/\/www.rollomatic.ch\/pt-br\/wp-json\/wp\/v2\/product_brand?post=32875"},{"taxonomy":"product_cat","embeddable":true,"href":"https:\/\/www.rollomatic.ch\/pt-br\/wp-json\/wp\/v2\/product_cat?post=32875"},{"taxonomy":"product_tag","embeddable":true,"href":"https:\/\/www.rollomatic.ch\/pt-br\/wp-json\/wp\/v2\/product_tag?post=32875"}],"curies":[{"name":"wp","href":"https:\/\/api.w.org\/{rel}","templated":true}]}}