{"id":33225,"date":"2024-03-19T06:29:16","date_gmt":"2025-04-09T09:32:17","guid":{"rendered":"https:\/\/www.rollomatic.ch\/product\/easysetup\/"},"modified":"2025-05-13T12:00:33","modified_gmt":"2025-05-13T12:00:33","slug":"easysetup","status":"publish","type":"product","link":"https:\/\/www.rollomatic.ch\/pt-br\/product\/easysetup\/","title":{"rendered":"EasySetup\u00ae"},"content":{"rendered":"<p>O dispositivo Alfa-set EasySetUp\u00ae \u00e9 a nova gera\u00e7\u00e3o de pr\u00e9-ajustadores de rodas da Rollomatic.<\/p>\n<p>Oferecendo opera\u00e7\u00e3o altamente precisa, ele permite medir rapidamente e com precis\u00e3o a geometria das rodas de esmerilhamento diretamente no software VirtualGrind\u00aePro.<\/p>\n<p>Ap\u00f3s o dressamento, o conjunto de rodas \u00e9 montado em adaptadores PerfectArbor\u2122 ou HSK50E, que s\u00e3o constru\u00eddos em um sistema de rolamentos c\u00f4nicos de alta precis\u00e3o que n\u00e3o gera desvio e garante precis\u00e3o e concentricidade perfeitas.<\/p>\n","protected":false},"excerpt":{"rendered":"<p>O dispositivo Alfa-set EasySetUp\u00ae \u00e9 a nova gera\u00e7\u00e3o de pr\u00e9-ajustadores de rodas da Rollomatic. Oferecendo opera\u00e7\u00e3o altamente precisa, ele permite medir rapidamente e com precis\u00e3o a geometria das rodas de [&#8230;]\n","protected":false},"featured_media":9247,"template":"","meta":{"_acf_changed":false},"industry":[],"tool-material":[],"tool-range":[],"tool-type":[],"product_brand":[],"product_cat":[925],"product_tag":[],"class_list":{"0":"post-33225","1":"product","2":"type-product","3":"status-publish","4":"has-post-thumbnail","6":"product_cat-perifericos-pt-br","8":"first","9":"instock","10":"shipping-taxable","11":"product-type-simple"},"acf":[],"yoast_head":"<!-- This site is optimized with the Yoast SEO plugin v27.0 - https:\/\/yoast.com\/product\/yoast-seo-wordpress\/ -->\n<title>EasySetup\u00ae - Rollomatic<\/title>\n<meta name=\"robots\" content=\"index, follow, max-snippet:-1, max-image-preview:large, max-video-preview:-1\" \/>\n<link rel=\"canonical\" href=\"https:\/\/www.rollomatic.ch\/pt-br\/product\/easysetup\/\" \/>\n<meta property=\"og:locale\" content=\"pt_BR\" \/>\n<meta property=\"og:type\" content=\"article\" \/>\n<meta property=\"og:title\" content=\"EasySetup\u00ae - Rollomatic\" \/>\n<meta property=\"og:description\" content=\"O dispositivo Alfa-set EasySetUp\u00ae \u00e9 a nova gera\u00e7\u00e3o de pr\u00e9-ajustadores de rodas da Rollomatic. Oferecendo opera\u00e7\u00e3o altamente precisa, ele permite medir rapidamente e com precis\u00e3o a geometria das rodas de [...]\" \/>\n<meta property=\"og:url\" content=\"https:\/\/www.rollomatic.ch\/pt-br\/product\/easysetup\/\" \/>\n<meta property=\"og:site_name\" content=\"Rollomatic\" \/>\n<meta property=\"article:publisher\" content=\"https:\/\/www.facebook.com\/rollomatic\/\" \/>\n<meta property=\"article:modified_time\" content=\"2025-05-13T12:00:33+00:00\" \/>\n<meta property=\"og:image\" content=\"https:\/\/www.rollomatic.ch\/wp-content\/uploads\/Peripherical-Alfa-Set-23.jpg\" \/>\n\t<meta property=\"og:image:width\" content=\"1470\" \/>\n\t<meta property=\"og:image:height\" content=\"1102\" \/>\n\t<meta property=\"og:image:type\" content=\"image\/jpeg\" \/>\n<meta name=\"twitter:card\" content=\"summary_large_image\" \/>\n<meta name=\"twitter:site\" content=\"@rollomatics\" \/>\n<script type=\"application\/ld+json\" class=\"yoast-schema-graph\">{\"@context\":\"https:\/\/schema.org\",\"@graph\":[{\"@type\":\"WebPage\",\"@id\":\"https:\/\/www.rollomatic.ch\/pt-br\/product\/easysetup\/\",\"url\":\"https:\/\/www.rollomatic.ch\/pt-br\/product\/easysetup\/\",\"name\":\"EasySetup\u00ae - Rollomatic\",\"isPartOf\":{\"@id\":\"https:\/\/www.rollomatic.ch\/pt-br\/#website\"},\"primaryImageOfPage\":{\"@id\":\"https:\/\/www.rollomatic.ch\/pt-br\/product\/easysetup\/#primaryimage\"},\"image\":{\"@id\":\"https:\/\/www.rollomatic.ch\/pt-br\/product\/easysetup\/#primaryimage\"},\"thumbnailUrl\":\"https:\/\/www.rollomatic.ch\/wp-content\/uploads\/Peripherical-Alfa-Set-23.jpg\",\"datePublished\":\"2025-04-09T09:32:17+00:00\",\"dateModified\":\"2025-05-13T12:00:33+00:00\",\"breadcrumb\":{\"@id\":\"https:\/\/www.rollomatic.ch\/pt-br\/product\/easysetup\/#breadcrumb\"},\"inLanguage\":\"pt-BR\",\"potentialAction\":[{\"@type\":\"ReadAction\",\"target\":[\"https:\/\/www.rollomatic.ch\/pt-br\/product\/easysetup\/\"]}]},{\"@type\":\"ImageObject\",\"inLanguage\":\"pt-BR\",\"@id\":\"https:\/\/www.rollomatic.ch\/pt-br\/product\/easysetup\/#primaryimage\",\"url\":\"https:\/\/www.rollomatic.ch\/wp-content\/uploads\/Peripherical-Alfa-Set-23.jpg\",\"contentUrl\":\"https:\/\/www.rollomatic.ch\/wp-content\/uploads\/Peripherical-Alfa-Set-23.jpg\",\"width\":1470,\"height\":1102},{\"@type\":\"BreadcrumbList\",\"@id\":\"https:\/\/www.rollomatic.ch\/pt-br\/product\/easysetup\/#breadcrumb\",\"itemListElement\":[{\"@type\":\"ListItem\",\"position\":1,\"name\":\"Home\",\"item\":\"https:\/\/www.rollomatic.ch\/pt-br\/\"},{\"@type\":\"ListItem\",\"position\":2,\"name\":\"Cat\u00e1logo\",\"item\":\"https:\/\/www.rollomatic.ch\/pt-br\/catalogo\/\"},{\"@type\":\"ListItem\",\"position\":3,\"name\":\"EasySetup\u00ae\"}]},{\"@type\":\"WebSite\",\"@id\":\"https:\/\/www.rollomatic.ch\/pt-br\/#website\",\"url\":\"https:\/\/www.rollomatic.ch\/pt-br\/\",\"name\":\"Rollomatic\",\"description\":\"\",\"publisher\":{\"@id\":\"https:\/\/www.rollomatic.ch\/pt-br\/#organization\"},\"potentialAction\":[{\"@type\":\"SearchAction\",\"target\":{\"@type\":\"EntryPoint\",\"urlTemplate\":\"https:\/\/www.rollomatic.ch\/pt-br\/?s={search_term_string}\"},\"query-input\":{\"@type\":\"PropertyValueSpecification\",\"valueRequired\":true,\"valueName\":\"search_term_string\"}}],\"inLanguage\":\"pt-BR\"},{\"@type\":\"Organization\",\"@id\":\"https:\/\/www.rollomatic.ch\/pt-br\/#organization\",\"name\":\"Rollomatic S.A.\",\"url\":\"https:\/\/www.rollomatic.ch\/pt-br\/\",\"logo\":{\"@type\":\"ImageObject\",\"inLanguage\":\"pt-BR\",\"@id\":\"https:\/\/www.rollomatic.ch\/pt-br\/#\/schema\/logo\/image\/\",\"url\":\"https:\/\/www.rollomatic.ch\/wp-content\/uploads\/logomark_300.png\",\"contentUrl\":\"https:\/\/www.rollomatic.ch\/wp-content\/uploads\/logomark_300.png\",\"width\":300,\"height\":169,\"caption\":\"Rollomatic S.A.\"},\"image\":{\"@id\":\"https:\/\/www.rollomatic.ch\/pt-br\/#\/schema\/logo\/image\/\"},\"sameAs\":[\"https:\/\/www.facebook.com\/rollomatic\/\",\"https:\/\/x.com\/rollomatics\",\"https:\/\/www.linkedin.com\/company\/rollomatic-sa\/\"]}]}<\/script>\n<!-- \/ Yoast SEO plugin. -->","yoast_head_json":{"title":"EasySetup\u00ae - Rollomatic","robots":{"index":"index","follow":"follow","max-snippet":"max-snippet:-1","max-image-preview":"max-image-preview:large","max-video-preview":"max-video-preview:-1"},"canonical":"https:\/\/www.rollomatic.ch\/pt-br\/product\/easysetup\/","og_locale":"pt_BR","og_type":"article","og_title":"EasySetup\u00ae - Rollomatic","og_description":"O dispositivo Alfa-set EasySetUp\u00ae \u00e9 a nova gera\u00e7\u00e3o de pr\u00e9-ajustadores de rodas da Rollomatic. Oferecendo opera\u00e7\u00e3o altamente precisa, ele permite medir rapidamente e com precis\u00e3o a geometria das rodas de [...]","og_url":"https:\/\/www.rollomatic.ch\/pt-br\/product\/easysetup\/","og_site_name":"Rollomatic","article_publisher":"https:\/\/www.facebook.com\/rollomatic\/","article_modified_time":"2025-05-13T12:00:33+00:00","og_image":[{"width":1470,"height":1102,"url":"https:\/\/www.rollomatic.ch\/wp-content\/uploads\/Peripherical-Alfa-Set-23.jpg","type":"image\/jpeg"}],"twitter_card":"summary_large_image","twitter_site":"@rollomatics","schema":{"@context":"https:\/\/schema.org","@graph":[{"@type":"WebPage","@id":"https:\/\/www.rollomatic.ch\/pt-br\/product\/easysetup\/","url":"https:\/\/www.rollomatic.ch\/pt-br\/product\/easysetup\/","name":"EasySetup\u00ae - Rollomatic","isPartOf":{"@id":"https:\/\/www.rollomatic.ch\/pt-br\/#website"},"primaryImageOfPage":{"@id":"https:\/\/www.rollomatic.ch\/pt-br\/product\/easysetup\/#primaryimage"},"image":{"@id":"https:\/\/www.rollomatic.ch\/pt-br\/product\/easysetup\/#primaryimage"},"thumbnailUrl":"https:\/\/www.rollomatic.ch\/wp-content\/uploads\/Peripherical-Alfa-Set-23.jpg","datePublished":"2025-04-09T09:32:17+00:00","dateModified":"2025-05-13T12:00:33+00:00","breadcrumb":{"@id":"https:\/\/www.rollomatic.ch\/pt-br\/product\/easysetup\/#breadcrumb"},"inLanguage":"pt-BR","potentialAction":[{"@type":"ReadAction","target":["https:\/\/www.rollomatic.ch\/pt-br\/product\/easysetup\/"]}]},{"@type":"ImageObject","inLanguage":"pt-BR","@id":"https:\/\/www.rollomatic.ch\/pt-br\/product\/easysetup\/#primaryimage","url":"https:\/\/www.rollomatic.ch\/wp-content\/uploads\/Peripherical-Alfa-Set-23.jpg","contentUrl":"https:\/\/www.rollomatic.ch\/wp-content\/uploads\/Peripherical-Alfa-Set-23.jpg","width":1470,"height":1102},{"@type":"BreadcrumbList","@id":"https:\/\/www.rollomatic.ch\/pt-br\/product\/easysetup\/#breadcrumb","itemListElement":[{"@type":"ListItem","position":1,"name":"Home","item":"https:\/\/www.rollomatic.ch\/pt-br\/"},{"@type":"ListItem","position":2,"name":"Cat\u00e1logo","item":"https:\/\/www.rollomatic.ch\/pt-br\/catalogo\/"},{"@type":"ListItem","position":3,"name":"EasySetup\u00ae"}]},{"@type":"WebSite","@id":"https:\/\/www.rollomatic.ch\/pt-br\/#website","url":"https:\/\/www.rollomatic.ch\/pt-br\/","name":"Rollomatic","description":"","publisher":{"@id":"https:\/\/www.rollomatic.ch\/pt-br\/#organization"},"potentialAction":[{"@type":"SearchAction","target":{"@type":"EntryPoint","urlTemplate":"https:\/\/www.rollomatic.ch\/pt-br\/?s={search_term_string}"},"query-input":{"@type":"PropertyValueSpecification","valueRequired":true,"valueName":"search_term_string"}}],"inLanguage":"pt-BR"},{"@type":"Organization","@id":"https:\/\/www.rollomatic.ch\/pt-br\/#organization","name":"Rollomatic S.A.","url":"https:\/\/www.rollomatic.ch\/pt-br\/","logo":{"@type":"ImageObject","inLanguage":"pt-BR","@id":"https:\/\/www.rollomatic.ch\/pt-br\/#\/schema\/logo\/image\/","url":"https:\/\/www.rollomatic.ch\/wp-content\/uploads\/logomark_300.png","contentUrl":"https:\/\/www.rollomatic.ch\/wp-content\/uploads\/logomark_300.png","width":300,"height":169,"caption":"Rollomatic S.A."},"image":{"@id":"https:\/\/www.rollomatic.ch\/pt-br\/#\/schema\/logo\/image\/"},"sameAs":["https:\/\/www.facebook.com\/rollomatic\/","https:\/\/x.com\/rollomatics","https:\/\/www.linkedin.com\/company\/rollomatic-sa\/"]}]}},"_links":{"self":[{"href":"https:\/\/www.rollomatic.ch\/pt-br\/wp-json\/wp\/v2\/product\/33225","targetHints":{"allow":["GET"]}}],"collection":[{"href":"https:\/\/www.rollomatic.ch\/pt-br\/wp-json\/wp\/v2\/product"}],"about":[{"href":"https:\/\/www.rollomatic.ch\/pt-br\/wp-json\/wp\/v2\/types\/product"}],"wp:featuredmedia":[{"embeddable":true,"href":"https:\/\/www.rollomatic.ch\/pt-br\/wp-json\/wp\/v2\/media\/9247"}],"wp:attachment":[{"href":"https:\/\/www.rollomatic.ch\/pt-br\/wp-json\/wp\/v2\/media?parent=33225"}],"wp:term":[{"taxonomy":"industry","embeddable":true,"href":"https:\/\/www.rollomatic.ch\/pt-br\/wp-json\/wp\/v2\/industry?post=33225"},{"taxonomy":"tool-material","embeddable":true,"href":"https:\/\/www.rollomatic.ch\/pt-br\/wp-json\/wp\/v2\/tool-material?post=33225"},{"taxonomy":"tool-range","embeddable":true,"href":"https:\/\/www.rollomatic.ch\/pt-br\/wp-json\/wp\/v2\/tool-range?post=33225"},{"taxonomy":"tool-type","embeddable":true,"href":"https:\/\/www.rollomatic.ch\/pt-br\/wp-json\/wp\/v2\/tool-type?post=33225"},{"taxonomy":"product_brand","embeddable":true,"href":"https:\/\/www.rollomatic.ch\/pt-br\/wp-json\/wp\/v2\/product_brand?post=33225"},{"taxonomy":"product_cat","embeddable":true,"href":"https:\/\/www.rollomatic.ch\/pt-br\/wp-json\/wp\/v2\/product_cat?post=33225"},{"taxonomy":"product_tag","embeddable":true,"href":"https:\/\/www.rollomatic.ch\/pt-br\/wp-json\/wp\/v2\/product_tag?post=33225"}],"curies":[{"name":"wp","href":"https:\/\/api.w.org\/{rel}","templated":true}]}}