{"id":33316,"date":"2024-05-28T13:52:22","date_gmt":"2024-05-28T13:52:22","guid":{"rendered":"https:\/\/www.rollomatic.ch\/product\/grindsmart-630rs\/"},"modified":"2025-05-13T12:02:12","modified_gmt":"2025-05-13T12:02:12","slug":"grindsmart-630rs","status":"publish","type":"product","link":"https:\/\/www.rollomatic.ch\/pt-br\/product\/grindsmart-630rs\/","title":{"rendered":"GrindSmart\u00ae 630RS"},"content":{"rendered":"<p>Para atender \u00e0s crescentes demandas das ind\u00fastrias de medtech, a Rollomatic apresenta uma evolu\u00e7\u00e3o de sua s\u00e9rie de destaque GrindSmart\u00ae630, que agora incorpora um rob\u00f4 Fanuc de 6 eixos, oferecendo ainda maior<br \/>\nflexibilidade e a capacidade de carregar ferramentas com at\u00e9 500,0 mm de comprimento total.<\/p>\n<p>As m\u00e1quinas de moagem de alta precis\u00e3o 6 eixos GrindSmart\u00ae630RW3, RW e RS s\u00e3o ideais para produzir brocas longas, particularmente no setor m\u00e9dico. Gra\u00e7as \u00e0 sua cinem\u00e1tica inovadora, essas novas m\u00e1quinas<br \/>\ns\u00e3o perfeitamente adaptadas para produzir uma ampla variedade de aplica\u00e7\u00f5es cobrindo uma faixa de di\u00e2metros de 0,1 a 20,0 mm, tanto para grandes como para pequenas produ\u00e7\u00f5es.<\/p>\n<p>A gama de moedores de ferramentas GrindSmart\u00ae est\u00e1 equipada com motores de torque linear e rotativo, que proporcionam um acabamento de superf\u00edcie aprimorado. Quando combinado com o spindle s\u00edncrono, esta tecnologia garante<br \/>\nvelocidade de rota\u00e7\u00e3o constante, independente da carga do motor, para superf\u00edcies uniformes. O uso do mesmo \u00f3leo de arrefecimento para resfriamento dos motores lineares e para moagem permite uma produ\u00e7\u00e3o de alto desempenho a uma<br \/>\ntemperatura constante, sem consumo adicional de energia.<\/p>\n","protected":false},"excerpt":{"rendered":"<p>Para atender \u00e0s crescentes demandas das ind\u00fastrias de medtech, a Rollomatic apresenta uma evolu\u00e7\u00e3o de sua s\u00e9rie de destaque GrindSmart\u00ae630, que agora incorpora um rob\u00f4 Fanuc de 6 eixos, oferecendo [&#8230;]\n","protected":false},"featured_media":11531,"template":"","meta":{"_acf_changed":false},"industry":[],"tool-material":[],"tool-range":[],"tool-type":[],"product_brand":[],"product_cat":[863,864,865],"product_tag":[866],"class_list":{"0":"post-33316","1":"product","2":"type-product","3":"status-publish","4":"has-post-thumbnail","6":"product_cat-grindsmart-pt-br","7":"product_cat-ferramentas-de-corte-cilindricas","8":"product_cat-moagem-de-ferramentas-de-corte","9":"product_tag-moagem-de-ferramentas-de-corte","11":"first","12":"instock","13":"shipping-taxable","14":"product-type-simple"},"acf":[],"yoast_head":"<!-- This site is optimized with the Yoast SEO plugin v27.0 - https:\/\/yoast.com\/product\/yoast-seo-wordpress\/ -->\n<title>GrindSmart\u00ae 630RS - Rollomatic<\/title>\n<meta name=\"description\" content=\"Moedor de ferramentas de super precis\u00e3o de 6 eixos para a fabrica\u00e7\u00e3o de ferramentas de corte de alto desempenho e padr\u00e3o com uma faixa de di\u00e2metro de \u00d8 0,1 \u2013 16,0 mm (.004&quot;\u2013 5\/8&quot;)\" \/>\n<meta name=\"robots\" content=\"index, follow, max-snippet:-1, max-image-preview:large, max-video-preview:-1\" \/>\n<link rel=\"canonical\" href=\"https:\/\/www.rollomatic.ch\/pt-br\/product\/grindsmart-630rs\/\" \/>\n<meta property=\"og:locale\" content=\"pt_BR\" \/>\n<meta property=\"og:type\" content=\"article\" \/>\n<meta property=\"og:title\" content=\"GrindSmart\u00ae 630RS - Rollomatic\" \/>\n<meta property=\"og:description\" content=\"Moedor de ferramentas de super precis\u00e3o de 6 eixos para a fabrica\u00e7\u00e3o de ferramentas de corte de alto desempenho e padr\u00e3o com uma faixa de di\u00e2metro de \u00d8 0,1 \u2013 16,0 mm (.004&quot;\u2013 5\/8&quot;)\" \/>\n<meta property=\"og:url\" content=\"https:\/\/www.rollomatic.ch\/pt-br\/product\/grindsmart-630rs\/\" \/>\n<meta property=\"og:site_name\" content=\"Rollomatic\" \/>\n<meta property=\"article:publisher\" content=\"https:\/\/www.facebook.com\/rollomatic\/\" \/>\n<meta property=\"article:modified_time\" content=\"2025-05-13T12:02:12+00:00\" \/>\n<meta property=\"og:image\" content=\"https:\/\/www.rollomatic.ch\/wp-content\/uploads\/630RS-SHINY_1.webp\" \/>\n\t<meta property=\"og:image:width\" content=\"2560\" \/>\n\t<meta property=\"og:image:height\" content=\"1440\" \/>\n\t<meta property=\"og:image:type\" content=\"image\/webp\" \/>\n<meta name=\"twitter:card\" content=\"summary_large_image\" \/>\n<meta name=\"twitter:site\" content=\"@rollomatics\" \/>\n<meta name=\"twitter:label1\" content=\"Est. tempo de leitura\" \/>\n\t<meta name=\"twitter:data1\" content=\"1 minuto\" \/>\n<script type=\"application\/ld+json\" class=\"yoast-schema-graph\">{\"@context\":\"https:\/\/schema.org\",\"@graph\":[{\"@type\":\"WebPage\",\"@id\":\"https:\/\/www.rollomatic.ch\/pt-br\/product\/grindsmart-630rs\/\",\"url\":\"https:\/\/www.rollomatic.ch\/pt-br\/product\/grindsmart-630rs\/\",\"name\":\"GrindSmart\u00ae 630RS - Rollomatic\",\"isPartOf\":{\"@id\":\"https:\/\/www.rollomatic.ch\/pt-br\/#website\"},\"primaryImageOfPage\":{\"@id\":\"https:\/\/www.rollomatic.ch\/pt-br\/product\/grindsmart-630rs\/#primaryimage\"},\"image\":{\"@id\":\"https:\/\/www.rollomatic.ch\/pt-br\/product\/grindsmart-630rs\/#primaryimage\"},\"thumbnailUrl\":\"https:\/\/www.rollomatic.ch\/wp-content\/uploads\/630RS-SHINY_1.webp\",\"datePublished\":\"2024-05-28T13:52:22+00:00\",\"dateModified\":\"2025-05-13T12:02:12+00:00\",\"description\":\"Moedor de ferramentas de super precis\u00e3o de 6 eixos para a fabrica\u00e7\u00e3o de ferramentas de corte de alto desempenho e padr\u00e3o com uma faixa de di\u00e2metro de \u00d8 0,1 \u2013 16,0 mm (.004\\\"\u2013 5\/8\\\")\",\"breadcrumb\":{\"@id\":\"https:\/\/www.rollomatic.ch\/pt-br\/product\/grindsmart-630rs\/#breadcrumb\"},\"inLanguage\":\"pt-BR\",\"potentialAction\":[{\"@type\":\"ReadAction\",\"target\":[\"https:\/\/www.rollomatic.ch\/pt-br\/product\/grindsmart-630rs\/\"]}]},{\"@type\":\"ImageObject\",\"inLanguage\":\"pt-BR\",\"@id\":\"https:\/\/www.rollomatic.ch\/pt-br\/product\/grindsmart-630rs\/#primaryimage\",\"url\":\"https:\/\/www.rollomatic.ch\/wp-content\/uploads\/630RS-SHINY_1.webp\",\"contentUrl\":\"https:\/\/www.rollomatic.ch\/wp-content\/uploads\/630RS-SHINY_1.webp\",\"width\":2560,\"height\":1440},{\"@type\":\"BreadcrumbList\",\"@id\":\"https:\/\/www.rollomatic.ch\/pt-br\/product\/grindsmart-630rs\/#breadcrumb\",\"itemListElement\":[{\"@type\":\"ListItem\",\"position\":1,\"name\":\"Home\",\"item\":\"https:\/\/www.rollomatic.ch\/pt-br\/\"},{\"@type\":\"ListItem\",\"position\":2,\"name\":\"Cat\u00e1logo\",\"item\":\"https:\/\/www.rollomatic.ch\/pt-br\/catalogo\/\"},{\"@type\":\"ListItem\",\"position\":3,\"name\":\"GrindSmart\u00ae 630RS\"}]},{\"@type\":\"WebSite\",\"@id\":\"https:\/\/www.rollomatic.ch\/pt-br\/#website\",\"url\":\"https:\/\/www.rollomatic.ch\/pt-br\/\",\"name\":\"Rollomatic\",\"description\":\"\",\"publisher\":{\"@id\":\"https:\/\/www.rollomatic.ch\/pt-br\/#organization\"},\"potentialAction\":[{\"@type\":\"SearchAction\",\"target\":{\"@type\":\"EntryPoint\",\"urlTemplate\":\"https:\/\/www.rollomatic.ch\/pt-br\/?s={search_term_string}\"},\"query-input\":{\"@type\":\"PropertyValueSpecification\",\"valueRequired\":true,\"valueName\":\"search_term_string\"}}],\"inLanguage\":\"pt-BR\"},{\"@type\":\"Organization\",\"@id\":\"https:\/\/www.rollomatic.ch\/pt-br\/#organization\",\"name\":\"Rollomatic S.A.\",\"url\":\"https:\/\/www.rollomatic.ch\/pt-br\/\",\"logo\":{\"@type\":\"ImageObject\",\"inLanguage\":\"pt-BR\",\"@id\":\"https:\/\/www.rollomatic.ch\/pt-br\/#\/schema\/logo\/image\/\",\"url\":\"https:\/\/www.rollomatic.ch\/wp-content\/uploads\/logomark_300.png\",\"contentUrl\":\"https:\/\/www.rollomatic.ch\/wp-content\/uploads\/logomark_300.png\",\"width\":300,\"height\":169,\"caption\":\"Rollomatic S.A.\"},\"image\":{\"@id\":\"https:\/\/www.rollomatic.ch\/pt-br\/#\/schema\/logo\/image\/\"},\"sameAs\":[\"https:\/\/www.facebook.com\/rollomatic\/\",\"https:\/\/x.com\/rollomatics\",\"https:\/\/www.linkedin.com\/company\/rollomatic-sa\/\"]}]}<\/script>\n<!-- \/ Yoast SEO plugin. -->","yoast_head_json":{"title":"GrindSmart\u00ae 630RS - Rollomatic","description":"Moedor de ferramentas de super precis\u00e3o de 6 eixos para a fabrica\u00e7\u00e3o de ferramentas de corte de alto desempenho e padr\u00e3o com uma faixa de di\u00e2metro de \u00d8 0,1 \u2013 16,0 mm (.004\"\u2013 5\/8\")","robots":{"index":"index","follow":"follow","max-snippet":"max-snippet:-1","max-image-preview":"max-image-preview:large","max-video-preview":"max-video-preview:-1"},"canonical":"https:\/\/www.rollomatic.ch\/pt-br\/product\/grindsmart-630rs\/","og_locale":"pt_BR","og_type":"article","og_title":"GrindSmart\u00ae 630RS - Rollomatic","og_description":"Moedor de ferramentas de super precis\u00e3o de 6 eixos para a fabrica\u00e7\u00e3o de ferramentas de corte de alto desempenho e padr\u00e3o com uma faixa de di\u00e2metro de \u00d8 0,1 \u2013 16,0 mm (.004\"\u2013 5\/8\")","og_url":"https:\/\/www.rollomatic.ch\/pt-br\/product\/grindsmart-630rs\/","og_site_name":"Rollomatic","article_publisher":"https:\/\/www.facebook.com\/rollomatic\/","article_modified_time":"2025-05-13T12:02:12+00:00","og_image":[{"width":2560,"height":1440,"url":"https:\/\/www.rollomatic.ch\/wp-content\/uploads\/630RS-SHINY_1.webp","type":"image\/webp"}],"twitter_card":"summary_large_image","twitter_site":"@rollomatics","twitter_misc":{"Est. tempo de leitura":"1 minuto"},"schema":{"@context":"https:\/\/schema.org","@graph":[{"@type":"WebPage","@id":"https:\/\/www.rollomatic.ch\/pt-br\/product\/grindsmart-630rs\/","url":"https:\/\/www.rollomatic.ch\/pt-br\/product\/grindsmart-630rs\/","name":"GrindSmart\u00ae 630RS - Rollomatic","isPartOf":{"@id":"https:\/\/www.rollomatic.ch\/pt-br\/#website"},"primaryImageOfPage":{"@id":"https:\/\/www.rollomatic.ch\/pt-br\/product\/grindsmart-630rs\/#primaryimage"},"image":{"@id":"https:\/\/www.rollomatic.ch\/pt-br\/product\/grindsmart-630rs\/#primaryimage"},"thumbnailUrl":"https:\/\/www.rollomatic.ch\/wp-content\/uploads\/630RS-SHINY_1.webp","datePublished":"2024-05-28T13:52:22+00:00","dateModified":"2025-05-13T12:02:12+00:00","description":"Moedor de ferramentas de super precis\u00e3o de 6 eixos para a fabrica\u00e7\u00e3o de ferramentas de corte de alto desempenho e padr\u00e3o com uma faixa de di\u00e2metro de \u00d8 0,1 \u2013 16,0 mm (.004\"\u2013 5\/8\")","breadcrumb":{"@id":"https:\/\/www.rollomatic.ch\/pt-br\/product\/grindsmart-630rs\/#breadcrumb"},"inLanguage":"pt-BR","potentialAction":[{"@type":"ReadAction","target":["https:\/\/www.rollomatic.ch\/pt-br\/product\/grindsmart-630rs\/"]}]},{"@type":"ImageObject","inLanguage":"pt-BR","@id":"https:\/\/www.rollomatic.ch\/pt-br\/product\/grindsmart-630rs\/#primaryimage","url":"https:\/\/www.rollomatic.ch\/wp-content\/uploads\/630RS-SHINY_1.webp","contentUrl":"https:\/\/www.rollomatic.ch\/wp-content\/uploads\/630RS-SHINY_1.webp","width":2560,"height":1440},{"@type":"BreadcrumbList","@id":"https:\/\/www.rollomatic.ch\/pt-br\/product\/grindsmart-630rs\/#breadcrumb","itemListElement":[{"@type":"ListItem","position":1,"name":"Home","item":"https:\/\/www.rollomatic.ch\/pt-br\/"},{"@type":"ListItem","position":2,"name":"Cat\u00e1logo","item":"https:\/\/www.rollomatic.ch\/pt-br\/catalogo\/"},{"@type":"ListItem","position":3,"name":"GrindSmart\u00ae 630RS"}]},{"@type":"WebSite","@id":"https:\/\/www.rollomatic.ch\/pt-br\/#website","url":"https:\/\/www.rollomatic.ch\/pt-br\/","name":"Rollomatic","description":"","publisher":{"@id":"https:\/\/www.rollomatic.ch\/pt-br\/#organization"},"potentialAction":[{"@type":"SearchAction","target":{"@type":"EntryPoint","urlTemplate":"https:\/\/www.rollomatic.ch\/pt-br\/?s={search_term_string}"},"query-input":{"@type":"PropertyValueSpecification","valueRequired":true,"valueName":"search_term_string"}}],"inLanguage":"pt-BR"},{"@type":"Organization","@id":"https:\/\/www.rollomatic.ch\/pt-br\/#organization","name":"Rollomatic S.A.","url":"https:\/\/www.rollomatic.ch\/pt-br\/","logo":{"@type":"ImageObject","inLanguage":"pt-BR","@id":"https:\/\/www.rollomatic.ch\/pt-br\/#\/schema\/logo\/image\/","url":"https:\/\/www.rollomatic.ch\/wp-content\/uploads\/logomark_300.png","contentUrl":"https:\/\/www.rollomatic.ch\/wp-content\/uploads\/logomark_300.png","width":300,"height":169,"caption":"Rollomatic S.A."},"image":{"@id":"https:\/\/www.rollomatic.ch\/pt-br\/#\/schema\/logo\/image\/"},"sameAs":["https:\/\/www.facebook.com\/rollomatic\/","https:\/\/x.com\/rollomatics","https:\/\/www.linkedin.com\/company\/rollomatic-sa\/"]}]}},"_links":{"self":[{"href":"https:\/\/www.rollomatic.ch\/pt-br\/wp-json\/wp\/v2\/product\/33316","targetHints":{"allow":["GET"]}}],"collection":[{"href":"https:\/\/www.rollomatic.ch\/pt-br\/wp-json\/wp\/v2\/product"}],"about":[{"href":"https:\/\/www.rollomatic.ch\/pt-br\/wp-json\/wp\/v2\/types\/product"}],"wp:featuredmedia":[{"embeddable":true,"href":"https:\/\/www.rollomatic.ch\/pt-br\/wp-json\/wp\/v2\/media\/11531"}],"wp:attachment":[{"href":"https:\/\/www.rollomatic.ch\/pt-br\/wp-json\/wp\/v2\/media?parent=33316"}],"wp:term":[{"taxonomy":"industry","embeddable":true,"href":"https:\/\/www.rollomatic.ch\/pt-br\/wp-json\/wp\/v2\/industry?post=33316"},{"taxonomy":"tool-material","embeddable":true,"href":"https:\/\/www.rollomatic.ch\/pt-br\/wp-json\/wp\/v2\/tool-material?post=33316"},{"taxonomy":"tool-range","embeddable":true,"href":"https:\/\/www.rollomatic.ch\/pt-br\/wp-json\/wp\/v2\/tool-range?post=33316"},{"taxonomy":"tool-type","embeddable":true,"href":"https:\/\/www.rollomatic.ch\/pt-br\/wp-json\/wp\/v2\/tool-type?post=33316"},{"taxonomy":"product_brand","embeddable":true,"href":"https:\/\/www.rollomatic.ch\/pt-br\/wp-json\/wp\/v2\/product_brand?post=33316"},{"taxonomy":"product_cat","embeddable":true,"href":"https:\/\/www.rollomatic.ch\/pt-br\/wp-json\/wp\/v2\/product_cat?post=33316"},{"taxonomy":"product_tag","embeddable":true,"href":"https:\/\/www.rollomatic.ch\/pt-br\/wp-json\/wp\/v2\/product_tag?post=33316"}],"curies":[{"name":"wp","href":"https:\/\/api.w.org\/{rel}","templated":true}]}}