{"id":33320,"date":"2024-05-28T13:53:17","date_gmt":"2024-05-28T13:53:17","guid":{"rendered":"https:\/\/www.rollomatic.ch\/product\/grindsmart630rw\/"},"modified":"2025-05-13T12:02:07","modified_gmt":"2025-05-13T12:02:07","slug":"grindsmart630rw","status":"publish","type":"product","link":"https:\/\/www.rollomatic.ch\/pt-br\/product\/grindsmart630rw\/","title":{"rendered":"GrindSmart\u00ae630RW"},"content":{"rendered":"<p>Para atender \u00e0s crescentes demandas das ind\u00fastrias de medtech, a Rollomatic introduz uma evolu\u00e7\u00e3o de sua s\u00e9rie principal GrindSmart\u00ae630, que agora incorpora um rob\u00f4 Fanuc de 6 eixos, oferecendo ainda mais flexibilidade e a capacidade de carregar ferramentas com comprimento total de at\u00e9 500,0 mm.<\/p>\n<p>As m\u00e1quinas de afia\u00e7\u00e3o de alta precis\u00e3o de 6 eixos GrindSmart\u00ae630RW3, RW e RS s\u00e3o ideais para produzir brocas longas, especialmente no setor m\u00e9dico. Gra\u00e7as \u00e0 sua cinem\u00e1tica inovadora, esses novos modelos de m\u00e1quinas s\u00e3o perfeitamente adaptados para produzir uma vasta gama de aplica\u00e7\u00f5es, cobrindo di\u00e2metros de 0,1 a 20,0 mm, tanto para grandes quanto para pequenas produ\u00e7\u00f5es.<\/p>\n<p>A linha de afiadoras de ferramentas GrindSmart\u00ae est\u00e3o equipadas com motores lineares e de torque rotativo, que proporcionam acabamento de superf\u00edcie superior. Quando combinada com o eixo s\u00edncrono, essa tecnologia garante velocidade de rota\u00e7\u00e3o constante, independente da carga do motor, para superf\u00edcies uniformes. O uso do mesmo \u00f3leo refrigerante para resfriar os motores lineares e para afia\u00e7\u00e3o permite produ\u00e7\u00e3o de alto desempenho a temperatura constante, sem consumo adicional de energia.<\/p>\n","protected":false},"excerpt":{"rendered":"<p>Para atender \u00e0s crescentes demandas das ind\u00fastrias de medtech, a Rollomatic introduz uma evolu\u00e7\u00e3o de sua s\u00e9rie principal GrindSmart\u00ae630, que agora incorpora um rob\u00f4 Fanuc de 6 eixos, oferecendo ainda [&#8230;]\n","protected":false},"featured_media":11535,"template":"","meta":{"_acf_changed":false},"industry":[883,877],"tool-material":[],"tool-range":[],"tool-type":[],"product_brand":[],"product_cat":[863,886,864,865],"product_tag":[866],"class_list":{"0":"post-33320","1":"product","2":"type-product","3":"status-publish","4":"has-post-thumbnail","6":"industry-aplicacoes-personalizadas","7":"industry-medica","8":"product_cat-grindsmart-pt-br","9":"product_cat-insercoes-torneamento-interno","10":"product_cat-ferramentas-de-corte-cilindricas","11":"product_cat-moagem-de-ferramentas-de-corte","12":"product_tag-moagem-de-ferramentas-de-corte","14":"first","15":"instock","16":"shipping-taxable","17":"product-type-simple"},"acf":[],"yoast_head":"<!-- This site is optimized with the Yoast SEO plugin v27.0 - https:\/\/yoast.com\/product\/yoast-seo-wordpress\/ -->\n<title>GrindSmart\u00ae630RW - Rollomatic<\/title>\n<meta name=\"description\" content=\"M\u00e1quina de afia\u00e7\u00e3o de ferramentas com 6 eixos para produ\u00e7\u00e3o e para afia\u00e7\u00e3o de ferramentas de corte rotativas e estacion\u00e1rias de 0,1 mm a 20 mm (.004\u201d a \u00be\u201d)\" \/>\n<meta name=\"robots\" content=\"index, follow, max-snippet:-1, max-image-preview:large, max-video-preview:-1\" \/>\n<link rel=\"canonical\" href=\"https:\/\/www.rollomatic.ch\/pt-br\/product\/grindsmart630rw\/\" \/>\n<meta property=\"og:locale\" content=\"pt_BR\" \/>\n<meta property=\"og:type\" content=\"article\" \/>\n<meta property=\"og:title\" content=\"GrindSmart\u00ae630RW - Rollomatic\" \/>\n<meta property=\"og:description\" content=\"M\u00e1quina de afia\u00e7\u00e3o de ferramentas com 6 eixos para produ\u00e7\u00e3o e para afia\u00e7\u00e3o de ferramentas de corte rotativas e estacion\u00e1rias de 0,1 mm a 20 mm (.004\u201d a \u00be\u201d)\" \/>\n<meta property=\"og:url\" content=\"https:\/\/www.rollomatic.ch\/pt-br\/product\/grindsmart630rw\/\" \/>\n<meta property=\"og:site_name\" content=\"Rollomatic\" \/>\n<meta property=\"article:publisher\" content=\"https:\/\/www.facebook.com\/rollomatic\/\" \/>\n<meta property=\"article:modified_time\" content=\"2025-05-13T12:02:07+00:00\" \/>\n<meta property=\"og:image\" content=\"https:\/\/www.rollomatic.ch\/wp-content\/uploads\/630RW-SHINY_1.webp\" \/>\n\t<meta property=\"og:image:width\" content=\"2560\" \/>\n\t<meta property=\"og:image:height\" content=\"1440\" \/>\n\t<meta property=\"og:image:type\" content=\"image\/webp\" \/>\n<meta name=\"twitter:card\" content=\"summary_large_image\" \/>\n<meta name=\"twitter:site\" content=\"@rollomatics\" \/>\n<meta name=\"twitter:label1\" content=\"Est. tempo de leitura\" \/>\n\t<meta name=\"twitter:data1\" content=\"1 minuto\" \/>\n<script type=\"application\/ld+json\" class=\"yoast-schema-graph\">{\"@context\":\"https:\/\/schema.org\",\"@graph\":[{\"@type\":\"WebPage\",\"@id\":\"https:\/\/www.rollomatic.ch\/pt-br\/product\/grindsmart630rw\/\",\"url\":\"https:\/\/www.rollomatic.ch\/pt-br\/product\/grindsmart630rw\/\",\"name\":\"GrindSmart\u00ae630RW - Rollomatic\",\"isPartOf\":{\"@id\":\"https:\/\/www.rollomatic.ch\/pt-br\/#website\"},\"primaryImageOfPage\":{\"@id\":\"https:\/\/www.rollomatic.ch\/pt-br\/product\/grindsmart630rw\/#primaryimage\"},\"image\":{\"@id\":\"https:\/\/www.rollomatic.ch\/pt-br\/product\/grindsmart630rw\/#primaryimage\"},\"thumbnailUrl\":\"https:\/\/www.rollomatic.ch\/wp-content\/uploads\/630RW-SHINY_1.webp\",\"datePublished\":\"2024-05-28T13:53:17+00:00\",\"dateModified\":\"2025-05-13T12:02:07+00:00\",\"description\":\"M\u00e1quina de afia\u00e7\u00e3o de ferramentas com 6 eixos para produ\u00e7\u00e3o e para afia\u00e7\u00e3o de ferramentas de corte rotativas e estacion\u00e1rias de 0,1 mm a 20 mm (.004\u201d a \u00be\u201d)\",\"breadcrumb\":{\"@id\":\"https:\/\/www.rollomatic.ch\/pt-br\/product\/grindsmart630rw\/#breadcrumb\"},\"inLanguage\":\"pt-BR\",\"potentialAction\":[{\"@type\":\"ReadAction\",\"target\":[\"https:\/\/www.rollomatic.ch\/pt-br\/product\/grindsmart630rw\/\"]}]},{\"@type\":\"ImageObject\",\"inLanguage\":\"pt-BR\",\"@id\":\"https:\/\/www.rollomatic.ch\/pt-br\/product\/grindsmart630rw\/#primaryimage\",\"url\":\"https:\/\/www.rollomatic.ch\/wp-content\/uploads\/630RW-SHINY_1.webp\",\"contentUrl\":\"https:\/\/www.rollomatic.ch\/wp-content\/uploads\/630RW-SHINY_1.webp\",\"width\":2560,\"height\":1440},{\"@type\":\"BreadcrumbList\",\"@id\":\"https:\/\/www.rollomatic.ch\/pt-br\/product\/grindsmart630rw\/#breadcrumb\",\"itemListElement\":[{\"@type\":\"ListItem\",\"position\":1,\"name\":\"Home\",\"item\":\"https:\/\/www.rollomatic.ch\/pt-br\/\"},{\"@type\":\"ListItem\",\"position\":2,\"name\":\"Cat\u00e1logo\",\"item\":\"https:\/\/www.rollomatic.ch\/pt-br\/catalogo\/\"},{\"@type\":\"ListItem\",\"position\":3,\"name\":\"GrindSmart\u00ae630RW\"}]},{\"@type\":\"WebSite\",\"@id\":\"https:\/\/www.rollomatic.ch\/pt-br\/#website\",\"url\":\"https:\/\/www.rollomatic.ch\/pt-br\/\",\"name\":\"Rollomatic\",\"description\":\"\",\"publisher\":{\"@id\":\"https:\/\/www.rollomatic.ch\/pt-br\/#organization\"},\"potentialAction\":[{\"@type\":\"SearchAction\",\"target\":{\"@type\":\"EntryPoint\",\"urlTemplate\":\"https:\/\/www.rollomatic.ch\/pt-br\/?s={search_term_string}\"},\"query-input\":{\"@type\":\"PropertyValueSpecification\",\"valueRequired\":true,\"valueName\":\"search_term_string\"}}],\"inLanguage\":\"pt-BR\"},{\"@type\":\"Organization\",\"@id\":\"https:\/\/www.rollomatic.ch\/pt-br\/#organization\",\"name\":\"Rollomatic S.A.\",\"url\":\"https:\/\/www.rollomatic.ch\/pt-br\/\",\"logo\":{\"@type\":\"ImageObject\",\"inLanguage\":\"pt-BR\",\"@id\":\"https:\/\/www.rollomatic.ch\/pt-br\/#\/schema\/logo\/image\/\",\"url\":\"https:\/\/www.rollomatic.ch\/wp-content\/uploads\/logomark_300.png\",\"contentUrl\":\"https:\/\/www.rollomatic.ch\/wp-content\/uploads\/logomark_300.png\",\"width\":300,\"height\":169,\"caption\":\"Rollomatic S.A.\"},\"image\":{\"@id\":\"https:\/\/www.rollomatic.ch\/pt-br\/#\/schema\/logo\/image\/\"},\"sameAs\":[\"https:\/\/www.facebook.com\/rollomatic\/\",\"https:\/\/x.com\/rollomatics\",\"https:\/\/www.linkedin.com\/company\/rollomatic-sa\/\"]}]}<\/script>\n<!-- \/ Yoast SEO plugin. -->","yoast_head_json":{"title":"GrindSmart\u00ae630RW - Rollomatic","description":"M\u00e1quina de afia\u00e7\u00e3o de ferramentas com 6 eixos para produ\u00e7\u00e3o e para afia\u00e7\u00e3o de ferramentas de corte rotativas e estacion\u00e1rias de 0,1 mm a 20 mm (.004\u201d a \u00be\u201d)","robots":{"index":"index","follow":"follow","max-snippet":"max-snippet:-1","max-image-preview":"max-image-preview:large","max-video-preview":"max-video-preview:-1"},"canonical":"https:\/\/www.rollomatic.ch\/pt-br\/product\/grindsmart630rw\/","og_locale":"pt_BR","og_type":"article","og_title":"GrindSmart\u00ae630RW - Rollomatic","og_description":"M\u00e1quina de afia\u00e7\u00e3o de ferramentas com 6 eixos para produ\u00e7\u00e3o e para afia\u00e7\u00e3o de ferramentas de corte rotativas e estacion\u00e1rias de 0,1 mm a 20 mm (.004\u201d a \u00be\u201d)","og_url":"https:\/\/www.rollomatic.ch\/pt-br\/product\/grindsmart630rw\/","og_site_name":"Rollomatic","article_publisher":"https:\/\/www.facebook.com\/rollomatic\/","article_modified_time":"2025-05-13T12:02:07+00:00","og_image":[{"width":2560,"height":1440,"url":"https:\/\/www.rollomatic.ch\/wp-content\/uploads\/630RW-SHINY_1.webp","type":"image\/webp"}],"twitter_card":"summary_large_image","twitter_site":"@rollomatics","twitter_misc":{"Est. tempo de leitura":"1 minuto"},"schema":{"@context":"https:\/\/schema.org","@graph":[{"@type":"WebPage","@id":"https:\/\/www.rollomatic.ch\/pt-br\/product\/grindsmart630rw\/","url":"https:\/\/www.rollomatic.ch\/pt-br\/product\/grindsmart630rw\/","name":"GrindSmart\u00ae630RW - Rollomatic","isPartOf":{"@id":"https:\/\/www.rollomatic.ch\/pt-br\/#website"},"primaryImageOfPage":{"@id":"https:\/\/www.rollomatic.ch\/pt-br\/product\/grindsmart630rw\/#primaryimage"},"image":{"@id":"https:\/\/www.rollomatic.ch\/pt-br\/product\/grindsmart630rw\/#primaryimage"},"thumbnailUrl":"https:\/\/www.rollomatic.ch\/wp-content\/uploads\/630RW-SHINY_1.webp","datePublished":"2024-05-28T13:53:17+00:00","dateModified":"2025-05-13T12:02:07+00:00","description":"M\u00e1quina de afia\u00e7\u00e3o de ferramentas com 6 eixos para produ\u00e7\u00e3o e para afia\u00e7\u00e3o de ferramentas de corte rotativas e estacion\u00e1rias de 0,1 mm a 20 mm (.004\u201d a \u00be\u201d)","breadcrumb":{"@id":"https:\/\/www.rollomatic.ch\/pt-br\/product\/grindsmart630rw\/#breadcrumb"},"inLanguage":"pt-BR","potentialAction":[{"@type":"ReadAction","target":["https:\/\/www.rollomatic.ch\/pt-br\/product\/grindsmart630rw\/"]}]},{"@type":"ImageObject","inLanguage":"pt-BR","@id":"https:\/\/www.rollomatic.ch\/pt-br\/product\/grindsmart630rw\/#primaryimage","url":"https:\/\/www.rollomatic.ch\/wp-content\/uploads\/630RW-SHINY_1.webp","contentUrl":"https:\/\/www.rollomatic.ch\/wp-content\/uploads\/630RW-SHINY_1.webp","width":2560,"height":1440},{"@type":"BreadcrumbList","@id":"https:\/\/www.rollomatic.ch\/pt-br\/product\/grindsmart630rw\/#breadcrumb","itemListElement":[{"@type":"ListItem","position":1,"name":"Home","item":"https:\/\/www.rollomatic.ch\/pt-br\/"},{"@type":"ListItem","position":2,"name":"Cat\u00e1logo","item":"https:\/\/www.rollomatic.ch\/pt-br\/catalogo\/"},{"@type":"ListItem","position":3,"name":"GrindSmart\u00ae630RW"}]},{"@type":"WebSite","@id":"https:\/\/www.rollomatic.ch\/pt-br\/#website","url":"https:\/\/www.rollomatic.ch\/pt-br\/","name":"Rollomatic","description":"","publisher":{"@id":"https:\/\/www.rollomatic.ch\/pt-br\/#organization"},"potentialAction":[{"@type":"SearchAction","target":{"@type":"EntryPoint","urlTemplate":"https:\/\/www.rollomatic.ch\/pt-br\/?s={search_term_string}"},"query-input":{"@type":"PropertyValueSpecification","valueRequired":true,"valueName":"search_term_string"}}],"inLanguage":"pt-BR"},{"@type":"Organization","@id":"https:\/\/www.rollomatic.ch\/pt-br\/#organization","name":"Rollomatic S.A.","url":"https:\/\/www.rollomatic.ch\/pt-br\/","logo":{"@type":"ImageObject","inLanguage":"pt-BR","@id":"https:\/\/www.rollomatic.ch\/pt-br\/#\/schema\/logo\/image\/","url":"https:\/\/www.rollomatic.ch\/wp-content\/uploads\/logomark_300.png","contentUrl":"https:\/\/www.rollomatic.ch\/wp-content\/uploads\/logomark_300.png","width":300,"height":169,"caption":"Rollomatic S.A."},"image":{"@id":"https:\/\/www.rollomatic.ch\/pt-br\/#\/schema\/logo\/image\/"},"sameAs":["https:\/\/www.facebook.com\/rollomatic\/","https:\/\/x.com\/rollomatics","https:\/\/www.linkedin.com\/company\/rollomatic-sa\/"]}]}},"_links":{"self":[{"href":"https:\/\/www.rollomatic.ch\/pt-br\/wp-json\/wp\/v2\/product\/33320","targetHints":{"allow":["GET"]}}],"collection":[{"href":"https:\/\/www.rollomatic.ch\/pt-br\/wp-json\/wp\/v2\/product"}],"about":[{"href":"https:\/\/www.rollomatic.ch\/pt-br\/wp-json\/wp\/v2\/types\/product"}],"wp:featuredmedia":[{"embeddable":true,"href":"https:\/\/www.rollomatic.ch\/pt-br\/wp-json\/wp\/v2\/media\/11535"}],"wp:attachment":[{"href":"https:\/\/www.rollomatic.ch\/pt-br\/wp-json\/wp\/v2\/media?parent=33320"}],"wp:term":[{"taxonomy":"industry","embeddable":true,"href":"https:\/\/www.rollomatic.ch\/pt-br\/wp-json\/wp\/v2\/industry?post=33320"},{"taxonomy":"tool-material","embeddable":true,"href":"https:\/\/www.rollomatic.ch\/pt-br\/wp-json\/wp\/v2\/tool-material?post=33320"},{"taxonomy":"tool-range","embeddable":true,"href":"https:\/\/www.rollomatic.ch\/pt-br\/wp-json\/wp\/v2\/tool-range?post=33320"},{"taxonomy":"tool-type","embeddable":true,"href":"https:\/\/www.rollomatic.ch\/pt-br\/wp-json\/wp\/v2\/tool-type?post=33320"},{"taxonomy":"product_brand","embeddable":true,"href":"https:\/\/www.rollomatic.ch\/pt-br\/wp-json\/wp\/v2\/product_brand?post=33320"},{"taxonomy":"product_cat","embeddable":true,"href":"https:\/\/www.rollomatic.ch\/pt-br\/wp-json\/wp\/v2\/product_cat?post=33320"},{"taxonomy":"product_tag","embeddable":true,"href":"https:\/\/www.rollomatic.ch\/pt-br\/wp-json\/wp\/v2\/product_tag?post=33320"}],"curies":[{"name":"wp","href":"https:\/\/api.w.org\/{rel}","templated":true}]}}