{"id":32530,"date":"2025-04-09T08:10:07","date_gmt":"2025-04-09T08:10:07","guid":{"rendered":"https:\/\/www.rollomatic.ch\/%e8%81%8c%e4%bd%8d\/"},"modified":"2025-05-13T17:31:03","modified_gmt":"2025-05-13T17:31:03","slug":"%e8%81%8c%e4%bd%8d","status":"publish","type":"page","link":"https:\/\/www.rollomatic.ch\/zh-hans\/%e8%81%8c%e4%b8%9a__trashed\/%e8%81%8c%e4%bd%8d\/","title":{"rendered":"\u804c\u4f4d"},"content":{"rendered":"\n\t<section class=\"section\" id=\"section_1032760177\">\n\t\t<div class=\"section-bg fill\" >\n\t\t\t\t\t\t\t\t\t\n\t\t\t\n\n\t\t<\/div>\n\n\t\t\n\n\t\t<div class=\"section-content relative\">\n\t\t\t\n<div class=\"row\"  id=\"row-1215844834\">\n\n\t<div id=\"col-2123325847\" class=\"col small-12 large-12\"  >\n\t\t\t\t<div class=\"col-inner\"  >\n\t\t\t\n\t\t\t\n<h3><span data-text-color=\"primary\">\u62db\u8058\u4fe1\u606f<\/span><\/h3>\n\t\t<\/div>\n\t\t\t\t\n<style>\n#col-2123325847 > .col-inner {\n  padding: 0px 0px 15px 0px;\n}\n<\/style>\n\t<\/div>\n\n\t\n<\/div>\n<div class=\"row\"  id=\"row-2094193387\">\n\n\t<div id=\"col-992801358\" class=\"col small-12 large-12\"  >\n\t\t\t\t<div class=\"col-inner\"  >\n\t\t\t\n\t\t\t\n\n<div class=\"row jobs-list\"><a href=\"https:\/\/www.rollomatic.ch\/zh-hans\/careers\/jobs\/field-service-technician-h-f-100\/\" class=\"job-case-btn\"><div class=\"col large-6 medium-6 small-12\"><div class=\"col-inner cadre-job\" style=\"margin-bottom:30px;\"><p>06.02.2026<\/p><span data-text-color=\"secondary\"> <\/span><h3><span style=\"color:#003299;\">Field Service Technician (H\/F) 100%<\/span><\/h3>\t<div id=\"gap-626595433\" class=\"gap-element clearfix\" style=\"display:block; height:auto;\">\n\t\t\n<style>\n#gap-626595433 {\n  padding-top: 5px;\n}\n<\/style>\n\t<\/div>\n\t<p><strong>VOTRE MISSION :<\/strong><\/p>\n<ul>\n<li>R\u00e9alisation du service apr\u00e8s-vente chez nos clients suisses et internationaux<\/li>\n<li>Vous effectuez des d\u00e9pannages et des r\u00e9visions m\u00e9caniques et \u00e9lectriques chez nos clients<\/li>\n<li>Vous proc\u00e9dez \u00e0 l\u2019installation de nos machines<br \/>\n<strong>voir plus<\/strong><\/li>\n<\/ul>\n<a href=\"https:\/\/www.rollomatic.ch\/wp-content\/uploads\/20260502_FST.pdf\" target=\"_blank\" class=\"button primary\" rel=\"noopener\" >\n\t\t<span>PDF<\/span>\n\t<i class=\"icon-angle-down\" aria-hidden=\"true\"><\/i><\/a>\n<h6 class=\"detail-job\"><\/h6>\t<div id=\"gap-357899268\" class=\"gap-element clearfix\" style=\"display:block; height:auto;\">\n\t\t\n<style>\n#gap-357899268 {\n  padding-top: 15px;\n}\n<\/style>\n\t<\/div>\n\t<div class=\"row\"><div col=\"large-8 medium-6 small-12\"><div class=\"col-inner\"><a class=\"button white is-outline is-small job-tag\" >\n\t\t<span>Le Landeron<\/span>\n\t<\/a>\n <\/div><\/div><div col=\"large-4 medium-6 small-12\"><div class=\"col-inner\"><span class=\"dest\"> <\/span><\/div><\/div><\/div>\t<div id=\"gap-647699889\" class=\"gap-element clearfix\" style=\"display:block; height:auto;\">\n\t\t\n<style>\n#gap-647699889 {\n  padding-top: 15px;\n}\n<\/style>\n\t<\/div>\n\t<\/div><\/div><\/a><\/div>\n\n\t\t<\/div>\n\t\t\t\t\n<style>\n#col-992801358 > .col-inner {\n  padding: 0px 0px 50px 0px;\n}\n<\/style>\n\t<\/div>\n\n\t\n<\/div>\n\t\t<\/div>\n\n\t\t\n<style>\n#section_1032760177 {\n  padding-top: 30px;\n  padding-bottom: 30px;\n}\n<\/style>\n\t<\/section>\n\t\n\n\t<section class=\"section\" id=\"section_1446407057\">\n\t\t<div class=\"section-bg fill\" >\n\t\t\t\t\t\t\t\t\t\n\t\t\t\n\n\t\t<\/div>\n\n\t\t\n\n\t\t<div class=\"section-content relative\">\n\t\t\t\n<div class=\"row\"  id=\"row-1450500808\">\n\n\t<div id=\"col-1268130183\" class=\"col small-12 large-12\"  >\n\t\t\t\t<div class=\"col-inner\"  >\n\t\t\t\n\t\t\t\n<h3><span data-text-color=\"primary\">\u5b66\u4e60\uff0c\u5b9e\u4e60\u4e0e\u7855\u58eb\u8bfe\u7a0b<\/span><\/h3>\n\t\t<\/div>\n\t\t\t\t\n<style>\n#col-1268130183 > .col-inner {\n  padding: 0px 0px 15px 0px;\n}\n<\/style>\n\t<\/div>\n\n\t\n<\/div>\n<div class=\"row\"  id=\"row-898025105\">\n\n\t<div id=\"col-1220402766\" class=\"col small-12 large-12\"  >\n\t\t\t\t<div class=\"col-inner\"  >\n\t\t\t\n\t\t\t\n\n<div class=\"row jobs-list\"><a href=\"https:\/\/www.rollomatic.ch\/zh-hans\/careers\/jobs\/epfl-master-internship-data-science\/\" class=\"job-case-btn\"><div class=\"col large-6 medium-6 small-12\"><div class=\"col-inner cadre-job\" style=\"margin-bottom:30px;\"><p>03.03.2026<\/p><span data-text-color=\"secondary\"> <\/span><h3><span style=\"color:#003299;\">EPFL Master Internship &#8211; Data Science<\/span><\/h3>\t<div id=\"gap-1068755235\" class=\"gap-element clearfix\" style=\"display:block; height:auto;\">\n\t\t\n<style>\n#gap-1068755235 {\n  padding-top: 5px;\n}\n<\/style>\n\t<\/div>\n\t<p><strong>YOUR MISSION:<\/strong><br \/>\n\u2022 Review and test the existing domain-specific translation solution<br \/>\n\u2022 Enrich and correct the multilingual technical glossary with company translation data<br \/>\n\u2022 Benchmark the current translation pipeline across candidate LLMs and define model adaptation<br \/>\ntechniques<br \/>\n\u2022 Enhance the existing evaluation metrics and define a model deployment strategy<\/p>\n<a href=\"https:\/\/www.rollomatic.ch\/wp-content\/uploads\/EPFL_Master_Internship_Data_Science_mars26_EN.pdf\" target=\"_blank\" class=\"button primary\" rel=\"noopener\" >\n\t\t<span>PDF<\/span>\n\t<i class=\"icon-angle-down\" aria-hidden=\"true\"><\/i><\/a>\n<h6 class=\"detail-job\"><\/h6>\t<div id=\"gap-158184538\" class=\"gap-element clearfix\" style=\"display:block; height:auto;\">\n\t\t\n<style>\n#gap-158184538 {\n  padding-top: 15px;\n}\n<\/style>\n\t<\/div>\n\t<div class=\"row\"><div col=\"large-8 medium-6 small-12\"><div class=\"col-inner\"><a class=\"button white is-outline is-small job-tag\" >\n\t\t<span>EPFL<\/span>\n\t<\/a>\n <a class=\"button white is-outline is-small job-tag\" >\n\t\t<span>Le Landeron<\/span>\n\t<\/a>\n <\/div><\/div><div col=\"large-4 medium-6 small-12\"><div class=\"col-inner\"><span class=\"dest\"> <\/span><\/div><\/div><\/div>\t<div id=\"gap-1410892917\" class=\"gap-element clearfix\" style=\"display:block; height:auto;\">\n\t\t\n<style>\n#gap-1410892917 {\n  padding-top: 15px;\n}\n<\/style>\n\t<\/div>\n\t<\/div><\/div><\/a><\/div>\n\n\t\t<\/div>\n\t\t\t\t\t<\/div>\n\n\t\n<\/div>\n\t\t<\/div>\n\n\t\t\n<style>\n#section_1446407057 {\n  padding-top: 30px;\n  padding-bottom: 30px;\n}\n<\/style>\n\t<\/section>\n\t\n","protected":false},"excerpt":{"rendered":"","protected":false},"author":20,"featured_media":0,"parent":32694,"menu_order":0,"comment_status":"closed","ping_status":"closed","template":"","meta":{"_acf_changed":false,"footnotes":""},"class_list":["post-32530","page","type-page","status-publish","hentry"],"acf":[],"yoast_head":"<!-- This site is optimized with the Yoast SEO plugin v27.0 - https:\/\/yoast.com\/product\/yoast-seo-wordpress\/ -->\n<title>\u804c\u4f4d - Rollomatic<\/title>\n<meta name=\"robots\" content=\"index, follow, max-snippet:-1, max-image-preview:large, max-video-preview:-1\" \/>\n<link rel=\"canonical\" href=\"https:\/\/www.rollomatic.ch\/zh-hans\/%e8%81%8c%e4%b8%9a__trashed\/%e8%81%8c%e4%bd%8d\/\" \/>\n<meta property=\"og:locale\" content=\"zh_CN\" \/>\n<meta property=\"og:type\" content=\"article\" \/>\n<meta property=\"og:title\" content=\"\u804c\u4f4d - Rollomatic\" \/>\n<meta property=\"og:url\" content=\"https:\/\/www.rollomatic.ch\/zh-hans\/%e8%81%8c%e4%b8%9a__trashed\/%e8%81%8c%e4%bd%8d\/\" \/>\n<meta property=\"og:site_name\" content=\"Rollomatic\" \/>\n<meta property=\"article:publisher\" content=\"https:\/\/www.facebook.com\/rollomatic\/\" \/>\n<meta property=\"article:modified_time\" content=\"2025-05-13T17:31:03+00:00\" \/>\n<meta name=\"twitter:card\" content=\"summary_large_image\" \/>\n<meta name=\"twitter:site\" content=\"@rollomatics\" \/>\n<meta name=\"twitter:label1\" content=\"\u9884\u8ba1\u9605\u8bfb\u65f6\u95f4\" \/>\n\t<meta name=\"twitter:data1\" content=\"1 \u5206\" \/>\n<script type=\"application\/ld+json\" class=\"yoast-schema-graph\">{\"@context\":\"https:\/\/schema.org\",\"@graph\":[{\"@type\":\"WebPage\",\"@id\":\"https:\/\/www.rollomatic.ch\/zh-hans\/%e8%81%8c%e4%b8%9a__trashed\/%e8%81%8c%e4%bd%8d\/\",\"url\":\"https:\/\/www.rollomatic.ch\/zh-hans\/%e8%81%8c%e4%b8%9a__trashed\/%e8%81%8c%e4%bd%8d\/\",\"name\":\"\u804c\u4f4d - Rollomatic\",\"isPartOf\":{\"@id\":\"https:\/\/www.rollomatic.ch\/zh-hans\/#website\"},\"datePublished\":\"2025-04-09T08:10:07+00:00\",\"dateModified\":\"2025-05-13T17:31:03+00:00\",\"breadcrumb\":{\"@id\":\"https:\/\/www.rollomatic.ch\/zh-hans\/%e8%81%8c%e4%b8%9a__trashed\/%e8%81%8c%e4%bd%8d\/#breadcrumb\"},\"inLanguage\":\"zh-Hans\",\"potentialAction\":[{\"@type\":\"ReadAction\",\"target\":[\"https:\/\/www.rollomatic.ch\/zh-hans\/%e8%81%8c%e4%b8%9a__trashed\/%e8%81%8c%e4%bd%8d\/\"]}]},{\"@type\":\"BreadcrumbList\",\"@id\":\"https:\/\/www.rollomatic.ch\/zh-hans\/%e8%81%8c%e4%b8%9a__trashed\/%e8%81%8c%e4%bd%8d\/#breadcrumb\",\"itemListElement\":[{\"@type\":\"ListItem\",\"position\":1,\"name\":\"Home\",\"item\":\"https:\/\/www.rollomatic.ch\/zh-hans\/\"},{\"@type\":\"ListItem\",\"position\":2,\"name\":\"\u804c\u4e1a\",\"item\":\"https:\/\/www.rollomatic.ch\/zh-hans\/?page_id=32694\"},{\"@type\":\"ListItem\",\"position\":3,\"name\":\"\u804c\u4f4d\"}]},{\"@type\":\"WebSite\",\"@id\":\"https:\/\/www.rollomatic.ch\/zh-hans\/#website\",\"url\":\"https:\/\/www.rollomatic.ch\/zh-hans\/\",\"name\":\"Rollomatic\",\"description\":\"\",\"publisher\":{\"@id\":\"https:\/\/www.rollomatic.ch\/zh-hans\/#organization\"},\"potentialAction\":[{\"@type\":\"SearchAction\",\"target\":{\"@type\":\"EntryPoint\",\"urlTemplate\":\"https:\/\/www.rollomatic.ch\/zh-hans\/?s={search_term_string}\"},\"query-input\":{\"@type\":\"PropertyValueSpecification\",\"valueRequired\":true,\"valueName\":\"search_term_string\"}}],\"inLanguage\":\"zh-Hans\"},{\"@type\":\"Organization\",\"@id\":\"https:\/\/www.rollomatic.ch\/zh-hans\/#organization\",\"name\":\"Rollomatic S.A.\",\"url\":\"https:\/\/www.rollomatic.ch\/zh-hans\/\",\"logo\":{\"@type\":\"ImageObject\",\"inLanguage\":\"zh-Hans\",\"@id\":\"https:\/\/www.rollomatic.ch\/zh-hans\/#\/schema\/logo\/image\/\",\"url\":\"https:\/\/www.rollomatic.ch\/wp-content\/uploads\/logomark_300.png\",\"contentUrl\":\"https:\/\/www.rollomatic.ch\/wp-content\/uploads\/logomark_300.png\",\"width\":300,\"height\":169,\"caption\":\"Rollomatic S.A.\"},\"image\":{\"@id\":\"https:\/\/www.rollomatic.ch\/zh-hans\/#\/schema\/logo\/image\/\"},\"sameAs\":[\"https:\/\/www.facebook.com\/rollomatic\/\",\"https:\/\/x.com\/rollomatics\",\"https:\/\/www.linkedin.com\/company\/rollomatic-sa\/\"]}]}<\/script>\n<!-- \/ Yoast SEO plugin. -->","yoast_head_json":{"title":"\u804c\u4f4d - Rollomatic","robots":{"index":"index","follow":"follow","max-snippet":"max-snippet:-1","max-image-preview":"max-image-preview:large","max-video-preview":"max-video-preview:-1"},"canonical":"https:\/\/www.rollomatic.ch\/zh-hans\/%e8%81%8c%e4%b8%9a__trashed\/%e8%81%8c%e4%bd%8d\/","og_locale":"zh_CN","og_type":"article","og_title":"\u804c\u4f4d - Rollomatic","og_url":"https:\/\/www.rollomatic.ch\/zh-hans\/%e8%81%8c%e4%b8%9a__trashed\/%e8%81%8c%e4%bd%8d\/","og_site_name":"Rollomatic","article_publisher":"https:\/\/www.facebook.com\/rollomatic\/","article_modified_time":"2025-05-13T17:31:03+00:00","twitter_card":"summary_large_image","twitter_site":"@rollomatics","twitter_misc":{"\u9884\u8ba1\u9605\u8bfb\u65f6\u95f4":"1 \u5206"},"schema":{"@context":"https:\/\/schema.org","@graph":[{"@type":"WebPage","@id":"https:\/\/www.rollomatic.ch\/zh-hans\/%e8%81%8c%e4%b8%9a__trashed\/%e8%81%8c%e4%bd%8d\/","url":"https:\/\/www.rollomatic.ch\/zh-hans\/%e8%81%8c%e4%b8%9a__trashed\/%e8%81%8c%e4%bd%8d\/","name":"\u804c\u4f4d - Rollomatic","isPartOf":{"@id":"https:\/\/www.rollomatic.ch\/zh-hans\/#website"},"datePublished":"2025-04-09T08:10:07+00:00","dateModified":"2025-05-13T17:31:03+00:00","breadcrumb":{"@id":"https:\/\/www.rollomatic.ch\/zh-hans\/%e8%81%8c%e4%b8%9a__trashed\/%e8%81%8c%e4%bd%8d\/#breadcrumb"},"inLanguage":"zh-Hans","potentialAction":[{"@type":"ReadAction","target":["https:\/\/www.rollomatic.ch\/zh-hans\/%e8%81%8c%e4%b8%9a__trashed\/%e8%81%8c%e4%bd%8d\/"]}]},{"@type":"BreadcrumbList","@id":"https:\/\/www.rollomatic.ch\/zh-hans\/%e8%81%8c%e4%b8%9a__trashed\/%e8%81%8c%e4%bd%8d\/#breadcrumb","itemListElement":[{"@type":"ListItem","position":1,"name":"Home","item":"https:\/\/www.rollomatic.ch\/zh-hans\/"},{"@type":"ListItem","position":2,"name":"\u804c\u4e1a","item":"https:\/\/www.rollomatic.ch\/zh-hans\/?page_id=32694"},{"@type":"ListItem","position":3,"name":"\u804c\u4f4d"}]},{"@type":"WebSite","@id":"https:\/\/www.rollomatic.ch\/zh-hans\/#website","url":"https:\/\/www.rollomatic.ch\/zh-hans\/","name":"Rollomatic","description":"","publisher":{"@id":"https:\/\/www.rollomatic.ch\/zh-hans\/#organization"},"potentialAction":[{"@type":"SearchAction","target":{"@type":"EntryPoint","urlTemplate":"https:\/\/www.rollomatic.ch\/zh-hans\/?s={search_term_string}"},"query-input":{"@type":"PropertyValueSpecification","valueRequired":true,"valueName":"search_term_string"}}],"inLanguage":"zh-Hans"},{"@type":"Organization","@id":"https:\/\/www.rollomatic.ch\/zh-hans\/#organization","name":"Rollomatic S.A.","url":"https:\/\/www.rollomatic.ch\/zh-hans\/","logo":{"@type":"ImageObject","inLanguage":"zh-Hans","@id":"https:\/\/www.rollomatic.ch\/zh-hans\/#\/schema\/logo\/image\/","url":"https:\/\/www.rollomatic.ch\/wp-content\/uploads\/logomark_300.png","contentUrl":"https:\/\/www.rollomatic.ch\/wp-content\/uploads\/logomark_300.png","width":300,"height":169,"caption":"Rollomatic S.A."},"image":{"@id":"https:\/\/www.rollomatic.ch\/zh-hans\/#\/schema\/logo\/image\/"},"sameAs":["https:\/\/www.facebook.com\/rollomatic\/","https:\/\/x.com\/rollomatics","https:\/\/www.linkedin.com\/company\/rollomatic-sa\/"]}]}},"_links":{"self":[{"href":"https:\/\/www.rollomatic.ch\/zh-hans\/wp-json\/wp\/v2\/pages\/32530","targetHints":{"allow":["GET"]}}],"collection":[{"href":"https:\/\/www.rollomatic.ch\/zh-hans\/wp-json\/wp\/v2\/pages"}],"about":[{"href":"https:\/\/www.rollomatic.ch\/zh-hans\/wp-json\/wp\/v2\/types\/page"}],"author":[{"embeddable":true,"href":"https:\/\/www.rollomatic.ch\/zh-hans\/wp-json\/wp\/v2\/users\/20"}],"replies":[{"embeddable":true,"href":"https:\/\/www.rollomatic.ch\/zh-hans\/wp-json\/wp\/v2\/comments?post=32530"}],"version-history":[{"count":0,"href":"https:\/\/www.rollomatic.ch\/zh-hans\/wp-json\/wp\/v2\/pages\/32530\/revisions"}],"up":[{"embeddable":true,"href":"https:\/\/www.rollomatic.ch\/zh-hans\/wp-json\/wp\/v2\/pages\/32694"}],"wp:attachment":[{"href":"https:\/\/www.rollomatic.ch\/zh-hans\/wp-json\/wp\/v2\/media?parent=32530"}],"curies":[{"name":"wp","href":"https:\/\/api.w.org\/{rel}","templated":true}]}}